{"id":12437,"date":"2025-02-11T10:00:36","date_gmt":"2025-02-11T07:00:36","guid":{"rendered":"https:\/\/kosmosacentrs.lv\/?page_id=12437"},"modified":"2026-03-20T17:37:40","modified_gmt":"2026-03-20T14:37:40","slug":"kosmosa-misija","status":"publish","type":"page","link":"https:\/\/kosmosacentrs.lv\/en\/kosmosa-misija\/","title":{"rendered":"Kosmosa misija"},"content":{"rendered":"\t\t<div data-elementor-type=\"wp-page\" data-elementor-id=\"12437\" class=\"elementor elementor-12437\">\n\t\t\t\t<div class=\"elementor-element elementor-element-e6c9d0c e-flex e-con-boxed e-con e-parent\" data-id=\"e6c9d0c\" data-element_type=\"container\" data-e-type=\"container\">\n\t\t\t\t\t<div class=\"e-con-inner\">\n\t\t<div class=\"elementor-element elementor-element-93bbb98 e-con-full e-flex e-con e-parent\" data-id=\"93bbb98\" data-element_type=\"container\" data-e-type=\"container\">\n\t\t\t\t<div class=\"elementor-element elementor-element-75b7b02 elementor-widget__width-initial elementor-widget elementor-widget-video\" data-id=\"75b7b02\" data-element_type=\"widget\" data-e-type=\"widget\" data-settings=\"{&quot;video_type&quot;:&quot;hosted&quot;,&quot;controls&quot;:&quot;yes&quot;}\" data-widget_type=\"video.default\">\n\t\t\t\t<div class=\"elementor-widget-container\">\n\t\t\t\t\t\t\t<div class=\"e-hosted-video elementor-wrapper elementor-open-inline\">\n\t\t\t\t\t<video class=\"elementor-video\" src=\"https:\/\/kosmosacentrs.lv\/wp-content\/uploads\/KIC_Kosmosa-misija-2160p25-LV_v2-1.mp4\" controls=\"\" preload=\"metadata\" controlsList=\"nodownload\"><\/video>\n\t\t\t\t<\/div>\n\t\t\t\t\t\t<\/div>\n\t\t\t\t<\/div>\n\t\t\t\t<\/div>\n\t\t<div class=\"elementor-element elementor-element-6da4ce3 e-con-full e-flex e-con e-parent\" data-id=\"6da4ce3\" data-element_type=\"container\" data-e-type=\"container\">\n\t\t\t\t<div class=\"elementor-element elementor-element-53b92ec elementor-widget elementor-widget-heading\" data-id=\"53b92ec\" data-element_type=\"widget\" data-e-type=\"widget\" data-widget_type=\"heading.default\">\n\t\t\t\t<div class=\"elementor-widget-container\">\n\t\t\t\t\t<h2 class=\"elementor-heading-title elementor-size-default\">Kosmosa misija \"Auseklis\"<\/h2>\t\t\t\t<\/div>\n\t\t\t\t<\/div>\n\t\t\t\t<div class=\"elementor-element elementor-element-ca34d11 elementor-widget elementor-widget-text-editor\" data-id=\"ca34d11\" data-element_type=\"widget\" data-e-type=\"widget\" data-widget_type=\"text-editor.default\">\n\t\t\t\t<div class=\"elementor-widget-container\">\n\t\t\t\t\t\t\t\t\t<div class=\"service__textWrap\" style=\"line-height: 1.6;\">\n\n  <p class=\"service__text\">\n    Aktivit\u0101te &#8220;Misija kosmosa stacij\u0101 \u201cAuseklis\u201d&#8221; \u013cauj iejusties astronauta vai kosmosa misijas vad\u012bbas centr\u0101les person\u0101la lom\u0101.\n  <\/p>\n\n  <h3 style=\"margin-top: 20px;\">Sestdien\u0101s<\/h3>\n  <p>plkst. 12.00, 16.00<\/p>\n\n  <h3 style=\"margin-top: 20px;\">Sv\u0113tdien\u0101s<\/h3>\n  <p>plkst. 12.00, 13.30, 16.00<\/p>\n\n  <p style=\"margin-top: 15px;\">\n    <strong>Skol\u0113nu br\u012bvlaikos<\/strong><br>\n    plkst. 12.00, 13.30, 16.00\n  <\/p>\n\n<\/div>\t\t\t\t\t\t\t\t<\/div>\n\t\t\t\t<\/div>\n\t\t\t\t<\/div>\n\t\t\t\t\t<\/div>\n\t\t\t\t<\/div>\n\t\t<div class=\"elementor-element elementor-element-aec82b0 e-flex e-con-boxed e-con e-parent\" data-id=\"aec82b0\" data-element_type=\"container\" data-e-type=\"container\">\n\t\t\t\t\t<div class=\"e-con-inner\">\n\t\t<div class=\"elementor-element elementor-element-8146b1b e-con-full e-flex e-con e-parent\" data-id=\"8146b1b\" data-element_type=\"container\" data-e-type=\"container\">\n\t\t\t\t<div class=\"elementor-element elementor-element-94f182c elementor-invisible elementor-widget elementor-widget-image\" data-id=\"94f182c\" data-element_type=\"widget\" data-e-type=\"widget\" data-settings=\"{&quot;_animation&quot;:&quot;zoomIn&quot;}\" data-widget_type=\"image.default\">\n\t\t\t\t<div class=\"elementor-widget-container\">\n\t\t\t\t\t\t\t\t\t\t\t\t\t\t\t<img fetchpriority=\"high\" decoding=\"async\" width=\"640\" height=\"640\" src=\"https:\/\/kosmosacentrs.lv\/wp-content\/uploads\/083.svg\" class=\"attachment-large size-large wp-image-11822\" alt=\"\" \/>\t\t\t\t\t\t\t\t\t\t\t\t\t\t\t<\/div>\n\t\t\t\t<\/div>\n\t\t\t\t<\/div>\n\t\t<div class=\"elementor-element elementor-element-ffaf2fa e-con-full e-flex e-con e-parent\" data-id=\"ffaf2fa\" data-element_type=\"container\" data-e-type=\"container\">\n\t\t\t\t<div class=\"elementor-element elementor-element-86e93da elementor-invisible elementor-widget elementor-widget-image\" data-id=\"86e93da\" data-element_type=\"widget\" data-e-type=\"widget\" data-settings=\"{&quot;_animation&quot;:&quot;zoomIn&quot;}\" data-widget_type=\"image.default\">\n\t\t\t\t<div class=\"elementor-widget-container\">\n\t\t\t\t\t\t\t\t\t\t\t\t\t\t\t<img fetchpriority=\"high\" decoding=\"async\" width=\"640\" height=\"640\" src=\"https:\/\/kosmosacentrs.lv\/wp-content\/uploads\/083.svg\" class=\"attachment-large size-large wp-image-11822\" alt=\"\" \/>\t\t\t\t\t\t\t\t\t\t\t\t\t\t\t<\/div>\n\t\t\t\t<\/div>\n\t\t\t\t<\/div>\n\t\t<div class=\"elementor-element elementor-element-ee76ef2 e-con-full e-flex e-con e-parent\" data-id=\"ee76ef2\" data-element_type=\"container\" data-e-type=\"container\">\n\t\t\t\t<div class=\"elementor-element elementor-element-4e4a2a8 elementor-invisible elementor-widget elementor-widget-image\" data-id=\"4e4a2a8\" data-element_type=\"widget\" data-e-type=\"widget\" data-settings=\"{&quot;_animation&quot;:&quot;zoomIn&quot;}\" data-widget_type=\"image.default\">\n\t\t\t\t<div class=\"elementor-widget-container\">\n\t\t\t\t\t\t\t\t\t\t\t\t\t\t\t<img fetchpriority=\"high\" decoding=\"async\" width=\"640\" height=\"640\" src=\"https:\/\/kosmosacentrs.lv\/wp-content\/uploads\/083.svg\" class=\"attachment-large size-large wp-image-11822\" alt=\"\" \/>\t\t\t\t\t\t\t\t\t\t\t\t\t\t\t<\/div>\n\t\t\t\t<\/div>\n\t\t\t\t<\/div>\n\t\t<div class=\"elementor-element elementor-element-4b546cb e-con-full e-flex e-con e-parent\" data-id=\"4b546cb\" data-element_type=\"container\" data-e-type=\"container\">\n\t\t\t\t<div class=\"elementor-element elementor-element-9bd6e67 elementor-widget elementor-widget-heading\" data-id=\"9bd6e67\" data-element_type=\"widget\" data-e-type=\"widget\" data-widget_type=\"heading.default\">\n\t\t\t\t<div class=\"elementor-widget-container\">\n\t\t\t\t\t<h2 class=\"elementor-heading-title elementor-size-xl\">Las\u012btprasme oblig\u0101ta<\/h2>\t\t\t\t<\/div>\n\t\t\t\t<\/div>\n\t\t\t\t<\/div>\n\t\t<div class=\"elementor-element elementor-element-5a34f3f e-con-full e-flex e-con e-parent\" data-id=\"5a34f3f\" data-element_type=\"container\" data-e-type=\"container\">\n\t\t\t\t<div class=\"elementor-element elementor-element-c243122 elementor-widget elementor-widget-heading\" data-id=\"c243122\" data-element_type=\"widget\" data-e-type=\"widget\" data-widget_type=\"heading.default\">\n\t\t\t\t<div class=\"elementor-widget-container\">\n\t\t\t\t\t<h2 class=\"elementor-heading-title elementor-size-xl\">6 EUR<br>p\u0101rim<\/h2>\t\t\t\t<\/div>\n\t\t\t\t<\/div>\n\t\t\t\t<\/div>\n\t\t<div class=\"elementor-element elementor-element-6317f4e e-con-full e-flex e-con e-parent\" data-id=\"6317f4e\" data-element_type=\"container\" data-e-type=\"container\">\n\t\t\t\t<div class=\"elementor-element elementor-element-4fd60d6 elementor-widget elementor-widget-heading\" data-id=\"4fd60d6\" data-element_type=\"widget\" data-e-type=\"widget\" data-widget_type=\"heading.default\">\n\t\t\t\t<div class=\"elementor-widget-container\">\n\t\t\t\t\t<h2 class=\"elementor-heading-title elementor-size-xl\">Misijas ilgums<br>1 stunda<\/h2>\t\t\t\t<\/div>\n\t\t\t\t<\/div>\n\t\t\t\t<\/div>\n\t\t\t\t\t<\/div>\n\t\t\t\t<\/div>\n\t\t<div class=\"elementor-element elementor-element-b7fc170 e-flex e-con-boxed e-con e-parent\" data-id=\"b7fc170\" data-element_type=\"container\" data-e-type=\"container\">\n\t\t\t\t\t<div class=\"e-con-inner\">\n\t\t\t\t\t<\/div>\n\t\t\t\t<\/div>\n\t\t<div class=\"elementor-element elementor-element-ef50a90 e-flex e-con-boxed e-con e-parent\" data-id=\"ef50a90\" data-element_type=\"container\" data-e-type=\"container\">\n\t\t\t\t\t<div class=\"e-con-inner\">\n\t\t<div class=\"elementor-element elementor-element-db5aff8 e-con-full e-flex e-con e-parent\" data-id=\"db5aff8\" data-element_type=\"container\" data-e-type=\"container\">\n\t\t\t\t<div class=\"elementor-element elementor-element-63e7696 elementor-widget__width-initial elementor-widget elementor-widget-text-editor\" data-id=\"63e7696\" data-element_type=\"widget\" data-e-type=\"widget\" data-widget_type=\"text-editor.default\">\n\t\t\t\t<div class=\"elementor-widget-container\">\n\t\t\t\t\t\t\t\t\t<p>Viens no p\u0101ra dodas uz misijas kontroles telpu, otrs dodas uz orbit\u0101lo staciju &#8220;Auseklis&#8221;. Katram p\u0101rim j\u0101veic sava misija. Dal\u012bbnieks misijas kontroles telp\u0101 iepaz\u012bstas ar misijas uzdevumu un sazinoties tie\u0161saist\u0113 (video + audio) dod nor\u0101d\u012bjumus dal\u012bbniekam orbit\u0101laj\u0101 stacij\u0101.Katra misija sev\u012b ietver sasaisti ar re\u0101lu ikdienu orbit\u0101laj\u0101 stacij\u0101, neparedz\u0113tu pav\u0113rsienu misijas gait\u0101, kas prasa piel\u0101go\u0161anos, probl\u0113mrisin\u0101\u0161anas prasmes un skaidru komunik\u0101ciju. P\u0113c pirm\u0101s misijas veik\u0161anas dal\u012bbnieki main\u0101s lom\u0101m un veic otru, l\u012bdzv\u0113rt\u012bgu misiju.<\/p>\t\t\t\t\t\t\t\t<\/div>\n\t\t\t\t<\/div>\n\t\t\t\t<\/div>\n\t\t<div class=\"elementor-element elementor-element-2daa44a e-con-full e-flex e-con e-parent\" data-id=\"2daa44a\" data-element_type=\"container\" data-e-type=\"container\">\n\t\t\t\t<div class=\"elementor-element elementor-element-c8e3be9 elementor-widget__width-initial elementor-widget elementor-widget-spacer\" data-id=\"c8e3be9\" data-element_type=\"widget\" data-e-type=\"widget\" data-widget_type=\"spacer.default\">\n\t\t\t\t<div class=\"elementor-widget-container\">\n\t\t\t\t\t\t\t<div class=\"elementor-spacer\">\n\t\t\t<div class=\"elementor-spacer-inner\"><\/div>\n\t\t<\/div>\n\t\t\t\t\t\t<\/div>\n\t\t\t\t<\/div>\n\t\t\t\t<\/div>\n\t\t<div class=\"elementor-element elementor-element-2b14937 e-con-full e-flex e-con e-parent\" data-id=\"2b14937\" data-element_type=\"container\" data-e-type=\"container\">\n\t\t\t\t<div class=\"elementor-element elementor-element-2da3d13 elementor-arrows-position-inside elementor-pagination-position-outside elementor-widget elementor-widget-image-carousel\" data-id=\"2da3d13\" data-element_type=\"widget\" data-e-type=\"widget\" data-settings=\"{&quot;slides_to_show&quot;:&quot;1&quot;,&quot;navigation&quot;:&quot;both&quot;,&quot;autoplay&quot;:&quot;yes&quot;,&quot;pause_on_hover&quot;:&quot;yes&quot;,&quot;pause_on_interaction&quot;:&quot;yes&quot;,&quot;autoplay_speed&quot;:5000,&quot;infinite&quot;:&quot;yes&quot;,&quot;effect&quot;:&quot;slide&quot;,&quot;speed&quot;:500}\" data-widget_type=\"image-carousel.default\">\n\t\t\t\t<div class=\"elementor-widget-container\">\n\t\t\t\t\t\t\t<div class=\"elementor-image-carousel-wrapper swiper\" role=\"region\" aria-roledescription=\"carousel\" aria-label=\"Image Carousel\" dir=\"ltr\">\n\t\t\t<div class=\"elementor-image-carousel swiper-wrapper\" aria-live=\"off\">\n\t\t\t\t\t\t\t\t<div class=\"swiper-slide\" role=\"group\" aria-roledescription=\"slide\" aria-label=\"1 of 8\"><figure class=\"swiper-slide-inner\"><img decoding=\"async\" class=\"swiper-slide-image\" src=\"https:\/\/kosmosacentrs.lv\/wp-content\/uploads\/DSC04585-768x512.jpg\" alt=\"DSC04585\" \/><\/figure><\/div><div class=\"swiper-slide\" role=\"group\" aria-roledescription=\"slide\" aria-label=\"2 of 8\"><figure class=\"swiper-slide-inner\"><img decoding=\"async\" class=\"swiper-slide-image\" src=\"https:\/\/kosmosacentrs.lv\/wp-content\/uploads\/DSC04433-2-768x512.jpg\" alt=\"DSC04433 (2)\" \/><\/figure><\/div><div class=\"swiper-slide\" role=\"group\" aria-roledescription=\"slide\" aria-label=\"3 of 8\"><figure class=\"swiper-slide-inner\"><img decoding=\"async\" class=\"swiper-slide-image\" src=\"https:\/\/kosmosacentrs.lv\/wp-content\/uploads\/DSC04433-768x512.jpg\" alt=\"DSC04433\" \/><\/figure><\/div><div class=\"swiper-slide\" role=\"group\" aria-roledescription=\"slide\" aria-label=\"4 of 8\"><figure class=\"swiper-slide-inner\"><img decoding=\"async\" class=\"swiper-slide-image\" src=\"https:\/\/kosmosacentrs.lv\/wp-content\/uploads\/20-1-768x512.jpg\" alt=\"20 (1)\" \/><\/figure><\/div><div class=\"swiper-slide\" role=\"group\" aria-roledescription=\"slide\" aria-label=\"5 of 8\"><figure class=\"swiper-slide-inner\"><img decoding=\"async\" class=\"swiper-slide-image\" src=\"https:\/\/kosmosacentrs.lv\/wp-content\/uploads\/DSC04561-768x512.jpg\" alt=\"DSC04561\" \/><\/figure><\/div><div class=\"swiper-slide\" role=\"group\" aria-roledescription=\"slide\" aria-label=\"6 of 8\"><figure class=\"swiper-slide-inner\"><img decoding=\"async\" class=\"swiper-slide-image\" src=\"https:\/\/kosmosacentrs.lv\/wp-content\/uploads\/KosmosaIzzinasCentrs-218-1-768x512.jpg\" alt=\"KosmosaIzzinasCentrs-218 (1)\" \/><\/figure><\/div><div class=\"swiper-slide\" role=\"group\" aria-roledescription=\"slide\" aria-label=\"7 of 8\"><figure class=\"swiper-slide-inner\"><img decoding=\"async\" class=\"swiper-slide-image\" src=\"https:\/\/kosmosacentrs.lv\/wp-content\/uploads\/DSC04499-768x512.jpg\" alt=\"DSC04499\" \/><\/figure><\/div><div class=\"swiper-slide\" role=\"group\" aria-roledescription=\"slide\" aria-label=\"8 of 8\"><figure class=\"swiper-slide-inner\"><img decoding=\"async\" class=\"swiper-slide-image\" src=\"https:\/\/kosmosacentrs.lv\/wp-content\/uploads\/KosmosaIzzinasCentrs-158-768x512.jpg\" alt=\"KosmosaIzzinasCentrs-158\" \/><\/figure><\/div>\t\t\t<\/div>\n\t\t\t\t\t\t\t\t\t\t\t\t<div class=\"elementor-swiper-button elementor-swiper-button-prev\" role=\"button\" tabindex=\"0\">\n\t\t\t\t\t\t<svg aria-hidden=\"true\" class=\"e-font-icon-svg e-eicon-chevron-left\" viewBox=\"0 0 1000 1000\" xmlns=\"http:\/\/www.w3.org\/2000\/svg\"><path d=\"M646 125C629 125 613 133 604 142L308 442C296 454 292 471 292 487 292 504 296 521 308 533L604 854C617 867 629 875 646 875 663 875 679 871 692 858 704 846 713 829 713 812 713 796 708 779 692 767L438 487 692 225C700 217 708 204 708 187 708 171 704 154 692 142 675 129 663 125 646 125Z\"><\/path><\/svg>\t\t\t\t\t<\/div>\n\t\t\t\t\t<div class=\"elementor-swiper-button elementor-swiper-button-next\" role=\"button\" tabindex=\"0\">\n\t\t\t\t\t\t<svg aria-hidden=\"true\" class=\"e-font-icon-svg e-eicon-chevron-right\" viewBox=\"0 0 1000 1000\" xmlns=\"http:\/\/www.w3.org\/2000\/svg\"><path d=\"M696 533C708 521 713 504 713 487 713 471 708 454 696 446L400 146C388 133 375 125 354 125 338 125 325 129 313 142 300 154 292 171 292 187 292 204 296 221 308 233L563 492 304 771C292 783 288 800 288 817 288 833 296 850 308 863 321 871 338 875 354 875 371 875 388 867 400 854L696 533Z\"><\/path><\/svg>\t\t\t\t\t<\/div>\n\t\t\t\t\n\t\t\t\t\t\t\t\t\t<div class=\"swiper-pagination\"><\/div>\n\t\t\t\t\t\t\t\t\t<\/div>\n\t\t\t\t\t\t<\/div>\n\t\t\t\t<\/div>\n\t\t\t\t<\/div>\n\t\t\t\t\t<\/div>\n\t\t\t\t<\/div>\n\t\t<div class=\"elementor-element elementor-element-6d57e28 e-flex e-con-boxed e-con e-parent\" data-id=\"6d57e28\" data-element_type=\"container\" data-e-type=\"container\">\n\t\t\t\t\t<div class=\"e-con-inner\">\n\t\t\t\t<div class=\"elementor-element elementor-element-f9abcb2 elementor-widget elementor-widget-heading\" data-id=\"f9abcb2\" data-element_type=\"widget\" data-e-type=\"widget\" data-widget_type=\"heading.default\">\n\t\t\t\t<div class=\"elementor-widget-container\">\n\t\t\t\t\t<h2 class=\"elementor-heading-title elementor-size-medium\">Bi\u013cetes nop\u0113rkamas tikai uz vietas Kosmosa izzi\u0146as centra kas\u0113.<\/h2>\t\t\t\t<\/div>\n\t\t\t\t<\/div>\n\t\t\t\t\t<\/div>\n\t\t\t\t<\/div>\n\t\t<div class=\"elementor-element elementor-element-b6b1372 e-flex e-con-boxed e-con e-parent\" data-id=\"b6b1372\" data-element_type=\"container\" data-e-type=\"container\">\n\t\t\t\t\t<div class=\"e-con-inner\">\n\t\t\t\t<div class=\"elementor-element elementor-element-30d8841 elementor-widget__width-initial elementor-widget elementor-widget-spacer\" data-id=\"30d8841\" data-element_type=\"widget\" data-e-type=\"widget\" data-widget_type=\"spacer.default\">\n\t\t\t\t<div class=\"elementor-widget-container\">\n\t\t\t\t\t\t\t<div class=\"elementor-spacer\">\n\t\t\t<div class=\"elementor-spacer-inner\"><\/div>\n\t\t<\/div>\n\t\t\t\t\t\t<\/div>\n\t\t\t\t<\/div>\n\t\t\t\t\t<\/div>\n\t\t\t\t<\/div>\n\t\t\t\t<\/div>\n\t\t","protected":false},"excerpt":{"rendered":"<p>https:\/\/kosmosacentrs.lv\/wp-content\/uploads\/KIC_Kosmosa-misija-2160p25-LV_v2-1.mp4 Kosmosa misija &#8220;Auseklis&#8221; Aktivit\u0101te &#8220;Misija kosmosa stacij\u0101 \u201cAuseklis\u201d&#8221; \u013cauj iejusties astronauta vai kosmosa misijas vad\u012bbas centr\u0101les person\u0101la lom\u0101. Sestdien\u0101s plkst. 12.00, 16.00 Sv\u0113tdien\u0101s plkst. 12.00, 13.30, 16.00 Skol\u0113nu br\u012bvlaikos plkst. 12.00, 13.30, 16.00 Las\u012btprasme oblig\u0101ta 6 EURp\u0101rim Misijas ilgums1 stunda Viens no p\u0101ra dodas uz misijas kontroles telpu, otrs dodas uz orbit\u0101lo staciju &#8220;Auseklis&#8221;. [&hellip;]<\/p>\n","protected":false},"author":7,"featured_media":0,"parent":0,"menu_order":0,"comment_status":"closed","ping_status":"closed","template":"","meta":{"inline_featured_image":false,"footnotes":""},"class_list":["post-12437","page","type-page","status-publish","hentry"],"yoast_head":"<!-- This site is optimized with the Yoast SEO plugin v20.4 - https:\/\/yoast.com\/wordpress\/plugins\/seo\/ -->\n<title>Kosmosa misija - Kosmosa izzi\u0146as centrs<\/title>\n<meta name=\"robots\" content=\"index, follow, max-snippet:-1, max-image-preview:large, max-video-preview:-1\" \/>\n<link rel=\"canonical\" href=\"https:\/\/kosmosacentrs.lv\/kosmosa-misija\/\" \/>\n<meta property=\"og:locale\" content=\"en_US\" \/>\n<meta property=\"og:type\" content=\"article\" \/>\n<meta property=\"og:title\" content=\"Kosmosa misija - Kosmosa izzi\u0146as centrs\" \/>\n<meta property=\"og:description\" content=\"https:\/\/kosmosacentrs.lv\/wp-content\/uploads\/KIC_Kosmosa-misija-2160p25-LV_v2-1.mp4 Kosmosa misija &#8220;Auseklis&#8221; Aktivit\u0101te &#8220;Misija kosmosa stacij\u0101 \u201cAuseklis\u201d&#8221; \u013cauj iejusties astronauta vai kosmosa misijas vad\u012bbas centr\u0101les person\u0101la lom\u0101. Sestdien\u0101s plkst. 12.00, 16.00 Sv\u0113tdien\u0101s plkst. 12.00, 13.30, 16.00 Skol\u0113nu br\u012bvlaikos plkst. 12.00, 13.30, 16.00 Las\u012btprasme oblig\u0101ta 6 EURp\u0101rim Misijas ilgums1 stunda Viens no p\u0101ra dodas uz misijas kontroles telpu, otrs dodas uz orbit\u0101lo staciju &#8220;Auseklis&#8221;. [&hellip;]\" \/>\n<meta property=\"og:url\" content=\"https:\/\/kosmosacentrs.lv\/kosmosa-misija\/\" \/>\n<meta property=\"og:site_name\" content=\"Kosmosa izzi\u0146as centrs\" \/>\n<meta property=\"article:publisher\" content=\"https:\/\/www.facebook.com\/Kosmosaizzinascentrs\/\" \/>\n<meta property=\"article:modified_time\" content=\"2026-03-20T14:37:40+00:00\" \/>\n<meta property=\"og:image\" content=\"https:\/\/kosmosacentrs.lv\/wp-content\/uploads\/083.svg\" \/>\n<meta name=\"twitter:card\" content=\"summary_large_image\" \/>\n<meta name=\"twitter:label1\" content=\"Est. reading time\" \/>\n\t<meta name=\"twitter:data1\" content=\"4 minutes\" \/>\n<script type=\"application\/ld+json\" class=\"yoast-schema-graph\">{\"@context\":\"https:\/\/schema.org\",\"@graph\":[{\"@type\":\"WebPage\",\"@id\":\"https:\/\/kosmosacentrs.lv\/kosmosa-misija\/\",\"url\":\"https:\/\/kosmosacentrs.lv\/kosmosa-misija\/\",\"name\":\"Kosmosa misija - Kosmosa izzi\u0146as centrs\",\"isPartOf\":{\"@id\":\"https:\/\/kosmosacentrs.lv\/#website\"},\"datePublished\":\"2025-02-11T07:00:36+00:00\",\"dateModified\":\"2026-03-20T14:37:40+00:00\",\"breadcrumb\":{\"@id\":\"https:\/\/kosmosacentrs.lv\/kosmosa-misija\/#breadcrumb\"},\"inLanguage\":\"en-US\",\"potentialAction\":[{\"@type\":\"ReadAction\",\"target\":[\"https:\/\/kosmosacentrs.lv\/kosmosa-misija\/\"]}]},{\"@type\":\"BreadcrumbList\",\"@id\":\"https:\/\/kosmosacentrs.lv\/kosmosa-misija\/#breadcrumb\",\"itemListElement\":[{\"@type\":\"ListItem\",\"position\":1,\"name\":\"Home\",\"item\":\"https:\/\/kosmosacentrs.lv\/\"},{\"@type\":\"ListItem\",\"position\":2,\"name\":\"Kosmosa misija\"}]},{\"@type\":\"WebSite\",\"@id\":\"https:\/\/kosmosacentrs.lv\/#website\",\"url\":\"https:\/\/kosmosacentrs.lv\/\",\"name\":\"Kosmosa izzi\u0146as centrs\",\"description\":\"KIC.LV\",\"publisher\":{\"@id\":\"https:\/\/kosmosacentrs.lv\/#organization\"},\"potentialAction\":[{\"@type\":\"SearchAction\",\"target\":{\"@type\":\"EntryPoint\",\"urlTemplate\":\"https:\/\/kosmosacentrs.lv\/?s={search_term_string}\"},\"query-input\":\"required name=search_term_string\"}],\"inLanguage\":\"en-US\"},{\"@type\":\"Organization\",\"@id\":\"https:\/\/kosmosacentrs.lv\/#organization\",\"name\":\"Kosmosa izzi\u0146as centrs\",\"url\":\"https:\/\/kosmosacentrs.lv\/\",\"logo\":{\"@type\":\"ImageObject\",\"inLanguage\":\"en-US\",\"@id\":\"https:\/\/kosmosacentrs.lv\/#\/schema\/logo\/image\/\",\"url\":\"https:\/\/kosmosacentrs.lv\/wp-content\/uploads\/logo.svg\",\"contentUrl\":\"https:\/\/kosmosacentrs.lv\/wp-content\/uploads\/logo.svg\",\"width\":997,\"height\":712,\"caption\":\"Kosmosa izzi\u0146as centrs\"},\"image\":{\"@id\":\"https:\/\/kosmosacentrs.lv\/#\/schema\/logo\/image\/\"},\"sameAs\":[\"https:\/\/www.facebook.com\/Kosmosaizzinascentrs\/\"]}]}<\/script>\n<!-- \/ Yoast SEO plugin. -->","yoast_head_json":{"title":"Kosmosa misija - Kosmosa izzi\u0146as centrs","robots":{"index":"index","follow":"follow","max-snippet":"max-snippet:-1","max-image-preview":"max-image-preview:large","max-video-preview":"max-video-preview:-1"},"canonical":"https:\/\/kosmosacentrs.lv\/kosmosa-misija\/","og_locale":"en_US","og_type":"article","og_title":"Kosmosa misija - Kosmosa izzi\u0146as centrs","og_description":"https:\/\/kosmosacentrs.lv\/wp-content\/uploads\/KIC_Kosmosa-misija-2160p25-LV_v2-1.mp4 Kosmosa misija &#8220;Auseklis&#8221; Aktivit\u0101te &#8220;Misija kosmosa stacij\u0101 \u201cAuseklis\u201d&#8221; \u013cauj iejusties astronauta vai kosmosa misijas vad\u012bbas centr\u0101les person\u0101la lom\u0101. Sestdien\u0101s plkst. 12.00, 16.00 Sv\u0113tdien\u0101s plkst. 12.00, 13.30, 16.00 Skol\u0113nu br\u012bvlaikos plkst. 12.00, 13.30, 16.00 Las\u012btprasme oblig\u0101ta 6 EURp\u0101rim Misijas ilgums1 stunda Viens no p\u0101ra dodas uz misijas kontroles telpu, otrs dodas uz orbit\u0101lo staciju &#8220;Auseklis&#8221;. [&hellip;]","og_url":"https:\/\/kosmosacentrs.lv\/kosmosa-misija\/","og_site_name":"Kosmosa izzi\u0146as centrs","article_publisher":"https:\/\/www.facebook.com\/Kosmosaizzinascentrs\/","article_modified_time":"2026-03-20T14:37:40+00:00","og_image":[{"url":"https:\/\/kosmosacentrs.lv\/wp-content\/uploads\/083.svg"}],"twitter_card":"summary_large_image","twitter_misc":{"Est. reading time":"4 minutes"},"schema":{"@context":"https:\/\/schema.org","@graph":[{"@type":"WebPage","@id":"https:\/\/kosmosacentrs.lv\/kosmosa-misija\/","url":"https:\/\/kosmosacentrs.lv\/kosmosa-misija\/","name":"Kosmosa misija - Kosmosa izzi\u0146as centrs","isPartOf":{"@id":"https:\/\/kosmosacentrs.lv\/#website"},"datePublished":"2025-02-11T07:00:36+00:00","dateModified":"2026-03-20T14:37:40+00:00","breadcrumb":{"@id":"https:\/\/kosmosacentrs.lv\/kosmosa-misija\/#breadcrumb"},"inLanguage":"en-US","potentialAction":[{"@type":"ReadAction","target":["https:\/\/kosmosacentrs.lv\/kosmosa-misija\/"]}]},{"@type":"BreadcrumbList","@id":"https:\/\/kosmosacentrs.lv\/kosmosa-misija\/#breadcrumb","itemListElement":[{"@type":"ListItem","position":1,"name":"Home","item":"https:\/\/kosmosacentrs.lv\/"},{"@type":"ListItem","position":2,"name":"Kosmosa misija"}]},{"@type":"WebSite","@id":"https:\/\/kosmosacentrs.lv\/#website","url":"https:\/\/kosmosacentrs.lv\/","name":"Kosmosa izzi\u0146as centrs","description":"KIC.LV","publisher":{"@id":"https:\/\/kosmosacentrs.lv\/#organization"},"potentialAction":[{"@type":"SearchAction","target":{"@type":"EntryPoint","urlTemplate":"https:\/\/kosmosacentrs.lv\/?s={search_term_string}"},"query-input":"required name=search_term_string"}],"inLanguage":"en-US"},{"@type":"Organization","@id":"https:\/\/kosmosacentrs.lv\/#organization","name":"Kosmosa izzi\u0146as centrs","url":"https:\/\/kosmosacentrs.lv\/","logo":{"@type":"ImageObject","inLanguage":"en-US","@id":"https:\/\/kosmosacentrs.lv\/#\/schema\/logo\/image\/","url":"https:\/\/kosmosacentrs.lv\/wp-content\/uploads\/logo.svg","contentUrl":"https:\/\/kosmosacentrs.lv\/wp-content\/uploads\/logo.svg","width":997,"height":712,"caption":"Kosmosa izzi\u0146as centrs"},"image":{"@id":"https:\/\/kosmosacentrs.lv\/#\/schema\/logo\/image\/"},"sameAs":["https:\/\/www.facebook.com\/Kosmosaizzinascentrs\/"]}]}},"_links":{"self":[{"href":"https:\/\/kosmosacentrs.lv\/en\/wp-json\/wp\/v2\/pages\/12437","targetHints":{"allow":["GET"]}}],"collection":[{"href":"https:\/\/kosmosacentrs.lv\/en\/wp-json\/wp\/v2\/pages"}],"about":[{"href":"https:\/\/kosmosacentrs.lv\/en\/wp-json\/wp\/v2\/types\/page"}],"author":[{"embeddable":true,"href":"https:\/\/kosmosacentrs.lv\/en\/wp-json\/wp\/v2\/users\/7"}],"replies":[{"embeddable":true,"href":"https:\/\/kosmosacentrs.lv\/en\/wp-json\/wp\/v2\/comments?post=12437"}],"version-history":[{"count":46,"href":"https:\/\/kosmosacentrs.lv\/en\/wp-json\/wp\/v2\/pages\/12437\/revisions"}],"predecessor-version":[{"id":14501,"href":"https:\/\/kosmosacentrs.lv\/en\/wp-json\/wp\/v2\/pages\/12437\/revisions\/14501"}],"wp:attachment":[{"href":"https:\/\/kosmosacentrs.lv\/en\/wp-json\/wp\/v2\/media?parent=12437"}],"curies":[{"name":"wp","href":"https:\/\/api.w.org\/{rel}","templated":true}]}}