{"id":1748,"date":"2023-04-01T16:06:02","date_gmt":"2023-04-01T13:06:02","guid":{"rendered":"https:\/\/kosmosacentrs.lv\/?page_id=1748"},"modified":"2023-07-27T21:22:54","modified_gmt":"2023-07-27T18:22:54","slug":"pedagogiem","status":"publish","type":"page","link":"https:\/\/kosmosacentrs.lv\/en\/pedagogiem\/","title":{"rendered":"Pedagogiem"},"content":{"rendered":"\t\t<div data-elementor-type=\"wp-page\" data-elementor-id=\"1748\" class=\"elementor elementor-1748\">\n\t\t\t\t\t\t<section class=\"elementor-section elementor-top-section elementor-element elementor-element-dfc595e elementor-section-boxed elementor-section-height-default elementor-section-height-default\" data-id=\"dfc595e\" data-element_type=\"section\" data-e-type=\"section\">\n\t\t\t\t\t\t<div class=\"elementor-container elementor-column-gap-default\">\n\t\t\t\t\t<div class=\"elementor-column elementor-col-100 elementor-top-column elementor-element elementor-element-d5c5fc8\" data-id=\"d5c5fc8\" data-element_type=\"column\" data-e-type=\"column\">\n\t\t\t<div class=\"elementor-widget-wrap elementor-element-populated\">\n\t\t\t\t\t\t<div class=\"elementor-element elementor-element-354e0ec elementor-widget elementor-widget-kic_category_header\" data-id=\"354e0ec\" data-element_type=\"widget\" data-e-type=\"widget\" data-widget_type=\"kic_category_header.default\">\n\t\t\t\t<div class=\"elementor-widget-container\">\n\t\t\t\t\t\n            <section class=\"header2 kic_category_header\" style=\"background: url(https:\/\/kosmosacentrs.lv\/wp-content\/uploads\/EXPLORE@manamarta-104-scaled.jpg);\">\n                <div class=\"container\">\n\t\t\t\t\t<div class=\"kic__breadcrumbs\"><a href=\"https:\/\/kosmosacentrs.lv\" class=\"kic__breadcrumb-link\">S\u0101kums<\/a><span class=\"kic__breadcrumb-divider\">-<\/span><\/div>\n                    <div class=\"header2__wrap\">\n                        <div class=\"header2__imgWrap\" data-aos=\"zoom-in\" data-aos-delay=\"100\" data-aos-duration=\"1000\">\n                            <img decoding=\"async\" src=\"https:\/\/kosmosacentrs.lv\/wp-content\/uploads\/single_event_school_1.svg\" class=\"mainHeader__img kic_category_icon\" alt=\"\">\n                        <\/div>\n                        <div class=\"header2__textWrap\" data-aos=\"fade-left\" data-aos-delay=\"300\" data-aos-duration=\"1000\">\n                            <h1 class=\"header2__h1\">Pied\u0101v\u0101jums pedagogiem<\/h1>\n                            <p class=\"header2__p\">Programmas izstr\u0101d\u0101tas, lai uzlabotu pedagogu zin\u0101\u0161anas un prasmes pied\u0101v\u0101tajos tematos. Visas nodarb\u012bbas ir bezmaksas Eiropas Ekonomikas zonas finan\u0161u instrumenta un Norv\u0113\u0123ijas finan\u0161u instrumenta 2014. - 2021. gada perioda programmas \u201cP\u0113tniec\u012bba un izgl\u012bt\u012bba\u201d aktivit\u0101tes \u201cInov\u0101cijas centri\u201d\u00a0projekta\u00a0Nr. NFI\/IC\/VIAA\/2020\/3, \u201cInov\u0101cijas centra izveido\u0161ana C\u0113s\u012bs\u201d ietvaros.<\/p>\n                        <\/div>\n                    <\/div>\n                <\/div>\n            <\/section>\n        \t\t\t\t<\/div>\n\t\t\t\t<\/div>\n\t\t\t\t\t<\/div>\n\t\t<\/div>\n\t\t\t\t\t<\/div>\n\t\t<\/section>\n\t\t\t\t<section class=\"elementor-section elementor-top-section elementor-element elementor-element-06071cf elementor-section-kic_width elementor-section-content-middle elementor-section-height-default elementor-section-height-default\" data-id=\"06071cf\" data-element_type=\"section\" data-e-type=\"section\">\n\t\t\t\t\t\t<div class=\"elementor-container elementor-column-gap-default\">\n\t\t\t\t\t<div class=\"elementor-column elementor-col-50 elementor-top-column elementor-element elementor-element-8b98c02\" data-id=\"8b98c02\" data-element_type=\"column\" data-e-type=\"column\">\n\t\t\t<div class=\"elementor-widget-wrap elementor-element-populated\">\n\t\t\t\t\t\t<div class=\"elementor-element elementor-element-937ee71 e-transform elementor-drop-cap-yes elementor-drop-cap-view-default elementor-widget elementor-widget-text-editor\" data-id=\"937ee71\" data-element_type=\"widget\" data-e-type=\"widget\" data-settings=\"{&quot;_transform_translateX_effect&quot;:{&quot;unit&quot;:&quot;px&quot;,&quot;size&quot;:0,&quot;sizes&quot;:[]},&quot;_transform_translateY_effect&quot;:{&quot;unit&quot;:&quot;px&quot;,&quot;size&quot;:0,&quot;sizes&quot;:[]},&quot;drop_cap&quot;:&quot;yes&quot;,&quot;_transform_translateX_effect_tablet&quot;:{&quot;unit&quot;:&quot;px&quot;,&quot;size&quot;:&quot;&quot;,&quot;sizes&quot;:[]},&quot;_transform_translateX_effect_mobile&quot;:{&quot;unit&quot;:&quot;px&quot;,&quot;size&quot;:&quot;&quot;,&quot;sizes&quot;:[]},&quot;_transform_translateY_effect_tablet&quot;:{&quot;unit&quot;:&quot;px&quot;,&quot;size&quot;:&quot;&quot;,&quot;sizes&quot;:[]},&quot;_transform_translateY_effect_mobile&quot;:{&quot;unit&quot;:&quot;px&quot;,&quot;size&quot;:&quot;&quot;,&quot;sizes&quot;:[]}}\" data-widget_type=\"text-editor.default\">\n\t\t\t\t<div class=\"elementor-widget-container\">\n\t\t\t\t\t\t\t\t\t<h2>Pedagogiem<\/h2><p>\u00a0<\/p><p>Pedagogu profesion\u0101l\u0101s pilnveides izgl\u012bt\u012bbas programmas:<\/p><p>\u00a0<\/p><div class=\"service__textWrap\"><p class=\"service__text\">\ud83d\udc49<a href=\"https:\/\/cesisgov-my.sharepoint.com\/:b:\/g\/personal\/ilze_sestule_cesis_lv\/EeWcEQRJEVVEgLuRHLeK8KUByDkEfdzMZb478xt_N05tfQ?e=MfISgr\"><strong>\u201cVirtu\u0101l\u0101 vid\u0113 realiz\u0113jama uz sasniedzamo rezult\u0101tu v\u0113rsta m\u0101c\u012bbu stunda STEM priek\u0161metos\u201d<\/strong><\/a> (s\u0101kumskolas datorikas pedagogiem 4.-6.kl.)<\/p><p class=\"service__text\">\ud83d\udc49\u00a0<a href=\"https:\/\/cesisgov-my.sharepoint.com\/:b:\/g\/personal\/ilze_sestule_cesis_lv\/EauNm2l4uBxLiQ7kn0X7eXABiS4HkvqfoBKxal_R11ZwlA?e=2W1xRG\"><strong>\u201cVeiksm\u012bgas starppriek\u0161metu saiknes veido\u0161ana starp STEM un humanit\u0101riem priek\u0161metiem\u201d<\/strong><\/a> (pamatskolas pedagogiem)<\/p><p class=\"service__text\"><a href=\"https:\/\/cesisgov-my.sharepoint.com\/:b:\/g\/personal\/ilze_sestule_cesis_lv\/ERlC1Z7eSnZNrEXA35fiYTEBXi88Z2eHfsg3risnmlKsHQ?e=EfBY2a\"><strong>\ud83d\udc49\u201cDatos balst\u012bta l\u0113mumu pie\u0146em\u0161ana\u201d<\/strong><\/a>\u00a0(vidusskolas pedagogiem)<\/p><p class=\"service__text\">Programmas izstr\u0101d\u0101tas, lai uzlabotu pedagogu zin\u0101\u0161anas un prasmes pied\u0101v\u0101tajos tematos. Programmu paredz\u0113ts realiz\u0113t vienas darba dienas ietvaros.<\/p><p class=\"service__text\"><strong>Programmas ietver:<\/strong><\/p><p><span data-contrast=\"none\"><img decoding=\"async\" src=\"https:\/\/kosmosacentrs.lv\/wp-content\/uploads\/bulta-roza.png\" alt=\"\" width=\"20\" height=\"22\" \/><\/span>iepaz\u012b\u0161anos ar iesp\u0113jam izmantot Kosmosa izzi\u0146as centru, k\u0101 atbalsta resursu projekta \u201cSkola2030\u201d izstr\u0101d\u0101t\u0101 izgl\u012bt\u012bbas standarta realiz\u0113\u0161an\u0101<\/p><p>\u00a0<\/p><p><span data-contrast=\"none\"><img decoding=\"async\" src=\"https:\/\/kosmosacentrs.lv\/wp-content\/uploads\/bulta-roza.png\" alt=\"\" width=\"20\" height=\"22\" \/><\/span>praktisk\u0101s nodarb\u012bb\u0101s g\u016bt atzi\u0146as par da\u017e\u0101d\u0101m m\u0101c\u012b\u0161an\u0101s form\u0101m un veidiem<\/p><p>\u00a0<\/p><p><span data-contrast=\"none\"><img decoding=\"async\" src=\"https:\/\/kosmosacentrs.lv\/wp-content\/uploads\/bulta-roza.png\" alt=\"\" width=\"20\" height=\"22\" \/><\/span>att\u012bst\u012bt prasmi pl\u0101not uz skol\u0113na izaugsmi v\u0113rstu nodarb\u012bbu<\/p><p>\u00a0<\/p><p><span data-contrast=\"none\"><img decoding=\"async\" src=\"https:\/\/kosmosacentrs.lv\/wp-content\/uploads\/bulta-roza.png\" alt=\"\" width=\"20\" height=\"22\" \/><\/span>att\u012bst\u012bt prasmi pl\u0101not uz skol\u0113na izaugsmi v\u0113rstu nodarb\u012bbu<\/p><p>\u00a0<\/p><p><span data-contrast=\"none\"><img decoding=\"async\" src=\"https:\/\/kosmosacentrs.lv\/wp-content\/uploads\/bulta-roza.png\" alt=\"\" width=\"20\" height=\"22\" \/><\/span>Transporta kompens\u0101ciju <strong><a href=\"https:\/\/cesisgov-my.sharepoint.com\/:b:\/g\/personal\/ilze_sestule_cesis_lv\/EZT8itTRAnJOtRHfPayRqOABgQhgEmy8HCk7oOgsKK-yQw?e=DRjhhq\">nolikums<\/a><\/strong>:<\/p><\/div>\t\t\t\t\t\t\t\t<\/div>\n\t\t\t\t<\/div>\n\t\t\t\t\t<\/div>\n\t\t<\/div>\n\t\t\t\t<div class=\"elementor-column elementor-col-50 elementor-top-column elementor-element elementor-element-a7d9135\" data-id=\"a7d9135\" data-element_type=\"column\" data-e-type=\"column\">\n\t\t\t<div class=\"elementor-widget-wrap elementor-element-populated\">\n\t\t\t\t\t\t<div class=\"elementor-element elementor-element-f73a56b elementor-widget elementor-widget-kic_form_teach\" data-id=\"f73a56b\" data-element_type=\"widget\" data-e-type=\"widget\" data-widget_type=\"kic_form_teach.default\">\n\t\t\t\t<div class=\"elementor-widget-container\">\n\t\t\t\t\t\n            <div class=\"forma__klasem izbraukumi__elem aos-init aos-animate\" data-aos=\"fade-left\" data-aos-delay=\"400\" data-aos-duration=\"1000\">\n                <h2 class=\"izbraukumi__h2\">Pieteik\u0161an\u0101s forma<\/h2>\n                <br>\n                <br>\n                <form id=\"forma_pedagogiem\">\n                    <div class=\"reservedForm\">\n                        <div class=\"reservedForm__row formRow__one\">\n                            <div class=\"reservedForm__inputWrap\">\n                                <label for=\"programma\" class=\"reservedForm__label\">Apm\u0101c\u012bbas programma<\/label>\n                                <select name=\"programma\" class=\"reservedForm__input\">\n                                    <option value=\"S\u0101kumskola (4.-6.klase)\">S\u0101kumskola (4.-6.klase)<\/option>\n                                    <option value=\"Pamatskola (7.-9.klase)\">Pamatskola (7.-9.klase)<\/option>\n                                    <option value=\"Vidusskola (10.-12.klase);\">Vidusskola (10.-12.klase);<\/option>\n                                <\/select>\n                            <\/div>\n                        <\/div>\n                        <div class=\"reservedForm__row formRow__two\">\n                            <div class=\"reservedForm__inputWrap reservedForm__input-3\">\n                                <label for=\"iestade\" class=\"reservedForm__label\">Izgl\u012bt\u012bbas iest\u0101de (Pils\u0113ta)<\/label>\n                                <input type=\"text\" name=\"iestade\" class=\"reservedForm__input\">\n                            <\/div>\n                            <div class=\"reservedForm__inputWrap reservedForm__input-4\">\n                                <label for=\"regions\" class=\"reservedForm__label\">P\u0101rst\u0101v\u0113tais re\u0123ions<\/label>\n                                <select name=\"regions\" class=\"reservedForm__input\">\n                                    <option value=\"R\u012bga\">R\u012bga<\/option>\n                                    <option value=\"Vidzeme\">Vidzeme<\/option>\n                                    <option value=\"Zemgale\">Zemgale<\/option>\n                                    <option value=\"Latgale\">Latgale<\/option>\n                                    <option value=\"Kurzeme\">Kurzeme<\/option>\n                                <\/select>\n                            <\/div>\n                        <\/div>\n                        <div class=\"reservedForm__row formRow__two\">\n                            <div class=\"reservedForm__inputWrap reservedForm__input-3\">\n                                <label for=\"atb_persona_vards\" class=\"reservedForm__label\">Atbild\u012bg\u0101s personas v\u0101rds<\/label>\n                                <input type=\"text\" name=\"atb_persona_vards\" class=\"reservedForm__input\">\n                            <\/div>\n                            <div class=\"reservedForm__inputWrap reservedForm__input-3\">\n                                <label for=\"atb_persona_uzvards\" class=\"reservedForm__label\">Atbild\u012bg\u0101s personas uzv\u0101rds<\/label>\n                                <input type=\"text\" name=\"atb_persona_uzvards\" class=\"reservedForm__input\">\n                            <\/div>\n                        <\/div>\n                        <div class=\"reservedForm__row formRow__two\">\n                            <div class=\"reservedForm__inputWrap reservedForm__input-3\">\n                                <label for=\"epasts\" class=\"reservedForm__label\">E-pasts<\/label>\n                                <input type=\"text\" name=\"epasts\" class=\"reservedForm__input\">\n                            <\/div>\n                            <div class=\"reservedForm__inputWrap reservedForm__input-3\">\n                                <label for=\"telefons\" class=\"reservedForm__label\">Kontaktt\u0101lrunis<\/label>\n                                <input type=\"text\" name=\"telefons\" class=\"reservedForm__input\">\n                            <\/div>\n                        <\/div>\n                        <div class=\"reservedForm__row formRow__two\">\n                            <div class=\"reservedForm__inputWrap reservedForm__input-3\">\n                                <label for=\"prieksmets\" class=\"reservedForm__label\">Priek\u0161mets<\/label>\n                                <input type=\"text\" name=\"prieksmets\" class=\"reservedForm__input\">\n                            <\/div>\n                            <div class=\"reservedForm__inputWrap reservedForm__input-3\">\n                                <label for=\"klasu_grupa\" class=\"reservedForm__label\">Kla\u0161u grupa<\/label>\n                                <input type=\"text\" name=\"klasu_grupa\" class=\"reservedForm__input\">\n                            <\/div>\n                        <\/div>\n                        <div class=\"reservedForm__row formRow__one\">\n                            <div class=\"reservedForm__inputWrap\">\n                                <label for=\"komentari\" class=\"reservedForm__label\">Papildus inform\u0101cija (Speci\u0101l\u0101s vajadz\u012bbas, rati\u0146kr\u0113sls, valoda u.c.)<\/label>\n                                <textarea name=\"komentari\" class=\"reservedForm__input form__comments\"><\/textarea>\n                            <\/div>\n                        <\/div>\n                        <div class=\"reservedForm__row\">\n                            <label class=\"reservedForm__container\">Esmu izlas\u012bjis un apstiprinu <a href=\"\/privatuma-politika\/\" target=\"_blank\" class=\"reservedForm__link\">priv\u0101tuma politiku<\/a>\n                                <input class=\"reservedForm__gdpr\" type=\"checkbox\" checked=\"checked\">\n                                <span class=\"reservedForm__checkmark\"><\/span>\n                            <\/label>\n                        <\/div>\n                        <div class=\"reservedForm__row\">\n                            <button type=\"submit\" class=\"btn btn-green reserve__teach\">\n                                <img decoding=\"async\" src=\"https:\/\/kosmosacentrs.lv\/wp-content\/uploads\/btn-icon.png\" class=\"btn__img\" alt=\"\">\n                                <span class=\"btn__text\">Rezerv\u0113t<\/span>\n                            <\/button>\n                        <\/div>\n                        <input type=\"hidden\" id=\"recaptcha_token\" value=\"\">\n                        <div class=\"reservedForm__loader\">\n                            <div class=\"reservedForm__loaderInner\">\n                                <span class=\"loader\"><\/span>\n                            <\/div>\n                        <\/div>\n                    <\/div>\n                <\/form>\n            <\/div>\n\n            <div class=\"kic_reservation_success\">\n                <div class=\"kic_reservation_success_inner\">\n                    <div class=\"kic_reservation_success_close\">\n                        <svg width=\"512px\" height=\"512px\" viewBox=\"0 0 512 512\" xmlns=\"http:\/\/www.w3.org\/2000\/svg\"><path d=\"M289.94,256l95-95A24,24,0,0,0,351,127l-95,95-95-95A24,24,0,0,0,127,161l95,95-95,95A24,24,0,1,0,161,385l95-95,95,95A24,24,0,0,0,385,351Z\"\/><\/svg>\n                    <\/div>\n                    <img decoding=\"async\" src=\"\/wp-content\/uploads\/check-mark-svgrepo-com.svg\" alt=\"Check\">\n                    <div class=\"kic_reservation_success_title\">\n                        Paldies, J\u016bsu rezerv\u0101cija ir veikta!\n                    <\/div>\n                    <div class=\"kic_reservation_success_subtitle\">\n                        Dr\u012bzum\u0101 sa\u0146emsiet zi\u0146u par rezerv\u0101cijas apmaksu un papildus inform\u0101ciju par apmekl\u0113jumu.\n                    <\/div>\n                <\/div>\n            <\/div>\n        \t\t\t\t<\/div>\n\t\t\t\t<\/div>\n\t\t\t\t\t<\/div>\n\t\t<\/div>\n\t\t\t\t\t<\/div>\n\t\t<\/section>\n\t\t\t\t<\/div>\n\t\t","protected":false},"excerpt":{"rendered":"<p>S\u0101kums&#8211; Pied\u0101v\u0101jums pedagogiem Programmas izstr\u0101d\u0101tas, lai uzlabotu pedagogu zin\u0101\u0161anas un prasmes pied\u0101v\u0101tajos tematos. Visas nodarb\u012bbas ir bezmaksas Eiropas Ekonomikas zonas finan\u0161u instrumenta un Norv\u0113\u0123ijas finan\u0161u instrumenta 2014. &#8211; 2021. gada perioda programmas \u201cP\u0113tniec\u012bba un izgl\u012bt\u012bba\u201d aktivit\u0101tes \u201cInov\u0101cijas centri\u201d\u00a0projekta\u00a0Nr. NFI\/IC\/VIAA\/2020\/3, \u201cInov\u0101cijas centra izveido\u0161ana C\u0113s\u012bs\u201d ietvaros. Pedagogiem \u00a0 Pedagogu profesion\u0101l\u0101s pilnveides izgl\u012bt\u012bbas programmas: \u00a0 \ud83d\udc49\u201cVirtu\u0101l\u0101 vid\u0113 realiz\u0113jama [&hellip;]<\/p>\n","protected":false},"author":1,"featured_media":0,"parent":0,"menu_order":0,"comment_status":"closed","ping_status":"closed","template":"","meta":{"inline_featured_image":false,"footnotes":""},"class_list":["post-1748","page","type-page","status-publish","hentry"],"yoast_head":"<!-- This site is optimized with the Yoast SEO plugin v20.4 - https:\/\/yoast.com\/wordpress\/plugins\/seo\/ -->\n<title>Pedagogiem - Kosmosa izzi\u0146as centrs<\/title>\n<meta name=\"robots\" content=\"index, follow, max-snippet:-1, max-image-preview:large, max-video-preview:-1\" \/>\n<link rel=\"canonical\" href=\"https:\/\/kosmosacentrs.lv\/skolam\/pedagogiem\/\" \/>\n<meta property=\"og:locale\" content=\"en_US\" \/>\n<meta property=\"og:type\" content=\"article\" \/>\n<meta property=\"og:title\" content=\"Pedagogiem - Kosmosa izzi\u0146as centrs\" \/>\n<meta property=\"og:description\" content=\"S\u0101kums&#8211; Pied\u0101v\u0101jums pedagogiem Programmas izstr\u0101d\u0101tas, lai uzlabotu pedagogu zin\u0101\u0161anas un prasmes pied\u0101v\u0101tajos tematos. Visas nodarb\u012bbas ir bezmaksas Eiropas Ekonomikas zonas finan\u0161u instrumenta un Norv\u0113\u0123ijas finan\u0161u instrumenta 2014. &#8211; 2021. gada perioda programmas \u201cP\u0113tniec\u012bba un izgl\u012bt\u012bba\u201d aktivit\u0101tes \u201cInov\u0101cijas centri\u201d\u00a0projekta\u00a0Nr. NFI\/IC\/VIAA\/2020\/3, \u201cInov\u0101cijas centra izveido\u0161ana C\u0113s\u012bs\u201d ietvaros. Pedagogiem \u00a0 Pedagogu profesion\u0101l\u0101s pilnveides izgl\u012bt\u012bbas programmas: \u00a0 \ud83d\udc49\u201cVirtu\u0101l\u0101 vid\u0113 realiz\u0113jama [&hellip;]\" \/>\n<meta property=\"og:url\" content=\"https:\/\/kosmosacentrs.lv\/skolam\/pedagogiem\/\" \/>\n<meta property=\"og:site_name\" content=\"Kosmosa izzi\u0146as centrs\" \/>\n<meta property=\"article:publisher\" content=\"https:\/\/www.facebook.com\/Kosmosaizzinascentrs\/\" \/>\n<meta property=\"article:modified_time\" content=\"2023-07-27T18:22:54+00:00\" \/>\n<meta property=\"og:image\" content=\"https:\/\/kosmosacentrs.lv\/wp-content\/uploads\/single_event_school_1.svg\" \/>\n<meta name=\"twitter:card\" content=\"summary_large_image\" \/>\n<meta name=\"twitter:label1\" content=\"Est. reading time\" \/>\n\t<meta name=\"twitter:data1\" content=\"3 minutes\" \/>\n<script type=\"application\/ld+json\" class=\"yoast-schema-graph\">{\"@context\":\"https:\/\/schema.org\",\"@graph\":[{\"@type\":\"WebPage\",\"@id\":\"https:\/\/kosmosacentrs.lv\/skolam\/pedagogiem\/\",\"url\":\"https:\/\/kosmosacentrs.lv\/skolam\/pedagogiem\/\",\"name\":\"Pedagogiem - Kosmosa izzi\u0146as centrs\",\"isPartOf\":{\"@id\":\"https:\/\/kosmosacentrs.lv\/#website\"},\"datePublished\":\"2023-04-01T13:06:02+00:00\",\"dateModified\":\"2023-07-27T18:22:54+00:00\",\"breadcrumb\":{\"@id\":\"https:\/\/kosmosacentrs.lv\/skolam\/pedagogiem\/#breadcrumb\"},\"inLanguage\":\"en-US\",\"potentialAction\":[{\"@type\":\"ReadAction\",\"target\":[\"https:\/\/kosmosacentrs.lv\/skolam\/pedagogiem\/\"]}]},{\"@type\":\"BreadcrumbList\",\"@id\":\"https:\/\/kosmosacentrs.lv\/skolam\/pedagogiem\/#breadcrumb\",\"itemListElement\":[{\"@type\":\"ListItem\",\"position\":1,\"name\":\"Home\",\"item\":\"https:\/\/kosmosacentrs.lv\/\"},{\"@type\":\"ListItem\",\"position\":2,\"name\":\"Pedagogiem\"}]},{\"@type\":\"WebSite\",\"@id\":\"https:\/\/kosmosacentrs.lv\/#website\",\"url\":\"https:\/\/kosmosacentrs.lv\/\",\"name\":\"Kosmosa izzi\u0146as centrs\",\"description\":\"KIC.LV\",\"publisher\":{\"@id\":\"https:\/\/kosmosacentrs.lv\/#organization\"},\"potentialAction\":[{\"@type\":\"SearchAction\",\"target\":{\"@type\":\"EntryPoint\",\"urlTemplate\":\"https:\/\/kosmosacentrs.lv\/?s={search_term_string}\"},\"query-input\":\"required name=search_term_string\"}],\"inLanguage\":\"en-US\"},{\"@type\":\"Organization\",\"@id\":\"https:\/\/kosmosacentrs.lv\/#organization\",\"name\":\"Kosmosa izzi\u0146as centrs\",\"url\":\"https:\/\/kosmosacentrs.lv\/\",\"logo\":{\"@type\":\"ImageObject\",\"inLanguage\":\"en-US\",\"@id\":\"https:\/\/kosmosacentrs.lv\/#\/schema\/logo\/image\/\",\"url\":\"https:\/\/kosmosacentrs.lv\/wp-content\/uploads\/logo.svg\",\"contentUrl\":\"https:\/\/kosmosacentrs.lv\/wp-content\/uploads\/logo.svg\",\"width\":997,\"height\":712,\"caption\":\"Kosmosa izzi\u0146as centrs\"},\"image\":{\"@id\":\"https:\/\/kosmosacentrs.lv\/#\/schema\/logo\/image\/\"},\"sameAs\":[\"https:\/\/www.facebook.com\/Kosmosaizzinascentrs\/\"]}]}<\/script>\n<!-- \/ Yoast SEO plugin. -->","yoast_head_json":{"title":"Pedagogiem - Kosmosa izzi\u0146as centrs","robots":{"index":"index","follow":"follow","max-snippet":"max-snippet:-1","max-image-preview":"max-image-preview:large","max-video-preview":"max-video-preview:-1"},"canonical":"https:\/\/kosmosacentrs.lv\/skolam\/pedagogiem\/","og_locale":"en_US","og_type":"article","og_title":"Pedagogiem - Kosmosa izzi\u0146as centrs","og_description":"S\u0101kums&#8211; Pied\u0101v\u0101jums pedagogiem Programmas izstr\u0101d\u0101tas, lai uzlabotu pedagogu zin\u0101\u0161anas un prasmes pied\u0101v\u0101tajos tematos. Visas nodarb\u012bbas ir bezmaksas Eiropas Ekonomikas zonas finan\u0161u instrumenta un Norv\u0113\u0123ijas finan\u0161u instrumenta 2014. &#8211; 2021. gada perioda programmas \u201cP\u0113tniec\u012bba un izgl\u012bt\u012bba\u201d aktivit\u0101tes \u201cInov\u0101cijas centri\u201d\u00a0projekta\u00a0Nr. NFI\/IC\/VIAA\/2020\/3, \u201cInov\u0101cijas centra izveido\u0161ana C\u0113s\u012bs\u201d ietvaros. Pedagogiem \u00a0 Pedagogu profesion\u0101l\u0101s pilnveides izgl\u012bt\u012bbas programmas: \u00a0 \ud83d\udc49\u201cVirtu\u0101l\u0101 vid\u0113 realiz\u0113jama [&hellip;]","og_url":"https:\/\/kosmosacentrs.lv\/skolam\/pedagogiem\/","og_site_name":"Kosmosa izzi\u0146as centrs","article_publisher":"https:\/\/www.facebook.com\/Kosmosaizzinascentrs\/","article_modified_time":"2023-07-27T18:22:54+00:00","og_image":[{"url":"https:\/\/kosmosacentrs.lv\/wp-content\/uploads\/single_event_school_1.svg"}],"twitter_card":"summary_large_image","twitter_misc":{"Est. reading time":"3 minutes"},"schema":{"@context":"https:\/\/schema.org","@graph":[{"@type":"WebPage","@id":"https:\/\/kosmosacentrs.lv\/skolam\/pedagogiem\/","url":"https:\/\/kosmosacentrs.lv\/skolam\/pedagogiem\/","name":"Pedagogiem - Kosmosa izzi\u0146as centrs","isPartOf":{"@id":"https:\/\/kosmosacentrs.lv\/#website"},"datePublished":"2023-04-01T13:06:02+00:00","dateModified":"2023-07-27T18:22:54+00:00","breadcrumb":{"@id":"https:\/\/kosmosacentrs.lv\/skolam\/pedagogiem\/#breadcrumb"},"inLanguage":"en-US","potentialAction":[{"@type":"ReadAction","target":["https:\/\/kosmosacentrs.lv\/skolam\/pedagogiem\/"]}]},{"@type":"BreadcrumbList","@id":"https:\/\/kosmosacentrs.lv\/skolam\/pedagogiem\/#breadcrumb","itemListElement":[{"@type":"ListItem","position":1,"name":"Home","item":"https:\/\/kosmosacentrs.lv\/"},{"@type":"ListItem","position":2,"name":"Pedagogiem"}]},{"@type":"WebSite","@id":"https:\/\/kosmosacentrs.lv\/#website","url":"https:\/\/kosmosacentrs.lv\/","name":"Kosmosa izzi\u0146as centrs","description":"KIC.LV","publisher":{"@id":"https:\/\/kosmosacentrs.lv\/#organization"},"potentialAction":[{"@type":"SearchAction","target":{"@type":"EntryPoint","urlTemplate":"https:\/\/kosmosacentrs.lv\/?s={search_term_string}"},"query-input":"required name=search_term_string"}],"inLanguage":"en-US"},{"@type":"Organization","@id":"https:\/\/kosmosacentrs.lv\/#organization","name":"Kosmosa izzi\u0146as centrs","url":"https:\/\/kosmosacentrs.lv\/","logo":{"@type":"ImageObject","inLanguage":"en-US","@id":"https:\/\/kosmosacentrs.lv\/#\/schema\/logo\/image\/","url":"https:\/\/kosmosacentrs.lv\/wp-content\/uploads\/logo.svg","contentUrl":"https:\/\/kosmosacentrs.lv\/wp-content\/uploads\/logo.svg","width":997,"height":712,"caption":"Kosmosa izzi\u0146as centrs"},"image":{"@id":"https:\/\/kosmosacentrs.lv\/#\/schema\/logo\/image\/"},"sameAs":["https:\/\/www.facebook.com\/Kosmosaizzinascentrs\/"]}]}},"_links":{"self":[{"href":"https:\/\/kosmosacentrs.lv\/en\/wp-json\/wp\/v2\/pages\/1748","targetHints":{"allow":["GET"]}}],"collection":[{"href":"https:\/\/kosmosacentrs.lv\/en\/wp-json\/wp\/v2\/pages"}],"about":[{"href":"https:\/\/kosmosacentrs.lv\/en\/wp-json\/wp\/v2\/types\/page"}],"author":[{"embeddable":true,"href":"https:\/\/kosmosacentrs.lv\/en\/wp-json\/wp\/v2\/users\/1"}],"replies":[{"embeddable":true,"href":"https:\/\/kosmosacentrs.lv\/en\/wp-json\/wp\/v2\/comments?post=1748"}],"version-history":[{"count":92,"href":"https:\/\/kosmosacentrs.lv\/en\/wp-json\/wp\/v2\/pages\/1748\/revisions"}],"predecessor-version":[{"id":4743,"href":"https:\/\/kosmosacentrs.lv\/en\/wp-json\/wp\/v2\/pages\/1748\/revisions\/4743"}],"wp:attachment":[{"href":"https:\/\/kosmosacentrs.lv\/en\/wp-json\/wp\/v2\/media?parent=1748"}],"curies":[{"name":"wp","href":"https:\/\/api.w.org\/{rel}","templated":true}]}}