{"id":4200,"date":"2023-11-30T19:11:35","date_gmt":"2023-11-30T16:11:35","guid":{"rendered":"https:\/\/kosmosacentrs.lv\/?page_id=4200"},"modified":"2025-11-28T17:57:46","modified_gmt":"2025-11-28T14:57:46","slug":"izglitibas-programma","status":"publish","type":"page","link":"https:\/\/kosmosacentrs.lv\/en\/izglitibas-programma\/","title":{"rendered":"Izgl\u012bt\u012bbas programmas"},"content":{"rendered":"\t\t<div data-elementor-type=\"wp-page\" data-elementor-id=\"4200\" class=\"elementor elementor-4200\">\n\t\t\t\t<div class=\"elementor-element elementor-element-ac60a69 e-flex e-con-boxed e-con e-parent\" data-id=\"ac60a69\" data-element_type=\"container\" data-e-type=\"container\" data-settings=\"{&quot;background_background&quot;:&quot;classic&quot;}\">\n\t\t\t\t\t<div class=\"e-con-inner\">\n\t\t\t\t<div class=\"elementor-element elementor-element-561d871 elementor-widget__width-initial elementor-invisible elementor-widget elementor-widget-image\" data-id=\"561d871\" data-element_type=\"widget\" data-e-type=\"widget\" data-settings=\"{&quot;_animation&quot;:&quot;rollIn&quot;}\" data-widget_type=\"image.default\">\n\t\t\t\t<div class=\"elementor-widget-container\">\n\t\t\t\t\t\t\t\t\t\t\t\t\t\t\t<img fetchpriority=\"high\" decoding=\"async\" width=\"640\" height=\"604\" src=\"https:\/\/kosmosacentrs.lv\/wp-content\/uploads\/single_event_school_1.svg\" class=\"attachment-large size-large wp-image-1094\" alt=\"\" \/>\t\t\t\t\t\t\t\t\t\t\t\t\t\t\t<\/div>\n\t\t\t\t<\/div>\n\t\t<div class=\"elementor-element elementor-element-1252ff5 e-con-full e-flex e-con e-parent\" data-id=\"1252ff5\" data-element_type=\"container\" data-e-type=\"container\">\n\t\t\t\t<div class=\"elementor-element elementor-element-aeb14bd elementor-widget__width-initial elementor-invisible elementor-widget elementor-widget-text-editor\" data-id=\"aeb14bd\" data-element_type=\"widget\" data-e-type=\"widget\" data-settings=\"{&quot;_animation&quot;:&quot;fadeInRight&quot;}\" data-widget_type=\"text-editor.default\">\n\t\t\t\t<div class=\"elementor-widget-container\">\n\t\t\t\t\t\t\t\t\t<h2>Izgl\u012bt\u012bbas programmas<\/h2>\n<p>Kosmosa izzi\u0146as centra intere\u0161u izgl\u012bt\u012bbas programma satur vair\u0101kus sec\u012bgus un saist\u012btus m\u0101c\u012bbu elementus. Izgl\u012bt\u012bbas saturs tiek balst\u012bts projekta \u201cSkola 2030\u201d izstr\u0101d\u0101taj\u0101 izgl\u012bt\u012bbas standart\u0101 un sasaucas ar taj\u0101 defin\u0113tajiem sasniedzamajiem rezult\u0101tiem un caurviju prasm\u0113m.<\/p>\n<p>Izgl\u012bt\u012bbas programma iek\u013cauj vad\u012btu ekskursiju, STEM darbn\u012bcu sasaist\u0113 ar kosmosa industriju un kosmosa misiju.<\/p>\n<p>Vad\u012btas m\u0101c\u012bbu ekskursijas laik\u0101 b\u016bs iesp\u0113ja izzin\u0101t, ko tie\u0161i vi\u0146i var\u0113tu dar\u012bt kosmosa nozar\u0113 un ieraudz\u012bt, cik pla\u0161as ir \u0161\u012bs nozares iesp\u0113jas.<\/p>\n<p>STEM darbn\u012bcas veidotas izmantojot starpdisciplin\u0101ru m\u0101c\u012bbu pieeju. Proces\u0101 tiek risin\u0101tas da\u017e\u0101das ar kosmosa tematiku un industriju saist\u012btas probl\u0113msitu\u0101cijas.<\/p>\n<p>Programmas ilgums &#8211; 6h.<br><br>Programma pieejama tikai latvie\u0161u valod\u0101.<\/p>\t\t\t\t\t\t\t\t<\/div>\n\t\t\t\t<\/div>\n\t\t\t\t<\/div>\n\t\t\t\t\t<\/div>\n\t\t\t\t<\/div>\n\t\t<div class=\"elementor-element elementor-element-f99c1a8 e-flex e-con-boxed e-con e-parent\" data-id=\"f99c1a8\" data-element_type=\"container\" data-e-type=\"container\">\n\t\t\t\t\t<div class=\"e-con-inner\">\n\t\t\t\t<div class=\"elementor-element elementor-element-ad13f56 elementor-widget elementor-widget-video\" data-id=\"ad13f56\" data-element_type=\"widget\" data-e-type=\"widget\" data-settings=\"{&quot;youtube_url&quot;:&quot;https:\\\/\\\/youtu.be\\\/dhid6b6s7Mw&quot;,&quot;loop&quot;:&quot;yes&quot;,&quot;video_type&quot;:&quot;youtube&quot;}\" data-widget_type=\"video.default\">\n\t\t\t\t<div class=\"elementor-widget-container\">\n\t\t\t\t\t\t\t<div class=\"elementor-wrapper elementor-open-inline\">\n\t\t\t<div class=\"elementor-video\"><\/div>\t\t<\/div>\n\t\t\t\t\t\t<\/div>\n\t\t\t\t<\/div>\n\t\t\t\t\t<\/div>\n\t\t\t\t<\/div>\n\t\t<div class=\"elementor-element elementor-element-b862935 e-flex e-con-boxed e-con e-parent\" data-id=\"b862935\" data-element_type=\"container\" data-e-type=\"container\">\n\t\t\t\t\t<div class=\"e-con-inner\">\n\t\t<div class=\"elementor-element elementor-element-7e0c5be e-con-full e-flex e-con e-parent\" data-id=\"7e0c5be\" data-element_type=\"container\" data-e-type=\"container\">\n\t\t\t\t<div class=\"elementor-element elementor-element-cee6c73 elementor-widget elementor-widget-text-editor\" data-id=\"cee6c73\" data-element_type=\"widget\" data-e-type=\"widget\" data-widget_type=\"text-editor.default\">\n\t\t\t\t<div class=\"elementor-widget-container\">\n\t\t\t\t\t\t\t\t\t<h3 style=\"text-align: center;\"><span style=\"color: #c20000; font-size: 18pt;\">&#8220;Dz\u012bvo\u0161ana kosmos\u0101&#8221;<\/span><\/h3><p style=\"text-align: center;\"><strong><span style=\"font-size: 14pt;\">(4.-6.kl.)<\/span><\/strong><\/p><p>Programm\u0101 iek\u013caut\u0101s darbn\u012bcas m\u0113r\u0137is ir noskaidrot, kur visum\u0101 atrodas Zeme, k\u0101das tehnolo\u0123ijas ir nepiecie\u0161amas lai m\u0113s var\u0113tu doties uz cit\u0101m plan\u0113t\u0101m.<\/p>\t\t\t\t\t\t\t\t<\/div>\n\t\t\t\t<\/div>\n\t\t\t\t<\/div>\n\t\t<div class=\"elementor-element elementor-element-8405fda e-con-full e-flex e-con e-parent\" data-id=\"8405fda\" data-element_type=\"container\" data-e-type=\"container\">\n\t\t\t\t<div class=\"elementor-element elementor-element-0d1080f elementor-widget elementor-widget-text-editor\" data-id=\"0d1080f\" data-element_type=\"widget\" data-e-type=\"widget\" data-widget_type=\"text-editor.default\">\n\t\t\t\t<div class=\"elementor-widget-container\">\n\t\t\t\t\t\t\t\t\t<p style=\"text-align: center;\"><span style=\"font-size: 18pt;\"><strong><span style=\"color: #1c67e7;\">&#8220;Pacel\u0161an\u0101s kosmos\u0101&#8221;<\/span><\/strong><\/span><\/p><p style=\"text-align: center;\"><span style=\"font-size: 14pt;\"><strong>(7.-9.kl.)<\/strong><\/span><\/p><p>Programm\u0101 iek\u013caut\u0101s darbn\u012bcas m\u0113r\u0137is ir sagatavot un veikt ra\u0137etes startu, izmantojot mikrokontrolierus apr\u0113\u0137in\u0101t visu tam nepiecie\u0161mo inform\u0101ciju.<\/p>\t\t\t\t\t\t\t\t<\/div>\n\t\t\t\t<\/div>\n\t\t\t\t<\/div>\n\t\t<div class=\"elementor-element elementor-element-2a23b1d e-con-full e-flex e-con e-parent\" data-id=\"2a23b1d\" data-element_type=\"container\" data-e-type=\"container\">\n\t\t\t\t<div class=\"elementor-element elementor-element-117c162 elementor-widget elementor-widget-text-editor\" data-id=\"117c162\" data-element_type=\"widget\" data-e-type=\"widget\" data-widget_type=\"text-editor.default\">\n\t\t\t\t<div class=\"elementor-widget-container\">\n\t\t\t\t\t\t\t\t\t<p style=\"text-align: center;\"><span style=\"color: #31bc17; font-size: 18pt;\">&#8220;Nolai\u0161an\u0101s uz nezin\u0101mas plan\u0113tas&#8221; <\/span><strong><span style=\"font-size: 14pt;\">(10.-12.kl.)<\/span><\/strong><\/p><p>Programm\u0101 iek\u013caut\u0101s darbn\u012bcas m\u0113r\u0137is ir apr\u0113\u0137in\u0101t, p\u0101rbaud\u012bt un izveidot sist\u0113mu, kas paredz\u0113ta cilv\u0113ku gl\u0101b\u0161anai uz citas plan\u0113tas. Lai to paveiktu b\u016bs nepiecie\u0161ama mikrokontrolieru programm\u0113\u0161ana un test\u0113\u0161ana datu ieg\u016b\u0161anai.<\/p>\t\t\t\t\t\t\t\t<\/div>\n\t\t\t\t<\/div>\n\t\t\t\t<\/div>\n\t\t\t\t\t<\/div>\n\t\t\t\t<\/div>\n\t\t<div class=\"elementor-element elementor-element-2f2950d e-flex e-con-boxed e-con e-parent\" data-id=\"2f2950d\" data-element_type=\"container\" data-e-type=\"container\">\n\t\t\t\t\t<div class=\"e-con-inner\">\n\t\t\t\t<div class=\"elementor-element elementor-element-b19843a elementor-widget elementor-widget-text-editor\" data-id=\"b19843a\" data-element_type=\"widget\" data-e-type=\"widget\" data-widget_type=\"text-editor.default\">\n\t\t\t\t<div class=\"elementor-widget-container\">\n\t\t\t\t\t\t\t\t\t<p><span style=\"color: #33ba15;\"><strong>Vair\u0101k inform\u0101cijas, zvanot pa t\u0101lruni +371\u00a0 27873226 vai rakstot uz e-pastu skolas@kosmosacentrs.lv<\/strong><\/span><\/p>\t\t\t\t\t\t\t\t<\/div>\n\t\t\t\t<\/div>\n\t\t\t\t\t<\/div>\n\t\t\t\t<\/div>\n\t\t<div class=\"elementor-element elementor-element-7452707 e-flex e-con-boxed e-con e-parent\" data-id=\"7452707\" data-element_type=\"container\" data-e-type=\"container\">\n\t\t\t\t\t<div class=\"e-con-inner\">\n\t\t\t\t<div class=\"elementor-element elementor-element-ea7312b elementor-widget elementor-widget-text-editor\" data-id=\"ea7312b\" data-element_type=\"widget\" data-e-type=\"widget\" data-widget_type=\"text-editor.default\">\n\t\t\t\t<div class=\"elementor-widget-container\">\n\t\t\t\t\t\t\t\t\t<p>Programma izstr\u0101d\u0101ta pateicoties Eiropas Ekonomikas zonas finan\u0161u instrumenta un Norv\u0113\u0123ijas finan\u0161u instrumenta 2014. &#8211; 2021.gada perioda programmas &#8220;P\u0113tniec\u012bba un izgl\u012bt\u012bba&#8221; aktivit\u0101tes &#8220;Inov\u0101cijas centri&#8221; projekta &#8220;Inov\u0101cijas centra izveido\u0161ana C\u0113s\u012bs&#8221; (identifik\u0101cijas numurs NFI\/I\/VIAA\/2020\/3).<\/p><p style=\"text-align: left;\">Pla\u0161\u0101ka inform\u0101cija par EEZ un Norv\u0113\u0123ijas finan\u0161u instrumentiem pieejama t\u012bmek\u013cvietn\u0113s:<span style=\"color: #31bc17;\">\u00a0<\/span><a href=\"https:\/\/www.norwaygrants.lv\/\"><span style=\"color: #31bc17;\">www.norwaygrants.lv<\/span><\/a>\u00a0un\u00a0<a href=\"https:\/\/www.eeagrants.lv\/\"><span style=\"color: #31bc17;\">www.eeagrants.lv<\/span><\/a>.<\/p><p>\u00a0<\/p><p>#EEANorwayGrants<br \/>#EEANorwayGrantsLatvia<\/p><p>\u00a0<\/p><p><img decoding=\"async\" class=\"alignnone wp-image-3945\" src=\"https:\/\/kosmosacentrs.lv\/wp-content\/uploads\/Norway_grants_White@4x-913x1024-1-267x300.png\" alt=\"\" width=\"103\" height=\"117\" srcset=\"https:\/\/kosmosacentrs.lv\/wp-content\/uploads\/Norway_grants_White@4x-913x1024-1-267x300.png 267w, https:\/\/kosmosacentrs.lv\/wp-content\/uploads\/Norway_grants_White@4x-913x1024-1.png 913w\" sizes=\"(max-width: 103px) 100vw, 103px\" \/><\/p>\t\t\t\t\t\t\t\t<\/div>\n\t\t\t\t<\/div>\n\t\t\t\t\t<\/div>\n\t\t\t\t<\/div>\n\t\t<div class=\"elementor-element elementor-element-6c72203 e-flex e-con-boxed e-con e-parent\" data-id=\"6c72203\" data-element_type=\"container\" data-e-type=\"container\">\n\t\t\t\t\t<div class=\"e-con-inner\">\n\t\t\t\t<div class=\"elementor-element elementor-element-7d0f7f2 elementor-widget elementor-widget-spacer\" data-id=\"7d0f7f2\" data-element_type=\"widget\" data-e-type=\"widget\" data-widget_type=\"spacer.default\">\n\t\t\t\t<div class=\"elementor-widget-container\">\n\t\t\t\t\t\t\t<div class=\"elementor-spacer\">\n\t\t\t<div class=\"elementor-spacer-inner\"><\/div>\n\t\t<\/div>\n\t\t\t\t\t\t<\/div>\n\t\t\t\t<\/div>\n\t\t\t\t\t<\/div>\n\t\t\t\t<\/div>\n\t\t\t\t<\/div>\n\t\t","protected":false},"excerpt":{"rendered":"<p>Izgl\u012bt\u012bbas programmas Kosmosa izzi\u0146as centra intere\u0161u izgl\u012bt\u012bbas programma satur vair\u0101kus sec\u012bgus un saist\u012btus m\u0101c\u012bbu elementus. Izgl\u012bt\u012bbas saturs tiek balst\u012bts projekta \u201cSkola 2030\u201d izstr\u0101d\u0101taj\u0101 izgl\u012bt\u012bbas standart\u0101 un sasaucas ar taj\u0101 defin\u0113tajiem sasniedzamajiem rezult\u0101tiem un caurviju prasm\u0113m. Izgl\u012bt\u012bbas programma iek\u013cauj vad\u012btu ekskursiju, STEM darbn\u012bcu sasaist\u0113 ar kosmosa industriju un kosmosa misiju. Vad\u012btas m\u0101c\u012bbu ekskursijas laik\u0101 b\u016bs iesp\u0113ja [&hellip;]<\/p>\n","protected":false},"author":7,"featured_media":0,"parent":0,"menu_order":0,"comment_status":"closed","ping_status":"closed","template":"","meta":{"inline_featured_image":false,"footnotes":""},"class_list":["post-4200","page","type-page","status-publish","hentry"],"yoast_head":"<!-- This site is optimized with the Yoast SEO plugin v20.4 - https:\/\/yoast.com\/wordpress\/plugins\/seo\/ -->\n<title>Izgl\u012bt\u012bbas programmas - Kosmosa izzi\u0146as centrs<\/title>\n<meta name=\"robots\" content=\"index, follow, max-snippet:-1, max-image-preview:large, max-video-preview:-1\" \/>\n<link rel=\"canonical\" href=\"https:\/\/kosmosacentrs.lv\/izglitibas-programma\/\" \/>\n<meta property=\"og:locale\" content=\"en_US\" \/>\n<meta property=\"og:type\" content=\"article\" \/>\n<meta property=\"og:title\" content=\"Izgl\u012bt\u012bbas programmas - Kosmosa izzi\u0146as centrs\" \/>\n<meta property=\"og:description\" content=\"Izgl\u012bt\u012bbas programmas Kosmosa izzi\u0146as centra intere\u0161u izgl\u012bt\u012bbas programma satur vair\u0101kus sec\u012bgus un saist\u012btus m\u0101c\u012bbu elementus. Izgl\u012bt\u012bbas saturs tiek balst\u012bts projekta \u201cSkola 2030\u201d izstr\u0101d\u0101taj\u0101 izgl\u012bt\u012bbas standart\u0101 un sasaucas ar taj\u0101 defin\u0113tajiem sasniedzamajiem rezult\u0101tiem un caurviju prasm\u0113m. Izgl\u012bt\u012bbas programma iek\u013cauj vad\u012btu ekskursiju, STEM darbn\u012bcu sasaist\u0113 ar kosmosa industriju un kosmosa misiju. Vad\u012btas m\u0101c\u012bbu ekskursijas laik\u0101 b\u016bs iesp\u0113ja [&hellip;]\" \/>\n<meta property=\"og:url\" content=\"https:\/\/kosmosacentrs.lv\/izglitibas-programma\/\" \/>\n<meta property=\"og:site_name\" content=\"Kosmosa izzi\u0146as centrs\" \/>\n<meta property=\"article:publisher\" content=\"https:\/\/www.facebook.com\/Kosmosaizzinascentrs\/\" \/>\n<meta property=\"article:modified_time\" content=\"2025-11-28T14:57:46+00:00\" \/>\n<meta property=\"og:image\" content=\"https:\/\/kosmosacentrs.lv\/wp-content\/uploads\/single_event_school_1.svg\" \/>\n<meta name=\"twitter:card\" content=\"summary_large_image\" \/>\n<meta name=\"twitter:label1\" content=\"Est. reading time\" \/>\n\t<meta name=\"twitter:data1\" content=\"2 minutes\" \/>\n<script type=\"application\/ld+json\" class=\"yoast-schema-graph\">{\"@context\":\"https:\/\/schema.org\",\"@graph\":[{\"@type\":\"WebPage\",\"@id\":\"https:\/\/kosmosacentrs.lv\/izglitibas-programma\/\",\"url\":\"https:\/\/kosmosacentrs.lv\/izglitibas-programma\/\",\"name\":\"Izgl\u012bt\u012bbas programmas - Kosmosa izzi\u0146as centrs\",\"isPartOf\":{\"@id\":\"https:\/\/kosmosacentrs.lv\/#website\"},\"datePublished\":\"2023-11-30T16:11:35+00:00\",\"dateModified\":\"2025-11-28T14:57:46+00:00\",\"breadcrumb\":{\"@id\":\"https:\/\/kosmosacentrs.lv\/izglitibas-programma\/#breadcrumb\"},\"inLanguage\":\"en-US\",\"potentialAction\":[{\"@type\":\"ReadAction\",\"target\":[\"https:\/\/kosmosacentrs.lv\/izglitibas-programma\/\"]}]},{\"@type\":\"BreadcrumbList\",\"@id\":\"https:\/\/kosmosacentrs.lv\/izglitibas-programma\/#breadcrumb\",\"itemListElement\":[{\"@type\":\"ListItem\",\"position\":1,\"name\":\"Home\",\"item\":\"https:\/\/kosmosacentrs.lv\/\"},{\"@type\":\"ListItem\",\"position\":2,\"name\":\"Izgl\u012bt\u012bbas programmas\"}]},{\"@type\":\"WebSite\",\"@id\":\"https:\/\/kosmosacentrs.lv\/#website\",\"url\":\"https:\/\/kosmosacentrs.lv\/\",\"name\":\"Kosmosa izzi\u0146as centrs\",\"description\":\"KIC.LV\",\"publisher\":{\"@id\":\"https:\/\/kosmosacentrs.lv\/#organization\"},\"potentialAction\":[{\"@type\":\"SearchAction\",\"target\":{\"@type\":\"EntryPoint\",\"urlTemplate\":\"https:\/\/kosmosacentrs.lv\/?s={search_term_string}\"},\"query-input\":\"required name=search_term_string\"}],\"inLanguage\":\"en-US\"},{\"@type\":\"Organization\",\"@id\":\"https:\/\/kosmosacentrs.lv\/#organization\",\"name\":\"Kosmosa izzi\u0146as centrs\",\"url\":\"https:\/\/kosmosacentrs.lv\/\",\"logo\":{\"@type\":\"ImageObject\",\"inLanguage\":\"en-US\",\"@id\":\"https:\/\/kosmosacentrs.lv\/#\/schema\/logo\/image\/\",\"url\":\"https:\/\/kosmosacentrs.lv\/wp-content\/uploads\/logo.svg\",\"contentUrl\":\"https:\/\/kosmosacentrs.lv\/wp-content\/uploads\/logo.svg\",\"width\":997,\"height\":712,\"caption\":\"Kosmosa izzi\u0146as centrs\"},\"image\":{\"@id\":\"https:\/\/kosmosacentrs.lv\/#\/schema\/logo\/image\/\"},\"sameAs\":[\"https:\/\/www.facebook.com\/Kosmosaizzinascentrs\/\"]}]}<\/script>\n<!-- \/ Yoast SEO plugin. -->","yoast_head_json":{"title":"Izgl\u012bt\u012bbas programmas - Kosmosa izzi\u0146as centrs","robots":{"index":"index","follow":"follow","max-snippet":"max-snippet:-1","max-image-preview":"max-image-preview:large","max-video-preview":"max-video-preview:-1"},"canonical":"https:\/\/kosmosacentrs.lv\/izglitibas-programma\/","og_locale":"en_US","og_type":"article","og_title":"Izgl\u012bt\u012bbas programmas - Kosmosa izzi\u0146as centrs","og_description":"Izgl\u012bt\u012bbas programmas Kosmosa izzi\u0146as centra intere\u0161u izgl\u012bt\u012bbas programma satur vair\u0101kus sec\u012bgus un saist\u012btus m\u0101c\u012bbu elementus. Izgl\u012bt\u012bbas saturs tiek balst\u012bts projekta \u201cSkola 2030\u201d izstr\u0101d\u0101taj\u0101 izgl\u012bt\u012bbas standart\u0101 un sasaucas ar taj\u0101 defin\u0113tajiem sasniedzamajiem rezult\u0101tiem un caurviju prasm\u0113m. Izgl\u012bt\u012bbas programma iek\u013cauj vad\u012btu ekskursiju, STEM darbn\u012bcu sasaist\u0113 ar kosmosa industriju un kosmosa misiju. Vad\u012btas m\u0101c\u012bbu ekskursijas laik\u0101 b\u016bs iesp\u0113ja [&hellip;]","og_url":"https:\/\/kosmosacentrs.lv\/izglitibas-programma\/","og_site_name":"Kosmosa izzi\u0146as centrs","article_publisher":"https:\/\/www.facebook.com\/Kosmosaizzinascentrs\/","article_modified_time":"2025-11-28T14:57:46+00:00","og_image":[{"url":"https:\/\/kosmosacentrs.lv\/wp-content\/uploads\/single_event_school_1.svg"}],"twitter_card":"summary_large_image","twitter_misc":{"Est. reading time":"2 minutes"},"schema":{"@context":"https:\/\/schema.org","@graph":[{"@type":"WebPage","@id":"https:\/\/kosmosacentrs.lv\/izglitibas-programma\/","url":"https:\/\/kosmosacentrs.lv\/izglitibas-programma\/","name":"Izgl\u012bt\u012bbas programmas - Kosmosa izzi\u0146as centrs","isPartOf":{"@id":"https:\/\/kosmosacentrs.lv\/#website"},"datePublished":"2023-11-30T16:11:35+00:00","dateModified":"2025-11-28T14:57:46+00:00","breadcrumb":{"@id":"https:\/\/kosmosacentrs.lv\/izglitibas-programma\/#breadcrumb"},"inLanguage":"en-US","potentialAction":[{"@type":"ReadAction","target":["https:\/\/kosmosacentrs.lv\/izglitibas-programma\/"]}]},{"@type":"BreadcrumbList","@id":"https:\/\/kosmosacentrs.lv\/izglitibas-programma\/#breadcrumb","itemListElement":[{"@type":"ListItem","position":1,"name":"Home","item":"https:\/\/kosmosacentrs.lv\/"},{"@type":"ListItem","position":2,"name":"Izgl\u012bt\u012bbas programmas"}]},{"@type":"WebSite","@id":"https:\/\/kosmosacentrs.lv\/#website","url":"https:\/\/kosmosacentrs.lv\/","name":"Kosmosa izzi\u0146as centrs","description":"KIC.LV","publisher":{"@id":"https:\/\/kosmosacentrs.lv\/#organization"},"potentialAction":[{"@type":"SearchAction","target":{"@type":"EntryPoint","urlTemplate":"https:\/\/kosmosacentrs.lv\/?s={search_term_string}"},"query-input":"required name=search_term_string"}],"inLanguage":"en-US"},{"@type":"Organization","@id":"https:\/\/kosmosacentrs.lv\/#organization","name":"Kosmosa izzi\u0146as centrs","url":"https:\/\/kosmosacentrs.lv\/","logo":{"@type":"ImageObject","inLanguage":"en-US","@id":"https:\/\/kosmosacentrs.lv\/#\/schema\/logo\/image\/","url":"https:\/\/kosmosacentrs.lv\/wp-content\/uploads\/logo.svg","contentUrl":"https:\/\/kosmosacentrs.lv\/wp-content\/uploads\/logo.svg","width":997,"height":712,"caption":"Kosmosa izzi\u0146as centrs"},"image":{"@id":"https:\/\/kosmosacentrs.lv\/#\/schema\/logo\/image\/"},"sameAs":["https:\/\/www.facebook.com\/Kosmosaizzinascentrs\/"]}]}},"_links":{"self":[{"href":"https:\/\/kosmosacentrs.lv\/en\/wp-json\/wp\/v2\/pages\/4200","targetHints":{"allow":["GET"]}}],"collection":[{"href":"https:\/\/kosmosacentrs.lv\/en\/wp-json\/wp\/v2\/pages"}],"about":[{"href":"https:\/\/kosmosacentrs.lv\/en\/wp-json\/wp\/v2\/types\/page"}],"author":[{"embeddable":true,"href":"https:\/\/kosmosacentrs.lv\/en\/wp-json\/wp\/v2\/users\/7"}],"replies":[{"embeddable":true,"href":"https:\/\/kosmosacentrs.lv\/en\/wp-json\/wp\/v2\/comments?post=4200"}],"version-history":[{"count":152,"href":"https:\/\/kosmosacentrs.lv\/en\/wp-json\/wp\/v2\/pages\/4200\/revisions"}],"predecessor-version":[{"id":14153,"href":"https:\/\/kosmosacentrs.lv\/en\/wp-json\/wp\/v2\/pages\/4200\/revisions\/14153"}],"wp:attachment":[{"href":"https:\/\/kosmosacentrs.lv\/en\/wp-json\/wp\/v2\/media?parent=4200"}],"curies":[{"name":"wp","href":"https:\/\/api.w.org\/{rel}","templated":true}]}}