{"id":4334,"date":"2023-12-06T22:17:09","date_gmt":"2023-12-06T19:17:09","guid":{"rendered":"https:\/\/kosmosacentrs.lv\/?page_id=4334"},"modified":"2024-03-11T17:08:26","modified_gmt":"2024-03-11T14:08:26","slug":"transporta-kompensacijas","status":"publish","type":"page","link":"https:\/\/kosmosacentrs.lv\/en\/transporta-kompensacijas\/","title":{"rendered":"Transporta kompens\u0101cijas"},"content":{"rendered":"\t\t<div data-elementor-type=\"wp-page\" data-elementor-id=\"4334\" class=\"elementor elementor-4334\">\n\t\t\t\t<div class=\"elementor-element elementor-element-ac60a69 e-flex e-con-boxed e-con e-parent\" data-id=\"ac60a69\" data-element_type=\"container\" data-e-type=\"container\" data-settings=\"{&quot;background_background&quot;:&quot;classic&quot;}\">\n\t\t\t\t\t<div class=\"e-con-inner\">\n\t\t\t\t<div class=\"elementor-element elementor-element-561d871 elementor-widget__width-initial elementor-invisible elementor-widget elementor-widget-image\" data-id=\"561d871\" data-element_type=\"widget\" data-e-type=\"widget\" data-settings=\"{&quot;_animation&quot;:&quot;rollIn&quot;}\" data-widget_type=\"image.default\">\n\t\t\t\t<div class=\"elementor-widget-container\">\n\t\t\t\t\t\t\t\t\t\t\t\t\t\t\t<img fetchpriority=\"high\" decoding=\"async\" width=\"640\" height=\"604\" src=\"https:\/\/kosmosacentrs.lv\/wp-content\/uploads\/single_event_school_1.svg\" class=\"attachment-large size-large wp-image-1094\" alt=\"\" \/>\t\t\t\t\t\t\t\t\t\t\t\t\t\t\t<\/div>\n\t\t\t\t<\/div>\n\t\t<div class=\"elementor-element elementor-element-1252ff5 e-con-full e-flex e-con e-parent\" data-id=\"1252ff5\" data-element_type=\"container\" data-e-type=\"container\">\n\t\t\t\t<div class=\"elementor-element elementor-element-aeb14bd elementor-widget__width-initial elementor-invisible elementor-widget elementor-widget-text-editor\" data-id=\"aeb14bd\" data-element_type=\"widget\" data-e-type=\"widget\" data-settings=\"{&quot;_animation&quot;:&quot;fadeInRight&quot;}\" data-widget_type=\"text-editor.default\">\n\t\t\t\t<div class=\"elementor-widget-container\">\n\t\t\t\t\t\t\t\t\t<h2>Transporta kompens\u0101cijas<\/h2><p>C\u0113su novada pa\u0161vald\u012bba \u012bsteno Eiropas Ekonomikas zonas finan\u0161u instrumenta un Norv\u0113\u0123ijas finan\u0161u instrumenta 2014. \u2013 2021. gada perioda programmas \u201cP\u0113tniec\u012bba un izgl\u012bt\u012bba\u201d aktivit\u0101tes \u201cInov\u0101cijas centri\u201d projektu Nr. NFI\/IC\/VIAA\/2020\/3 \u201cInov\u0101cijas centra izveido\u0161ana C\u0113s\u012bs\u201d, l\u012bguma Nr.9-20.2.2.1\/3.<\/p><p>\u00a0<\/p><p>Izgl\u012btojamiem un pedagogiem tiek nodro\u0161in\u0101ta iesp\u0113ja apmekl\u0113t m\u0101c\u012bbu programmas un ar\u012b citus pied\u0101v\u0101tos pakalpojumus atbilsto\u0161i Kosmosa izzi\u0146as centra m\u0101jas lap\u0101 public\u0113tajam cenr\u0101dim, un pieteikties transporta kompens\u0101cijai.<\/p><p>\u00a0<\/p><p>Transporta kompens\u0101ciju m\u0113r\u0137is ir atmaks\u0101t ce\u013ca izdevumus, nodro\u0161inot vienl\u012bdz\u012bgu pieeju visiem Latvijas izgl\u012btojo\u0161o iest\u0101\u017eu izgl\u012btojamiem un to pedagogiem, lai nodro\u0161in\u0101tu piek\u013cuvi inov\u0101cijas centra izgl\u012btojo\u0161aj\u0101m interakt\u012bvaj\u0101m aktivit\u0101t\u0113m, demonstr\u0101cij\u0101m, izst\u0101d\u0113m un citiem izgl\u012btojo\u0161iem pas\u0101kumiem.<\/p>\t\t\t\t\t\t\t\t<\/div>\n\t\t\t\t<\/div>\n\t\t\t\t<\/div>\n\t\t\t\t\t<\/div>\n\t\t\t\t<\/div>\n\t\t<div class=\"elementor-element elementor-element-dfd66a0 e-flex e-con-boxed e-con e-parent\" data-id=\"dfd66a0\" data-element_type=\"container\" data-e-type=\"container\">\n\t\t\t\t\t<div class=\"e-con-inner\">\n\t\t\t\t<div class=\"elementor-element elementor-element-5203894 elementor-widget elementor-widget-text-editor\" data-id=\"5203894\" data-element_type=\"widget\" data-e-type=\"widget\" data-widget_type=\"text-editor.default\">\n\t\t\t\t<div class=\"elementor-widget-container\">\n\t\t\t\t\t\t\t\t\t<p><b>Transporta izdevumu atmaksai iesp\u0113jams pieteikties, ja viz\u012bte Kosmosa izzi\u0146as centr\u0101 paredz\u0113ta l\u012bdz 2024. gada 31. martam.<\/b><\/p><p><span style=\"font-size: 12pt;\"><strong>Lai sa\u0146emtu transporta kompens\u0101ciju aicin\u0101m iepaz\u012bties ar transporta izdevumu kompens\u0113\u0161anas nolikumu:<\/strong><\/span><\/p>\t\t\t\t\t\t\t\t<\/div>\n\t\t\t\t<\/div>\n\t\t\t\t<div class=\"elementor-element elementor-element-bdd89b8 elementor-align-center elementor-widget elementor-widget-button\" data-id=\"bdd89b8\" data-element_type=\"widget\" data-e-type=\"widget\" data-widget_type=\"button.default\">\n\t\t\t\t<div class=\"elementor-widget-container\">\n\t\t\t\t\t\t\t\t\t<div class=\"elementor-button-wrapper\">\n\t\t\t\t\t<a class=\"elementor-button elementor-button-link elementor-size-md\" href=\"https:\/\/drive.google.com\/file\/d\/1PXqF9P914n2XdTHZ2tEcNkKgrHjwBQQh\/view?usp=drive_link\" target=\"_blank\">\n\t\t\t\t\t\t<span class=\"elementor-button-content-wrapper\">\n\t\t\t\t\t\t\t\t\t<span class=\"elementor-button-text\">Nolikums<\/span>\n\t\t\t\t\t<\/span>\n\t\t\t\t\t<\/a>\n\t\t\t\t<\/div>\n\t\t\t\t\t\t\t\t<\/div>\n\t\t\t\t<\/div>\n\t\t\t\t<div class=\"elementor-element elementor-element-4881ddf elementor-widget elementor-widget-text-editor\" data-id=\"4881ddf\" data-element_type=\"widget\" data-e-type=\"widget\" data-widget_type=\"text-editor.default\">\n\t\t\t\t<div class=\"elementor-widget-container\">\n\t\t\t\t\t\t\t\t\t<p>Pirms pieteik\u0161an\u0101s transporta kompens\u0101cijai pieteikuma iesniedz\u0113js izv\u0113las Kosmosa izzi\u0146as centra apmekl\u0113juma datumu un ieg\u0101d\u0101jas pakalpojumu. <strong>Pieteikums autom\u0101tiski tiks noraid\u012bts, ja nav v\u0113l ieg\u0101d\u0101ts pakalpojums.<\/strong><\/p><p>\u0160\u012b ir transporta izdevumu atmaksa, kas noz\u012bm\u0113, ka neatkar\u012bgi no izv\u0113l\u0113t\u0101 transporta veida, <strong>izdevumi s\u0101kotn\u0113ji j\u0101sedz pa\u0161iem.<\/strong> <strong>Izdevumu atmaksa var piepras\u012bt tikai skola, pa\u0161vald\u012bba vai pavado\u0161ais pedagogs.<\/strong><\/p><ul><li>Vad\u012bta ekskursija &#8211;<strong> <span style=\"color: #31bc17;\"><a style=\"color: #31bc17;\" href=\"https:\/\/kosmosacentrs.lv\/klase-ekskursija\/\">https:\/\/kosmosacentrs.lv\/klase-ekskursija\/<\/a><\/span><\/strong><\/li><\/ul>\t\t\t\t\t\t\t\t<\/div>\n\t\t\t\t<\/div>\n\t\t\t\t<div class=\"elementor-element elementor-element-fcaa36e elementor-widget elementor-widget-kic_custom_form\" data-id=\"fcaa36e\" data-element_type=\"widget\" data-e-type=\"widget\" data-widget_type=\"kic_custom_form.default\">\n\t\t\t\t<div class=\"elementor-widget-container\">\n\t\t\t\t\t\n\t\t\t\t<div class=\"kic__custom-form form-theme-skolam\">\n\t\t\t\t\t<h3 class=\"kic__customForm-title\">Pieteikums transporta kompens\u0101cij\u0101m<\/h3>\n\t\t\t\t\t<form class=\"kic__customForm-content\">\n\t\t\t\t\t\t\n\t\t\t\t\t\t\n                <div class=\"kic__customForm-row kic__row-full\">\n                    <label for=\"kic__input-1\">Izgl\u012bt\u012bbas iest\u0101de<\/label>\n                    <input type=\"text\" class=\"kic__customForm-input kic__customForm-required\" name=\"kic__input-1\">\n                <\/div>\n            \n                <div class=\"kic__customForm-row kic__row-half\">\n                    <label for=\"kic__input-2\">Pieteic\u0113ja V\u0101rds<\/label>\n                    <input type=\"text\" class=\"kic__customForm-input kic__customForm-required\" name=\"kic__input-2\">\n                <\/div>\n            \n                <div class=\"kic__customForm-row kic__row-half\">\n                    <label for=\"kic__input-3\">Pieteic\u0113ja Uzv\u0101rds<\/label>\n                    <input type=\"text\" class=\"kic__customForm-input kic__customForm-required\" name=\"kic__input-3\">\n                <\/div>\n            \n                <div class=\"kic__customForm-row kic__row-half\">\n                    <label for=\"kic__input-4\">Klases vecuma posms (izv\u0113l\u0113ties)<\/label>\n                    <select name=\"kic__input-4\" class=\"kic__customForm-input kic__customForm-required\"><option value=\"1. klase \">1. klase <\/option><option value=\" 2. klase \"> 2. klase <\/option><option value=\" 3.klase \"> 3.klase <\/option><option value=\" 4. klase \"> 4. klase <\/option><option value=\" 5. klase \"> 5. klase <\/option><option value=\" 6. klase \"> 6. klase <\/option><option value=\" 7. klase \"> 7. klase <\/option><option value=\" 8. klase \"> 8. klase <\/option><option value=\" 9. klase \"> 9. klase <\/option><option value=\" 10. klase \"> 10. klase <\/option><option value=\" 11. klase \"> 11. klase <\/option><option value=\" 12. klase \"> 12. klase <\/option><option value=\" Pirmsskola \"> Pirmsskola <\/option><\/select>\n                <\/div>\n            \n                <div class=\"kic__customForm-row kic__row-half\">\n                    <label for=\"kic__input-5\">Skol\u0113nu skaits<\/label>\n                    <input type=\"text\" class=\"kic__customForm-input kic__customForm-required\" name=\"kic__input-5\">\n                <\/div>\n            \n                <div class=\"kic__customForm-row kic__row-full\">\n                    <label for=\"kic__input-6\">Apmekl\u0113juma veids (izv\u0113lies)<\/label>\n                    <select name=\"kic__input-6\" class=\"kic__customForm-input kic__customForm-required\"><option value=\"Vad\u012bta ekskursija \">Vad\u012bta ekskursija <\/option><option value=\" Izgl\u012bt\u012bbas programma \"> Izgl\u012bt\u012bbas programma <\/option><option value=\" Darbn\u012bca \"> Darbn\u012bca <\/option><option value=\" Darbn\u012bca pirmsskolai\"> Darbn\u012bca pirmsskolai<\/option><\/select>\n                <\/div>\n            \n                <div class=\"kic__customForm-row kic__row-half\">\n                    <label for=\"kic__input-7\">E-pasts (sazi\u0146ai)<\/label>\n                    <input type=\"email\" class=\"kic__customForm-input kic__customForm-required\" name=\"kic__input-7\">\n                <\/div>\n            \n                <div class=\"kic__customForm-row kic__row-half\">\n                    <label for=\"kic__input-8\">Kontaktt\u0101lrunis<\/label>\n                    <input type=\"tel\" class=\"kic__customForm-input kic__customForm-required\" name=\"kic__input-8\">\n                <\/div>\n            \n                <div class=\"kic__customForm-row kic__row-half\">\n                    <label for=\"kic__input-9\">Nolikuma ietvaros izv\u0113l\u0113tais transporta veids (izv\u0113l\u0113ties)<\/label>\n                    <select name=\"kic__input-9\" class=\"kic__customForm-input kic__customForm-required\"><option value=\"Izgl\u012btojo\u0161\u0101s iest\u0101des, pa\u0161vald\u012bbas transports \">Izgl\u012btojo\u0161\u0101s iest\u0101des, pa\u0161vald\u012bbas transports <\/option><option value=\" Transporta noma vai pakalpojums \"> Transporta noma vai pakalpojums <\/option><option value=\" Sabiedriskais transports\"> Sabiedriskais transports<\/option><\/select>\n                <\/div>\n            \n                <div class=\"kic__customForm-row kic__row-half\">\n                    <label for=\"kic__input-10\">Re\u0123istr\u0113tais apmekl\u0113juma datums (dd\/mm\/yyyy)<\/label>\n                    <input type=\"text\" class=\"kic__customForm-input kic__customForm-required\" name=\"kic__input-10\">\n                <\/div>\n            \n\t\t\t\t\t\t<input type=\"hidden\" id=\"mt\" value=\"c2tvbGFzQGtvc21vc2FjZW50cnMubHY=\">\n\t\t\t\t\t\t<div class=\"reservedForm__row\">\n\t\t\t\t\t\t\t<label class=\"reservedForm__container\">Esmu izlas\u012bjis un apstiprinu <a href=\"\/privatuma-politika\/\" target=\"_blank\" class=\"reservedForm__link\">priv\u0101tuma politiku<\/a>\n\t\t\t\t\t\t\t\t<input class=\"reservedForm__gdpr\" type=\"checkbox\" checked=\"checked\">\n\t\t\t\t\t\t\t\t<span class=\"reservedForm__checkmark\"><\/span>\n\t\t\t\t\t\t\t<\/label>\n\t\t\t\t\t\t<\/div>\n\t\t\t\t\t\t<div class=\"kic__customForm-button\">\n\t\t\t\t\t\t\t<button type=\"submit\" class=\"btn btn-green\">\n\t\t\t\t\t\t\t\t<img decoding=\"async\" src=\"\/wp-content\/uploads\/btn-icon.png\" class=\"btn__img\" alt=\"\">\n\t\t\t\t\t\t\t\t<span class=\"btn__text\">RE\u0122ISTR\u0112TIES<\/span>\n\t\t\t\t\t\t\t<\/button>\n\t\t\t\t\t\t<\/div>\n\t\t\t\t\t\t<input type=\"hidden\" class=\"recaptcha_token\" value=\"\">\n\t\t\t\t\t\t<div class=\"reservedForm__loader\">\n\t\t\t\t\t\t\t<div class=\"reservedForm__loaderInner\">\n\t\t\t\t\t\t\t\t<span class=\"loader\"><\/span>\n\t\t\t\t\t\t\t<\/div>\n\t\t\t\t\t\t<\/div>\n\t\t\t\t\t<\/form>\n\t\t\t\t<\/div>\n\n\t\t\t\t<div class=\"kic_reservation_success\">\n\t\t\t\t\t<div class=\"kic_reservation_success_inner\">\n\t\t\t\t\t\t<div class=\"kic_reservation_success_close\">\n\t\t\t\t\t\t\t<svg width=\"512px\" height=\"512px\" viewBox=\"0 0 512 512\" xmlns=\"http:\/\/www.w3.org\/2000\/svg\"><path d=\"M289.94,256l95-95A24,24,0,0,0,351,127l-95,95-95-95A24,24,0,0,0,127,161l95,95-95,95A24,24,0,1,0,161,385l95-95,95,95A24,24,0,0,0,385,351Z\"\/><\/svg>\n\t\t\t\t\t\t<\/div>\n\t\t\t\t\t\t<img decoding=\"async\" src=\"\/wp-content\/uploads\/check-mark-svgrepo-com.svg\" alt=\"Check\">\n\t\t\t\t\t\t<div class=\"kic_reservation_success_title\">\n\t\t\t\t\t\t\tPaldies, J\u016bsu pieteikums ir re\u0123istr\u0113ts! 5 dienu laik\u0101 ar Jums sazin\u0101sies uz nor\u0101d\u012bto e-pastu. Jaut\u0101jumu gad\u012bjum\u0101 rakstiet uz skolas@kosmosacentrs.lv.\n\t\t\t\t\t\t<\/div>\n\t\t\t\t\t\t<div class=\"kic_reservation_success_subtitle\">\n\t\t\t\t\t\t\tAr Jums sazin\u0101sies 5 darba dienu laik\u0101.\n\t\t\t\t\t\t<\/div>\n\t\t\t\t\t<\/div>\n\t\t\t\t<\/div>\n\t\t\t\t\t\t\t<\/div>\n\t\t\t\t<\/div>\n\t\t\t\t\t<\/div>\n\t\t\t\t<\/div>\n\t\t<div class=\"elementor-element elementor-element-f182b17 e-flex e-con-boxed e-con e-parent\" data-id=\"f182b17\" data-element_type=\"container\" data-e-type=\"container\">\n\t\t\t\t\t<div class=\"e-con-inner\">\n\t\t\t\t<div class=\"elementor-element elementor-element-b6b83cb elementor-widget elementor-widget-text-editor\" data-id=\"b6b83cb\" data-element_type=\"widget\" data-e-type=\"widget\" data-widget_type=\"text-editor.default\">\n\t\t\t\t<div class=\"elementor-widget-container\">\n\t\t\t\t\t\t\t\t\t<p>Inform\u0113jam, ka pas\u0101kumu laik\u0101 iesp\u0113jama fotograf\u0113\u0161ana, film\u0113\u0161ana. Lai iepaz\u012btos ar inform\u0101ciju par personas datu apstr\u0101di, aicin\u0101m apmekl\u0113t t\u012bmek\u013cvietni:<span style=\"color: #31bc17;\"> <a style=\"color: #31bc17;\" href=\"https:\/\/www.cesis.lv\/lv\/pasvaldiba\/par-pasvaldibu\/privatuma-politika\/\">https:\/\/www.cesis.lv\/privatuma-politika\/<\/a><\/span><\/p>\t\t\t\t\t\t\t\t<\/div>\n\t\t\t\t<\/div>\n\t\t\t\t\t<\/div>\n\t\t\t\t<\/div>\n\t\t<div class=\"elementor-element elementor-element-7452707 e-flex e-con-boxed e-con e-parent\" data-id=\"7452707\" data-element_type=\"container\" data-e-type=\"container\">\n\t\t\t\t\t<div class=\"e-con-inner\">\n\t\t\t\t<div class=\"elementor-element elementor-element-ea7312b elementor-widget elementor-widget-text-editor\" data-id=\"ea7312b\" data-element_type=\"widget\" data-e-type=\"widget\" data-widget_type=\"text-editor.default\">\n\t\t\t\t<div class=\"elementor-widget-container\">\n\t\t\t\t\t\t\t\t\t<p>Pakalpojuma ieg\u0101de tiek veikta un finans\u0113ta Eiropas Ekonomikas zonas finan\u0161u instrumenta un Norv\u0113\u0123ijas finan\u0161u instrumenta 2014. &#8211; 2021.gada perioda programmas &#8220;P\u0113tniec\u012bba un izgl\u012bt\u012bba&#8221; aktivit\u0101tes &#8220;Inov\u0101cijas centri&#8221;projekta &#8220;Inov\u0101cijas centra izveido\u0161ana C\u0113s\u012bs&#8221;, identifik\u0101cijas numurs: NFI\/I\/VIAA\/2020\/3.<\/p><p>\u00a0<\/p><p>Pla\u0161\u0101ka inform\u0101cija par EEZ un Norv\u0113\u0123ijas finan\u0161u instrumentiem pieejama t\u012bmek\u013cvietn\u0113s:<span style=\"color: #31bc17;\">\u00a0<\/span><a href=\"https:\/\/www.norwaygrants.lv\/\"><span style=\"color: #31bc17;\">www.norwaygrants.lv<\/span><\/a>\u00a0un\u00a0<a href=\"https:\/\/www.eeagrants.lv\/\"><span style=\"color: #31bc17;\">www.eeagrants.lv<\/span><\/a>.<\/p><p>#EEANorwayGrants #EEANorwayGrantsLatvia<\/p><p>\u00a0<\/p><p><img decoding=\"async\" class=\"alignnone wp-image-3945\" src=\"https:\/\/kosmosacentrs.lv\/wp-content\/uploads\/Norway_grants_White@4x-913x1024-1-267x300.png\" alt=\"\" width=\"61\" height=\"68\" srcset=\"https:\/\/kosmosacentrs.lv\/wp-content\/uploads\/Norway_grants_White@4x-913x1024-1-267x300.png 267w, https:\/\/kosmosacentrs.lv\/wp-content\/uploads\/Norway_grants_White@4x-913x1024-1-768x861.png 768w, https:\/\/kosmosacentrs.lv\/wp-content\/uploads\/Norway_grants_White@4x-913x1024-1.png 913w\" sizes=\"(max-width: 61px) 100vw, 61px\" \/><\/p>\t\t\t\t\t\t\t\t<\/div>\n\t\t\t\t<\/div>\n\t\t\t\t\t<\/div>\n\t\t\t\t<\/div>\n\t\t\t\t<\/div>\n\t\t","protected":false},"excerpt":{"rendered":"<p>Transporta kompens\u0101cijas C\u0113su novada pa\u0161vald\u012bba \u012bsteno Eiropas Ekonomikas zonas finan\u0161u instrumenta un Norv\u0113\u0123ijas finan\u0161u instrumenta 2014. \u2013 2021. gada perioda programmas \u201cP\u0113tniec\u012bba un izgl\u012bt\u012bba\u201d aktivit\u0101tes \u201cInov\u0101cijas centri\u201d projektu Nr. NFI\/IC\/VIAA\/2020\/3 \u201cInov\u0101cijas centra izveido\u0161ana C\u0113s\u012bs\u201d, l\u012bguma Nr.9-20.2.2.1\/3. \u00a0 Izgl\u012btojamiem un pedagogiem tiek nodro\u0161in\u0101ta iesp\u0113ja apmekl\u0113t m\u0101c\u012bbu programmas un ar\u012b citus pied\u0101v\u0101tos pakalpojumus atbilsto\u0161i Kosmosa izzi\u0146as centra [&hellip;]<\/p>\n","protected":false},"author":7,"featured_media":0,"parent":0,"menu_order":0,"comment_status":"closed","ping_status":"closed","template":"","meta":{"inline_featured_image":false,"footnotes":""},"class_list":["post-4334","page","type-page","status-publish","hentry"],"yoast_head":"<!-- This site is optimized with the Yoast SEO plugin v20.4 - https:\/\/yoast.com\/wordpress\/plugins\/seo\/ -->\n<title>Transporta kompens\u0101cijas - Kosmosa izzi\u0146as centrs<\/title>\n<meta name=\"robots\" content=\"index, follow, max-snippet:-1, max-image-preview:large, max-video-preview:-1\" \/>\n<link rel=\"canonical\" href=\"https:\/\/kosmosacentrs.lv\/transporta-kompensacijas\/\" \/>\n<meta property=\"og:locale\" content=\"en_US\" \/>\n<meta property=\"og:type\" content=\"article\" \/>\n<meta property=\"og:title\" content=\"Transporta kompens\u0101cijas - Kosmosa izzi\u0146as centrs\" \/>\n<meta property=\"og:description\" content=\"Transporta kompens\u0101cijas C\u0113su novada pa\u0161vald\u012bba \u012bsteno Eiropas Ekonomikas zonas finan\u0161u instrumenta un Norv\u0113\u0123ijas finan\u0161u instrumenta 2014. \u2013 2021. gada perioda programmas \u201cP\u0113tniec\u012bba un izgl\u012bt\u012bba\u201d aktivit\u0101tes \u201cInov\u0101cijas centri\u201d projektu Nr. NFI\/IC\/VIAA\/2020\/3 \u201cInov\u0101cijas centra izveido\u0161ana C\u0113s\u012bs\u201d, l\u012bguma Nr.9-20.2.2.1\/3. \u00a0 Izgl\u012btojamiem un pedagogiem tiek nodro\u0161in\u0101ta iesp\u0113ja apmekl\u0113t m\u0101c\u012bbu programmas un ar\u012b citus pied\u0101v\u0101tos pakalpojumus atbilsto\u0161i Kosmosa izzi\u0146as centra [&hellip;]\" \/>\n<meta property=\"og:url\" content=\"https:\/\/kosmosacentrs.lv\/transporta-kompensacijas\/\" \/>\n<meta property=\"og:site_name\" content=\"Kosmosa izzi\u0146as centrs\" \/>\n<meta property=\"article:publisher\" content=\"https:\/\/www.facebook.com\/Kosmosaizzinascentrs\/\" \/>\n<meta property=\"article:modified_time\" content=\"2024-03-11T14:08:26+00:00\" \/>\n<meta property=\"og:image\" content=\"https:\/\/kosmosacentrs.lv\/wp-content\/uploads\/single_event_school_1.svg\" \/>\n<meta name=\"twitter:card\" content=\"summary_large_image\" \/>\n<meta name=\"twitter:label1\" content=\"Est. reading time\" \/>\n\t<meta name=\"twitter:data1\" content=\"3 minutes\" \/>\n<script type=\"application\/ld+json\" class=\"yoast-schema-graph\">{\"@context\":\"https:\/\/schema.org\",\"@graph\":[{\"@type\":\"WebPage\",\"@id\":\"https:\/\/kosmosacentrs.lv\/transporta-kompensacijas\/\",\"url\":\"https:\/\/kosmosacentrs.lv\/transporta-kompensacijas\/\",\"name\":\"Transporta kompens\u0101cijas - Kosmosa izzi\u0146as centrs\",\"isPartOf\":{\"@id\":\"https:\/\/kosmosacentrs.lv\/#website\"},\"datePublished\":\"2023-12-06T19:17:09+00:00\",\"dateModified\":\"2024-03-11T14:08:26+00:00\",\"breadcrumb\":{\"@id\":\"https:\/\/kosmosacentrs.lv\/transporta-kompensacijas\/#breadcrumb\"},\"inLanguage\":\"en-US\",\"potentialAction\":[{\"@type\":\"ReadAction\",\"target\":[\"https:\/\/kosmosacentrs.lv\/transporta-kompensacijas\/\"]}]},{\"@type\":\"BreadcrumbList\",\"@id\":\"https:\/\/kosmosacentrs.lv\/transporta-kompensacijas\/#breadcrumb\",\"itemListElement\":[{\"@type\":\"ListItem\",\"position\":1,\"name\":\"Home\",\"item\":\"https:\/\/kosmosacentrs.lv\/\"},{\"@type\":\"ListItem\",\"position\":2,\"name\":\"Transporta kompens\u0101cijas\"}]},{\"@type\":\"WebSite\",\"@id\":\"https:\/\/kosmosacentrs.lv\/#website\",\"url\":\"https:\/\/kosmosacentrs.lv\/\",\"name\":\"Kosmosa izzi\u0146as centrs\",\"description\":\"KIC.LV\",\"publisher\":{\"@id\":\"https:\/\/kosmosacentrs.lv\/#organization\"},\"potentialAction\":[{\"@type\":\"SearchAction\",\"target\":{\"@type\":\"EntryPoint\",\"urlTemplate\":\"https:\/\/kosmosacentrs.lv\/?s={search_term_string}\"},\"query-input\":\"required name=search_term_string\"}],\"inLanguage\":\"en-US\"},{\"@type\":\"Organization\",\"@id\":\"https:\/\/kosmosacentrs.lv\/#organization\",\"name\":\"Kosmosa izzi\u0146as centrs\",\"url\":\"https:\/\/kosmosacentrs.lv\/\",\"logo\":{\"@type\":\"ImageObject\",\"inLanguage\":\"en-US\",\"@id\":\"https:\/\/kosmosacentrs.lv\/#\/schema\/logo\/image\/\",\"url\":\"https:\/\/kosmosacentrs.lv\/wp-content\/uploads\/logo.svg\",\"contentUrl\":\"https:\/\/kosmosacentrs.lv\/wp-content\/uploads\/logo.svg\",\"width\":997,\"height\":712,\"caption\":\"Kosmosa izzi\u0146as centrs\"},\"image\":{\"@id\":\"https:\/\/kosmosacentrs.lv\/#\/schema\/logo\/image\/\"},\"sameAs\":[\"https:\/\/www.facebook.com\/Kosmosaizzinascentrs\/\"]}]}<\/script>\n<!-- \/ Yoast SEO plugin. -->","yoast_head_json":{"title":"Transporta kompens\u0101cijas - Kosmosa izzi\u0146as centrs","robots":{"index":"index","follow":"follow","max-snippet":"max-snippet:-1","max-image-preview":"max-image-preview:large","max-video-preview":"max-video-preview:-1"},"canonical":"https:\/\/kosmosacentrs.lv\/transporta-kompensacijas\/","og_locale":"en_US","og_type":"article","og_title":"Transporta kompens\u0101cijas - Kosmosa izzi\u0146as centrs","og_description":"Transporta kompens\u0101cijas C\u0113su novada pa\u0161vald\u012bba \u012bsteno Eiropas Ekonomikas zonas finan\u0161u instrumenta un Norv\u0113\u0123ijas finan\u0161u instrumenta 2014. \u2013 2021. gada perioda programmas \u201cP\u0113tniec\u012bba un izgl\u012bt\u012bba\u201d aktivit\u0101tes \u201cInov\u0101cijas centri\u201d projektu Nr. NFI\/IC\/VIAA\/2020\/3 \u201cInov\u0101cijas centra izveido\u0161ana C\u0113s\u012bs\u201d, l\u012bguma Nr.9-20.2.2.1\/3. \u00a0 Izgl\u012btojamiem un pedagogiem tiek nodro\u0161in\u0101ta iesp\u0113ja apmekl\u0113t m\u0101c\u012bbu programmas un ar\u012b citus pied\u0101v\u0101tos pakalpojumus atbilsto\u0161i Kosmosa izzi\u0146as centra [&hellip;]","og_url":"https:\/\/kosmosacentrs.lv\/transporta-kompensacijas\/","og_site_name":"Kosmosa izzi\u0146as centrs","article_publisher":"https:\/\/www.facebook.com\/Kosmosaizzinascentrs\/","article_modified_time":"2024-03-11T14:08:26+00:00","og_image":[{"url":"https:\/\/kosmosacentrs.lv\/wp-content\/uploads\/single_event_school_1.svg"}],"twitter_card":"summary_large_image","twitter_misc":{"Est. reading time":"3 minutes"},"schema":{"@context":"https:\/\/schema.org","@graph":[{"@type":"WebPage","@id":"https:\/\/kosmosacentrs.lv\/transporta-kompensacijas\/","url":"https:\/\/kosmosacentrs.lv\/transporta-kompensacijas\/","name":"Transporta kompens\u0101cijas - Kosmosa izzi\u0146as centrs","isPartOf":{"@id":"https:\/\/kosmosacentrs.lv\/#website"},"datePublished":"2023-12-06T19:17:09+00:00","dateModified":"2024-03-11T14:08:26+00:00","breadcrumb":{"@id":"https:\/\/kosmosacentrs.lv\/transporta-kompensacijas\/#breadcrumb"},"inLanguage":"en-US","potentialAction":[{"@type":"ReadAction","target":["https:\/\/kosmosacentrs.lv\/transporta-kompensacijas\/"]}]},{"@type":"BreadcrumbList","@id":"https:\/\/kosmosacentrs.lv\/transporta-kompensacijas\/#breadcrumb","itemListElement":[{"@type":"ListItem","position":1,"name":"Home","item":"https:\/\/kosmosacentrs.lv\/"},{"@type":"ListItem","position":2,"name":"Transporta kompens\u0101cijas"}]},{"@type":"WebSite","@id":"https:\/\/kosmosacentrs.lv\/#website","url":"https:\/\/kosmosacentrs.lv\/","name":"Kosmosa izzi\u0146as centrs","description":"KIC.LV","publisher":{"@id":"https:\/\/kosmosacentrs.lv\/#organization"},"potentialAction":[{"@type":"SearchAction","target":{"@type":"EntryPoint","urlTemplate":"https:\/\/kosmosacentrs.lv\/?s={search_term_string}"},"query-input":"required name=search_term_string"}],"inLanguage":"en-US"},{"@type":"Organization","@id":"https:\/\/kosmosacentrs.lv\/#organization","name":"Kosmosa izzi\u0146as centrs","url":"https:\/\/kosmosacentrs.lv\/","logo":{"@type":"ImageObject","inLanguage":"en-US","@id":"https:\/\/kosmosacentrs.lv\/#\/schema\/logo\/image\/","url":"https:\/\/kosmosacentrs.lv\/wp-content\/uploads\/logo.svg","contentUrl":"https:\/\/kosmosacentrs.lv\/wp-content\/uploads\/logo.svg","width":997,"height":712,"caption":"Kosmosa izzi\u0146as centrs"},"image":{"@id":"https:\/\/kosmosacentrs.lv\/#\/schema\/logo\/image\/"},"sameAs":["https:\/\/www.facebook.com\/Kosmosaizzinascentrs\/"]}]}},"_links":{"self":[{"href":"https:\/\/kosmosacentrs.lv\/en\/wp-json\/wp\/v2\/pages\/4334","targetHints":{"allow":["GET"]}}],"collection":[{"href":"https:\/\/kosmosacentrs.lv\/en\/wp-json\/wp\/v2\/pages"}],"about":[{"href":"https:\/\/kosmosacentrs.lv\/en\/wp-json\/wp\/v2\/types\/page"}],"author":[{"embeddable":true,"href":"https:\/\/kosmosacentrs.lv\/en\/wp-json\/wp\/v2\/users\/7"}],"replies":[{"embeddable":true,"href":"https:\/\/kosmosacentrs.lv\/en\/wp-json\/wp\/v2\/comments?post=4334"}],"version-history":[{"count":43,"href":"https:\/\/kosmosacentrs.lv\/en\/wp-json\/wp\/v2\/pages\/4334\/revisions"}],"predecessor-version":[{"id":4869,"href":"https:\/\/kosmosacentrs.lv\/en\/wp-json\/wp\/v2\/pages\/4334\/revisions\/4869"}],"wp:attachment":[{"href":"https:\/\/kosmosacentrs.lv\/en\/wp-json\/wp\/v2\/media?parent=4334"}],"curies":[{"name":"wp","href":"https:\/\/api.w.org\/{rel}","templated":true}]}}