{"id":5759,"date":"2024-05-05T20:32:29","date_gmt":"2024-05-05T17:32:29","guid":{"rendered":"https:\/\/kosmosacentrs.lv\/?page_id=5759"},"modified":"2024-05-05T20:52:50","modified_gmt":"2024-05-05T17:52:50","slug":"ekspozicija-3-st-logika","status":"publish","type":"page","link":"https:\/\/kosmosacentrs.lv\/en\/ekspozicija-3-st-logika\/","title":{"rendered":"Ekspoz\u012bcija &#8211; 3. st\u0101vs Astronautu treni\u0146i &#8211; lo\u0123ika"},"content":{"rendered":"\t\t<div data-elementor-type=\"wp-page\" data-elementor-id=\"5759\" class=\"elementor elementor-5759\">\n\t\t\t\t<div class=\"elementor-element elementor-element-6d2a84d e-flex e-con-boxed e-con e-parent\" data-id=\"6d2a84d\" data-element_type=\"container\" data-e-type=\"container\">\n\t\t\t\t\t<div class=\"e-con-inner\">\n\t\t<div class=\"elementor-element elementor-element-6dd191b e-con-full e-flex e-con e-parent\" data-id=\"6dd191b\" data-element_type=\"container\" data-e-type=\"container\">\n\t\t\t\t<div class=\"elementor-element elementor-element-11b1dd6 elementor-widget elementor-widget-image\" data-id=\"11b1dd6\" data-element_type=\"widget\" data-e-type=\"widget\" data-widget_type=\"image.default\">\n\t\t\t\t<div class=\"elementor-widget-container\">\n\t\t\t\t\t\t\t\t\t\t\t\t\t\t\t<img fetchpriority=\"high\" decoding=\"async\" width=\"257\" height=\"299\" src=\"https:\/\/kosmosacentrs.lv\/wp-content\/uploads\/Logika-ikona.png\" class=\"attachment-full size-full wp-image-5761\" alt=\"\" \/>\t\t\t\t\t\t\t\t\t\t\t\t\t\t\t<\/div>\n\t\t\t\t<\/div>\n\t\t\t\t<\/div>\n\t\t<div class=\"elementor-element elementor-element-4d8af09 e-con-full e-flex e-con e-parent\" data-id=\"4d8af09\" data-element_type=\"container\" data-e-type=\"container\">\n\t\t\t\t<div class=\"elementor-element elementor-element-1a25f9b elementor-widget elementor-widget-text-editor\" data-id=\"1a25f9b\" data-element_type=\"widget\" data-e-type=\"widget\" data-widget_type=\"text-editor.default\">\n\t\t\t\t<div class=\"elementor-widget-container\">\n\t\t\t\t\t\t\t\t\t<p><span style=\"font-family: georgia, palatino, serif; color: #f6a310;\"><strong><span style=\"font-size: 36pt;\">Lo\u0123ika<\/span><\/strong><\/span><\/p><table style=\"border-collapse: collapse; width: 100%; height: 139px;\"><tbody><tr style=\"height: 36px;\"><td style=\"width: 8.49056%; height: 36px;\"><span style=\"font-size: 12pt;\"><span style=\"color: #f6a310;\"><img decoding=\"async\" class=\"alignnone wp-image-5457\" src=\"https:\/\/kosmosacentrs.lv\/wp-content\/uploads\/Bilde-merkis.png\" alt=\"\" width=\"39\" height=\"39\" \/><\/span><\/span><\/td><td style=\"width: 91.5094%; height: 36px;\">Re\u0123istr\u0113 karti!<\/td><\/tr><tr style=\"height: 36px;\"><td style=\"width: 8.49056%; height: 36px;\"><span style=\"font-size: 12pt;\"><span style=\"color: #f6a310;\"><img decoding=\"async\" class=\"alignnone wp-image-5457\" src=\"https:\/\/kosmosacentrs.lv\/wp-content\/uploads\/Bilde-merkis.png\" alt=\"\" width=\"39\" height=\"39\" \/><\/span><\/span><\/td><td style=\"width: 91.5094%; height: 36px;\">Atbildi uz 10 jaut\u0101jumiem<\/td><\/tr><tr style=\"height: 36px;\"><td style=\"width: 8.49056%; height: 36px;\"><span style=\"font-size: 12pt;\"><span style=\"color: #f6a310;\"><img decoding=\"async\" class=\"alignnone wp-image-5457\" src=\"https:\/\/kosmosacentrs.lv\/wp-content\/uploads\/Bilde-merkis.png\" alt=\"\" width=\"39\" height=\"39\" \/><\/span><\/span><\/td><td style=\"width: 91.5094%; height: 36px;\">Apdom\u0101 ar kuriem jaut\u0101jumiem Tev g\u0101ja gr\u016bt\u0101k!<\/td><\/tr><tr style=\"height: 72px;\"><td style=\"width: 8.49056%; height: 31px;\"><span style=\"font-size: 12pt;\"><span style=\"color: #f6a310;\"><img decoding=\"async\" class=\"alignnone wp-image-5457\" src=\"https:\/\/kosmosacentrs.lv\/wp-content\/uploads\/Bilde-merkis.png\" alt=\"\" width=\"39\" height=\"39\" \/><\/span><\/span><\/td><td style=\"width: 91.5094%; height: 31px;\">Turpini tren\u0113ties ar\u012b m\u0101j\u0101s!<\/td><\/tr><\/tbody><\/table><p>Vienl\u012bdz noz\u012bm\u012bgi ir sp\u0113t orient\u0113ties telp\u0101 un izskait\u013cot risin\u0101jumus.<\/p>\t\t\t\t\t\t\t\t<\/div>\n\t\t\t\t<\/div>\n\t\t\t\t<\/div>\n\t\t\t\t\t<\/div>\n\t\t\t\t<\/div>\n\t\t<div class=\"elementor-element elementor-element-4b1a2b9 e-flex e-con-boxed e-con e-parent\" data-id=\"4b1a2b9\" data-element_type=\"container\" data-e-type=\"container\" data-settings=\"{&quot;background_background&quot;:&quot;classic&quot;}\">\n\t\t\t\t\t<div class=\"e-con-inner\">\n\t\t<div class=\"elementor-element elementor-element-a958ed2 e-con-full e-flex e-con e-parent\" data-id=\"a958ed2\" data-element_type=\"container\" data-e-type=\"container\">\n\t\t\t\t<div class=\"elementor-element elementor-element-8c142d8 elementor-widget elementor-widget-text-editor\" data-id=\"8c142d8\" data-element_type=\"widget\" data-e-type=\"widget\" data-widget_type=\"text-editor.default\">\n\t\t\t\t<div class=\"elementor-widget-container\">\n\t\t\t\t\t\t\t\t\t<p><span style=\"font-size: 14pt;\"><strong><span style=\"color: #f6a310;\">Par ko atbild katra smadze\u0146u zona?<\/span><\/strong><\/span><\/p><p>\u00a0<\/p><p><span style=\"font-size: 14pt;\"><span style=\"color: #b9612f;\"><strong>1.<\/strong><\/span><span style=\"font-size: 12pt;\"> Smadzen\u012btes (l\u012bdzsvars, poz\u012bcija)<\/span><\/span><\/p><p><span style=\"font-size: 14pt; color: #6b9c99;\"><strong>2. <\/strong><\/span> Redzes zona<\/p><p><span style=\"font-size: 14pt; color: #ee7a06;\"><strong>3. <\/strong><\/span>Dzirdes zona<\/p><p><span style=\"font-size: 14pt; color: #f89c7f;\"><strong>4. <\/strong><\/span> Vernika zona (valoda, rakst\u012bba)<\/p><p><span style=\"font-size: 14pt;\"><span style=\"color: #f89c7f;\"><strong><span style=\"color: #295f8b;\">5.<\/span> <\/strong><\/span><span style=\"font-size: 12pt;\">Somotosensor\u0101 asoci\u0101ciju zona (objektu atpaz\u012b\u0161ana, temperart\u016bra)<\/span><\/span><\/p><p><span style=\"font-size: 14pt;\"><span style=\"color: #50c2dd;\"><strong>6. <\/strong><\/span><span style=\"font-size: 12pt;\">Ma\u0146u zona (sign\u0101li no musku\u013cien, \u0101das)<\/span><\/span><\/p><p><span style=\"font-size: 14pt;\"><strong><span style=\"color: #f6a310;\"><span style=\"color: #ffcd69;\">7.<\/span> <\/span><\/strong><span style=\"font-size: 12pt;\">Motoru funkciju zona (piesk\u0101rienu inform\u0101cija)<\/span><\/span><\/p><p><span style=\"font-size: 14pt;\"><span style=\"color: #9585a2;\"><strong>8. <\/strong><\/span><span style=\"font-size: 12pt;\">Motoru funkciju zona (acs kust\u012bbu un fokus\u0113\u0161ana)<\/span><\/span><\/p><p><span style=\"font-size: 14pt;\"><strong><span style=\"color: #f6a310;\"><span style=\"color: #ef4135;\">9.<\/span> <\/span><\/strong><span style=\"font-size: 12pt;\">Paaugstin\u0101tas gar\u012bg\u0101s funkcijas (rado\u0161ums, koncentr\u0113\u0161an\u0101s)<\/span><\/span><\/p><p><span style=\"font-size: 14pt;\"><span style=\"color: #ef4135;\"><strong>10.<\/strong><\/span><span style=\"font-size: 12pt;\"> Broka zona (atbildes uz dzird\u0113tajiem jaut\u0101jumiem)<\/span><\/span><\/p><p><span style=\"font-size: 14pt;\"><span style=\"color: #1f8956;\"><strong>11. <\/strong><\/span><span style=\"font-size: 12pt;\">Asoci\u0101ciju zona<\/span><\/span><\/p><p>\u00a0<\/p><p>Vai smadzenes var tren\u0113t? Astronautiem ir svar\u012bgi tren\u0113t ar\u012b dom\u0101\u0161anas procesus. To m\u0113s dar\u0101m, risinot da\u017e\u0101dus uzdevumus.<\/p>\t\t\t\t\t\t\t\t<\/div>\n\t\t\t\t<\/div>\n\t\t\t\t<\/div>\n\t\t<div class=\"elementor-element elementor-element-75329d9 e-con-full e-flex e-con e-parent\" data-id=\"75329d9\" data-element_type=\"container\" data-e-type=\"container\">\n\t\t\t\t<div class=\"elementor-element elementor-element-8bda489 elementor-widget elementor-widget-image\" data-id=\"8bda489\" data-element_type=\"widget\" data-e-type=\"widget\" data-widget_type=\"image.default\">\n\t\t\t\t<div class=\"elementor-widget-container\">\n\t\t\t\t\t\t\t\t\t\t\t\t\t\t\t<img decoding=\"async\" width=\"640\" height=\"671\" src=\"https:\/\/kosmosacentrs.lv\/wp-content\/uploads\/Galvas-smadzenu-zonas.png\" class=\"attachment-large size-large wp-image-5770\" alt=\"\" srcset=\"https:\/\/kosmosacentrs.lv\/wp-content\/uploads\/Galvas-smadzenu-zonas.png 662w, https:\/\/kosmosacentrs.lv\/wp-content\/uploads\/Galvas-smadzenu-zonas-286x300.png 286w\" sizes=\"(max-width: 640px) 100vw, 640px\" \/>\t\t\t\t\t\t\t\t\t\t\t\t\t\t\t<\/div>\n\t\t\t\t<\/div>\n\t\t\t\t<\/div>\n\t\t\t\t\t<\/div>\n\t\t\t\t<\/div>\n\t\t\t\t<\/div>\n\t\t","protected":false},"excerpt":{"rendered":"<p>Lo\u0123ika Re\u0123istr\u0113 karti! Atbildi uz 10 jaut\u0101jumiem Apdom\u0101 ar kuriem jaut\u0101jumiem Tev g\u0101ja gr\u016bt\u0101k! Turpini tren\u0113ties ar\u012b m\u0101j\u0101s! Vienl\u012bdz noz\u012bm\u012bgi ir sp\u0113t orient\u0113ties telp\u0101 un izskait\u013cot risin\u0101jumus. Par ko atbild katra smadze\u0146u zona? \u00a0 1. Smadzen\u012btes (l\u012bdzsvars, poz\u012bcija) 2. Redzes zona 3. Dzirdes zona 4. Vernika zona (valoda, rakst\u012bba) 5. Somotosensor\u0101 asoci\u0101ciju zona (objektu atpaz\u012b\u0161ana, [&hellip;]<\/p>\n","protected":false},"author":7,"featured_media":0,"parent":0,"menu_order":0,"comment_status":"closed","ping_status":"closed","template":"","meta":{"inline_featured_image":false,"footnotes":""},"class_list":["post-5759","page","type-page","status-publish","hentry"],"yoast_head":"<!-- This site is optimized with the Yoast SEO plugin v20.4 - https:\/\/yoast.com\/wordpress\/plugins\/seo\/ -->\n<title>Ekspoz\u012bcija - 3. st\u0101vs Astronautu treni\u0146i - lo\u0123ika - Kosmosa izzi\u0146as centrs<\/title>\n<meta name=\"robots\" content=\"index, follow, max-snippet:-1, max-image-preview:large, max-video-preview:-1\" \/>\n<link rel=\"canonical\" href=\"https:\/\/kosmosacentrs.lv\/ekspozicija-3-st-logika\/\" \/>\n<meta property=\"og:locale\" content=\"en_US\" \/>\n<meta property=\"og:type\" content=\"article\" \/>\n<meta property=\"og:title\" content=\"Ekspoz\u012bcija - 3. st\u0101vs Astronautu treni\u0146i - lo\u0123ika - Kosmosa izzi\u0146as centrs\" \/>\n<meta property=\"og:description\" content=\"Lo\u0123ika Re\u0123istr\u0113 karti! Atbildi uz 10 jaut\u0101jumiem Apdom\u0101 ar kuriem jaut\u0101jumiem Tev g\u0101ja gr\u016bt\u0101k! Turpini tren\u0113ties ar\u012b m\u0101j\u0101s! Vienl\u012bdz noz\u012bm\u012bgi ir sp\u0113t orient\u0113ties telp\u0101 un izskait\u013cot risin\u0101jumus. Par ko atbild katra smadze\u0146u zona? \u00a0 1. Smadzen\u012btes (l\u012bdzsvars, poz\u012bcija) 2. Redzes zona 3. Dzirdes zona 4. Vernika zona (valoda, rakst\u012bba) 5. Somotosensor\u0101 asoci\u0101ciju zona (objektu atpaz\u012b\u0161ana, [&hellip;]\" \/>\n<meta property=\"og:url\" content=\"https:\/\/kosmosacentrs.lv\/ekspozicija-3-st-logika\/\" \/>\n<meta property=\"og:site_name\" content=\"Kosmosa izzi\u0146as centrs\" \/>\n<meta property=\"article:publisher\" content=\"https:\/\/www.facebook.com\/Kosmosaizzinascentrs\/\" \/>\n<meta property=\"article:modified_time\" content=\"2024-05-05T17:52:50+00:00\" \/>\n<meta property=\"og:image\" content=\"https:\/\/kosmosacentrs.lv\/wp-content\/uploads\/Logika-ikona.png\" \/>\n<meta name=\"twitter:card\" content=\"summary_large_image\" \/>\n<meta name=\"twitter:label1\" content=\"Est. reading time\" \/>\n\t<meta name=\"twitter:data1\" content=\"2 minutes\" \/>\n<script type=\"application\/ld+json\" class=\"yoast-schema-graph\">{\"@context\":\"https:\/\/schema.org\",\"@graph\":[{\"@type\":\"WebPage\",\"@id\":\"https:\/\/kosmosacentrs.lv\/ekspozicija-3-st-logika\/\",\"url\":\"https:\/\/kosmosacentrs.lv\/ekspozicija-3-st-logika\/\",\"name\":\"Ekspoz\u012bcija - 3. st\u0101vs Astronautu treni\u0146i - lo\u0123ika - Kosmosa izzi\u0146as centrs\",\"isPartOf\":{\"@id\":\"https:\/\/kosmosacentrs.lv\/#website\"},\"datePublished\":\"2024-05-05T17:32:29+00:00\",\"dateModified\":\"2024-05-05T17:52:50+00:00\",\"breadcrumb\":{\"@id\":\"https:\/\/kosmosacentrs.lv\/ekspozicija-3-st-logika\/#breadcrumb\"},\"inLanguage\":\"en-US\",\"potentialAction\":[{\"@type\":\"ReadAction\",\"target\":[\"https:\/\/kosmosacentrs.lv\/ekspozicija-3-st-logika\/\"]}]},{\"@type\":\"BreadcrumbList\",\"@id\":\"https:\/\/kosmosacentrs.lv\/ekspozicija-3-st-logika\/#breadcrumb\",\"itemListElement\":[{\"@type\":\"ListItem\",\"position\":1,\"name\":\"Home\",\"item\":\"https:\/\/kosmosacentrs.lv\/\"},{\"@type\":\"ListItem\",\"position\":2,\"name\":\"Ekspoz\u012bcija &#8211; 3. st\u0101vs Astronautu treni\u0146i &#8211; lo\u0123ika\"}]},{\"@type\":\"WebSite\",\"@id\":\"https:\/\/kosmosacentrs.lv\/#website\",\"url\":\"https:\/\/kosmosacentrs.lv\/\",\"name\":\"Kosmosa izzi\u0146as centrs\",\"description\":\"KIC.LV\",\"publisher\":{\"@id\":\"https:\/\/kosmosacentrs.lv\/#organization\"},\"potentialAction\":[{\"@type\":\"SearchAction\",\"target\":{\"@type\":\"EntryPoint\",\"urlTemplate\":\"https:\/\/kosmosacentrs.lv\/?s={search_term_string}\"},\"query-input\":\"required name=search_term_string\"}],\"inLanguage\":\"en-US\"},{\"@type\":\"Organization\",\"@id\":\"https:\/\/kosmosacentrs.lv\/#organization\",\"name\":\"Kosmosa izzi\u0146as centrs\",\"url\":\"https:\/\/kosmosacentrs.lv\/\",\"logo\":{\"@type\":\"ImageObject\",\"inLanguage\":\"en-US\",\"@id\":\"https:\/\/kosmosacentrs.lv\/#\/schema\/logo\/image\/\",\"url\":\"https:\/\/kosmosacentrs.lv\/wp-content\/uploads\/logo.svg\",\"contentUrl\":\"https:\/\/kosmosacentrs.lv\/wp-content\/uploads\/logo.svg\",\"width\":997,\"height\":712,\"caption\":\"Kosmosa izzi\u0146as centrs\"},\"image\":{\"@id\":\"https:\/\/kosmosacentrs.lv\/#\/schema\/logo\/image\/\"},\"sameAs\":[\"https:\/\/www.facebook.com\/Kosmosaizzinascentrs\/\"]}]}<\/script>\n<!-- \/ Yoast SEO plugin. -->","yoast_head_json":{"title":"Ekspoz\u012bcija - 3. st\u0101vs Astronautu treni\u0146i - lo\u0123ika - Kosmosa izzi\u0146as centrs","robots":{"index":"index","follow":"follow","max-snippet":"max-snippet:-1","max-image-preview":"max-image-preview:large","max-video-preview":"max-video-preview:-1"},"canonical":"https:\/\/kosmosacentrs.lv\/ekspozicija-3-st-logika\/","og_locale":"en_US","og_type":"article","og_title":"Ekspoz\u012bcija - 3. st\u0101vs Astronautu treni\u0146i - lo\u0123ika - Kosmosa izzi\u0146as centrs","og_description":"Lo\u0123ika Re\u0123istr\u0113 karti! Atbildi uz 10 jaut\u0101jumiem Apdom\u0101 ar kuriem jaut\u0101jumiem Tev g\u0101ja gr\u016bt\u0101k! Turpini tren\u0113ties ar\u012b m\u0101j\u0101s! Vienl\u012bdz noz\u012bm\u012bgi ir sp\u0113t orient\u0113ties telp\u0101 un izskait\u013cot risin\u0101jumus. Par ko atbild katra smadze\u0146u zona? \u00a0 1. Smadzen\u012btes (l\u012bdzsvars, poz\u012bcija) 2. Redzes zona 3. Dzirdes zona 4. Vernika zona (valoda, rakst\u012bba) 5. Somotosensor\u0101 asoci\u0101ciju zona (objektu atpaz\u012b\u0161ana, [&hellip;]","og_url":"https:\/\/kosmosacentrs.lv\/ekspozicija-3-st-logika\/","og_site_name":"Kosmosa izzi\u0146as centrs","article_publisher":"https:\/\/www.facebook.com\/Kosmosaizzinascentrs\/","article_modified_time":"2024-05-05T17:52:50+00:00","og_image":[{"url":"https:\/\/kosmosacentrs.lv\/wp-content\/uploads\/Logika-ikona.png"}],"twitter_card":"summary_large_image","twitter_misc":{"Est. reading time":"2 minutes"},"schema":{"@context":"https:\/\/schema.org","@graph":[{"@type":"WebPage","@id":"https:\/\/kosmosacentrs.lv\/ekspozicija-3-st-logika\/","url":"https:\/\/kosmosacentrs.lv\/ekspozicija-3-st-logika\/","name":"Ekspoz\u012bcija - 3. st\u0101vs Astronautu treni\u0146i - lo\u0123ika - Kosmosa izzi\u0146as centrs","isPartOf":{"@id":"https:\/\/kosmosacentrs.lv\/#website"},"datePublished":"2024-05-05T17:32:29+00:00","dateModified":"2024-05-05T17:52:50+00:00","breadcrumb":{"@id":"https:\/\/kosmosacentrs.lv\/ekspozicija-3-st-logika\/#breadcrumb"},"inLanguage":"en-US","potentialAction":[{"@type":"ReadAction","target":["https:\/\/kosmosacentrs.lv\/ekspozicija-3-st-logika\/"]}]},{"@type":"BreadcrumbList","@id":"https:\/\/kosmosacentrs.lv\/ekspozicija-3-st-logika\/#breadcrumb","itemListElement":[{"@type":"ListItem","position":1,"name":"Home","item":"https:\/\/kosmosacentrs.lv\/"},{"@type":"ListItem","position":2,"name":"Ekspoz\u012bcija &#8211; 3. st\u0101vs Astronautu treni\u0146i &#8211; lo\u0123ika"}]},{"@type":"WebSite","@id":"https:\/\/kosmosacentrs.lv\/#website","url":"https:\/\/kosmosacentrs.lv\/","name":"Kosmosa izzi\u0146as centrs","description":"KIC.LV","publisher":{"@id":"https:\/\/kosmosacentrs.lv\/#organization"},"potentialAction":[{"@type":"SearchAction","target":{"@type":"EntryPoint","urlTemplate":"https:\/\/kosmosacentrs.lv\/?s={search_term_string}"},"query-input":"required name=search_term_string"}],"inLanguage":"en-US"},{"@type":"Organization","@id":"https:\/\/kosmosacentrs.lv\/#organization","name":"Kosmosa izzi\u0146as centrs","url":"https:\/\/kosmosacentrs.lv\/","logo":{"@type":"ImageObject","inLanguage":"en-US","@id":"https:\/\/kosmosacentrs.lv\/#\/schema\/logo\/image\/","url":"https:\/\/kosmosacentrs.lv\/wp-content\/uploads\/logo.svg","contentUrl":"https:\/\/kosmosacentrs.lv\/wp-content\/uploads\/logo.svg","width":997,"height":712,"caption":"Kosmosa izzi\u0146as centrs"},"image":{"@id":"https:\/\/kosmosacentrs.lv\/#\/schema\/logo\/image\/"},"sameAs":["https:\/\/www.facebook.com\/Kosmosaizzinascentrs\/"]}]}},"_links":{"self":[{"href":"https:\/\/kosmosacentrs.lv\/en\/wp-json\/wp\/v2\/pages\/5759","targetHints":{"allow":["GET"]}}],"collection":[{"href":"https:\/\/kosmosacentrs.lv\/en\/wp-json\/wp\/v2\/pages"}],"about":[{"href":"https:\/\/kosmosacentrs.lv\/en\/wp-json\/wp\/v2\/types\/page"}],"author":[{"embeddable":true,"href":"https:\/\/kosmosacentrs.lv\/en\/wp-json\/wp\/v2\/users\/7"}],"replies":[{"embeddable":true,"href":"https:\/\/kosmosacentrs.lv\/en\/wp-json\/wp\/v2\/comments?post=5759"}],"version-history":[{"count":10,"href":"https:\/\/kosmosacentrs.lv\/en\/wp-json\/wp\/v2\/pages\/5759\/revisions"}],"predecessor-version":[{"id":5780,"href":"https:\/\/kosmosacentrs.lv\/en\/wp-json\/wp\/v2\/pages\/5759\/revisions\/5780"}],"wp:attachment":[{"href":"https:\/\/kosmosacentrs.lv\/en\/wp-json\/wp\/v2\/media?parent=5759"}],"curies":[{"name":"wp","href":"https:\/\/api.w.org\/{rel}","templated":true}]}}