{"id":6859,"date":"2024-05-20T15:13:22","date_gmt":"2024-05-20T12:13:22","guid":{"rendered":"https:\/\/kosmosacentrs.lv\/?page_id=6859"},"modified":"2026-01-22T15:07:28","modified_gmt":"2026-01-22T12:07:28","slug":"kafejnica-orbita","status":"publish","type":"page","link":"https:\/\/kosmosacentrs.lv\/en\/par-mums\/kafejnica-orbita\/","title":{"rendered":"Kafejn\u012bca &#8220;Orb\u012bta&#8221;"},"content":{"rendered":"\t\t<div data-elementor-type=\"wp-page\" data-elementor-id=\"6859\" class=\"elementor elementor-6859\">\n\t\t\t\t<div class=\"elementor-element elementor-element-8abb0b9 e-flex e-con-boxed e-con e-parent\" data-id=\"8abb0b9\" data-element_type=\"container\" data-e-type=\"container\" data-settings=\"{&quot;background_background&quot;:&quot;classic&quot;}\">\n\t\t\t\t\t<div class=\"e-con-inner\">\n\t\t<div class=\"elementor-element elementor-element-3cf840b e-con-full e-flex e-con e-parent\" data-id=\"3cf840b\" data-element_type=\"container\" data-e-type=\"container\">\n\t\t\t\t<div class=\"elementor-element elementor-element-39dc697 elementor-widget__width-initial elementor-invisible elementor-widget elementor-widget-image\" data-id=\"39dc697\" data-element_type=\"widget\" data-e-type=\"widget\" data-settings=\"{&quot;_animation&quot;:&quot;fadeInLeft&quot;}\" data-widget_type=\"image.default\">\n\t\t\t\t<div class=\"elementor-widget-container\">\n\t\t\t\t\t\t\t\t\t\t\t\t\t\t\t<img fetchpriority=\"high\" decoding=\"async\" width=\"300\" height=\"274\" src=\"https:\/\/kosmosacentrs.lv\/wp-content\/uploads\/path2-300x274.png\" class=\"attachment-medium size-medium wp-image-6869\" alt=\"\" srcset=\"https:\/\/kosmosacentrs.lv\/wp-content\/uploads\/path2-300x274.png 300w, https:\/\/kosmosacentrs.lv\/wp-content\/uploads\/path2-1024x935.png 1024w, https:\/\/kosmosacentrs.lv\/wp-content\/uploads\/path2-768x702.png 768w, https:\/\/kosmosacentrs.lv\/wp-content\/uploads\/path2-1536x1403.png 1536w, https:\/\/kosmosacentrs.lv\/wp-content\/uploads\/path2-2048x1871.png 2048w\" sizes=\"(max-width: 300px) 100vw, 300px\" \/>\t\t\t\t\t\t\t\t\t\t\t\t\t\t\t<\/div>\n\t\t\t\t<\/div>\n\t\t\t\t<\/div>\n\t\t<div class=\"elementor-element elementor-element-446e53e e-con-full e-flex e-con e-parent\" data-id=\"446e53e\" data-element_type=\"container\" data-e-type=\"container\">\n\t\t\t\t<div class=\"elementor-element elementor-element-f15c6a0 elementor-invisible elementor-widget elementor-widget-text-editor\" data-id=\"f15c6a0\" data-element_type=\"widget\" data-e-type=\"widget\" data-settings=\"{&quot;_animation&quot;:&quot;fadeInRight&quot;}\" data-widget_type=\"text-editor.default\">\n\t\t\t\t<div class=\"elementor-widget-container\">\n\t\t\t\t\t\t\t\t\t<p><span style=\"font-size: 24pt;\"><b>Kafejn\u012bca &#8220;Orb\u012bta&#8221;<\/b><\/span><\/p><p><br \/>Bistro kafejn\u012bca &#8220;Orb\u012bta&#8221; atrodas Kosmosa izzi\u0146as centra telp\u0101s C\u0113s\u012bs un aicina visus apmekl\u0113t\u0101jus baud\u012bt gardas malt\u012btes.<br \/><br \/><\/p><p>&#8220;Orb\u012bta&#8221; pied\u0101v\u0101 m\u0101j\u012bgu atmosf\u0113ru un pla\u0161u \u0113dienu izv\u0113li, kas apmierin\u0101s gan lielus, gan mazus apmekl\u0113t\u0101jus.<br \/><br \/><\/p><p>Papildus ikdienas malt\u012bt\u0113m, kafejn\u012bca sniedz iesp\u0113ju kl\u0101t galdus dzim\u0161anas dienas ball\u012bt\u0113m un citiem pas\u0101kumiem, nodro\u0161inot sv\u0113tku noska\u0146u un gardus \u0113dienus jebkuram svin\u012bbu gad\u012bjumam.<br \/><br \/><\/p><p><b>Laipni gaid\u012bti &#8220;Orb\u012bt\u0101&#8221;!<\/b><\/p>\t\t\t\t\t\t\t\t<\/div>\n\t\t\t\t<\/div>\n\t\t\t\t<\/div>\n\t\t\t\t\t<\/div>\n\t\t\t\t<\/div>\n\t\t<div class=\"elementor-element elementor-element-f63dace e-flex e-con-boxed e-con e-parent\" data-id=\"f63dace\" data-element_type=\"container\" data-e-type=\"container\">\n\t\t\t\t\t<div class=\"e-con-inner\">\n\t\t<div class=\"elementor-element elementor-element-848fafe e-con-full e-flex e-con e-parent\" data-id=\"848fafe\" data-element_type=\"container\" data-e-type=\"container\">\n\t\t\t\t<div class=\"elementor-element elementor-element-596859d elementor-widget elementor-widget-image\" data-id=\"596859d\" data-element_type=\"widget\" data-e-type=\"widget\" data-widget_type=\"image.default\">\n\t\t\t\t<div class=\"elementor-widget-container\">\n\t\t\t\t\t\t\t\t\t\t\t\t\t\t\t<img decoding=\"async\" width=\"1123\" height=\"901\" src=\"https:\/\/kosmosacentrs.lv\/wp-content\/uploads\/WhatsApp-Image-2024-03-30-at-11.13.54-e1720692796948.jpeg\" class=\"attachment-full size-full wp-image-6874\" alt=\"\" srcset=\"https:\/\/kosmosacentrs.lv\/wp-content\/uploads\/WhatsApp-Image-2024-03-30-at-11.13.54-e1720692796948.jpeg 1123w, https:\/\/kosmosacentrs.lv\/wp-content\/uploads\/WhatsApp-Image-2024-03-30-at-11.13.54-e1720692796948-300x241.jpeg 300w, https:\/\/kosmosacentrs.lv\/wp-content\/uploads\/WhatsApp-Image-2024-03-30-at-11.13.54-e1720692796948-1024x822.jpeg 1024w, https:\/\/kosmosacentrs.lv\/wp-content\/uploads\/WhatsApp-Image-2024-03-30-at-11.13.54-e1720692796948-768x616.jpeg 768w\" sizes=\"(max-width: 1123px) 100vw, 1123px\" \/>\t\t\t\t\t\t\t\t\t\t\t\t\t\t\t<\/div>\n\t\t\t\t<\/div>\n\t\t\t\t<\/div>\n\t\t<div class=\"elementor-element elementor-element-87ca013 e-con-full e-flex e-con e-parent\" data-id=\"87ca013\" data-element_type=\"container\" data-e-type=\"container\">\n\t\t\t\t<div class=\"elementor-element elementor-element-89c5bfa elementor-widget elementor-widget-text-editor\" data-id=\"89c5bfa\" data-element_type=\"widget\" data-e-type=\"widget\" data-widget_type=\"text-editor.default\">\n\t\t\t\t<div class=\"elementor-widget-container\">\n\t\t\t\t\t\t\t\t\t<h2><span style=\"font-size: 18pt;\">Darba laiks: <\/span><\/h2><p><strong>P. &#8211; Pk. <\/strong>&#8211; SL\u0112GTS*<\/p><p><strong>S. &#8211; Sv.<\/strong> &#8211; 10:00 &#8211; 18:00<\/p><p>\u00a0<\/p><p><span style=\"color: #ff5757;\">No otrdienas l\u012bdz piektdienai iesp\u0113ja <strong>veikt pas\u016bt\u012bjumu<\/strong> individu\u0101lajai \u0113din\u0101\u0161anai, to iepriek\u0161 piesakot.<\/span><\/p><p>\u00a0<\/p><p><span style=\"color: #ffffff;\">* <strong data-start=\"267\" data-end=\"325\">Skol\u0113nu br\u012bvlaikos kafejn\u012bca ir atv\u0113rta apmekl\u0113t\u0101jiem.<\/strong><\/span><\/p><h2 style=\"text-align: left;\"><span style=\"font-family: georgia, palatino, serif; font-size: 18pt;\"><b>Kontakti:<\/b><\/span><\/h2><p>t\u0101lrunis: +371 29180733<\/p><p>e-pasts: cafe.zagarkalns@gmail.com<\/p><h2 style=\"text-align: left;\"><span style=\"font-family: georgia, palatino, serif; font-size: 18pt;\"><b>Rekviz\u012bti:<\/b><\/span><\/h2><p style=\"text-align: left;\">SIA \u201c\u017dagarkalns \u2013 atp\u016btas b\u0101ze\u201d<\/p><p style=\"text-align: left;\">Re\u0123. Nr. 44103024323<\/p><p style=\"text-align: left;\">Juridisk\u0101 adrese: \u017dagarkalns, Drabe\u0161u pagasts, C\u0113su novads LV-4101<\/p><div>\u00a0<\/div>\t\t\t\t\t\t\t\t<\/div>\n\t\t\t\t<\/div>\n\t\t\t\t<\/div>\n\t\t\t\t\t<\/div>\n\t\t\t\t<\/div>\n\t\t<div class=\"elementor-element elementor-element-1d86ff3 e-flex e-con-boxed e-con e-parent\" data-id=\"1d86ff3\" data-element_type=\"container\" data-e-type=\"container\">\n\t\t\t\t\t<div class=\"e-con-inner\">\n\t\t\t\t<div class=\"elementor-element elementor-element-7052546 elementor-widget elementor-widget-spacer\" data-id=\"7052546\" data-element_type=\"widget\" data-e-type=\"widget\" data-widget_type=\"spacer.default\">\n\t\t\t\t<div class=\"elementor-widget-container\">\n\t\t\t\t\t\t\t<div class=\"elementor-spacer\">\n\t\t\t<div class=\"elementor-spacer-inner\"><\/div>\n\t\t<\/div>\n\t\t\t\t\t\t<\/div>\n\t\t\t\t<\/div>\n\t\t\t\t\t<\/div>\n\t\t\t\t<\/div>\n\t\t\t\t<\/div>\n\t\t","protected":false},"excerpt":{"rendered":"<p>Kafejn\u012bca &#8220;Orb\u012bta&#8221; Bistro kafejn\u012bca &#8220;Orb\u012bta&#8221; atrodas Kosmosa izzi\u0146as centra telp\u0101s C\u0113s\u012bs un aicina visus apmekl\u0113t\u0101jus baud\u012bt gardas malt\u012btes. &#8220;Orb\u012bta&#8221; pied\u0101v\u0101 m\u0101j\u012bgu atmosf\u0113ru un pla\u0161u \u0113dienu izv\u0113li, kas apmierin\u0101s gan lielus, gan mazus apmekl\u0113t\u0101jus. Papildus ikdienas malt\u012bt\u0113m, kafejn\u012bca sniedz iesp\u0113ju kl\u0101t galdus dzim\u0161anas dienas ball\u012bt\u0113m un citiem pas\u0101kumiem, nodro\u0161inot sv\u0113tku noska\u0146u un gardus \u0113dienus jebkuram svin\u012bbu [&hellip;]<\/p>\n","protected":false},"author":7,"featured_media":0,"parent":127,"menu_order":0,"comment_status":"closed","ping_status":"closed","template":"","meta":{"inline_featured_image":false,"footnotes":""},"class_list":["post-6859","page","type-page","status-publish","hentry"],"yoast_head":"<!-- This site is optimized with the Yoast SEO plugin v20.4 - https:\/\/yoast.com\/wordpress\/plugins\/seo\/ -->\n<title>Kafejn\u012bca &quot;Orb\u012bta&quot; - Kosmosa izzi\u0146as centrs<\/title>\n<meta name=\"robots\" content=\"index, follow, max-snippet:-1, max-image-preview:large, max-video-preview:-1\" \/>\n<link rel=\"canonical\" href=\"https:\/\/kosmosacentrs.lv\/par-mums\/kafejnica-orbita\/\" \/>\n<meta property=\"og:locale\" content=\"en_US\" \/>\n<meta property=\"og:type\" content=\"article\" \/>\n<meta property=\"og:title\" content=\"Kafejn\u012bca &quot;Orb\u012bta&quot; - Kosmosa izzi\u0146as centrs\" \/>\n<meta property=\"og:description\" content=\"Kafejn\u012bca &#8220;Orb\u012bta&#8221; Bistro kafejn\u012bca &#8220;Orb\u012bta&#8221; atrodas Kosmosa izzi\u0146as centra telp\u0101s C\u0113s\u012bs un aicina visus apmekl\u0113t\u0101jus baud\u012bt gardas malt\u012btes. &#8220;Orb\u012bta&#8221; pied\u0101v\u0101 m\u0101j\u012bgu atmosf\u0113ru un pla\u0161u \u0113dienu izv\u0113li, kas apmierin\u0101s gan lielus, gan mazus apmekl\u0113t\u0101jus. Papildus ikdienas malt\u012bt\u0113m, kafejn\u012bca sniedz iesp\u0113ju kl\u0101t galdus dzim\u0161anas dienas ball\u012bt\u0113m un citiem pas\u0101kumiem, nodro\u0161inot sv\u0113tku noska\u0146u un gardus \u0113dienus jebkuram svin\u012bbu [&hellip;]\" \/>\n<meta property=\"og:url\" content=\"https:\/\/kosmosacentrs.lv\/par-mums\/kafejnica-orbita\/\" \/>\n<meta property=\"og:site_name\" content=\"Kosmosa izzi\u0146as centrs\" \/>\n<meta property=\"article:publisher\" content=\"https:\/\/www.facebook.com\/Kosmosaizzinascentrs\/\" \/>\n<meta property=\"article:modified_time\" content=\"2026-01-22T12:07:28+00:00\" \/>\n<meta property=\"og:image\" content=\"https:\/\/kosmosacentrs.lv\/wp-content\/uploads\/path2-300x274.png\" \/>\n<meta name=\"twitter:card\" content=\"summary_large_image\" \/>\n<meta name=\"twitter:label1\" content=\"Est. reading time\" \/>\n\t<meta name=\"twitter:data1\" content=\"1 minute\" \/>\n<script type=\"application\/ld+json\" class=\"yoast-schema-graph\">{\"@context\":\"https:\/\/schema.org\",\"@graph\":[{\"@type\":\"WebPage\",\"@id\":\"https:\/\/kosmosacentrs.lv\/par-mums\/kafejnica-orbita\/\",\"url\":\"https:\/\/kosmosacentrs.lv\/par-mums\/kafejnica-orbita\/\",\"name\":\"Kafejn\u012bca \\\"Orb\u012bta\\\" - Kosmosa izzi\u0146as centrs\",\"isPartOf\":{\"@id\":\"https:\/\/kosmosacentrs.lv\/#website\"},\"datePublished\":\"2024-05-20T12:13:22+00:00\",\"dateModified\":\"2026-01-22T12:07:28+00:00\",\"breadcrumb\":{\"@id\":\"https:\/\/kosmosacentrs.lv\/par-mums\/kafejnica-orbita\/#breadcrumb\"},\"inLanguage\":\"en-US\",\"potentialAction\":[{\"@type\":\"ReadAction\",\"target\":[\"https:\/\/kosmosacentrs.lv\/par-mums\/kafejnica-orbita\/\"]}]},{\"@type\":\"BreadcrumbList\",\"@id\":\"https:\/\/kosmosacentrs.lv\/par-mums\/kafejnica-orbita\/#breadcrumb\",\"itemListElement\":[{\"@type\":\"ListItem\",\"position\":1,\"name\":\"Home\",\"item\":\"https:\/\/kosmosacentrs.lv\/\"},{\"@type\":\"ListItem\",\"position\":2,\"name\":\"Par mums\",\"item\":\"https:\/\/kosmosacentrs.lv\/par-mums\/\"},{\"@type\":\"ListItem\",\"position\":3,\"name\":\"Kafejn\u012bca &#8220;Orb\u012bta&#8221;\"}]},{\"@type\":\"WebSite\",\"@id\":\"https:\/\/kosmosacentrs.lv\/#website\",\"url\":\"https:\/\/kosmosacentrs.lv\/\",\"name\":\"Kosmosa izzi\u0146as centrs\",\"description\":\"KIC.LV\",\"publisher\":{\"@id\":\"https:\/\/kosmosacentrs.lv\/#organization\"},\"potentialAction\":[{\"@type\":\"SearchAction\",\"target\":{\"@type\":\"EntryPoint\",\"urlTemplate\":\"https:\/\/kosmosacentrs.lv\/?s={search_term_string}\"},\"query-input\":\"required name=search_term_string\"}],\"inLanguage\":\"en-US\"},{\"@type\":\"Organization\",\"@id\":\"https:\/\/kosmosacentrs.lv\/#organization\",\"name\":\"Kosmosa izzi\u0146as centrs\",\"url\":\"https:\/\/kosmosacentrs.lv\/\",\"logo\":{\"@type\":\"ImageObject\",\"inLanguage\":\"en-US\",\"@id\":\"https:\/\/kosmosacentrs.lv\/#\/schema\/logo\/image\/\",\"url\":\"https:\/\/kosmosacentrs.lv\/wp-content\/uploads\/logo.svg\",\"contentUrl\":\"https:\/\/kosmosacentrs.lv\/wp-content\/uploads\/logo.svg\",\"width\":997,\"height\":712,\"caption\":\"Kosmosa izzi\u0146as centrs\"},\"image\":{\"@id\":\"https:\/\/kosmosacentrs.lv\/#\/schema\/logo\/image\/\"},\"sameAs\":[\"https:\/\/www.facebook.com\/Kosmosaizzinascentrs\/\"]}]}<\/script>\n<!-- \/ Yoast SEO plugin. -->","yoast_head_json":{"title":"Kafejn\u012bca \"Orb\u012bta\" - Kosmosa izzi\u0146as centrs","robots":{"index":"index","follow":"follow","max-snippet":"max-snippet:-1","max-image-preview":"max-image-preview:large","max-video-preview":"max-video-preview:-1"},"canonical":"https:\/\/kosmosacentrs.lv\/par-mums\/kafejnica-orbita\/","og_locale":"en_US","og_type":"article","og_title":"Kafejn\u012bca \"Orb\u012bta\" - Kosmosa izzi\u0146as centrs","og_description":"Kafejn\u012bca &#8220;Orb\u012bta&#8221; Bistro kafejn\u012bca &#8220;Orb\u012bta&#8221; atrodas Kosmosa izzi\u0146as centra telp\u0101s C\u0113s\u012bs un aicina visus apmekl\u0113t\u0101jus baud\u012bt gardas malt\u012btes. &#8220;Orb\u012bta&#8221; pied\u0101v\u0101 m\u0101j\u012bgu atmosf\u0113ru un pla\u0161u \u0113dienu izv\u0113li, kas apmierin\u0101s gan lielus, gan mazus apmekl\u0113t\u0101jus. Papildus ikdienas malt\u012bt\u0113m, kafejn\u012bca sniedz iesp\u0113ju kl\u0101t galdus dzim\u0161anas dienas ball\u012bt\u0113m un citiem pas\u0101kumiem, nodro\u0161inot sv\u0113tku noska\u0146u un gardus \u0113dienus jebkuram svin\u012bbu [&hellip;]","og_url":"https:\/\/kosmosacentrs.lv\/par-mums\/kafejnica-orbita\/","og_site_name":"Kosmosa izzi\u0146as centrs","article_publisher":"https:\/\/www.facebook.com\/Kosmosaizzinascentrs\/","article_modified_time":"2026-01-22T12:07:28+00:00","og_image":[{"url":"https:\/\/kosmosacentrs.lv\/wp-content\/uploads\/path2-300x274.png"}],"twitter_card":"summary_large_image","twitter_misc":{"Est. reading time":"1 minute"},"schema":{"@context":"https:\/\/schema.org","@graph":[{"@type":"WebPage","@id":"https:\/\/kosmosacentrs.lv\/par-mums\/kafejnica-orbita\/","url":"https:\/\/kosmosacentrs.lv\/par-mums\/kafejnica-orbita\/","name":"Kafejn\u012bca \"Orb\u012bta\" - Kosmosa izzi\u0146as centrs","isPartOf":{"@id":"https:\/\/kosmosacentrs.lv\/#website"},"datePublished":"2024-05-20T12:13:22+00:00","dateModified":"2026-01-22T12:07:28+00:00","breadcrumb":{"@id":"https:\/\/kosmosacentrs.lv\/par-mums\/kafejnica-orbita\/#breadcrumb"},"inLanguage":"en-US","potentialAction":[{"@type":"ReadAction","target":["https:\/\/kosmosacentrs.lv\/par-mums\/kafejnica-orbita\/"]}]},{"@type":"BreadcrumbList","@id":"https:\/\/kosmosacentrs.lv\/par-mums\/kafejnica-orbita\/#breadcrumb","itemListElement":[{"@type":"ListItem","position":1,"name":"Home","item":"https:\/\/kosmosacentrs.lv\/"},{"@type":"ListItem","position":2,"name":"Par mums","item":"https:\/\/kosmosacentrs.lv\/par-mums\/"},{"@type":"ListItem","position":3,"name":"Kafejn\u012bca &#8220;Orb\u012bta&#8221;"}]},{"@type":"WebSite","@id":"https:\/\/kosmosacentrs.lv\/#website","url":"https:\/\/kosmosacentrs.lv\/","name":"Kosmosa izzi\u0146as centrs","description":"KIC.LV","publisher":{"@id":"https:\/\/kosmosacentrs.lv\/#organization"},"potentialAction":[{"@type":"SearchAction","target":{"@type":"EntryPoint","urlTemplate":"https:\/\/kosmosacentrs.lv\/?s={search_term_string}"},"query-input":"required name=search_term_string"}],"inLanguage":"en-US"},{"@type":"Organization","@id":"https:\/\/kosmosacentrs.lv\/#organization","name":"Kosmosa izzi\u0146as centrs","url":"https:\/\/kosmosacentrs.lv\/","logo":{"@type":"ImageObject","inLanguage":"en-US","@id":"https:\/\/kosmosacentrs.lv\/#\/schema\/logo\/image\/","url":"https:\/\/kosmosacentrs.lv\/wp-content\/uploads\/logo.svg","contentUrl":"https:\/\/kosmosacentrs.lv\/wp-content\/uploads\/logo.svg","width":997,"height":712,"caption":"Kosmosa izzi\u0146as centrs"},"image":{"@id":"https:\/\/kosmosacentrs.lv\/#\/schema\/logo\/image\/"},"sameAs":["https:\/\/www.facebook.com\/Kosmosaizzinascentrs\/"]}]}},"_links":{"self":[{"href":"https:\/\/kosmosacentrs.lv\/en\/wp-json\/wp\/v2\/pages\/6859","targetHints":{"allow":["GET"]}}],"collection":[{"href":"https:\/\/kosmosacentrs.lv\/en\/wp-json\/wp\/v2\/pages"}],"about":[{"href":"https:\/\/kosmosacentrs.lv\/en\/wp-json\/wp\/v2\/types\/page"}],"author":[{"embeddable":true,"href":"https:\/\/kosmosacentrs.lv\/en\/wp-json\/wp\/v2\/users\/7"}],"replies":[{"embeddable":true,"href":"https:\/\/kosmosacentrs.lv\/en\/wp-json\/wp\/v2\/comments?post=6859"}],"version-history":[{"count":32,"href":"https:\/\/kosmosacentrs.lv\/en\/wp-json\/wp\/v2\/pages\/6859\/revisions"}],"predecessor-version":[{"id":14205,"href":"https:\/\/kosmosacentrs.lv\/en\/wp-json\/wp\/v2\/pages\/6859\/revisions\/14205"}],"up":[{"embeddable":true,"href":"https:\/\/kosmosacentrs.lv\/en\/wp-json\/wp\/v2\/pages\/127"}],"wp:attachment":[{"href":"https:\/\/kosmosacentrs.lv\/en\/wp-json\/wp\/v2\/media?parent=6859"}],"curies":[{"name":"wp","href":"https:\/\/api.w.org\/{rel}","templated":true}]}}