{"id":7651,"date":"2024-07-15T15:14:54","date_gmt":"2024-07-15T12:14:54","guid":{"rendered":"https:\/\/kosmosacentrs.lv\/?page_id=7651"},"modified":"2024-07-15T15:46:24","modified_gmt":"2024-07-15T12:46:24","slug":"vidusskola","status":"publish","type":"page","link":"https:\/\/kosmosacentrs.lv\/en\/vidusskola\/","title":{"rendered":"Vidusskola"},"content":{"rendered":"\t\t<div data-elementor-type=\"wp-page\" data-elementor-id=\"7651\" class=\"elementor elementor-7651\">\n\t\t\t\t<div class=\"elementor-element elementor-element-6d2a84d e-con-full e-flex e-con e-parent\" data-id=\"6d2a84d\" data-element_type=\"container\" data-e-type=\"container\">\n\t\t<div class=\"elementor-element elementor-element-4d8af09 e-con-full e-flex e-con e-parent\" data-id=\"4d8af09\" data-element_type=\"container\" data-e-type=\"container\">\n\t\t\t\t<div class=\"elementor-element elementor-element-14e2d01 elementor-widget elementor-widget-heading\" data-id=\"14e2d01\" data-element_type=\"widget\" data-e-type=\"widget\" data-widget_type=\"heading.default\">\n\t\t\t\t<div class=\"elementor-widget-container\">\n\t\t\t\t\t<h2 class=\"elementor-heading-title elementor-size-xxl\">Vidusskola<\/h2>\t\t\t\t<\/div>\n\t\t\t\t<\/div>\n\t\t\t\t<\/div>\n\t\t\t\t<\/div>\n\t\t<div class=\"elementor-element elementor-element-27ba3b1 e-con-full e-flex e-con e-parent\" data-id=\"27ba3b1\" data-element_type=\"container\" data-e-type=\"container\" data-settings=\"{&quot;background_background&quot;:&quot;classic&quot;}\">\n\t\t<div class=\"elementor-element elementor-element-544f2cb e-con-full e-flex e-con e-parent\" data-id=\"544f2cb\" data-element_type=\"container\" data-e-type=\"container\">\n\t\t\t\t<div class=\"elementor-element elementor-element-149446c elementor-widget__width-initial elementor-widget-mobile__width-initial elementor-hidden-tablet elementor-hidden-mobile elementor-widget elementor-widget-image\" data-id=\"149446c\" data-element_type=\"widget\" data-e-type=\"widget\" data-widget_type=\"image.default\">\n\t\t\t\t<div class=\"elementor-widget-container\">\n\t\t\t\t\t\t\t\t\t\t\t\t\t\t\t<img fetchpriority=\"high\" decoding=\"async\" width=\"2896\" height=\"1024\" src=\"https:\/\/kosmosacentrs.lv\/wp-content\/uploads\/Virsraksts-3.png\" class=\"attachment-full size-full wp-image-7568\" alt=\"\" srcset=\"https:\/\/kosmosacentrs.lv\/wp-content\/uploads\/Virsraksts-3.png 2896w, https:\/\/kosmosacentrs.lv\/wp-content\/uploads\/Virsraksts-3-300x106.png 300w, https:\/\/kosmosacentrs.lv\/wp-content\/uploads\/Virsraksts-3-1024x362.png 1024w, https:\/\/kosmosacentrs.lv\/wp-content\/uploads\/Virsraksts-3-768x272.png 768w, https:\/\/kosmosacentrs.lv\/wp-content\/uploads\/Virsraksts-3-1536x543.png 1536w, https:\/\/kosmosacentrs.lv\/wp-content\/uploads\/Virsraksts-3-2048x724.png 2048w\" sizes=\"(max-width: 2896px) 100vw, 2896px\" \/>\t\t\t\t\t\t\t\t\t\t\t\t\t\t\t<\/div>\n\t\t\t\t<\/div>\n\t\t\t\t<div class=\"elementor-element elementor-element-1aec1af elementor-hidden-desktop elementor-widget elementor-widget-image\" data-id=\"1aec1af\" data-element_type=\"widget\" data-e-type=\"widget\" data-widget_type=\"image.default\">\n\t\t\t\t<div class=\"elementor-widget-container\">\n\t\t\t\t\t\t\t\t\t\t\t\t\t\t\t<img decoding=\"async\" width=\"640\" height=\"345\" src=\"https:\/\/kosmosacentrs.lv\/wp-content\/uploads\/Virsraksts-2-1024x552.png\" class=\"attachment-large size-large wp-image-7542\" alt=\"\" srcset=\"https:\/\/kosmosacentrs.lv\/wp-content\/uploads\/Virsraksts-2-1024x552.png 1024w, https:\/\/kosmosacentrs.lv\/wp-content\/uploads\/Virsraksts-2-300x162.png 300w, https:\/\/kosmosacentrs.lv\/wp-content\/uploads\/Virsraksts-2-768x414.png 768w, https:\/\/kosmosacentrs.lv\/wp-content\/uploads\/Virsraksts-2-1536x828.png 1536w, https:\/\/kosmosacentrs.lv\/wp-content\/uploads\/Virsraksts-2-2048x1103.png 2048w\" sizes=\"(max-width: 640px) 100vw, 640px\" \/>\t\t\t\t\t\t\t\t\t\t\t\t\t\t\t<\/div>\n\t\t\t\t<\/div>\n\t\t\t\t<div class=\"elementor-element elementor-element-417f446 elementor-widget elementor-widget-text-editor\" data-id=\"417f446\" data-element_type=\"widget\" data-e-type=\"widget\" data-widget_type=\"text-editor.default\">\n\t\t\t\t<div class=\"elementor-widget-container\">\n\t\t\t\t\t\t\t\t\t<p><strong>Kosmosa nozare ir viena no visstrauj\u0101k augo\u0161aj\u0101m jom\u0101m! Dom\u0101jot par kosmosu, pirmais, kas n\u0101k pr\u0101t\u0101, ir astronauti un ra\u0137etes, bet tas nav vien\u012bgais, ar ko ir saist\u012bta kosmosa nozare.<\/strong><\/p><p>\u00a0<\/p><p>K\u0101 piem\u0113ru varam apskat\u012bt pirmo cilv\u0113ku uz M\u0113ness. No D\u017eona Kenedija pazi\u0146ojuma par amb\u012bciju &#8220;nos\u0113din\u0101t cilv\u0113ku uz M\u0113ness un dro\u0161i atgriezt vi\u0146u atpaka\u013c uz Zemes&#8221; l\u012bdz pirm\u0101 cilv\u0113ka solim uz M\u0113ness bija nepiecie\u0161ami asto\u0146i gadi un 400 000 iesaist\u012bto darbinieku &#8211; in\u017eenieri, lo\u0123istikas speci\u0101listi, \u0137\u012bmi\u0137i, fizi\u0137i, ekonomisti, juristi un daudzu citu nozaru p\u0101rst\u0101vji.<\/p><p>\u00a0<\/p><p>N\u0101kamajos 20 gados lidojumi uz M\u0113nesi k\u013c\u016bs par teju vai ikdienu. Kosmosa nozarei b\u016bs nepiecie\u0161ami daudz un da\u017e\u0101di speci\u0101listi. Vieni no noz\u012bm\u012bg\u0101kajiem b\u016bs in\u017eenieri, mehatroni\u0137i, programm\u0113t\u0101ji, datu anal\u012bti\u0137i, t\u0101pat liela noz\u012bme ir ar\u012b biologiem, medi\u0137iem un \u0137\u012bmi\u0137iem.<\/p><p>\u00a0<\/p><p>Papildus STEM (zin\u0101tne, tehnolo\u0123ijas, in\u017eenierzin\u0101tnes un matem\u0101tika) priek\u0161metu apguvei skol\u0101, tu vari apmekl\u0113t da\u017e\u0101dus intere\u0161u izgl\u012bt\u012bbas centrus un pulci\u0146us. Ja tav\u0101 skol\u0101 ir v\u0113l pieci jaunie\u0161i, kuriem interes\u0113 vai padodas STEM jomas m\u0101c\u012bbas, tu jau esi soli tuv\u0101k kosmosa nozarei! Tu vari piedal\u012bties CanSat kampa\u0146\u0101 un skolas sol\u0101 uzb\u016bv\u0113t savu pirmo mikro satel\u012btu. Kosmosa izzi\u0146as centrs kop\u0101 ar Eiropas Kosmosa a\u0123ent\u016bru r\u012bko mikro satel\u012btu b\u016bv\u0113\u0161anas kampa\u0146u. Seko l\u012bdzi inform\u0101cijai par CanSat 2024\/25 kampa\u0146u Kosmosa izzi\u0146as centra t\u012bklos &#8211; <a href=\"https:\/\/ej.uz\/CanSatKampana\">https:\/\/ej.uz\/CanSatKampana\u00a0<\/a><\/p>\t\t\t\t\t\t\t\t<\/div>\n\t\t\t\t<\/div>\n\t\t\t\t<\/div>\n\t\t\t\t<\/div>\n\t\t<div class=\"elementor-element elementor-element-cf4cfd5 e-flex e-con-boxed e-con e-parent\" data-id=\"cf4cfd5\" data-element_type=\"container\" data-e-type=\"container\">\n\t\t\t\t\t<div class=\"e-con-inner\">\n\t\t<div class=\"elementor-element elementor-element-3f67b0b e-con-full e-flex e-con e-parent\" data-id=\"3f67b0b\" data-element_type=\"container\" data-e-type=\"container\">\n\t\t\t\t<div class=\"elementor-element elementor-element-fc5a599 elementor-widget elementor-widget-heading\" data-id=\"fc5a599\" data-element_type=\"widget\" data-e-type=\"widget\" data-widget_type=\"heading.default\">\n\t\t\t\t<div class=\"elementor-widget-container\">\n\t\t\t\t\t<h2 class=\"elementor-heading-title elementor-size-default\">TURPINI M\u0100J\u0100S<\/h2>\t\t\t\t<\/div>\n\t\t\t\t<\/div>\n\t\t\t\t<\/div>\n\t\t<div class=\"elementor-element elementor-element-f6ad780 e-con-full e-flex e-con e-parent\" data-id=\"f6ad780\" data-element_type=\"container\" data-e-type=\"container\">\n\t\t\t\t<div class=\"elementor-element elementor-element-9202775 elementor-widget elementor-widget-image\" data-id=\"9202775\" data-element_type=\"widget\" data-e-type=\"widget\" data-widget_type=\"image.default\">\n\t\t\t\t<div class=\"elementor-widget-container\">\n\t\t\t\t\t\t\t\t\t\t\t\t\t\t\t<img decoding=\"async\" width=\"300\" height=\"300\" src=\"https:\/\/kosmosacentrs.lv\/wp-content\/uploads\/Vidusskola-300x300.png\" class=\"attachment-medium size-medium wp-image-7711\" alt=\"\" srcset=\"https:\/\/kosmosacentrs.lv\/wp-content\/uploads\/Vidusskola-300x300.png 300w, https:\/\/kosmosacentrs.lv\/wp-content\/uploads\/Vidusskola-1024x1024.png 1024w, https:\/\/kosmosacentrs.lv\/wp-content\/uploads\/Vidusskola-150x150.png 150w, https:\/\/kosmosacentrs.lv\/wp-content\/uploads\/Vidusskola-768x768.png 768w, https:\/\/kosmosacentrs.lv\/wp-content\/uploads\/Vidusskola.png 1155w\" sizes=\"(max-width: 300px) 100vw, 300px\" \/>\t\t\t\t\t\t\t\t\t\t\t\t\t\t\t<\/div>\n\t\t\t\t<\/div>\n\t\t\t\t<\/div>\n\t\t\t\t\t<\/div>\n\t\t\t\t<\/div>\n\t\t\t\t<\/div>\n\t\t","protected":false},"excerpt":{"rendered":"<p>Vidusskola Kosmosa nozare ir viena no visstrauj\u0101k augo\u0161aj\u0101m jom\u0101m! Dom\u0101jot par kosmosu, pirmais, kas n\u0101k pr\u0101t\u0101, ir astronauti un ra\u0137etes, bet tas nav vien\u012bgais, ar ko ir saist\u012bta kosmosa nozare. \u00a0 K\u0101 piem\u0113ru varam apskat\u012bt pirmo cilv\u0113ku uz M\u0113ness. No D\u017eona Kenedija pazi\u0146ojuma par amb\u012bciju &#8220;nos\u0113din\u0101t cilv\u0113ku uz M\u0113ness un dro\u0161i atgriezt vi\u0146u atpaka\u013c uz [&hellip;]<\/p>\n","protected":false},"author":7,"featured_media":0,"parent":0,"menu_order":0,"comment_status":"closed","ping_status":"closed","template":"","meta":{"inline_featured_image":false,"footnotes":""},"class_list":["post-7651","page","type-page","status-publish","hentry"],"yoast_head":"<!-- This site is optimized with the Yoast SEO plugin v20.4 - https:\/\/yoast.com\/wordpress\/plugins\/seo\/ -->\n<title>Vidusskola - Kosmosa izzi\u0146as centrs<\/title>\n<meta name=\"robots\" content=\"index, follow, max-snippet:-1, max-image-preview:large, max-video-preview:-1\" \/>\n<link rel=\"canonical\" href=\"https:\/\/kosmosacentrs.lv\/vidusskola\/\" \/>\n<meta property=\"og:locale\" content=\"en_US\" \/>\n<meta property=\"og:type\" content=\"article\" \/>\n<meta property=\"og:title\" content=\"Vidusskola - Kosmosa izzi\u0146as centrs\" \/>\n<meta property=\"og:description\" content=\"Vidusskola Kosmosa nozare ir viena no visstrauj\u0101k augo\u0161aj\u0101m jom\u0101m! Dom\u0101jot par kosmosu, pirmais, kas n\u0101k pr\u0101t\u0101, ir astronauti un ra\u0137etes, bet tas nav vien\u012bgais, ar ko ir saist\u012bta kosmosa nozare. \u00a0 K\u0101 piem\u0113ru varam apskat\u012bt pirmo cilv\u0113ku uz M\u0113ness. No D\u017eona Kenedija pazi\u0146ojuma par amb\u012bciju &#8220;nos\u0113din\u0101t cilv\u0113ku uz M\u0113ness un dro\u0161i atgriezt vi\u0146u atpaka\u013c uz [&hellip;]\" \/>\n<meta property=\"og:url\" content=\"https:\/\/kosmosacentrs.lv\/vidusskola\/\" \/>\n<meta property=\"og:site_name\" content=\"Kosmosa izzi\u0146as centrs\" \/>\n<meta property=\"article:publisher\" content=\"https:\/\/www.facebook.com\/Kosmosaizzinascentrs\/\" \/>\n<meta property=\"article:modified_time\" content=\"2024-07-15T12:46:24+00:00\" \/>\n<meta property=\"og:image\" content=\"https:\/\/kosmosacentrs.lv\/wp-content\/uploads\/Virsraksts-3.png\" \/>\n<meta name=\"twitter:card\" content=\"summary_large_image\" \/>\n<meta name=\"twitter:label1\" content=\"Est. reading time\" \/>\n\t<meta name=\"twitter:data1\" content=\"2 minutes\" \/>\n<script type=\"application\/ld+json\" class=\"yoast-schema-graph\">{\"@context\":\"https:\/\/schema.org\",\"@graph\":[{\"@type\":\"WebPage\",\"@id\":\"https:\/\/kosmosacentrs.lv\/vidusskola\/\",\"url\":\"https:\/\/kosmosacentrs.lv\/vidusskola\/\",\"name\":\"Vidusskola - Kosmosa izzi\u0146as centrs\",\"isPartOf\":{\"@id\":\"https:\/\/kosmosacentrs.lv\/#website\"},\"datePublished\":\"2024-07-15T12:14:54+00:00\",\"dateModified\":\"2024-07-15T12:46:24+00:00\",\"breadcrumb\":{\"@id\":\"https:\/\/kosmosacentrs.lv\/vidusskola\/#breadcrumb\"},\"inLanguage\":\"en-US\",\"potentialAction\":[{\"@type\":\"ReadAction\",\"target\":[\"https:\/\/kosmosacentrs.lv\/vidusskola\/\"]}]},{\"@type\":\"BreadcrumbList\",\"@id\":\"https:\/\/kosmosacentrs.lv\/vidusskola\/#breadcrumb\",\"itemListElement\":[{\"@type\":\"ListItem\",\"position\":1,\"name\":\"Home\",\"item\":\"https:\/\/kosmosacentrs.lv\/sample-page\/\"},{\"@type\":\"ListItem\",\"position\":2,\"name\":\"Vidusskola\"}]},{\"@type\":\"WebSite\",\"@id\":\"https:\/\/kosmosacentrs.lv\/#website\",\"url\":\"https:\/\/kosmosacentrs.lv\/\",\"name\":\"Kosmosa izzi\u0146as centrs\",\"description\":\"KIC.LV\",\"publisher\":{\"@id\":\"https:\/\/kosmosacentrs.lv\/#organization\"},\"potentialAction\":[{\"@type\":\"SearchAction\",\"target\":{\"@type\":\"EntryPoint\",\"urlTemplate\":\"https:\/\/kosmosacentrs.lv\/?s={search_term_string}\"},\"query-input\":\"required name=search_term_string\"}],\"inLanguage\":\"en-US\"},{\"@type\":\"Organization\",\"@id\":\"https:\/\/kosmosacentrs.lv\/#organization\",\"name\":\"Kosmosa izzi\u0146as centrs\",\"url\":\"https:\/\/kosmosacentrs.lv\/\",\"logo\":{\"@type\":\"ImageObject\",\"inLanguage\":\"en-US\",\"@id\":\"https:\/\/kosmosacentrs.lv\/#\/schema\/logo\/image\/\",\"url\":\"https:\/\/kosmosacentrs.lv\/wp-content\/uploads\/logo.svg\",\"contentUrl\":\"https:\/\/kosmosacentrs.lv\/wp-content\/uploads\/logo.svg\",\"width\":997,\"height\":712,\"caption\":\"Kosmosa izzi\u0146as centrs\"},\"image\":{\"@id\":\"https:\/\/kosmosacentrs.lv\/#\/schema\/logo\/image\/\"},\"sameAs\":[\"https:\/\/www.facebook.com\/Kosmosaizzinascentrs\/\"]}]}<\/script>\n<!-- \/ Yoast SEO plugin. -->","yoast_head_json":{"title":"Vidusskola - Kosmosa izzi\u0146as centrs","robots":{"index":"index","follow":"follow","max-snippet":"max-snippet:-1","max-image-preview":"max-image-preview:large","max-video-preview":"max-video-preview:-1"},"canonical":"https:\/\/kosmosacentrs.lv\/vidusskola\/","og_locale":"en_US","og_type":"article","og_title":"Vidusskola - Kosmosa izzi\u0146as centrs","og_description":"Vidusskola Kosmosa nozare ir viena no visstrauj\u0101k augo\u0161aj\u0101m jom\u0101m! Dom\u0101jot par kosmosu, pirmais, kas n\u0101k pr\u0101t\u0101, ir astronauti un ra\u0137etes, bet tas nav vien\u012bgais, ar ko ir saist\u012bta kosmosa nozare. \u00a0 K\u0101 piem\u0113ru varam apskat\u012bt pirmo cilv\u0113ku uz M\u0113ness. No D\u017eona Kenedija pazi\u0146ojuma par amb\u012bciju &#8220;nos\u0113din\u0101t cilv\u0113ku uz M\u0113ness un dro\u0161i atgriezt vi\u0146u atpaka\u013c uz [&hellip;]","og_url":"https:\/\/kosmosacentrs.lv\/vidusskola\/","og_site_name":"Kosmosa izzi\u0146as centrs","article_publisher":"https:\/\/www.facebook.com\/Kosmosaizzinascentrs\/","article_modified_time":"2024-07-15T12:46:24+00:00","og_image":[{"url":"https:\/\/kosmosacentrs.lv\/wp-content\/uploads\/Virsraksts-3.png"}],"twitter_card":"summary_large_image","twitter_misc":{"Est. reading time":"2 minutes"},"schema":{"@context":"https:\/\/schema.org","@graph":[{"@type":"WebPage","@id":"https:\/\/kosmosacentrs.lv\/vidusskola\/","url":"https:\/\/kosmosacentrs.lv\/vidusskola\/","name":"Vidusskola - Kosmosa izzi\u0146as centrs","isPartOf":{"@id":"https:\/\/kosmosacentrs.lv\/#website"},"datePublished":"2024-07-15T12:14:54+00:00","dateModified":"2024-07-15T12:46:24+00:00","breadcrumb":{"@id":"https:\/\/kosmosacentrs.lv\/vidusskola\/#breadcrumb"},"inLanguage":"en-US","potentialAction":[{"@type":"ReadAction","target":["https:\/\/kosmosacentrs.lv\/vidusskola\/"]}]},{"@type":"BreadcrumbList","@id":"https:\/\/kosmosacentrs.lv\/vidusskola\/#breadcrumb","itemListElement":[{"@type":"ListItem","position":1,"name":"Home","item":"https:\/\/kosmosacentrs.lv\/sample-page\/"},{"@type":"ListItem","position":2,"name":"Vidusskola"}]},{"@type":"WebSite","@id":"https:\/\/kosmosacentrs.lv\/#website","url":"https:\/\/kosmosacentrs.lv\/","name":"Kosmosa izzi\u0146as centrs","description":"KIC.LV","publisher":{"@id":"https:\/\/kosmosacentrs.lv\/#organization"},"potentialAction":[{"@type":"SearchAction","target":{"@type":"EntryPoint","urlTemplate":"https:\/\/kosmosacentrs.lv\/?s={search_term_string}"},"query-input":"required name=search_term_string"}],"inLanguage":"en-US"},{"@type":"Organization","@id":"https:\/\/kosmosacentrs.lv\/#organization","name":"Kosmosa izzi\u0146as centrs","url":"https:\/\/kosmosacentrs.lv\/","logo":{"@type":"ImageObject","inLanguage":"en-US","@id":"https:\/\/kosmosacentrs.lv\/#\/schema\/logo\/image\/","url":"https:\/\/kosmosacentrs.lv\/wp-content\/uploads\/logo.svg","contentUrl":"https:\/\/kosmosacentrs.lv\/wp-content\/uploads\/logo.svg","width":997,"height":712,"caption":"Kosmosa izzi\u0146as centrs"},"image":{"@id":"https:\/\/kosmosacentrs.lv\/#\/schema\/logo\/image\/"},"sameAs":["https:\/\/www.facebook.com\/Kosmosaizzinascentrs\/"]}]}},"_links":{"self":[{"href":"https:\/\/kosmosacentrs.lv\/en\/wp-json\/wp\/v2\/pages\/7651","targetHints":{"allow":["GET"]}}],"collection":[{"href":"https:\/\/kosmosacentrs.lv\/en\/wp-json\/wp\/v2\/pages"}],"about":[{"href":"https:\/\/kosmosacentrs.lv\/en\/wp-json\/wp\/v2\/types\/page"}],"author":[{"embeddable":true,"href":"https:\/\/kosmosacentrs.lv\/en\/wp-json\/wp\/v2\/users\/7"}],"replies":[{"embeddable":true,"href":"https:\/\/kosmosacentrs.lv\/en\/wp-json\/wp\/v2\/comments?post=7651"}],"version-history":[{"count":18,"href":"https:\/\/kosmosacentrs.lv\/en\/wp-json\/wp\/v2\/pages\/7651\/revisions"}],"predecessor-version":[{"id":7719,"href":"https:\/\/kosmosacentrs.lv\/en\/wp-json\/wp\/v2\/pages\/7651\/revisions\/7719"}],"wp:attachment":[{"href":"https:\/\/kosmosacentrs.lv\/en\/wp-json\/wp\/v2\/media?parent=7651"}],"curies":[{"name":"wp","href":"https:\/\/api.w.org\/{rel}","templated":true}]}}