{"id":12683,"date":"2025-02-28T14:50:30","date_gmt":"2025-02-28T11:50:30","guid":{"rendered":"https:\/\/kosmosacentrs.lv\/?page_id=12683"},"modified":"2026-03-02T17:01:12","modified_gmt":"2026-03-02T14:01:12","slug":"stem-diena","status":"publish","type":"page","link":"https:\/\/kosmosacentrs.lv\/et\/stem-diena\/","title":{"rendered":"STEM diena"},"content":{"rendered":"\t\t<div data-elementor-type=\"wp-page\" data-elementor-id=\"12683\" class=\"elementor elementor-12683\">\n\t\t\t\t<div class=\"elementor-element elementor-element-ac60a69 e-flex e-con-boxed e-con e-parent\" data-id=\"ac60a69\" data-element_type=\"container\" data-e-type=\"container\" data-settings=\"{&quot;background_background&quot;:&quot;classic&quot;}\">\n\t\t\t\t\t<div class=\"e-con-inner\">\n\t\t\t\t<div class=\"elementor-element elementor-element-561d871 elementor-widget__width-initial elementor-invisible elementor-widget elementor-widget-image\" data-id=\"561d871\" data-element_type=\"widget\" data-e-type=\"widget\" data-settings=\"{&quot;_animation&quot;:&quot;rollIn&quot;}\" data-widget_type=\"image.default\">\n\t\t\t\t<div class=\"elementor-widget-container\">\n\t\t\t\t\t\t\t\t\t\t\t\t\t\t\t<img fetchpriority=\"high\" decoding=\"async\" width=\"640\" height=\"905\" src=\"https:\/\/kosmosacentrs.lv\/wp-content\/uploads\/STEM-dienas-2-724x1024.jpg\" class=\"attachment-large size-large wp-image-14290\" alt=\"\" srcset=\"https:\/\/kosmosacentrs.lv\/wp-content\/uploads\/STEM-dienas-2-724x1024.jpg 724w, https:\/\/kosmosacentrs.lv\/wp-content\/uploads\/STEM-dienas-2-212x300.jpg 212w, https:\/\/kosmosacentrs.lv\/wp-content\/uploads\/STEM-dienas-2-768x1086.jpg 768w, https:\/\/kosmosacentrs.lv\/wp-content\/uploads\/STEM-dienas-2-1086x1536.jpg 1086w, https:\/\/kosmosacentrs.lv\/wp-content\/uploads\/STEM-dienas-2-1448x2048.jpg 1448w, https:\/\/kosmosacentrs.lv\/wp-content\/uploads\/STEM-dienas-2-scaled.jpg 1810w\" sizes=\"(max-width: 640px) 100vw, 640px\" \/>\t\t\t\t\t\t\t\t\t\t\t\t\t\t\t<\/div>\n\t\t\t\t<\/div>\n\t\t<div class=\"elementor-element elementor-element-1252ff5 e-con-full e-flex e-con e-parent\" data-id=\"1252ff5\" data-element_type=\"container\" data-e-type=\"container\">\n\t\t\t\t<div class=\"elementor-element elementor-element-aeb14bd elementor-widget__width-initial elementor-invisible elementor-widget elementor-widget-text-editor\" data-id=\"aeb14bd\" data-element_type=\"widget\" data-e-type=\"widget\" data-settings=\"{&quot;_animation&quot;:&quot;fadeInRight&quot;}\" data-widget_type=\"text-editor.default\">\n\t\t\t\t<div class=\"elementor-widget-container\">\n\t\t\t\t\t\t\t\t\t<h2 style=\"text-align: left;\"><br><\/h2><h2 style=\"text-align: left;\">STEM DIENA <br>23. MART\u0100 C\u0112S\u012aS<\/h2>\n<p class=\"p1\">STEM dienas ir izgl\u012btojo\u0161s un iedvesmojo\u0161s pas\u0101kums, kas veicina skol\u0113nu interesi un kompetenci zin\u0101tnes, tehnolo\u0123iju, in\u017eenierzin\u0101t\u0146u un matem\u0101tikas (STEM) jom\u0101s. Pas\u0101kuma m\u0113r\u0137is ir motiv\u0113t jaunie\u0161us izp\u0113t\u012bt un rad\u012bt inovat\u012bvus risin\u0101jumus, att\u012bstot vi\u0146u rado\u0161o un kritisko dom\u0101\u0161anu, probl\u0113mu risin\u0101\u0161anas prasmes un sadarb\u012bbu komand\u0101s.<\/p>\n<p class=\"p1\">Dal\u012bbniekiem tiek pied\u0101v\u0101ti izaicino\u0161i un izgl\u012btojo\u0161i uzdevumi, kas pal\u012bdz pilnveidot tehnisk\u0101s zin\u0101\u0161anas un prasmes, k\u0101 ar\u012b sniedz iesp\u0113ju praktiski iepaz\u012bt in\u017eeniertehnisk\u0101s profesijas.<\/p>\n<p class=\"p1\">\u0160is pas\u0101kums ne tikai veicina jaunie\u0161u interesi par STEM jom\u0101m, bet ar\u012b sniedz vi\u0146iem iesp\u0113ju praktiski pielietot ieg\u016bt\u0101s zin\u0101\u0161anas un att\u012bst\u012bt b\u016btiskas prasmes n\u0101kotnes profesij\u0101m.<\/p>\t\t\t\t\t\t\t\t<\/div>\n\t\t\t\t<\/div>\n\t\t\t\t<\/div>\n\t\t\t\t\t<\/div>\n\t\t\t\t<\/div>\n\t\t<div class=\"elementor-element elementor-element-57cd0d1 e-flex e-con-boxed e-con e-parent\" data-id=\"57cd0d1\" data-element_type=\"container\" data-e-type=\"container\">\n\t\t\t\t\t<div class=\"e-con-inner\">\n\t\t\t\t\t<\/div>\n\t\t\t\t<\/div>\n\t\t<div class=\"elementor-element elementor-element-7983b1c e-flex e-con-boxed e-con e-parent\" data-id=\"7983b1c\" data-element_type=\"container\" data-e-type=\"container\">\n\t\t\t\t\t<div class=\"e-con-inner\">\n\t\t<div class=\"elementor-element elementor-element-82254cd e-con-full e-flex e-con e-parent\" data-id=\"82254cd\" data-element_type=\"container\" data-e-type=\"container\">\n\t\t\t\t<div class=\"elementor-element elementor-element-a98e16f elementor-widget__width-initial elementor-widget elementor-widget-image\" data-id=\"a98e16f\" data-element_type=\"widget\" data-e-type=\"widget\" data-widget_type=\"image.default\">\n\t\t\t\t<div class=\"elementor-widget-container\">\n\t\t\t\t\t\t\t\t\t\t\t\t\t\t\t<img decoding=\"async\" width=\"640\" height=\"428\" src=\"https:\/\/kosmosacentrs.lv\/wp-content\/uploads\/IMG_4682_2-scaled-e1740746136895-1024x685.jpg\" class=\"attachment-large size-large wp-image-12703\" alt=\"\" srcset=\"https:\/\/kosmosacentrs.lv\/wp-content\/uploads\/IMG_4682_2-scaled-e1740746136895-1024x685.jpg 1024w, https:\/\/kosmosacentrs.lv\/wp-content\/uploads\/IMG_4682_2-scaled-e1740746136895-300x201.jpg 300w, https:\/\/kosmosacentrs.lv\/wp-content\/uploads\/IMG_4682_2-scaled-e1740746136895-768x514.jpg 768w, https:\/\/kosmosacentrs.lv\/wp-content\/uploads\/IMG_4682_2-scaled-e1740746136895-1536x1027.jpg 1536w, https:\/\/kosmosacentrs.lv\/wp-content\/uploads\/IMG_4682_2-scaled-e1740746136895.jpg 1920w\" sizes=\"(max-width: 640px) 100vw, 640px\" \/>\t\t\t\t\t\t\t\t\t\t\t\t\t\t\t<\/div>\n\t\t\t\t<\/div>\n\t\t\t\t<\/div>\n\t\t<div class=\"elementor-element elementor-element-90a116e e-con-full e-flex e-con e-parent\" data-id=\"90a116e\" data-element_type=\"container\" data-e-type=\"container\">\n\t\t\t\t<div class=\"elementor-element elementor-element-2009c87 elementor-widget elementor-widget-text-editor\" data-id=\"2009c87\" data-element_type=\"widget\" data-e-type=\"widget\" data-widget_type=\"text-editor.default\">\n\t\t\t\t<div class=\"elementor-widget-container\">\n\t\t\t\t\t\t\t\t\t<p><span style=\"font-size: 24pt;\"><strong>Discipl\u012bnas:<\/strong><\/span><\/p><p>&#8211; Sumo roboti<\/p><p>&#8211; Dronu sacens\u012bbas<\/p><p>&#8211; Koka auto mode\u013cu \u0101truma sacens\u012bbas<\/p><p>&#8211; Ku\u0123u mode\u013cu sacens\u012bbas<\/p><p>&#8211; Buru laivu mode\u013cu sacens\u012bbas<\/p><p>&#8211; Radio vad\u0101mo auto mode\u013cu sacens\u012bbas<\/p><p>&#8211; Br\u012bv\u0101s discipl\u012bnas (bez iepriek\u0161\u0113jas sagatavo\u0161an\u0101s un pieteik\u0161an\u0101s)<\/p>\t\t\t\t\t\t\t\t<\/div>\n\t\t\t\t<\/div>\n\t\t\t\t<\/div>\n\t\t\t\t\t<\/div>\n\t\t\t\t<\/div>\n\t\t<div class=\"elementor-element elementor-element-91a9362 e-flex e-con-boxed e-con e-parent\" data-id=\"91a9362\" data-element_type=\"container\" data-e-type=\"container\">\n\t\t\t\t\t<div class=\"e-con-inner\">\n\t\t\t\t<div class=\"elementor-element elementor-element-5504653 elementor-align-center elementor-button-info elementor-widget__width-initial elementor-widget elementor-widget-button\" data-id=\"5504653\" data-element_type=\"widget\" data-e-type=\"widget\" data-widget_type=\"button.default\">\n\t\t\t\t<div class=\"elementor-widget-container\">\n\t\t\t\t\t\t\t\t\t<div class=\"elementor-button-wrapper\">\n\t\t\t\t\t<a class=\"elementor-button elementor-button-link elementor-size-md\" href=\"https:\/\/drive.google.com\/file\/d\/1TtbfufG-IvM2VJ2J24IyMjygGKiFewdt\/view?usp=sharing\">\n\t\t\t\t\t\t<span class=\"elementor-button-content-wrapper\">\n\t\t\t\t\t\t\t\t\t<span class=\"elementor-button-text\">STEM DIENAS NOLIKUMS<\/span>\n\t\t\t\t\t<\/span>\n\t\t\t\t\t<\/a>\n\t\t\t\t<\/div>\n\t\t\t\t\t\t\t\t<\/div>\n\t\t\t\t<\/div>\n\t\t\t\t<div class=\"elementor-element elementor-element-6ed77ad elementor-widget-divider--view-line elementor-widget elementor-widget-divider\" data-id=\"6ed77ad\" data-element_type=\"widget\" data-e-type=\"widget\" data-widget_type=\"divider.default\">\n\t\t\t\t<div class=\"elementor-widget-container\">\n\t\t\t\t\t\t\t<div class=\"elementor-divider\">\n\t\t\t<span class=\"elementor-divider-separator\">\n\t\t\t\t\t\t<\/span>\n\t\t<\/div>\n\t\t\t\t\t\t<\/div>\n\t\t\t\t<\/div>\n\t\t\t\t\t<\/div>\n\t\t\t\t<\/div>\n\t\t<div class=\"elementor-element elementor-element-9df057b e-flex e-con-boxed e-con e-parent\" data-id=\"9df057b\" data-element_type=\"container\" data-e-type=\"container\">\n\t\t\t\t\t<div class=\"e-con-inner\">\n\t\t\t\t<div class=\"elementor-element elementor-element-425850c elementor-widget elementor-widget-heading\" data-id=\"425850c\" data-element_type=\"widget\" data-e-type=\"widget\" data-widget_type=\"heading.default\">\n\t\t\t\t<div class=\"elementor-widget-container\">\n\t\t\t\t\t<h2 class=\"elementor-heading-title elementor-size-large\">Kontaktinform\u0101cija<\/h2>\t\t\t\t<\/div>\n\t\t\t\t<\/div>\n\t\t\t\t<div class=\"elementor-element elementor-element-83b3df2 elementor-widget elementor-widget-text-editor\" data-id=\"83b3df2\" data-element_type=\"widget\" data-e-type=\"widget\" data-widget_type=\"text-editor.default\">\n\t\t\t\t<div class=\"elementor-widget-container\">\n\t\t\t\t\t\t\t\t\t<p><span style=\"font-weight: 400;\">Simona \u0160midte (Kosmosa izzi\u0146as centrs) &#8211; 25663933<\/span><\/p><p><span style=\"font-weight: 400;\">Agija Veinberga (C\u0113su B\u0113rnu un jaunie\u0161u centrs) \u2013 28684739<\/span><\/p>\t\t\t\t\t\t\t\t<\/div>\n\t\t\t\t<\/div>\n\t\t\t\t\t<\/div>\n\t\t\t\t<\/div>\n\t\t<div class=\"elementor-element elementor-element-4da31ae e-flex e-con-boxed e-con e-parent\" data-id=\"4da31ae\" data-element_type=\"container\" data-e-type=\"container\">\n\t\t\t\t\t<div class=\"e-con-inner\">\n\t\t\t\t<div class=\"elementor-element elementor-element-9da369e elementor-widget elementor-widget-spacer\" data-id=\"9da369e\" data-element_type=\"widget\" data-e-type=\"widget\" data-widget_type=\"spacer.default\">\n\t\t\t\t<div class=\"elementor-widget-container\">\n\t\t\t\t\t\t\t<div class=\"elementor-spacer\">\n\t\t\t<div class=\"elementor-spacer-inner\"><\/div>\n\t\t<\/div>\n\t\t\t\t\t\t<\/div>\n\t\t\t\t<\/div>\n\t\t\t\t<div class=\"elementor-element elementor-element-a13e07d elementor-widget__width-initial elementor-widget elementor-widget-image\" data-id=\"a13e07d\" data-element_type=\"widget\" data-e-type=\"widget\" data-widget_type=\"image.default\">\n\t\t\t\t<div class=\"elementor-widget-container\">\n\t\t\t\t\t\t\t\t\t\t\t\t\t\t\t<img decoding=\"async\" width=\"640\" height=\"640\" src=\"https:\/\/kosmosacentrs.lv\/wp-content\/uploads\/KOSMOSA-IZZINAS-CENTRS-logo-balts-5-1024x1024.png\" class=\"attachment-large size-large wp-image-12722\" alt=\"\" srcset=\"https:\/\/kosmosacentrs.lv\/wp-content\/uploads\/KOSMOSA-IZZINAS-CENTRS-logo-balts-5-1024x1024.png 1024w, https:\/\/kosmosacentrs.lv\/wp-content\/uploads\/KOSMOSA-IZZINAS-CENTRS-logo-balts-5-300x300.png 300w, https:\/\/kosmosacentrs.lv\/wp-content\/uploads\/KOSMOSA-IZZINAS-CENTRS-logo-balts-5-150x150.png 150w, https:\/\/kosmosacentrs.lv\/wp-content\/uploads\/KOSMOSA-IZZINAS-CENTRS-logo-balts-5-768x768.png 768w, https:\/\/kosmosacentrs.lv\/wp-content\/uploads\/KOSMOSA-IZZINAS-CENTRS-logo-balts-5-1536x1536.png 1536w, https:\/\/kosmosacentrs.lv\/wp-content\/uploads\/KOSMOSA-IZZINAS-CENTRS-logo-balts-5-2048x2048.png 2048w\" sizes=\"(max-width: 640px) 100vw, 640px\" \/>\t\t\t\t\t\t\t\t\t\t\t\t\t\t\t<\/div>\n\t\t\t\t<\/div>\n\t\t\t\t<div class=\"elementor-element elementor-element-a683837 elementor-widget__width-initial elementor-widget elementor-widget-image\" data-id=\"a683837\" data-element_type=\"widget\" data-e-type=\"widget\" data-widget_type=\"image.default\">\n\t\t\t\t<div class=\"elementor-widget-container\">\n\t\t\t\t\t\t\t\t\t\t\t\t\t\t\t<img loading=\"lazy\" decoding=\"async\" width=\"640\" height=\"133\" src=\"https:\/\/kosmosacentrs.lv\/wp-content\/uploads\/CBJC-white-1024x213.png\" class=\"attachment-large size-large wp-image-12732\" alt=\"\" srcset=\"https:\/\/kosmosacentrs.lv\/wp-content\/uploads\/CBJC-white-1024x213.png 1024w, https:\/\/kosmosacentrs.lv\/wp-content\/uploads\/CBJC-white-300x62.png 300w, https:\/\/kosmosacentrs.lv\/wp-content\/uploads\/CBJC-white-768x159.png 768w, https:\/\/kosmosacentrs.lv\/wp-content\/uploads\/CBJC-white.png 1296w\" sizes=\"(max-width: 640px) 100vw, 640px\" \/>\t\t\t\t\t\t\t\t\t\t\t\t\t\t\t<\/div>\n\t\t\t\t<\/div>\n\t\t\t\t\t<\/div>\n\t\t\t\t<\/div>\n\t\t\t\t<\/div>\n\t\t","protected":false},"excerpt":{"rendered":"<p>STEM DIENA 23. MART\u0100 C\u0112S\u012aS STEM dienas ir izgl\u012btojo\u0161s un iedvesmojo\u0161s pas\u0101kums, kas veicina skol\u0113nu interesi un kompetenci zin\u0101tnes, tehnolo\u0123iju, in\u017eenierzin\u0101t\u0146u un matem\u0101tikas (STEM) jom\u0101s. Pas\u0101kuma m\u0113r\u0137is ir motiv\u0113t jaunie\u0161us izp\u0113t\u012bt un rad\u012bt inovat\u012bvus risin\u0101jumus, att\u012bstot vi\u0146u rado\u0161o un kritisko dom\u0101\u0161anu, probl\u0113mu risin\u0101\u0161anas prasmes un sadarb\u012bbu komand\u0101s. Dal\u012bbniekiem tiek pied\u0101v\u0101ti izaicino\u0161i un izgl\u012btojo\u0161i uzdevumi, kas [&hellip;]<\/p>\n","protected":false},"author":7,"featured_media":0,"parent":0,"menu_order":0,"comment_status":"closed","ping_status":"closed","template":"","meta":{"inline_featured_image":false,"footnotes":""},"class_list":["post-12683","page","type-page","status-publish","hentry"],"yoast_head":"<!-- This site is optimized with the Yoast SEO plugin v20.4 - https:\/\/yoast.com\/wordpress\/plugins\/seo\/ -->\n<title>STEM diena - Kosmosa izzi\u0146as centrs<\/title>\n<meta name=\"description\" content=\"STEM diena pier\u0101da, ka zin\u0101tne un tehnolo\u0123ijas nav sare\u017e\u0123\u012btas \u2013 t\u0101s ir interesantas, praktiskas un ikvienam saprotamas. \u2728\" \/>\n<meta name=\"robots\" content=\"index, follow, max-snippet:-1, max-image-preview:large, max-video-preview:-1\" \/>\n<link rel=\"canonical\" href=\"https:\/\/kosmosacentrs.lv\/stem-diena\/\" \/>\n<meta property=\"og:locale\" content=\"et_EE\" \/>\n<meta property=\"og:type\" content=\"article\" \/>\n<meta property=\"og:title\" content=\"STEM diena - Kosmosa izzi\u0146as centrs\" \/>\n<meta property=\"og:description\" content=\"STEM diena pier\u0101da, ka zin\u0101tne un tehnolo\u0123ijas nav sare\u017e\u0123\u012btas \u2013 t\u0101s ir interesantas, praktiskas un ikvienam saprotamas. \u2728\" \/>\n<meta property=\"og:url\" content=\"https:\/\/kosmosacentrs.lv\/stem-diena\/\" \/>\n<meta property=\"og:site_name\" content=\"Kosmosa izzi\u0146as centrs\" \/>\n<meta property=\"article:publisher\" content=\"https:\/\/www.facebook.com\/Kosmosaizzinascentrs\/\" \/>\n<meta property=\"article:modified_time\" content=\"2026-03-02T14:01:12+00:00\" \/>\n<meta property=\"og:image\" content=\"https:\/\/kosmosacentrs.lv\/wp-content\/uploads\/STEM-dienas-2-724x1024.jpg\" \/>\n<meta name=\"twitter:card\" content=\"summary_large_image\" \/>\n<meta name=\"twitter:label1\" content=\"Est. reading time\" \/>\n\t<meta name=\"twitter:data1\" content=\"2 minutit\" \/>\n<script type=\"application\/ld+json\" class=\"yoast-schema-graph\">{\"@context\":\"https:\/\/schema.org\",\"@graph\":[{\"@type\":\"WebPage\",\"@id\":\"https:\/\/kosmosacentrs.lv\/stem-diena\/\",\"url\":\"https:\/\/kosmosacentrs.lv\/stem-diena\/\",\"name\":\"STEM diena - Kosmosa izzi\u0146as centrs\",\"isPartOf\":{\"@id\":\"https:\/\/kosmosacentrs.lv\/#website\"},\"datePublished\":\"2025-02-28T11:50:30+00:00\",\"dateModified\":\"2026-03-02T14:01:12+00:00\",\"description\":\"STEM diena pier\u0101da, ka zin\u0101tne un tehnolo\u0123ijas nav sare\u017e\u0123\u012btas \u2013 t\u0101s ir interesantas, praktiskas un ikvienam saprotamas. \u2728\",\"breadcrumb\":{\"@id\":\"https:\/\/kosmosacentrs.lv\/stem-diena\/#breadcrumb\"},\"inLanguage\":\"et\",\"potentialAction\":[{\"@type\":\"ReadAction\",\"target\":[\"https:\/\/kosmosacentrs.lv\/stem-diena\/\"]}]},{\"@type\":\"BreadcrumbList\",\"@id\":\"https:\/\/kosmosacentrs.lv\/stem-diena\/#breadcrumb\",\"itemListElement\":[{\"@type\":\"ListItem\",\"position\":1,\"name\":\"Home\",\"item\":\"https:\/\/kosmosacentrs.lv\/sample-page\/\"},{\"@type\":\"ListItem\",\"position\":2,\"name\":\"STEM diena\"}]},{\"@type\":\"WebSite\",\"@id\":\"https:\/\/kosmosacentrs.lv\/#website\",\"url\":\"https:\/\/kosmosacentrs.lv\/\",\"name\":\"Kosmosa izzi\u0146as centrs\",\"description\":\"KIC.LV\",\"publisher\":{\"@id\":\"https:\/\/kosmosacentrs.lv\/#organization\"},\"potentialAction\":[{\"@type\":\"SearchAction\",\"target\":{\"@type\":\"EntryPoint\",\"urlTemplate\":\"https:\/\/kosmosacentrs.lv\/?s={search_term_string}\"},\"query-input\":\"required name=search_term_string\"}],\"inLanguage\":\"et\"},{\"@type\":\"Organization\",\"@id\":\"https:\/\/kosmosacentrs.lv\/#organization\",\"name\":\"Kosmosa izzi\u0146as centrs\",\"url\":\"https:\/\/kosmosacentrs.lv\/\",\"logo\":{\"@type\":\"ImageObject\",\"inLanguage\":\"et\",\"@id\":\"https:\/\/kosmosacentrs.lv\/#\/schema\/logo\/image\/\",\"url\":\"https:\/\/kosmosacentrs.lv\/wp-content\/uploads\/logo.svg\",\"contentUrl\":\"https:\/\/kosmosacentrs.lv\/wp-content\/uploads\/logo.svg\",\"width\":997,\"height\":712,\"caption\":\"Kosmosa izzi\u0146as centrs\"},\"image\":{\"@id\":\"https:\/\/kosmosacentrs.lv\/#\/schema\/logo\/image\/\"},\"sameAs\":[\"https:\/\/www.facebook.com\/Kosmosaizzinascentrs\/\"]}]}<\/script>\n<!-- \/ Yoast SEO plugin. -->","yoast_head_json":{"title":"STEM diena - Kosmosa izzi\u0146as centrs","description":"STEM diena pier\u0101da, ka zin\u0101tne un tehnolo\u0123ijas nav sare\u017e\u0123\u012btas \u2013 t\u0101s ir interesantas, praktiskas un ikvienam saprotamas. \u2728","robots":{"index":"index","follow":"follow","max-snippet":"max-snippet:-1","max-image-preview":"max-image-preview:large","max-video-preview":"max-video-preview:-1"},"canonical":"https:\/\/kosmosacentrs.lv\/stem-diena\/","og_locale":"et_EE","og_type":"article","og_title":"STEM diena - Kosmosa izzi\u0146as centrs","og_description":"STEM diena pier\u0101da, ka zin\u0101tne un tehnolo\u0123ijas nav sare\u017e\u0123\u012btas \u2013 t\u0101s ir interesantas, praktiskas un ikvienam saprotamas. \u2728","og_url":"https:\/\/kosmosacentrs.lv\/stem-diena\/","og_site_name":"Kosmosa izzi\u0146as centrs","article_publisher":"https:\/\/www.facebook.com\/Kosmosaizzinascentrs\/","article_modified_time":"2026-03-02T14:01:12+00:00","og_image":[{"url":"https:\/\/kosmosacentrs.lv\/wp-content\/uploads\/STEM-dienas-2-724x1024.jpg"}],"twitter_card":"summary_large_image","twitter_misc":{"Est. reading time":"2 minutit"},"schema":{"@context":"https:\/\/schema.org","@graph":[{"@type":"WebPage","@id":"https:\/\/kosmosacentrs.lv\/stem-diena\/","url":"https:\/\/kosmosacentrs.lv\/stem-diena\/","name":"STEM diena - Kosmosa izzi\u0146as centrs","isPartOf":{"@id":"https:\/\/kosmosacentrs.lv\/#website"},"datePublished":"2025-02-28T11:50:30+00:00","dateModified":"2026-03-02T14:01:12+00:00","description":"STEM diena pier\u0101da, ka zin\u0101tne un tehnolo\u0123ijas nav sare\u017e\u0123\u012btas \u2013 t\u0101s ir interesantas, praktiskas un ikvienam saprotamas. \u2728","breadcrumb":{"@id":"https:\/\/kosmosacentrs.lv\/stem-diena\/#breadcrumb"},"inLanguage":"et","potentialAction":[{"@type":"ReadAction","target":["https:\/\/kosmosacentrs.lv\/stem-diena\/"]}]},{"@type":"BreadcrumbList","@id":"https:\/\/kosmosacentrs.lv\/stem-diena\/#breadcrumb","itemListElement":[{"@type":"ListItem","position":1,"name":"Home","item":"https:\/\/kosmosacentrs.lv\/sample-page\/"},{"@type":"ListItem","position":2,"name":"STEM diena"}]},{"@type":"WebSite","@id":"https:\/\/kosmosacentrs.lv\/#website","url":"https:\/\/kosmosacentrs.lv\/","name":"Kosmosa izzi\u0146as centrs","description":"KIC.LV","publisher":{"@id":"https:\/\/kosmosacentrs.lv\/#organization"},"potentialAction":[{"@type":"SearchAction","target":{"@type":"EntryPoint","urlTemplate":"https:\/\/kosmosacentrs.lv\/?s={search_term_string}"},"query-input":"required name=search_term_string"}],"inLanguage":"et"},{"@type":"Organization","@id":"https:\/\/kosmosacentrs.lv\/#organization","name":"Kosmosa izzi\u0146as centrs","url":"https:\/\/kosmosacentrs.lv\/","logo":{"@type":"ImageObject","inLanguage":"et","@id":"https:\/\/kosmosacentrs.lv\/#\/schema\/logo\/image\/","url":"https:\/\/kosmosacentrs.lv\/wp-content\/uploads\/logo.svg","contentUrl":"https:\/\/kosmosacentrs.lv\/wp-content\/uploads\/logo.svg","width":997,"height":712,"caption":"Kosmosa izzi\u0146as centrs"},"image":{"@id":"https:\/\/kosmosacentrs.lv\/#\/schema\/logo\/image\/"},"sameAs":["https:\/\/www.facebook.com\/Kosmosaizzinascentrs\/"]}]}},"_links":{"self":[{"href":"https:\/\/kosmosacentrs.lv\/et\/wp-json\/wp\/v2\/pages\/12683","targetHints":{"allow":["GET"]}}],"collection":[{"href":"https:\/\/kosmosacentrs.lv\/et\/wp-json\/wp\/v2\/pages"}],"about":[{"href":"https:\/\/kosmosacentrs.lv\/et\/wp-json\/wp\/v2\/types\/page"}],"author":[{"embeddable":true,"href":"https:\/\/kosmosacentrs.lv\/et\/wp-json\/wp\/v2\/users\/7"}],"replies":[{"embeddable":true,"href":"https:\/\/kosmosacentrs.lv\/et\/wp-json\/wp\/v2\/comments?post=12683"}],"version-history":[{"count":190,"href":"https:\/\/kosmosacentrs.lv\/et\/wp-json\/wp\/v2\/pages\/12683\/revisions"}],"predecessor-version":[{"id":14519,"href":"https:\/\/kosmosacentrs.lv\/et\/wp-json\/wp\/v2\/pages\/12683\/revisions\/14519"}],"wp:attachment":[{"href":"https:\/\/kosmosacentrs.lv\/et\/wp-json\/wp\/v2\/media?parent=12683"}],"curies":[{"name":"wp","href":"https:\/\/api.w.org\/{rel}","templated":true}]}}