{"id":4522,"date":"2023-12-13T17:50:56","date_gmt":"2023-12-13T14:50:56","guid":{"rendered":"https:\/\/kosmosacentrs.lv\/?page_id=4522"},"modified":"2024-07-11T13:02:24","modified_gmt":"2024-07-11T10:02:24","slug":"cesu-novada-skolas","status":"publish","type":"page","link":"https:\/\/kosmosacentrs.lv\/et\/cesu-novada-skolas\/","title":{"rendered":"C\u0113su novada izgl\u012bt\u012bbas iest\u0101des"},"content":{"rendered":"\t\t<div data-elementor-type=\"wp-page\" data-elementor-id=\"4522\" class=\"elementor elementor-4522\">\n\t\t\t\t<div class=\"elementor-element elementor-element-ac60a69 e-flex e-con-boxed e-con e-parent\" data-id=\"ac60a69\" data-element_type=\"container\" data-e-type=\"container\" data-settings=\"{&quot;background_background&quot;:&quot;classic&quot;}\">\n\t\t\t\t\t<div class=\"e-con-inner\">\n\t\t\t\t<div class=\"elementor-element elementor-element-561d871 elementor-widget__width-initial elementor-invisible elementor-widget elementor-widget-image\" data-id=\"561d871\" data-element_type=\"widget\" data-e-type=\"widget\" data-settings=\"{&quot;_animation&quot;:&quot;rollIn&quot;}\" data-widget_type=\"image.default\">\n\t\t\t\t<div class=\"elementor-widget-container\">\n\t\t\t\t\t\t\t\t\t\t\t\t\t\t\t<img fetchpriority=\"high\" decoding=\"async\" width=\"640\" height=\"604\" src=\"https:\/\/kosmosacentrs.lv\/wp-content\/uploads\/single_event_school_1.svg\" class=\"attachment-large size-large wp-image-1094\" alt=\"\" \/>\t\t\t\t\t\t\t\t\t\t\t\t\t\t\t<\/div>\n\t\t\t\t<\/div>\n\t\t<div class=\"elementor-element elementor-element-1252ff5 e-con-full e-flex e-con e-parent\" data-id=\"1252ff5\" data-element_type=\"container\" data-e-type=\"container\">\n\t\t\t\t<div class=\"elementor-element elementor-element-aeb14bd elementor-widget__width-initial elementor-invisible elementor-widget elementor-widget-text-editor\" data-id=\"aeb14bd\" data-element_type=\"widget\" data-e-type=\"widget\" data-settings=\"{&quot;_animation&quot;:&quot;fadeInRight&quot;}\" data-widget_type=\"text-editor.default\">\n\t\t\t\t<div class=\"elementor-widget-container\">\n\t\t\t\t\t\t\t\t\t<h2 style=\"text-align: left;\">Pied\u0101v\u0101jums C\u0113su novada izgl\u012bt\u012bbas iest\u0101d\u0113m<\/h2><p>Kosmosa izzi\u0146as centra pamatm\u0113r\u0137is ir veicin\u0101t skol\u0113nu interesi par dabaszin\u0101t\u0146u, tehnolo\u0123iju, in\u017eenierzin\u0101t\u0146u,\u00a0 matem\u0101tikas jom\u0101m un sekm\u0113t v\u0113lmi saist\u012bt savu n\u0101kotni ar kosmosa industriju. Kosmosa izzi\u0146as centra izstr\u0101d\u0101tais saturs nor\u0101da uz &#8220;kosmosu&#8221; k\u0101 uzrun\u0101jo\u0161o tematu, kas var veidot p\u0101rnesi no aktivit\u0101t\u0113m Kosmosa izzi\u0146as centr\u0101 uz m\u0101c\u012bbu priek\u0161met\u0101 apg\u016bstamaj\u0101m zin\u0101\u0161an\u0101m un prasm\u0113m. M\u016bsu pied\u0101v\u0101tais izgl\u012btojo\u0161ais saturs ir veidots caurskatot pilnveidoto m\u0101c\u012bbu saturu un taj\u0101 izvirz\u012btos sasniedzamos rezult\u0101tus jom\u0101s.<\/p>\t\t\t\t\t\t\t\t<\/div>\n\t\t\t\t<\/div>\n\t\t\t\t<\/div>\n\t\t\t\t\t<\/div>\n\t\t\t\t<\/div>\n\t\t<div class=\"elementor-element elementor-element-9d87133 e-flex e-con-boxed e-con e-parent\" data-id=\"9d87133\" data-element_type=\"container\" data-e-type=\"container\">\n\t\t\t\t\t<div class=\"e-con-inner\">\n\t\t\t\t<div class=\"elementor-element elementor-element-fff52bc elementor-widget elementor-widget-text-editor\" data-id=\"fff52bc\" data-element_type=\"widget\" data-e-type=\"widget\" data-widget_type=\"text-editor.default\">\n\t\t\t\t<div class=\"elementor-widget-container\">\n\t\t\t\t\t\t\t\t\t<p>Lai dotu iesp\u0113ju centru apmekl\u0113t p\u0113c iesp\u0113jas liel\u0101kam skaitam C\u0113su novada izgl\u012btojo\u0161o iest\u0101\u017eu, 2023. gada 7. decembra C\u0113su novada dom\u0113 tika pie\u0146emts L\u0113mums nr. 650 \u201cpar groz\u012bjumu C\u0113su novada domes 2023. gada 20. j\u016blija l\u0113mum\u0101 Nr. 375 \u201cPar C\u0113su B\u0113rnu un jaunie\u0161u centra maksas pakalpojumu cenr\u0101\u017ea apstiprin\u0101\u0161anu\u201d, k\u0101 ietvaros tika piem\u0113rotas atlaides C\u0113su novada izgl\u012btojo\u0161aj\u0101m iest\u0101d\u0113m.<\/p>\t\t\t\t\t\t\t\t<\/div>\n\t\t\t\t<\/div>\n\t\t\t\t\t<\/div>\n\t\t\t\t<\/div>\n\t\t<div class=\"elementor-element elementor-element-6a1baa8 e-flex e-con-boxed e-con e-parent\" data-id=\"6a1baa8\" data-element_type=\"container\" data-e-type=\"container\">\n\t\t\t\t\t<div class=\"e-con-inner\">\n\t\t\t\t<div class=\"elementor-element elementor-element-2a0b57c elementor-widget elementor-widget-text-editor\" data-id=\"2a0b57c\" data-element_type=\"widget\" data-e-type=\"widget\" data-widget_type=\"text-editor.default\">\n\t\t\t\t<div class=\"elementor-widget-container\">\n\t\t\t\t\t\t\t\t\t<h2>Papildus inform\u0101cija<\/h2><p>Grupu rezerv\u0113\u0161ana iesp\u0113jama: otrdien\u0101s, tre\u0161dien\u0101s, ceturtdien\u0101s, piektdien\u0101s.<\/p><table style=\"border-collapse: collapse; width: 100%;\"><tbody><tr style=\"height: 40px;\"><td style=\"width: 71.6749%;\" colspan=\"2\"><span style=\"font-size: 14pt;\"><strong>\u00a0 \u00a0 1. Klases apmekl\u0113jums (vad\u012bta ekskursija):<\/strong><\/span><\/td><td style=\"width: 28.325%;\">\u00a0<\/td><\/tr><tr style=\"height: 40px;\"><td style=\"width: 54.0344%;\">Skol\u0113nu grupa 10 l\u012bdz 20 (ieskaitot)*<\/td><td style=\"width: 17.6405%;\">120 EUR<\/td><td style=\"width: 28.325%;\">Ilgums &#8211; 2 h<\/td><\/tr><tr style=\"height: 40px;\"><td style=\"width: 54.0344%;\">Skol\u0113nu grupa 21 l\u012bdz 30 (ieskaitot)**<\/td><td style=\"width: 17.6405%;\">180 EUR<\/td><td style=\"width: 28.325%;\">Ilgums &#8211; 2 h<\/td><\/tr><tr style=\"height: 40px;\"><td style=\"width: 71.6749%;\" colspan=\"2\"><span style=\"font-size: 14pt;\"><strong>\u00a0 \u00a0 2. Darbn\u012bca klasei<\/strong><\/span><\/td><td style=\"width: 28.325%;\">\u00a0<\/td><\/tr><tr style=\"height: 40px;\"><td style=\"width: 54.0344%;\">Skol\u0113nu grupa 10 l\u012bdz 20 (ieskaitot)*<\/td><td style=\"width: 17.6405%;\">140 EUR<\/td><td style=\"width: 28.325%;\">Ilgums &#8211; 1 h 30 min<\/td><\/tr><tr style=\"height: 40px;\"><td style=\"width: 54.0344%;\">Skol\u0113nu grupa 21 l\u012bdz 30 (ieskaitot)**<\/td><td style=\"width: 17.6405%;\">210 EUR<\/td><td style=\"width: 28.325%;\">Ilgums &#8211; 1 h 30 min<\/td><\/tr><tr style=\"height: 40px;\"><td style=\"width: 54.0344%;\" colspan=\"2\"><span style=\"font-size: 14pt;\"><strong>\u00a0 \u00a0 3. Darbn\u012bca pirmsskolai<\/strong><\/span><\/td><td style=\"width: 28.325%;\">\u00a0<\/td><\/tr><tr style=\"height: 40px;\"><td style=\"width: 54.0344%;\">Darbn\u012bca no 10 l\u012bdz 20 cilv\u0113kiem**<\/td><td style=\"width: 17.6405%;\">40 EUR<\/td><td style=\"width: 28.325%;\">Ilgums &#8211; 60 min<\/td><\/tr><tr style=\"height: 40px;\"><td style=\"width: 54.0344%;\"><span dir=\"ltr\" role=\"presentation\">Papildus dal\u012bbnieks l\u012bdz 24 cilv\u0113kiem**<\/span><\/td><td style=\"width: 17.6405%;\">2 EUR<\/td><td style=\"width: 28.325%;\">Ilgums &#8211; 60 min<\/td><\/tr><\/tbody><\/table><p><em><span style=\"font-size: 10pt;\">*Diviem skolot\u0101jiem ieeja bez maksas.<\/span><\/em><\/p><p><em><span style=\"font-size: 10pt;\">**Trijiem skolot\u0101jiem ieeja bez maksas.<\/span><\/em><\/p><p>\u00a0<\/p><p><span style=\"color: #33ba15;\"><strong>Vair\u0101k inform\u0101cijas, zvanot pa t\u0101lruni +371 63470014 vai rakstot uz e-pastu skolas@kosmosacentrs.lv<\/strong><\/span><\/p><p><span style=\"color: #33ba15;\"><strong>\u00a0<\/strong><\/span><\/p><p>Pirms vai p\u0113c apmekl\u0113juma ir iesp\u0113ja pa\u0113st siltas pusdienas m\u016bsu centra kafejn\u012bc\u0101 <strong>Orb\u012bta<\/strong>.<\/p><p>Lai pieteiktu pusdien\u0101m un uzzin\u0101tu pusdienu pied\u0101v\u0101jumu l\u016bgums laic\u012bgi sazin\u0101ties ar kafejn\u012bcu pa t\u0101lruni 26394306.<\/p>\t\t\t\t\t\t\t\t<\/div>\n\t\t\t\t<\/div>\n\t\t\t\t\t<\/div>\n\t\t\t\t<\/div>\n\t\t<div class=\"elementor-element elementor-element-fe62e4c e-flex e-con-boxed e-con e-parent\" data-id=\"fe62e4c\" data-element_type=\"container\" data-e-type=\"container\">\n\t\t\t\t\t<div class=\"e-con-inner\">\n\t\t<div class=\"elementor-element elementor-element-d1b34a5 e-con-full e-flex e-con e-parent\" data-id=\"d1b34a5\" data-element_type=\"container\" data-e-type=\"container\">\n\t\t\t\t<div class=\"elementor-element elementor-element-038458f elementor-widget elementor-widget-text-editor\" data-id=\"038458f\" data-element_type=\"widget\" data-e-type=\"widget\" data-widget_type=\"text-editor.default\">\n\t\t\t\t<div class=\"elementor-widget-container\">\n\t\t\t\t\t\t\t\t\t<h2>Darba laiks<\/h2>\t\t\t\t\t\t\t\t<\/div>\n\t\t\t\t<\/div>\n\t\t\t\t<\/div>\n\t\t\t\t\t<\/div>\n\t\t\t\t<\/div>\n\t\t<div class=\"elementor-element elementor-element-fb43b41 e-flex e-con-boxed e-con e-parent\" data-id=\"fb43b41\" data-element_type=\"container\" data-e-type=\"container\">\n\t\t\t\t\t<div class=\"e-con-inner\">\n\t\t<div class=\"elementor-element elementor-element-afc38e4 e-con-full e-flex e-con e-parent\" data-id=\"afc38e4\" data-element_type=\"container\" data-e-type=\"container\">\n\t\t\t\t<div class=\"elementor-element elementor-element-ae86b5d elementor-widget__width-initial elementor-widget elementor-widget-text-editor\" data-id=\"ae86b5d\" data-element_type=\"widget\" data-e-type=\"widget\" data-widget_type=\"text-editor.default\">\n\t\t\t\t<div class=\"elementor-widget-container\">\n\t\t\t\t\t\t\t\t\t<p>P.<\/p><p>SL\u0112GTS<\/p>\t\t\t\t\t\t\t\t<\/div>\n\t\t\t\t<\/div>\n\t\t\t\t<\/div>\n\t\t<div class=\"elementor-element elementor-element-2ec254f e-con-full e-flex e-con e-parent\" data-id=\"2ec254f\" data-element_type=\"container\" data-e-type=\"container\">\n\t\t\t\t<div class=\"elementor-element elementor-element-fc8cb9d elementor-widget__width-initial elementor-widget elementor-widget-text-editor\" data-id=\"fc8cb9d\" data-element_type=\"widget\" data-e-type=\"widget\" data-widget_type=\"text-editor.default\">\n\t\t\t\t<div class=\"elementor-widget-container\">\n\t\t\t\t\t\t\t\t\t<p>O. &#8211; P.<\/p><p>12.00 &#8211; 19.00<\/p>\t\t\t\t\t\t\t\t<\/div>\n\t\t\t\t<\/div>\n\t\t\t\t<\/div>\n\t\t<div class=\"elementor-element elementor-element-54a7b1a e-con-full e-flex e-con e-parent\" data-id=\"54a7b1a\" data-element_type=\"container\" data-e-type=\"container\">\n\t\t\t\t<div class=\"elementor-element elementor-element-db8b581 elementor-widget__width-initial elementor-widget elementor-widget-text-editor\" data-id=\"db8b581\" data-element_type=\"widget\" data-e-type=\"widget\" data-widget_type=\"text-editor.default\">\n\t\t\t\t<div class=\"elementor-widget-container\">\n\t\t\t\t\t\t\t\t\t<p>S.<\/p><p>10.00 &#8211; 20.00<\/p>\t\t\t\t\t\t\t\t<\/div>\n\t\t\t\t<\/div>\n\t\t\t\t<\/div>\n\t\t<div class=\"elementor-element elementor-element-f364df1 e-con-full e-flex e-con e-parent\" data-id=\"f364df1\" data-element_type=\"container\" data-e-type=\"container\">\n\t\t\t\t<div class=\"elementor-element elementor-element-97c56d4 elementor-widget__width-initial elementor-widget elementor-widget-text-editor\" data-id=\"97c56d4\" data-element_type=\"widget\" data-e-type=\"widget\" data-widget_type=\"text-editor.default\">\n\t\t\t\t<div class=\"elementor-widget-container\">\n\t\t\t\t\t\t\t\t\t<p>Sv.<\/p><p>10.00 &#8211; 18.00<\/p>\t\t\t\t\t\t\t\t<\/div>\n\t\t\t\t<\/div>\n\t\t\t\t<\/div>\n\t\t\t\t\t<\/div>\n\t\t\t\t<\/div>\n\t\t<div class=\"elementor-element elementor-element-38a073b e-flex e-con-boxed e-con e-parent\" data-id=\"38a073b\" data-element_type=\"container\" data-e-type=\"container\">\n\t\t\t\t\t<div class=\"e-con-inner\">\n\t\t<div class=\"elementor-element elementor-element-5f5f680 e-flex e-con-boxed e-con e-parent\" data-id=\"5f5f680\" data-element_type=\"container\" data-e-type=\"container\">\n\t\t\t\t\t<div class=\"e-con-inner\">\n\t\t\t\t<div class=\"elementor-element elementor-element-7e6c308 elementor-widget elementor-widget-image\" data-id=\"7e6c308\" data-element_type=\"widget\" data-e-type=\"widget\" data-widget_type=\"image.default\">\n\t\t\t\t<div class=\"elementor-widget-container\">\n\t\t\t\t\t\t\t\t\t\t\t\t\t\t\t<img decoding=\"async\" src=\"https:\/\/kosmosacentrs.lv\/wp-content\/uploads\/elementor\/thumbs\/path14-7-qez0mu4urptu3p9gcg2501ln2g69qwxf9ziu37wkx4.png\" title=\"path14-7\" alt=\"path14-7\" loading=\"lazy\" \/>\t\t\t\t\t\t\t\t\t\t\t\t\t\t\t<\/div>\n\t\t\t\t<\/div>\n\t\t\t\t<div class=\"elementor-element elementor-element-3e9cfc3 elementor-widget elementor-widget-spacer\" data-id=\"3e9cfc3\" data-element_type=\"widget\" data-e-type=\"widget\" data-widget_type=\"spacer.default\">\n\t\t\t\t<div class=\"elementor-widget-container\">\n\t\t\t\t\t\t\t<div class=\"elementor-spacer\">\n\t\t\t<div class=\"elementor-spacer-inner\"><\/div>\n\t\t<\/div>\n\t\t\t\t\t\t<\/div>\n\t\t\t\t<\/div>\n\t\t\t\t<div class=\"elementor-element elementor-element-c8fced1 elementor-widget elementor-widget-image\" data-id=\"c8fced1\" data-element_type=\"widget\" data-e-type=\"widget\" data-widget_type=\"image.default\">\n\t\t\t\t<div class=\"elementor-widget-container\">\n\t\t\t\t\t\t\t\t\t\t\t\t\t\t\t<img decoding=\"async\" src=\"https:\/\/kosmosacentrs.lv\/wp-content\/uploads\/elementor\/thumbs\/path16-qez0mgz441btl5skhadd14x6r1z4r5h6k6e1dcg3c8.png\" title=\"path16\" alt=\"path16\" loading=\"lazy\" \/>\t\t\t\t\t\t\t\t\t\t\t\t\t\t\t<\/div>\n\t\t\t\t<\/div>\n\t\t\t\t<div class=\"elementor-element elementor-element-696e493 elementor-widget elementor-widget-spacer\" data-id=\"696e493\" data-element_type=\"widget\" data-e-type=\"widget\" data-widget_type=\"spacer.default\">\n\t\t\t\t<div class=\"elementor-widget-container\">\n\t\t\t\t\t\t\t<div class=\"elementor-spacer\">\n\t\t\t<div class=\"elementor-spacer-inner\"><\/div>\n\t\t<\/div>\n\t\t\t\t\t\t<\/div>\n\t\t\t\t<\/div>\n\t\t\t\t<div class=\"elementor-element elementor-element-8a81e05 elementor-widget elementor-widget-image\" data-id=\"8a81e05\" data-element_type=\"widget\" data-e-type=\"widget\" data-widget_type=\"image.default\">\n\t\t\t\t<div class=\"elementor-widget-container\">\n\t\t\t\t\t\t\t\t\t\t\t\t\t\t\t<img decoding=\"async\" src=\"https:\/\/kosmosacentrs.lv\/wp-content\/uploads\/elementor\/thumbs\/path18-qez100tcn1vmys3ycn8qh7tf216mq29vf8z1fycrmw.png\" title=\"path18\" alt=\"path18\" loading=\"lazy\" \/>\t\t\t\t\t\t\t\t\t\t\t\t\t\t\t<\/div>\n\t\t\t\t<\/div>\n\t\t\t\t<div class=\"elementor-element elementor-element-cad6fc5 elementor-widget elementor-widget-spacer\" data-id=\"cad6fc5\" data-element_type=\"widget\" data-e-type=\"widget\" data-widget_type=\"spacer.default\">\n\t\t\t\t<div class=\"elementor-widget-container\">\n\t\t\t\t\t\t\t<div class=\"elementor-spacer\">\n\t\t\t<div class=\"elementor-spacer-inner\"><\/div>\n\t\t<\/div>\n\t\t\t\t\t\t<\/div>\n\t\t\t\t<\/div>\n\t\t\t\t<div class=\"elementor-element elementor-element-0636148 elementor-widget elementor-widget-image\" data-id=\"0636148\" data-element_type=\"widget\" data-e-type=\"widget\" data-widget_type=\"image.default\">\n\t\t\t\t<div class=\"elementor-widget-container\">\n\t\t\t\t\t\t\t\t\t\t\t\t\t\t\t<img decoding=\"async\" src=\"https:\/\/kosmosacentrs.lv\/wp-content\/uploads\/elementor\/thumbs\/path19-qez05nn1uqb5wa7uo0pmfdoc6wur22q1ky9cb5dmnc.png\" title=\"path19\" alt=\"path19\" loading=\"lazy\" \/>\t\t\t\t\t\t\t\t\t\t\t\t\t\t\t<\/div>\n\t\t\t\t<\/div>\n\t\t\t\t\t<\/div>\n\t\t\t\t<\/div>\n\t\t\t\t\t<\/div>\n\t\t\t\t<\/div>\n\t\t<div class=\"elementor-element elementor-element-effd861 e-flex e-con-boxed e-con e-parent\" data-id=\"effd861\" data-element_type=\"container\" data-e-type=\"container\">\n\t\t\t\t\t<div class=\"e-con-inner\">\n\t\t\t\t<div class=\"elementor-element elementor-element-0e9ca62 elementor-widget elementor-widget-spacer\" data-id=\"0e9ca62\" data-element_type=\"widget\" data-e-type=\"widget\" data-widget_type=\"spacer.default\">\n\t\t\t\t<div class=\"elementor-widget-container\">\n\t\t\t\t\t\t\t<div class=\"elementor-spacer\">\n\t\t\t<div class=\"elementor-spacer-inner\"><\/div>\n\t\t<\/div>\n\t\t\t\t\t\t<\/div>\n\t\t\t\t<\/div>\n\t\t\t\t\t<\/div>\n\t\t\t\t<\/div>\n\t\t\t\t<\/div>\n\t\t","protected":false},"excerpt":{"rendered":"<p>Pied\u0101v\u0101jums C\u0113su novada izgl\u012bt\u012bbas iest\u0101d\u0113m Kosmosa izzi\u0146as centra pamatm\u0113r\u0137is ir veicin\u0101t skol\u0113nu interesi par dabaszin\u0101t\u0146u, tehnolo\u0123iju, in\u017eenierzin\u0101t\u0146u,\u00a0 matem\u0101tikas jom\u0101m un sekm\u0113t v\u0113lmi saist\u012bt savu n\u0101kotni ar kosmosa industriju. Kosmosa izzi\u0146as centra izstr\u0101d\u0101tais saturs nor\u0101da uz &#8220;kosmosu&#8221; k\u0101 uzrun\u0101jo\u0161o tematu, kas var veidot p\u0101rnesi no aktivit\u0101t\u0113m Kosmosa izzi\u0146as centr\u0101 uz m\u0101c\u012bbu priek\u0161met\u0101 apg\u016bstamaj\u0101m zin\u0101\u0161an\u0101m un prasm\u0113m. [&hellip;]<\/p>\n","protected":false},"author":7,"featured_media":0,"parent":0,"menu_order":0,"comment_status":"closed","ping_status":"closed","template":"","meta":{"inline_featured_image":false,"footnotes":""},"class_list":["post-4522","page","type-page","status-publish","hentry"],"yoast_head":"<!-- This site is optimized with the Yoast SEO plugin v20.4 - https:\/\/yoast.com\/wordpress\/plugins\/seo\/ -->\n<title>C\u0113su novada izgl\u012bt\u012bbas iest\u0101des - Kosmosa izzi\u0146as centrs<\/title>\n<meta name=\"robots\" content=\"index, follow, max-snippet:-1, max-image-preview:large, max-video-preview:-1\" \/>\n<link rel=\"canonical\" href=\"https:\/\/kosmosacentrs.lv\/cesu-novada-skolas\/\" \/>\n<meta property=\"og:locale\" content=\"et_EE\" \/>\n<meta property=\"og:type\" content=\"article\" \/>\n<meta property=\"og:title\" content=\"C\u0113su novada izgl\u012bt\u012bbas iest\u0101des - Kosmosa izzi\u0146as centrs\" \/>\n<meta property=\"og:description\" content=\"Pied\u0101v\u0101jums C\u0113su novada izgl\u012bt\u012bbas iest\u0101d\u0113m Kosmosa izzi\u0146as centra pamatm\u0113r\u0137is ir veicin\u0101t skol\u0113nu interesi par dabaszin\u0101t\u0146u, tehnolo\u0123iju, in\u017eenierzin\u0101t\u0146u,\u00a0 matem\u0101tikas jom\u0101m un sekm\u0113t v\u0113lmi saist\u012bt savu n\u0101kotni ar kosmosa industriju. Kosmosa izzi\u0146as centra izstr\u0101d\u0101tais saturs nor\u0101da uz &#8220;kosmosu&#8221; k\u0101 uzrun\u0101jo\u0161o tematu, kas var veidot p\u0101rnesi no aktivit\u0101t\u0113m Kosmosa izzi\u0146as centr\u0101 uz m\u0101c\u012bbu priek\u0161met\u0101 apg\u016bstamaj\u0101m zin\u0101\u0161an\u0101m un prasm\u0113m. [&hellip;]\" \/>\n<meta property=\"og:url\" content=\"https:\/\/kosmosacentrs.lv\/cesu-novada-skolas\/\" \/>\n<meta property=\"og:site_name\" content=\"Kosmosa izzi\u0146as centrs\" \/>\n<meta property=\"article:publisher\" content=\"https:\/\/www.facebook.com\/Kosmosaizzinascentrs\/\" \/>\n<meta property=\"article:modified_time\" content=\"2024-07-11T10:02:24+00:00\" \/>\n<meta property=\"og:image\" content=\"https:\/\/kosmosacentrs.lv\/wp-content\/uploads\/single_event_school_1.svg\" \/>\n<meta name=\"twitter:card\" content=\"summary_large_image\" \/>\n<meta name=\"twitter:label1\" content=\"Est. reading time\" \/>\n\t<meta name=\"twitter:data1\" content=\"3 minutit\" \/>\n<script type=\"application\/ld+json\" class=\"yoast-schema-graph\">{\"@context\":\"https:\/\/schema.org\",\"@graph\":[{\"@type\":\"WebPage\",\"@id\":\"https:\/\/kosmosacentrs.lv\/cesu-novada-skolas\/\",\"url\":\"https:\/\/kosmosacentrs.lv\/cesu-novada-skolas\/\",\"name\":\"C\u0113su novada izgl\u012bt\u012bbas iest\u0101des - Kosmosa izzi\u0146as centrs\",\"isPartOf\":{\"@id\":\"https:\/\/kosmosacentrs.lv\/#website\"},\"datePublished\":\"2023-12-13T14:50:56+00:00\",\"dateModified\":\"2024-07-11T10:02:24+00:00\",\"breadcrumb\":{\"@id\":\"https:\/\/kosmosacentrs.lv\/cesu-novada-skolas\/#breadcrumb\"},\"inLanguage\":\"et\",\"potentialAction\":[{\"@type\":\"ReadAction\",\"target\":[\"https:\/\/kosmosacentrs.lv\/cesu-novada-skolas\/\"]}]},{\"@type\":\"BreadcrumbList\",\"@id\":\"https:\/\/kosmosacentrs.lv\/cesu-novada-skolas\/#breadcrumb\",\"itemListElement\":[{\"@type\":\"ListItem\",\"position\":1,\"name\":\"Home\",\"item\":\"https:\/\/kosmosacentrs.lv\/\"},{\"@type\":\"ListItem\",\"position\":2,\"name\":\"C\u0113su novada izgl\u012bt\u012bbas iest\u0101des\"}]},{\"@type\":\"WebSite\",\"@id\":\"https:\/\/kosmosacentrs.lv\/#website\",\"url\":\"https:\/\/kosmosacentrs.lv\/\",\"name\":\"Kosmosa izzi\u0146as centrs\",\"description\":\"KIC.LV\",\"publisher\":{\"@id\":\"https:\/\/kosmosacentrs.lv\/#organization\"},\"potentialAction\":[{\"@type\":\"SearchAction\",\"target\":{\"@type\":\"EntryPoint\",\"urlTemplate\":\"https:\/\/kosmosacentrs.lv\/?s={search_term_string}\"},\"query-input\":\"required name=search_term_string\"}],\"inLanguage\":\"et\"},{\"@type\":\"Organization\",\"@id\":\"https:\/\/kosmosacentrs.lv\/#organization\",\"name\":\"Kosmosa izzi\u0146as centrs\",\"url\":\"https:\/\/kosmosacentrs.lv\/\",\"logo\":{\"@type\":\"ImageObject\",\"inLanguage\":\"et\",\"@id\":\"https:\/\/kosmosacentrs.lv\/#\/schema\/logo\/image\/\",\"url\":\"https:\/\/kosmosacentrs.lv\/wp-content\/uploads\/logo.svg\",\"contentUrl\":\"https:\/\/kosmosacentrs.lv\/wp-content\/uploads\/logo.svg\",\"width\":997,\"height\":712,\"caption\":\"Kosmosa izzi\u0146as centrs\"},\"image\":{\"@id\":\"https:\/\/kosmosacentrs.lv\/#\/schema\/logo\/image\/\"},\"sameAs\":[\"https:\/\/www.facebook.com\/Kosmosaizzinascentrs\/\"]}]}<\/script>\n<!-- \/ Yoast SEO plugin. -->","yoast_head_json":{"title":"C\u0113su novada izgl\u012bt\u012bbas iest\u0101des - Kosmosa izzi\u0146as centrs","robots":{"index":"index","follow":"follow","max-snippet":"max-snippet:-1","max-image-preview":"max-image-preview:large","max-video-preview":"max-video-preview:-1"},"canonical":"https:\/\/kosmosacentrs.lv\/cesu-novada-skolas\/","og_locale":"et_EE","og_type":"article","og_title":"C\u0113su novada izgl\u012bt\u012bbas iest\u0101des - Kosmosa izzi\u0146as centrs","og_description":"Pied\u0101v\u0101jums C\u0113su novada izgl\u012bt\u012bbas iest\u0101d\u0113m Kosmosa izzi\u0146as centra pamatm\u0113r\u0137is ir veicin\u0101t skol\u0113nu interesi par dabaszin\u0101t\u0146u, tehnolo\u0123iju, in\u017eenierzin\u0101t\u0146u,\u00a0 matem\u0101tikas jom\u0101m un sekm\u0113t v\u0113lmi saist\u012bt savu n\u0101kotni ar kosmosa industriju. Kosmosa izzi\u0146as centra izstr\u0101d\u0101tais saturs nor\u0101da uz &#8220;kosmosu&#8221; k\u0101 uzrun\u0101jo\u0161o tematu, kas var veidot p\u0101rnesi no aktivit\u0101t\u0113m Kosmosa izzi\u0146as centr\u0101 uz m\u0101c\u012bbu priek\u0161met\u0101 apg\u016bstamaj\u0101m zin\u0101\u0161an\u0101m un prasm\u0113m. [&hellip;]","og_url":"https:\/\/kosmosacentrs.lv\/cesu-novada-skolas\/","og_site_name":"Kosmosa izzi\u0146as centrs","article_publisher":"https:\/\/www.facebook.com\/Kosmosaizzinascentrs\/","article_modified_time":"2024-07-11T10:02:24+00:00","og_image":[{"url":"https:\/\/kosmosacentrs.lv\/wp-content\/uploads\/single_event_school_1.svg"}],"twitter_card":"summary_large_image","twitter_misc":{"Est. reading time":"3 minutit"},"schema":{"@context":"https:\/\/schema.org","@graph":[{"@type":"WebPage","@id":"https:\/\/kosmosacentrs.lv\/cesu-novada-skolas\/","url":"https:\/\/kosmosacentrs.lv\/cesu-novada-skolas\/","name":"C\u0113su novada izgl\u012bt\u012bbas iest\u0101des - Kosmosa izzi\u0146as centrs","isPartOf":{"@id":"https:\/\/kosmosacentrs.lv\/#website"},"datePublished":"2023-12-13T14:50:56+00:00","dateModified":"2024-07-11T10:02:24+00:00","breadcrumb":{"@id":"https:\/\/kosmosacentrs.lv\/cesu-novada-skolas\/#breadcrumb"},"inLanguage":"et","potentialAction":[{"@type":"ReadAction","target":["https:\/\/kosmosacentrs.lv\/cesu-novada-skolas\/"]}]},{"@type":"BreadcrumbList","@id":"https:\/\/kosmosacentrs.lv\/cesu-novada-skolas\/#breadcrumb","itemListElement":[{"@type":"ListItem","position":1,"name":"Home","item":"https:\/\/kosmosacentrs.lv\/"},{"@type":"ListItem","position":2,"name":"C\u0113su novada izgl\u012bt\u012bbas iest\u0101des"}]},{"@type":"WebSite","@id":"https:\/\/kosmosacentrs.lv\/#website","url":"https:\/\/kosmosacentrs.lv\/","name":"Kosmosa izzi\u0146as centrs","description":"KIC.LV","publisher":{"@id":"https:\/\/kosmosacentrs.lv\/#organization"},"potentialAction":[{"@type":"SearchAction","target":{"@type":"EntryPoint","urlTemplate":"https:\/\/kosmosacentrs.lv\/?s={search_term_string}"},"query-input":"required name=search_term_string"}],"inLanguage":"et"},{"@type":"Organization","@id":"https:\/\/kosmosacentrs.lv\/#organization","name":"Kosmosa izzi\u0146as centrs","url":"https:\/\/kosmosacentrs.lv\/","logo":{"@type":"ImageObject","inLanguage":"et","@id":"https:\/\/kosmosacentrs.lv\/#\/schema\/logo\/image\/","url":"https:\/\/kosmosacentrs.lv\/wp-content\/uploads\/logo.svg","contentUrl":"https:\/\/kosmosacentrs.lv\/wp-content\/uploads\/logo.svg","width":997,"height":712,"caption":"Kosmosa izzi\u0146as centrs"},"image":{"@id":"https:\/\/kosmosacentrs.lv\/#\/schema\/logo\/image\/"},"sameAs":["https:\/\/www.facebook.com\/Kosmosaizzinascentrs\/"]}]}},"_links":{"self":[{"href":"https:\/\/kosmosacentrs.lv\/et\/wp-json\/wp\/v2\/pages\/4522","targetHints":{"allow":["GET"]}}],"collection":[{"href":"https:\/\/kosmosacentrs.lv\/et\/wp-json\/wp\/v2\/pages"}],"about":[{"href":"https:\/\/kosmosacentrs.lv\/et\/wp-json\/wp\/v2\/types\/page"}],"author":[{"embeddable":true,"href":"https:\/\/kosmosacentrs.lv\/et\/wp-json\/wp\/v2\/users\/7"}],"replies":[{"embeddable":true,"href":"https:\/\/kosmosacentrs.lv\/et\/wp-json\/wp\/v2\/comments?post=4522"}],"version-history":[{"count":51,"href":"https:\/\/kosmosacentrs.lv\/et\/wp-json\/wp\/v2\/pages\/4522\/revisions"}],"predecessor-version":[{"id":8752,"href":"https:\/\/kosmosacentrs.lv\/et\/wp-json\/wp\/v2\/pages\/4522\/revisions\/8752"}],"wp:attachment":[{"href":"https:\/\/kosmosacentrs.lv\/et\/wp-json\/wp\/v2\/media?parent=4522"}],"curies":[{"name":"wp","href":"https:\/\/api.w.org\/{rel}","templated":true}]}}