{"id":5110,"date":"2024-04-24T15:43:49","date_gmt":"2024-04-24T12:43:49","guid":{"rendered":"https:\/\/kosmosacentrs.lv\/?page_id=5110"},"modified":"2024-05-06T18:16:14","modified_gmt":"2024-05-06T15:16:14","slug":"ekspozicija-1-st-dzinejs","status":"publish","type":"page","link":"https:\/\/kosmosacentrs.lv\/et\/ekspozicija-1-st-dzinejs\/","title":{"rendered":"Ekspoz\u012bcija &#8211; 1. st\u0101vs Dzin\u0113js"},"content":{"rendered":"\t\t<div data-elementor-type=\"wp-page\" data-elementor-id=\"5110\" class=\"elementor elementor-5110\">\n\t\t\t\t<div class=\"elementor-element elementor-element-6d2a84d e-flex e-con-boxed e-con e-parent\" data-id=\"6d2a84d\" data-element_type=\"container\" data-e-type=\"container\">\n\t\t\t\t\t<div class=\"e-con-inner\">\n\t\t<div class=\"elementor-element elementor-element-6dd191b e-con-full e-flex e-con e-parent\" data-id=\"6dd191b\" data-element_type=\"container\" data-e-type=\"container\">\n\t\t\t\t<div class=\"elementor-element elementor-element-11b1dd6 elementor-widget elementor-widget-image\" data-id=\"11b1dd6\" data-element_type=\"widget\" data-e-type=\"widget\" data-widget_type=\"image.default\">\n\t\t\t\t<div class=\"elementor-widget-container\">\n\t\t\t\t\t\t\t\t\t\t\t\t\t\t\t<img decoding=\"async\" width=\"120\" height=\"110\" src=\"https:\/\/kosmosacentrs.lv\/wp-content\/uploads\/Dzinejs_ikona.png\" class=\"attachment-full size-full wp-image-5114\" alt=\"\" \/>\t\t\t\t\t\t\t\t\t\t\t\t\t\t\t<\/div>\n\t\t\t\t<\/div>\n\t\t\t\t<\/div>\n\t\t<div class=\"elementor-element elementor-element-4d8af09 e-con-full e-flex e-con e-parent\" data-id=\"4d8af09\" data-element_type=\"container\" data-e-type=\"container\">\n\t\t\t\t<div class=\"elementor-element elementor-element-14e2d01 elementor-widget elementor-widget-heading\" data-id=\"14e2d01\" data-element_type=\"widget\" data-e-type=\"widget\" data-widget_type=\"heading.default\">\n\t\t\t\t<div class=\"elementor-widget-container\">\n\t\t\t\t\t<h2 class=\"elementor-heading-title elementor-size-default\">K\u0101 str\u0101d\u0101 ra\u0137etes dzin\u0113js?<\/h2>\t\t\t\t<\/div>\n\t\t\t\t<\/div>\n\t\t\t\t<\/div>\n\t\t\t\t\t<\/div>\n\t\t\t\t<\/div>\n\t\t<div class=\"elementor-element elementor-element-4b1a2b9 e-flex e-con-boxed e-con e-parent\" data-id=\"4b1a2b9\" data-element_type=\"container\" data-e-type=\"container\" data-settings=\"{&quot;background_background&quot;:&quot;classic&quot;}\">\n\t\t\t\t\t<div class=\"e-con-inner\">\n\t\t<div class=\"elementor-element elementor-element-75329d9 e-con-full e-flex e-con e-parent\" data-id=\"75329d9\" data-element_type=\"container\" data-e-type=\"container\">\n\t\t\t\t<div class=\"elementor-element elementor-element-7d1df09 elementor-widget elementor-widget-text-editor\" data-id=\"7d1df09\" data-element_type=\"widget\" data-e-type=\"widget\" data-widget_type=\"text-editor.default\">\n\t\t\t\t<div class=\"elementor-widget-container\">\n\t\t\t\t\t\t\t\t\t<p><strong>L\u012bdz\u012bgi automa\u0161\u012bnai, ar\u012b ra\u0137etes dzin\u0113j\u0101 tiek sadedzin\u0101ta degviela, tikai tas notiek ar 30 000 rei\u017eu liel\u0101ku spiedienu!<\/strong><\/p><p>Lai notiktu <span style=\"color: #008bd0;\"><strong>deg\u0161ana<\/strong><\/span>, vienm\u0113r nepiecie\u0161ama <strong><span style=\"color: #008bd0;\">dego\u0161\u0101 viela<\/span><\/strong>, <strong><span style=\"color: #008bd0;\">oksid\u0113t\u0101js (sk\u0101beklis)<\/span><\/strong> un <span style=\"color: #008bd0;\"><strong>paaugstin\u0101ta temperat\u016bra<\/strong><\/span>. Tie\u0161i tas pats, kas nepiecie\u0161ams, lai aizdedzin\u0101tu ugunskuru.<\/p>\t\t\t\t\t\t\t\t<\/div>\n\t\t\t\t<\/div>\n\t\t\t\t<\/div>\n\t\t<div class=\"elementor-element elementor-element-a958ed2 e-con-full e-flex e-con e-parent\" data-id=\"a958ed2\" data-element_type=\"container\" data-e-type=\"container\">\n\t\t\t\t<div class=\"elementor-element elementor-element-647044e elementor-widget elementor-widget-image\" data-id=\"647044e\" data-element_type=\"widget\" data-e-type=\"widget\" data-widget_type=\"image.default\">\n\t\t\t\t<div class=\"elementor-widget-container\">\n\t\t\t\t\t\t\t\t\t\t\t\t\t\t\t<img fetchpriority=\"high\" decoding=\"async\" width=\"640\" height=\"599\" src=\"https:\/\/kosmosacentrs.lv\/wp-content\/uploads\/Degsanas-trijsturis-1024x959.png\" class=\"attachment-large size-large wp-image-5119\" alt=\"\" srcset=\"https:\/\/kosmosacentrs.lv\/wp-content\/uploads\/Degsanas-trijsturis-1024x959.png 1024w, https:\/\/kosmosacentrs.lv\/wp-content\/uploads\/Degsanas-trijsturis-300x281.png 300w, https:\/\/kosmosacentrs.lv\/wp-content\/uploads\/Degsanas-trijsturis-768x719.png 768w, https:\/\/kosmosacentrs.lv\/wp-content\/uploads\/Degsanas-trijsturis-1536x1439.png 1536w, https:\/\/kosmosacentrs.lv\/wp-content\/uploads\/Degsanas-trijsturis-2048x1918.png 2048w\" sizes=\"(max-width: 640px) 100vw, 640px\" \/>\t\t\t\t\t\t\t\t\t\t\t\t\t\t\t<\/div>\n\t\t\t\t<\/div>\n\t\t\t\t<\/div>\n\t\t\t\t\t<\/div>\n\t\t\t\t<\/div>\n\t\t<div class=\"elementor-element elementor-element-a7a15d0 e-flex e-con-boxed e-con e-parent\" data-id=\"a7a15d0\" data-element_type=\"container\" data-e-type=\"container\">\n\t\t\t\t\t<div class=\"e-con-inner\">\n\t\t<div class=\"elementor-element elementor-element-ad54ae4 e-con-full e-flex e-con e-parent\" data-id=\"ad54ae4\" data-element_type=\"container\" data-e-type=\"container\">\n\t\t\t\t<div class=\"elementor-element elementor-element-726f3b9 elementor-widget elementor-widget-image\" data-id=\"726f3b9\" data-element_type=\"widget\" data-e-type=\"widget\" data-widget_type=\"image.default\">\n\t\t\t\t<div class=\"elementor-widget-container\">\n\t\t\t\t\t\t\t\t\t\t\t\t\t\t\t<img decoding=\"async\" width=\"150\" height=\"150\" src=\"https:\/\/kosmosacentrs.lv\/wp-content\/uploads\/Uzdevuma-ikona-150x150.png\" class=\"attachment-thumbnail size-thumbnail wp-image-5081\" alt=\"\" srcset=\"https:\/\/kosmosacentrs.lv\/wp-content\/uploads\/Uzdevuma-ikona-150x150.png 150w, https:\/\/kosmosacentrs.lv\/wp-content\/uploads\/Uzdevuma-ikona.png 296w\" sizes=\"(max-width: 150px) 100vw, 150px\" \/>\t\t\t\t\t\t\t\t\t\t\t\t\t\t\t<\/div>\n\t\t\t\t<\/div>\n\t\t\t\t<\/div>\n\t\t<div class=\"elementor-element elementor-element-6f931ec e-con-full e-flex e-con e-parent\" data-id=\"6f931ec\" data-element_type=\"container\" data-e-type=\"container\">\n\t\t\t\t<div class=\"elementor-element elementor-element-b5b0135 elementor-widget elementor-widget-text-editor\" data-id=\"b5b0135\" data-element_type=\"widget\" data-e-type=\"widget\" data-widget_type=\"text-editor.default\">\n\t\t\t\t<div class=\"elementor-widget-container\">\n\t\t\t\t\t\t\t\t\t<p><strong><span style=\"font-size: 14pt;\">Tev j\u0101aptur motora darb\u012bba. Ar kuru <span style=\"color: #008bd0;\">v\u0101rstu<\/span> to var izdar\u012bt?<\/span><\/strong><\/p><p>Atceries, lai motors darbotos, ir nepiecie\u0161ams sk\u0101beklis <strong><span style=\"color: #008bd0;\">(oksid\u0113t\u0101js)<\/span><\/strong>, dego\u0161\u0101 viela <span style=\"color: #008bd0;\"><strong>(met\u0101ns)<\/strong><\/span> un augsta temperat\u016bra.<\/p><p><span style=\"color: #008bd0;\"><strong><span style=\"font-size: 14pt;\">1.<\/span> <\/strong><\/span>Sl\u0101pek\u013ca v\u0101rsts<\/p><p><span style=\"font-size: 14pt; color: #008bd0;\"><strong>2.<\/strong> <\/span>Sa\u0161\u0137idrin\u0101t\u0101 met\u0101na v\u0101rsts<\/p><p><span style=\"font-size: 14pt; color: #008bd0;\"><strong>3.<\/strong> <\/span>Sk\u0101bek\u013ca v\u0101rsti<\/p><p><span style=\"font-size: 14pt; color: #008bd0;\"><strong>4.<\/strong> <\/span>Darba \u0161\u0137idruma v\u0101rsti<\/p><p><span style=\"font-size: 14pt; color: #008bd0;\"><strong>5.<\/strong> <\/span>Gr\u016bdiena vektora aktuators<\/p><p><span style=\"font-size: 14pt; color: #008bd0;\"><strong>6. <\/strong><\/span><span style=\"font-size: 14pt;\"><span style=\"font-size: 12pt;\">Degvielas g\u0101zu \u0123enerators<\/span><\/span><\/p><p><span style=\"font-size: 14pt; color: #008bd0;\"><strong>7. <\/strong><\/span><span style=\"font-size: 14pt;\"><span style=\"font-size: 12pt;\">Galvenais v\u0101rsts<\/span><\/span><\/p><p><span style=\"font-size: 14pt; color: #008bd0;\"><strong>8. <\/strong><\/span><span style=\"font-size: 14pt;\"><span style=\"font-size: 12pt;\">Degvielas turbop\u016bte<\/span><\/span><\/p>\t\t\t\t\t\t\t\t<\/div>\n\t\t\t\t<\/div>\n\t\t\t\t<\/div>\n\t\t\t\t\t<\/div>\n\t\t\t\t<\/div>\n\t\t\t\t<\/div>\n\t\t","protected":false},"excerpt":{"rendered":"<p>K\u0101 str\u0101d\u0101 ra\u0137etes dzin\u0113js? L\u012bdz\u012bgi automa\u0161\u012bnai, ar\u012b ra\u0137etes dzin\u0113j\u0101 tiek sadedzin\u0101ta degviela, tikai tas notiek ar 30 000 rei\u017eu liel\u0101ku spiedienu! Lai notiktu deg\u0161ana, vienm\u0113r nepiecie\u0161ama dego\u0161\u0101 viela, oksid\u0113t\u0101js (sk\u0101beklis) un paaugstin\u0101ta temperat\u016bra. Tie\u0161i tas pats, kas nepiecie\u0161ams, lai aizdedzin\u0101tu ugunskuru. Tev j\u0101aptur motora darb\u012bba. Ar kuru v\u0101rstu to var izdar\u012bt? Atceries, lai motors darbotos, [&hellip;]<\/p>\n","protected":false},"author":7,"featured_media":0,"parent":0,"menu_order":0,"comment_status":"closed","ping_status":"closed","template":"","meta":{"inline_featured_image":false,"footnotes":""},"class_list":["post-5110","page","type-page","status-publish","hentry"],"yoast_head":"<!-- This site is optimized with the Yoast SEO plugin v20.4 - https:\/\/yoast.com\/wordpress\/plugins\/seo\/ -->\n<title>Ekspoz\u012bcija - 1. st\u0101vs Dzin\u0113js - Kosmosa izzi\u0146as centrs<\/title>\n<meta name=\"robots\" content=\"index, follow, max-snippet:-1, max-image-preview:large, max-video-preview:-1\" \/>\n<link rel=\"canonical\" href=\"https:\/\/kosmosacentrs.lv\/ekspozicija-1-st-dzinejs\/\" \/>\n<meta property=\"og:locale\" content=\"et_EE\" \/>\n<meta property=\"og:type\" content=\"article\" \/>\n<meta property=\"og:title\" content=\"Ekspoz\u012bcija - 1. st\u0101vs Dzin\u0113js - Kosmosa izzi\u0146as centrs\" \/>\n<meta property=\"og:description\" content=\"K\u0101 str\u0101d\u0101 ra\u0137etes dzin\u0113js? L\u012bdz\u012bgi automa\u0161\u012bnai, ar\u012b ra\u0137etes dzin\u0113j\u0101 tiek sadedzin\u0101ta degviela, tikai tas notiek ar 30 000 rei\u017eu liel\u0101ku spiedienu! Lai notiktu deg\u0161ana, vienm\u0113r nepiecie\u0161ama dego\u0161\u0101 viela, oksid\u0113t\u0101js (sk\u0101beklis) un paaugstin\u0101ta temperat\u016bra. Tie\u0161i tas pats, kas nepiecie\u0161ams, lai aizdedzin\u0101tu ugunskuru. Tev j\u0101aptur motora darb\u012bba. Ar kuru v\u0101rstu to var izdar\u012bt? Atceries, lai motors darbotos, [&hellip;]\" \/>\n<meta property=\"og:url\" content=\"https:\/\/kosmosacentrs.lv\/ekspozicija-1-st-dzinejs\/\" \/>\n<meta property=\"og:site_name\" content=\"Kosmosa izzi\u0146as centrs\" \/>\n<meta property=\"article:publisher\" content=\"https:\/\/www.facebook.com\/Kosmosaizzinascentrs\/\" \/>\n<meta property=\"article:modified_time\" content=\"2024-05-06T15:16:14+00:00\" \/>\n<meta property=\"og:image\" content=\"https:\/\/kosmosacentrs.lv\/wp-content\/uploads\/Dzinejs_ikona.png\" \/>\n<meta name=\"twitter:card\" content=\"summary_large_image\" \/>\n<meta name=\"twitter:label1\" content=\"Est. reading time\" \/>\n\t<meta name=\"twitter:data1\" content=\"2 minutit\" \/>\n<script type=\"application\/ld+json\" class=\"yoast-schema-graph\">{\"@context\":\"https:\/\/schema.org\",\"@graph\":[{\"@type\":\"WebPage\",\"@id\":\"https:\/\/kosmosacentrs.lv\/ekspozicija-1-st-dzinejs\/\",\"url\":\"https:\/\/kosmosacentrs.lv\/ekspozicija-1-st-dzinejs\/\",\"name\":\"Ekspoz\u012bcija - 1. st\u0101vs Dzin\u0113js - Kosmosa izzi\u0146as centrs\",\"isPartOf\":{\"@id\":\"https:\/\/kosmosacentrs.lv\/#website\"},\"datePublished\":\"2024-04-24T12:43:49+00:00\",\"dateModified\":\"2024-05-06T15:16:14+00:00\",\"breadcrumb\":{\"@id\":\"https:\/\/kosmosacentrs.lv\/ekspozicija-1-st-dzinejs\/#breadcrumb\"},\"inLanguage\":\"et\",\"potentialAction\":[{\"@type\":\"ReadAction\",\"target\":[\"https:\/\/kosmosacentrs.lv\/ekspozicija-1-st-dzinejs\/\"]}]},{\"@type\":\"BreadcrumbList\",\"@id\":\"https:\/\/kosmosacentrs.lv\/ekspozicija-1-st-dzinejs\/#breadcrumb\",\"itemListElement\":[{\"@type\":\"ListItem\",\"position\":1,\"name\":\"Home\",\"item\":\"https:\/\/kosmosacentrs.lv\/\"},{\"@type\":\"ListItem\",\"position\":2,\"name\":\"Ekspoz\u012bcija &#8211; 1. st\u0101vs Dzin\u0113js\"}]},{\"@type\":\"WebSite\",\"@id\":\"https:\/\/kosmosacentrs.lv\/#website\",\"url\":\"https:\/\/kosmosacentrs.lv\/\",\"name\":\"Kosmosa izzi\u0146as centrs\",\"description\":\"KIC.LV\",\"publisher\":{\"@id\":\"https:\/\/kosmosacentrs.lv\/#organization\"},\"potentialAction\":[{\"@type\":\"SearchAction\",\"target\":{\"@type\":\"EntryPoint\",\"urlTemplate\":\"https:\/\/kosmosacentrs.lv\/?s={search_term_string}\"},\"query-input\":\"required name=search_term_string\"}],\"inLanguage\":\"et\"},{\"@type\":\"Organization\",\"@id\":\"https:\/\/kosmosacentrs.lv\/#organization\",\"name\":\"Kosmosa izzi\u0146as centrs\",\"url\":\"https:\/\/kosmosacentrs.lv\/\",\"logo\":{\"@type\":\"ImageObject\",\"inLanguage\":\"et\",\"@id\":\"https:\/\/kosmosacentrs.lv\/#\/schema\/logo\/image\/\",\"url\":\"https:\/\/kosmosacentrs.lv\/wp-content\/uploads\/logo.svg\",\"contentUrl\":\"https:\/\/kosmosacentrs.lv\/wp-content\/uploads\/logo.svg\",\"width\":997,\"height\":712,\"caption\":\"Kosmosa izzi\u0146as centrs\"},\"image\":{\"@id\":\"https:\/\/kosmosacentrs.lv\/#\/schema\/logo\/image\/\"},\"sameAs\":[\"https:\/\/www.facebook.com\/Kosmosaizzinascentrs\/\"]}]}<\/script>\n<!-- \/ Yoast SEO plugin. -->","yoast_head_json":{"title":"Ekspoz\u012bcija - 1. st\u0101vs Dzin\u0113js - Kosmosa izzi\u0146as centrs","robots":{"index":"index","follow":"follow","max-snippet":"max-snippet:-1","max-image-preview":"max-image-preview:large","max-video-preview":"max-video-preview:-1"},"canonical":"https:\/\/kosmosacentrs.lv\/ekspozicija-1-st-dzinejs\/","og_locale":"et_EE","og_type":"article","og_title":"Ekspoz\u012bcija - 1. st\u0101vs Dzin\u0113js - Kosmosa izzi\u0146as centrs","og_description":"K\u0101 str\u0101d\u0101 ra\u0137etes dzin\u0113js? L\u012bdz\u012bgi automa\u0161\u012bnai, ar\u012b ra\u0137etes dzin\u0113j\u0101 tiek sadedzin\u0101ta degviela, tikai tas notiek ar 30 000 rei\u017eu liel\u0101ku spiedienu! Lai notiktu deg\u0161ana, vienm\u0113r nepiecie\u0161ama dego\u0161\u0101 viela, oksid\u0113t\u0101js (sk\u0101beklis) un paaugstin\u0101ta temperat\u016bra. Tie\u0161i tas pats, kas nepiecie\u0161ams, lai aizdedzin\u0101tu ugunskuru. Tev j\u0101aptur motora darb\u012bba. Ar kuru v\u0101rstu to var izdar\u012bt? Atceries, lai motors darbotos, [&hellip;]","og_url":"https:\/\/kosmosacentrs.lv\/ekspozicija-1-st-dzinejs\/","og_site_name":"Kosmosa izzi\u0146as centrs","article_publisher":"https:\/\/www.facebook.com\/Kosmosaizzinascentrs\/","article_modified_time":"2024-05-06T15:16:14+00:00","og_image":[{"url":"https:\/\/kosmosacentrs.lv\/wp-content\/uploads\/Dzinejs_ikona.png"}],"twitter_card":"summary_large_image","twitter_misc":{"Est. reading time":"2 minutit"},"schema":{"@context":"https:\/\/schema.org","@graph":[{"@type":"WebPage","@id":"https:\/\/kosmosacentrs.lv\/ekspozicija-1-st-dzinejs\/","url":"https:\/\/kosmosacentrs.lv\/ekspozicija-1-st-dzinejs\/","name":"Ekspoz\u012bcija - 1. st\u0101vs Dzin\u0113js - Kosmosa izzi\u0146as centrs","isPartOf":{"@id":"https:\/\/kosmosacentrs.lv\/#website"},"datePublished":"2024-04-24T12:43:49+00:00","dateModified":"2024-05-06T15:16:14+00:00","breadcrumb":{"@id":"https:\/\/kosmosacentrs.lv\/ekspozicija-1-st-dzinejs\/#breadcrumb"},"inLanguage":"et","potentialAction":[{"@type":"ReadAction","target":["https:\/\/kosmosacentrs.lv\/ekspozicija-1-st-dzinejs\/"]}]},{"@type":"BreadcrumbList","@id":"https:\/\/kosmosacentrs.lv\/ekspozicija-1-st-dzinejs\/#breadcrumb","itemListElement":[{"@type":"ListItem","position":1,"name":"Home","item":"https:\/\/kosmosacentrs.lv\/"},{"@type":"ListItem","position":2,"name":"Ekspoz\u012bcija &#8211; 1. st\u0101vs Dzin\u0113js"}]},{"@type":"WebSite","@id":"https:\/\/kosmosacentrs.lv\/#website","url":"https:\/\/kosmosacentrs.lv\/","name":"Kosmosa izzi\u0146as centrs","description":"KIC.LV","publisher":{"@id":"https:\/\/kosmosacentrs.lv\/#organization"},"potentialAction":[{"@type":"SearchAction","target":{"@type":"EntryPoint","urlTemplate":"https:\/\/kosmosacentrs.lv\/?s={search_term_string}"},"query-input":"required name=search_term_string"}],"inLanguage":"et"},{"@type":"Organization","@id":"https:\/\/kosmosacentrs.lv\/#organization","name":"Kosmosa izzi\u0146as centrs","url":"https:\/\/kosmosacentrs.lv\/","logo":{"@type":"ImageObject","inLanguage":"et","@id":"https:\/\/kosmosacentrs.lv\/#\/schema\/logo\/image\/","url":"https:\/\/kosmosacentrs.lv\/wp-content\/uploads\/logo.svg","contentUrl":"https:\/\/kosmosacentrs.lv\/wp-content\/uploads\/logo.svg","width":997,"height":712,"caption":"Kosmosa izzi\u0146as centrs"},"image":{"@id":"https:\/\/kosmosacentrs.lv\/#\/schema\/logo\/image\/"},"sameAs":["https:\/\/www.facebook.com\/Kosmosaizzinascentrs\/"]}]}},"_links":{"self":[{"href":"https:\/\/kosmosacentrs.lv\/et\/wp-json\/wp\/v2\/pages\/5110","targetHints":{"allow":["GET"]}}],"collection":[{"href":"https:\/\/kosmosacentrs.lv\/et\/wp-json\/wp\/v2\/pages"}],"about":[{"href":"https:\/\/kosmosacentrs.lv\/et\/wp-json\/wp\/v2\/types\/page"}],"author":[{"embeddable":true,"href":"https:\/\/kosmosacentrs.lv\/et\/wp-json\/wp\/v2\/users\/7"}],"replies":[{"embeddable":true,"href":"https:\/\/kosmosacentrs.lv\/et\/wp-json\/wp\/v2\/comments?post=5110"}],"version-history":[{"count":19,"href":"https:\/\/kosmosacentrs.lv\/et\/wp-json\/wp\/v2\/pages\/5110\/revisions"}],"predecessor-version":[{"id":6717,"href":"https:\/\/kosmosacentrs.lv\/et\/wp-json\/wp\/v2\/pages\/5110\/revisions\/6717"}],"wp:attachment":[{"href":"https:\/\/kosmosacentrs.lv\/et\/wp-json\/wp\/v2\/media?parent=5110"}],"curies":[{"name":"wp","href":"https:\/\/api.w.org\/{rel}","templated":true}]}}