{"id":5781,"date":"2024-05-05T20:54:34","date_gmt":"2024-05-05T17:54:34","guid":{"rendered":"https:\/\/kosmosacentrs.lv\/?page_id=5781"},"modified":"2024-05-06T11:39:05","modified_gmt":"2024-05-06T08:39:05","slug":"ekspozicija-3-st-satveriens","status":"publish","type":"page","link":"https:\/\/kosmosacentrs.lv\/et\/ekspozicija-3-st-satveriens\/","title":{"rendered":"Ekspoz\u012bcija &#8211; 3. st\u0101vs Astronautu treni\u0146i &#8211; satv\u0113riens"},"content":{"rendered":"\t\t<div data-elementor-type=\"wp-page\" data-elementor-id=\"5781\" class=\"elementor elementor-5781\">\n\t\t\t\t<div class=\"elementor-element elementor-element-6d2a84d e-flex e-con-boxed e-con e-parent\" data-id=\"6d2a84d\" data-element_type=\"container\" data-e-type=\"container\">\n\t\t\t\t\t<div class=\"e-con-inner\">\n\t\t<div class=\"elementor-element elementor-element-6dd191b e-con-full e-flex e-con e-parent\" data-id=\"6dd191b\" data-element_type=\"container\" data-e-type=\"container\">\n\t\t\t\t<div class=\"elementor-element elementor-element-11b1dd6 elementor-widget elementor-widget-image\" data-id=\"11b1dd6\" data-element_type=\"widget\" data-e-type=\"widget\" data-widget_type=\"image.default\">\n\t\t\t\t<div class=\"elementor-widget-container\">\n\t\t\t\t\t\t\t\t\t\t\t\t\t\t\t<img fetchpriority=\"high\" decoding=\"async\" width=\"325\" height=\"260\" src=\"https:\/\/kosmosacentrs.lv\/wp-content\/uploads\/Satveriens-ikona.png\" class=\"attachment-full size-full wp-image-5783\" alt=\"\" srcset=\"https:\/\/kosmosacentrs.lv\/wp-content\/uploads\/Satveriens-ikona.png 325w, https:\/\/kosmosacentrs.lv\/wp-content\/uploads\/Satveriens-ikona-300x240.png 300w\" sizes=\"(max-width: 325px) 100vw, 325px\" \/>\t\t\t\t\t\t\t\t\t\t\t\t\t\t\t<\/div>\n\t\t\t\t<\/div>\n\t\t\t\t<\/div>\n\t\t<div class=\"elementor-element elementor-element-4d8af09 e-con-full e-flex e-con e-parent\" data-id=\"4d8af09\" data-element_type=\"container\" data-e-type=\"container\">\n\t\t\t\t<div class=\"elementor-element elementor-element-1a25f9b elementor-widget elementor-widget-text-editor\" data-id=\"1a25f9b\" data-element_type=\"widget\" data-e-type=\"widget\" data-widget_type=\"text-editor.default\">\n\t\t\t\t<div class=\"elementor-widget-container\">\n\t\t\t\t\t\t\t\t\t<p><span style=\"font-family: georgia, palatino, serif; color: #f6a310;\"><strong><span style=\"font-size: 36pt;\">Satv\u0113riens<\/span><\/strong><\/span><\/p><p>Musku\u013ci ir atbild\u012bgi par satv\u0113rienu!<\/p><p>\u00a0<\/p><table style=\"border-collapse: collapse; width: 100%; height: 160px;\"><tbody><tr style=\"height: 36px;\"><td style=\"width: 9.52149%; height: 36px;\"><span style=\"font-size: 12pt;\"><span style=\"color: #f6a310;\"><img decoding=\"async\" class=\"alignnone wp-image-5457\" src=\"https:\/\/kosmosacentrs.lv\/wp-content\/uploads\/Bilde-merkis.png\" alt=\"\" width=\"39\" height=\"39\" \/><\/span><\/span><\/td><td style=\"width: 90.4785%; height: 36px;\">Re\u0123istr\u0113 karti!<\/td><\/tr><tr style=\"height: 36px;\"><td style=\"width: 9.52149%; height: 36px;\"><span style=\"font-size: 12pt;\"><span style=\"color: #f6a310;\"><img decoding=\"async\" class=\"alignnone wp-image-5457\" src=\"https:\/\/kosmosacentrs.lv\/wp-content\/uploads\/Bilde-merkis.png\" alt=\"\" width=\"39\" height=\"39\" \/><\/span><\/span><\/td><td style=\"width: 90.4785%; height: 36px;\">Satver stieni! Palecies vai izmanto pak\u0101pienu<\/td><\/tr><tr style=\"height: 36px;\"><td style=\"width: 9.52149%; height: 36px;\"><span style=\"font-size: 12pt;\"><span style=\"color: #f6a310;\"><img decoding=\"async\" class=\"alignnone wp-image-5457\" src=\"https:\/\/kosmosacentrs.lv\/wp-content\/uploads\/Bilde-merkis.png\" alt=\"\" width=\"39\" height=\"39\" \/><\/span><\/span><\/td><td style=\"width: 90.4785%; height: 36px;\">Kar\u0101jies cik ilgi vien vari!<\/td><\/tr><tr><td style=\"width: 9.52149%; height: 18px;\"><span style=\"font-size: 12pt;\"><span style=\"color: #f6a310;\"><img decoding=\"async\" class=\"alignnone wp-image-5457\" src=\"https:\/\/kosmosacentrs.lv\/wp-content\/uploads\/Bilde-merkis.png\" alt=\"\" width=\"39\" height=\"39\" \/><\/span><\/span><\/td><td style=\"width: 90.4785%; height: 18px;\">Iegaum\u0113 laiku!<\/td><\/tr><tr style=\"height: 10px;\"><td style=\"width: 9.52149%; height: 10px;\"><span style=\"font-size: 12pt;\"><span style=\"color: #f6a310;\"><img decoding=\"async\" class=\"alignnone wp-image-5457\" src=\"https:\/\/kosmosacentrs.lv\/wp-content\/uploads\/Bilde-merkis.png\" alt=\"\" width=\"39\" height=\"39\" \/><\/span><\/span><\/td><td style=\"width: 90.4785%; height: 10px;\">Turpini tren\u0113ties ar\u012b m\u0101j\u0101s!<\/td><\/tr><tr style=\"height: 24px;\"><td style=\"width: 9.52149%; height: 24px;\"><span style=\"font-size: 12pt;\"><span style=\"color: #f6a310;\"><img decoding=\"async\" class=\"alignnone wp-image-5457\" src=\"https:\/\/kosmosacentrs.lv\/wp-content\/uploads\/Bilde-merkis.png\" alt=\"\" width=\"39\" height=\"39\" \/><\/span><\/span><\/td><td style=\"width: 90.4785%; height: 24px;\">Centies sevi p\u0101rsp\u0113t!<\/td><\/tr><\/tbody><\/table><p>\u00a0<\/p><p>Dz\u012bvojot bezsvara st\u0101vokl\u012b astronauti zaud\u0113 musku\u013cu masu un sp\u0113ku. Astronautam vienl\u012bdz svar\u012bgi ir <span style=\"color: #f6a310;\">tren\u0113ties<\/span> izotoniski (<span style=\"color: #f6a310;\">veicot kust\u012bbu<\/span>) un ar\u012b izometriski (<span style=\"color: #f6a310;\">noturot pozu<\/span>).<\/p>\t\t\t\t\t\t\t\t<\/div>\n\t\t\t\t<\/div>\n\t\t\t\t<\/div>\n\t\t\t\t\t<\/div>\n\t\t\t\t<\/div>\n\t\t<div class=\"elementor-element elementor-element-4b1a2b9 e-flex e-con-boxed e-con e-parent\" data-id=\"4b1a2b9\" data-element_type=\"container\" data-e-type=\"container\" data-settings=\"{&quot;background_background&quot;:&quot;classic&quot;}\">\n\t\t\t\t\t<div class=\"e-con-inner\">\n\t\t<div class=\"elementor-element elementor-element-a958ed2 e-con-full e-flex e-con e-parent\" data-id=\"a958ed2\" data-element_type=\"container\" data-e-type=\"container\">\n\t\t\t\t<div class=\"elementor-element elementor-element-8c142d8 elementor-widget elementor-widget-text-editor\" data-id=\"8c142d8\" data-element_type=\"widget\" data-e-type=\"widget\" data-widget_type=\"text-editor.default\">\n\t\t\t\t<div class=\"elementor-widget-container\">\n\t\t\t\t\t\t\t\t\t<p><span style=\"font-size: 14pt;\"><strong><span style=\"color: #f6a310;\">Lai musku\u013cus tren\u0113tu, tiem ir j\u0101str\u0101d\u0101.<\/span><\/strong><\/span><\/p><p>\u00a0<\/p><p><span style=\"font-size: 14pt;\"><span style=\"color: #f6a310;\"><strong>1.\u00a0<\/strong><\/span><span style=\"font-size: 12pt;\"><strong>Izotonisks (veicot kust\u012bbu)<\/strong><\/span><\/span><\/p><p>Muskulis sasprindzin\u0101s. T\u0101 garums sa\u012bsin\u0101s un pagarin\u0101s, radot kust\u012bbu.<\/p>\t\t\t\t\t\t\t\t<\/div>\n\t\t\t\t<\/div>\n\t\t\t\t<\/div>\n\t\t<div class=\"elementor-element elementor-element-75329d9 e-con-full e-flex e-con e-parent\" data-id=\"75329d9\" data-element_type=\"container\" data-e-type=\"container\">\n\t\t\t\t<div class=\"elementor-element elementor-element-8bda489 elementor-widget elementor-widget-image\" data-id=\"8bda489\" data-element_type=\"widget\" data-e-type=\"widget\" data-widget_type=\"image.default\">\n\t\t\t\t<div class=\"elementor-widget-container\">\n\t\t\t\t\t\t\t\t\t\t\t\t\t\t\t<img decoding=\"async\" width=\"604\" height=\"276\" src=\"https:\/\/kosmosacentrs.lv\/wp-content\/uploads\/Izotoniska-darbiba.png\" class=\"attachment-large size-large wp-image-5788\" alt=\"\" srcset=\"https:\/\/kosmosacentrs.lv\/wp-content\/uploads\/Izotoniska-darbiba.png 604w, https:\/\/kosmosacentrs.lv\/wp-content\/uploads\/Izotoniska-darbiba-300x137.png 300w\" sizes=\"(max-width: 604px) 100vw, 604px\" \/>\t\t\t\t\t\t\t\t\t\t\t\t\t\t\t<\/div>\n\t\t\t\t<\/div>\n\t\t\t\t<\/div>\n\t\t\t\t\t<\/div>\n\t\t\t\t<\/div>\n\t\t<div class=\"elementor-element elementor-element-e34b053 e-flex e-con-boxed e-con e-parent\" data-id=\"e34b053\" data-element_type=\"container\" data-e-type=\"container\" data-settings=\"{&quot;background_background&quot;:&quot;classic&quot;}\">\n\t\t\t\t\t<div class=\"e-con-inner\">\n\t\t<div class=\"elementor-element elementor-element-0729d31 e-con-full e-flex e-con e-parent\" data-id=\"0729d31\" data-element_type=\"container\" data-e-type=\"container\">\n\t\t\t\t<div class=\"elementor-element elementor-element-44e6874 elementor-widget elementor-widget-text-editor\" data-id=\"44e6874\" data-element_type=\"widget\" data-e-type=\"widget\" data-widget_type=\"text-editor.default\">\n\t\t\t\t<div class=\"elementor-widget-container\">\n\t\t\t\t\t\t\t\t\t<p>\u00a0<\/p><p><span style=\"font-size: 14pt;\"><span style=\"color: #f6a310;\"><strong>2. <\/strong><\/span><strong><span style=\"font-size: 12pt;\">Izometrisks (noturot pozu)<\/span><\/strong><\/span><\/p><p>Muskulis sasprindzin\u0101s, bet t\u0101 garums nemain\u0101s. Kust\u012bbas nav.<\/p>\t\t\t\t\t\t\t\t<\/div>\n\t\t\t\t<\/div>\n\t\t\t\t<\/div>\n\t\t<div class=\"elementor-element elementor-element-a71b37c e-con-full e-flex e-con e-parent\" data-id=\"a71b37c\" data-element_type=\"container\" data-e-type=\"container\">\n\t\t\t\t<div class=\"elementor-element elementor-element-5b47d17 elementor-widget elementor-widget-image\" data-id=\"5b47d17\" data-element_type=\"widget\" data-e-type=\"widget\" data-widget_type=\"image.default\">\n\t\t\t\t<div class=\"elementor-widget-container\">\n\t\t\t\t\t\t\t\t\t\t\t\t\t\t\t<img loading=\"lazy\" decoding=\"async\" width=\"280\" height=\"255\" src=\"https:\/\/kosmosacentrs.lv\/wp-content\/uploads\/Izometriska-darbiba.png\" class=\"attachment-large size-large wp-image-5793\" alt=\"\" \/>\t\t\t\t\t\t\t\t\t\t\t\t\t\t\t<\/div>\n\t\t\t\t<\/div>\n\t\t\t\t<\/div>\n\t\t\t\t\t<\/div>\n\t\t\t\t<\/div>\n\t\t\t\t<\/div>\n\t\t","protected":false},"excerpt":{"rendered":"<p>Satv\u0113riens Musku\u013ci ir atbild\u012bgi par satv\u0113rienu! \u00a0 Re\u0123istr\u0113 karti! Satver stieni! Palecies vai izmanto pak\u0101pienu Kar\u0101jies cik ilgi vien vari! Iegaum\u0113 laiku! Turpini tren\u0113ties ar\u012b m\u0101j\u0101s! Centies sevi p\u0101rsp\u0113t! \u00a0 Dz\u012bvojot bezsvara st\u0101vokl\u012b astronauti zaud\u0113 musku\u013cu masu un sp\u0113ku. Astronautam vienl\u012bdz svar\u012bgi ir tren\u0113ties izotoniski (veicot kust\u012bbu) un ar\u012b izometriski (noturot pozu). Lai musku\u013cus tren\u0113tu, [&hellip;]<\/p>\n","protected":false},"author":7,"featured_media":0,"parent":0,"menu_order":0,"comment_status":"closed","ping_status":"closed","template":"","meta":{"inline_featured_image":false,"footnotes":""},"class_list":["post-5781","page","type-page","status-publish","hentry"],"yoast_head":"<!-- This site is optimized with the Yoast SEO plugin v20.4 - https:\/\/yoast.com\/wordpress\/plugins\/seo\/ -->\n<title>Ekspoz\u012bcija - 3. st\u0101vs Astronautu treni\u0146i - satv\u0113riens - Kosmosa izzi\u0146as centrs<\/title>\n<meta name=\"robots\" content=\"index, follow, max-snippet:-1, max-image-preview:large, max-video-preview:-1\" \/>\n<link rel=\"canonical\" href=\"https:\/\/kosmosacentrs.lv\/ekspozicija-3-st-satveriens\/\" \/>\n<meta property=\"og:locale\" content=\"et_EE\" \/>\n<meta property=\"og:type\" content=\"article\" \/>\n<meta property=\"og:title\" content=\"Ekspoz\u012bcija - 3. st\u0101vs Astronautu treni\u0146i - satv\u0113riens - Kosmosa izzi\u0146as centrs\" \/>\n<meta property=\"og:description\" content=\"Satv\u0113riens Musku\u013ci ir atbild\u012bgi par satv\u0113rienu! \u00a0 Re\u0123istr\u0113 karti! Satver stieni! Palecies vai izmanto pak\u0101pienu Kar\u0101jies cik ilgi vien vari! Iegaum\u0113 laiku! Turpini tren\u0113ties ar\u012b m\u0101j\u0101s! Centies sevi p\u0101rsp\u0113t! \u00a0 Dz\u012bvojot bezsvara st\u0101vokl\u012b astronauti zaud\u0113 musku\u013cu masu un sp\u0113ku. Astronautam vienl\u012bdz svar\u012bgi ir tren\u0113ties izotoniski (veicot kust\u012bbu) un ar\u012b izometriski (noturot pozu). Lai musku\u013cus tren\u0113tu, [&hellip;]\" \/>\n<meta property=\"og:url\" content=\"https:\/\/kosmosacentrs.lv\/ekspozicija-3-st-satveriens\/\" \/>\n<meta property=\"og:site_name\" content=\"Kosmosa izzi\u0146as centrs\" \/>\n<meta property=\"article:publisher\" content=\"https:\/\/www.facebook.com\/Kosmosaizzinascentrs\/\" \/>\n<meta property=\"article:modified_time\" content=\"2024-05-06T08:39:05+00:00\" \/>\n<meta property=\"og:image\" content=\"https:\/\/kosmosacentrs.lv\/wp-content\/uploads\/Satveriens-ikona.png\" \/>\n<meta name=\"twitter:card\" content=\"summary_large_image\" \/>\n<meta name=\"twitter:label1\" content=\"Est. reading time\" \/>\n\t<meta name=\"twitter:data1\" content=\"3 minutit\" \/>\n<script type=\"application\/ld+json\" class=\"yoast-schema-graph\">{\"@context\":\"https:\/\/schema.org\",\"@graph\":[{\"@type\":\"WebPage\",\"@id\":\"https:\/\/kosmosacentrs.lv\/ekspozicija-3-st-satveriens\/\",\"url\":\"https:\/\/kosmosacentrs.lv\/ekspozicija-3-st-satveriens\/\",\"name\":\"Ekspoz\u012bcija - 3. st\u0101vs Astronautu treni\u0146i - satv\u0113riens - Kosmosa izzi\u0146as centrs\",\"isPartOf\":{\"@id\":\"https:\/\/kosmosacentrs.lv\/#website\"},\"datePublished\":\"2024-05-05T17:54:34+00:00\",\"dateModified\":\"2024-05-06T08:39:05+00:00\",\"breadcrumb\":{\"@id\":\"https:\/\/kosmosacentrs.lv\/ekspozicija-3-st-satveriens\/#breadcrumb\"},\"inLanguage\":\"et\",\"potentialAction\":[{\"@type\":\"ReadAction\",\"target\":[\"https:\/\/kosmosacentrs.lv\/ekspozicija-3-st-satveriens\/\"]}]},{\"@type\":\"BreadcrumbList\",\"@id\":\"https:\/\/kosmosacentrs.lv\/ekspozicija-3-st-satveriens\/#breadcrumb\",\"itemListElement\":[{\"@type\":\"ListItem\",\"position\":1,\"name\":\"Home\",\"item\":\"https:\/\/kosmosacentrs.lv\/\"},{\"@type\":\"ListItem\",\"position\":2,\"name\":\"Ekspoz\u012bcija &#8211; 3. st\u0101vs Astronautu treni\u0146i &#8211; satv\u0113riens\"}]},{\"@type\":\"WebSite\",\"@id\":\"https:\/\/kosmosacentrs.lv\/#website\",\"url\":\"https:\/\/kosmosacentrs.lv\/\",\"name\":\"Kosmosa izzi\u0146as centrs\",\"description\":\"KIC.LV\",\"publisher\":{\"@id\":\"https:\/\/kosmosacentrs.lv\/#organization\"},\"potentialAction\":[{\"@type\":\"SearchAction\",\"target\":{\"@type\":\"EntryPoint\",\"urlTemplate\":\"https:\/\/kosmosacentrs.lv\/?s={search_term_string}\"},\"query-input\":\"required name=search_term_string\"}],\"inLanguage\":\"et\"},{\"@type\":\"Organization\",\"@id\":\"https:\/\/kosmosacentrs.lv\/#organization\",\"name\":\"Kosmosa izzi\u0146as centrs\",\"url\":\"https:\/\/kosmosacentrs.lv\/\",\"logo\":{\"@type\":\"ImageObject\",\"inLanguage\":\"et\",\"@id\":\"https:\/\/kosmosacentrs.lv\/#\/schema\/logo\/image\/\",\"url\":\"https:\/\/kosmosacentrs.lv\/wp-content\/uploads\/logo.svg\",\"contentUrl\":\"https:\/\/kosmosacentrs.lv\/wp-content\/uploads\/logo.svg\",\"width\":997,\"height\":712,\"caption\":\"Kosmosa izzi\u0146as centrs\"},\"image\":{\"@id\":\"https:\/\/kosmosacentrs.lv\/#\/schema\/logo\/image\/\"},\"sameAs\":[\"https:\/\/www.facebook.com\/Kosmosaizzinascentrs\/\"]}]}<\/script>\n<!-- \/ Yoast SEO plugin. -->","yoast_head_json":{"title":"Ekspoz\u012bcija - 3. st\u0101vs Astronautu treni\u0146i - satv\u0113riens - Kosmosa izzi\u0146as centrs","robots":{"index":"index","follow":"follow","max-snippet":"max-snippet:-1","max-image-preview":"max-image-preview:large","max-video-preview":"max-video-preview:-1"},"canonical":"https:\/\/kosmosacentrs.lv\/ekspozicija-3-st-satveriens\/","og_locale":"et_EE","og_type":"article","og_title":"Ekspoz\u012bcija - 3. st\u0101vs Astronautu treni\u0146i - satv\u0113riens - Kosmosa izzi\u0146as centrs","og_description":"Satv\u0113riens Musku\u013ci ir atbild\u012bgi par satv\u0113rienu! \u00a0 Re\u0123istr\u0113 karti! Satver stieni! Palecies vai izmanto pak\u0101pienu Kar\u0101jies cik ilgi vien vari! Iegaum\u0113 laiku! Turpini tren\u0113ties ar\u012b m\u0101j\u0101s! Centies sevi p\u0101rsp\u0113t! \u00a0 Dz\u012bvojot bezsvara st\u0101vokl\u012b astronauti zaud\u0113 musku\u013cu masu un sp\u0113ku. Astronautam vienl\u012bdz svar\u012bgi ir tren\u0113ties izotoniski (veicot kust\u012bbu) un ar\u012b izometriski (noturot pozu). Lai musku\u013cus tren\u0113tu, [&hellip;]","og_url":"https:\/\/kosmosacentrs.lv\/ekspozicija-3-st-satveriens\/","og_site_name":"Kosmosa izzi\u0146as centrs","article_publisher":"https:\/\/www.facebook.com\/Kosmosaizzinascentrs\/","article_modified_time":"2024-05-06T08:39:05+00:00","og_image":[{"url":"https:\/\/kosmosacentrs.lv\/wp-content\/uploads\/Satveriens-ikona.png"}],"twitter_card":"summary_large_image","twitter_misc":{"Est. reading time":"3 minutit"},"schema":{"@context":"https:\/\/schema.org","@graph":[{"@type":"WebPage","@id":"https:\/\/kosmosacentrs.lv\/ekspozicija-3-st-satveriens\/","url":"https:\/\/kosmosacentrs.lv\/ekspozicija-3-st-satveriens\/","name":"Ekspoz\u012bcija - 3. st\u0101vs Astronautu treni\u0146i - satv\u0113riens - Kosmosa izzi\u0146as centrs","isPartOf":{"@id":"https:\/\/kosmosacentrs.lv\/#website"},"datePublished":"2024-05-05T17:54:34+00:00","dateModified":"2024-05-06T08:39:05+00:00","breadcrumb":{"@id":"https:\/\/kosmosacentrs.lv\/ekspozicija-3-st-satveriens\/#breadcrumb"},"inLanguage":"et","potentialAction":[{"@type":"ReadAction","target":["https:\/\/kosmosacentrs.lv\/ekspozicija-3-st-satveriens\/"]}]},{"@type":"BreadcrumbList","@id":"https:\/\/kosmosacentrs.lv\/ekspozicija-3-st-satveriens\/#breadcrumb","itemListElement":[{"@type":"ListItem","position":1,"name":"Home","item":"https:\/\/kosmosacentrs.lv\/"},{"@type":"ListItem","position":2,"name":"Ekspoz\u012bcija &#8211; 3. st\u0101vs Astronautu treni\u0146i &#8211; satv\u0113riens"}]},{"@type":"WebSite","@id":"https:\/\/kosmosacentrs.lv\/#website","url":"https:\/\/kosmosacentrs.lv\/","name":"Kosmosa izzi\u0146as centrs","description":"KIC.LV","publisher":{"@id":"https:\/\/kosmosacentrs.lv\/#organization"},"potentialAction":[{"@type":"SearchAction","target":{"@type":"EntryPoint","urlTemplate":"https:\/\/kosmosacentrs.lv\/?s={search_term_string}"},"query-input":"required name=search_term_string"}],"inLanguage":"et"},{"@type":"Organization","@id":"https:\/\/kosmosacentrs.lv\/#organization","name":"Kosmosa izzi\u0146as centrs","url":"https:\/\/kosmosacentrs.lv\/","logo":{"@type":"ImageObject","inLanguage":"et","@id":"https:\/\/kosmosacentrs.lv\/#\/schema\/logo\/image\/","url":"https:\/\/kosmosacentrs.lv\/wp-content\/uploads\/logo.svg","contentUrl":"https:\/\/kosmosacentrs.lv\/wp-content\/uploads\/logo.svg","width":997,"height":712,"caption":"Kosmosa izzi\u0146as centrs"},"image":{"@id":"https:\/\/kosmosacentrs.lv\/#\/schema\/logo\/image\/"},"sameAs":["https:\/\/www.facebook.com\/Kosmosaizzinascentrs\/"]}]}},"_links":{"self":[{"href":"https:\/\/kosmosacentrs.lv\/et\/wp-json\/wp\/v2\/pages\/5781","targetHints":{"allow":["GET"]}}],"collection":[{"href":"https:\/\/kosmosacentrs.lv\/et\/wp-json\/wp\/v2\/pages"}],"about":[{"href":"https:\/\/kosmosacentrs.lv\/et\/wp-json\/wp\/v2\/types\/page"}],"author":[{"embeddable":true,"href":"https:\/\/kosmosacentrs.lv\/et\/wp-json\/wp\/v2\/users\/7"}],"replies":[{"embeddable":true,"href":"https:\/\/kosmosacentrs.lv\/et\/wp-json\/wp\/v2\/comments?post=5781"}],"version-history":[{"count":7,"href":"https:\/\/kosmosacentrs.lv\/et\/wp-json\/wp\/v2\/pages\/5781\/revisions"}],"predecessor-version":[{"id":6094,"href":"https:\/\/kosmosacentrs.lv\/et\/wp-json\/wp\/v2\/pages\/5781\/revisions\/6094"}],"wp:attachment":[{"href":"https:\/\/kosmosacentrs.lv\/et\/wp-json\/wp\/v2\/media?parent=5781"}],"curies":[{"name":"wp","href":"https:\/\/api.w.org\/{rel}","templated":true}]}}