{"id":5841,"date":"2024-05-05T21:32:03","date_gmt":"2024-05-05T18:32:03","guid":{"rendered":"https:\/\/kosmosacentrs.lv\/?page_id=5841"},"modified":"2024-05-06T11:00:40","modified_gmt":"2024-05-06T08:00:40","slug":"ekspozicija-2-st-resursi-marss","status":"publish","type":"page","link":"https:\/\/kosmosacentrs.lv\/et\/ekspozicija-2-st-resursi-marss\/","title":{"rendered":"Ekspoz\u012bcija &#8211; 2. st\u0101vs Resursi &#8211; Marss"},"content":{"rendered":"\t\t<div data-elementor-type=\"wp-page\" data-elementor-id=\"5841\" class=\"elementor elementor-5841\">\n\t\t\t\t<div class=\"elementor-element elementor-element-8199b9f e-flex e-con-boxed e-con e-parent\" data-id=\"8199b9f\" data-element_type=\"container\" data-e-type=\"container\">\n\t\t\t\t\t<div class=\"e-con-inner\">\n\t\t<div class=\"elementor-element elementor-element-41b5ed6 e-con-full e-flex e-con e-parent\" data-id=\"41b5ed6\" data-element_type=\"container\" data-e-type=\"container\">\n\t\t\t\t<div class=\"elementor-element elementor-element-c6ff380 elementor-widget elementor-widget-image\" data-id=\"c6ff380\" data-element_type=\"widget\" data-e-type=\"widget\" data-widget_type=\"image.default\">\n\t\t\t\t<div class=\"elementor-widget-container\">\n\t\t\t\t\t\t\t\t\t\t\t\t\t\t\t<img fetchpriority=\"high\" decoding=\"async\" width=\"674\" height=\"642\" src=\"https:\/\/kosmosacentrs.lv\/wp-content\/uploads\/Resursi-ikona.png\" class=\"attachment-full size-full wp-image-5804\" alt=\"\" srcset=\"https:\/\/kosmosacentrs.lv\/wp-content\/uploads\/Resursi-ikona.png 674w, https:\/\/kosmosacentrs.lv\/wp-content\/uploads\/Resursi-ikona-300x286.png 300w\" sizes=\"(max-width: 674px) 100vw, 674px\" \/>\t\t\t\t\t\t\t\t\t\t\t\t\t\t\t<\/div>\n\t\t\t\t<\/div>\n\t\t\t\t<\/div>\n\t\t<div class=\"elementor-element elementor-element-d071e6a e-con-full e-flex e-con e-parent\" data-id=\"d071e6a\" data-element_type=\"container\" data-e-type=\"container\">\n\t\t\t\t<div class=\"elementor-element elementor-element-e40721e elementor-widget elementor-widget-heading\" data-id=\"e40721e\" data-element_type=\"widget\" data-e-type=\"widget\" data-widget_type=\"heading.default\">\n\t\t\t\t<div class=\"elementor-widget-container\">\n\t\t\t\t\t<h2 class=\"elementor-heading-title elementor-size-default\">Va ar resursiem, kas pieejami uz Marsa, Tu var\u0113si ieg\u016bt visu nepiecie\u0161amo?<\/h2>\t\t\t\t<\/div>\n\t\t\t\t<\/div>\n\t\t\t\t<\/div>\n\t\t\t\t\t<\/div>\n\t\t\t\t<\/div>\n\t\t<div class=\"elementor-element elementor-element-09cb8d4 e-flex e-con-boxed e-con e-parent\" data-id=\"09cb8d4\" data-element_type=\"container\" data-e-type=\"container\" data-settings=\"{&quot;background_background&quot;:&quot;classic&quot;}\">\n\t\t\t\t\t<div class=\"e-con-inner\">\n\t\t<div class=\"elementor-element elementor-element-fa8bf73 e-con-full e-flex e-con e-parent\" data-id=\"fa8bf73\" data-element_type=\"container\" data-e-type=\"container\">\n\t\t\t\t<div class=\"elementor-element elementor-element-f4bb400 elementor-widget elementor-widget-text-editor\" data-id=\"f4bb400\" data-element_type=\"widget\" data-e-type=\"widget\" data-widget_type=\"text-editor.default\">\n\t\t\t\t<div class=\"elementor-widget-container\">\n\t\t\t\t\t\t\t\t\t<p><span style=\"font-size: 14pt;\">Pati plan\u0113ta Marss var kalpot k\u0101 resursu ieguves avots \u2013 <\/span><span style=\"font-size: 14pt;\">atliek tikai mekl\u0113t un rakt!\u00a0<\/span><\/p>\t\t\t\t\t\t\t\t<\/div>\n\t\t\t\t<\/div>\n\t\t\t\t<\/div>\n\t\t<div class=\"elementor-element elementor-element-ec4e89c e-con-full e-flex e-con e-parent\" data-id=\"ec4e89c\" data-element_type=\"container\" data-e-type=\"container\">\n\t\t\t\t<div class=\"elementor-element elementor-element-01a78c3 elementor-widget elementor-widget-image\" data-id=\"01a78c3\" data-element_type=\"widget\" data-e-type=\"widget\" data-widget_type=\"image.default\">\n\t\t\t\t<div class=\"elementor-widget-container\">\n\t\t\t\t\t\t\t\t\t\t\t\t\t\t\t<img decoding=\"async\" width=\"640\" height=\"257\" src=\"https:\/\/kosmosacentrs.lv\/wp-content\/uploads\/regolits-1-1024x411.png\" class=\"attachment-large size-large wp-image-5071\" alt=\"\" srcset=\"https:\/\/kosmosacentrs.lv\/wp-content\/uploads\/regolits-1-1024x411.png 1024w, https:\/\/kosmosacentrs.lv\/wp-content\/uploads\/regolits-1-300x121.png 300w, https:\/\/kosmosacentrs.lv\/wp-content\/uploads\/regolits-1-768x309.png 768w, https:\/\/kosmosacentrs.lv\/wp-content\/uploads\/regolits-1-1536x617.png 1536w, https:\/\/kosmosacentrs.lv\/wp-content\/uploads\/regolits-1-2048x823.png 2048w\" sizes=\"(max-width: 640px) 100vw, 640px\" \/>\t\t\t\t\t\t\t\t\t\t\t\t\t\t\t<\/div>\n\t\t\t\t<\/div>\n\t\t\t\t<\/div>\n\t\t\t\t\t<\/div>\n\t\t\t\t<\/div>\n\t\t<div class=\"elementor-element elementor-element-32a353d e-flex e-con-boxed e-con e-parent\" data-id=\"32a353d\" data-element_type=\"container\" data-e-type=\"container\" data-settings=\"{&quot;background_background&quot;:&quot;classic&quot;}\">\n\t\t\t\t\t<div class=\"e-con-inner\">\n\t\t<div class=\"elementor-element elementor-element-75c5bff e-con-full e-flex e-con e-parent\" data-id=\"75c5bff\" data-element_type=\"container\" data-e-type=\"container\">\n\t\t\t\t<div class=\"elementor-element elementor-element-7b36887 elementor-widget elementor-widget-text-editor\" data-id=\"7b36887\" data-element_type=\"widget\" data-e-type=\"widget\" data-widget_type=\"text-editor.default\">\n\t\t\t\t<div class=\"elementor-widget-container\">\n\t\t\t\t\t\t\t\t\t<p><span style=\"font-size: 14pt;\">No Marsa virsk\u0101rtas smilt\u012bs atrodam\u0101 <span style=\"color: #f6a310;\">sil\u012bcija dioks\u012bda<\/span> var <\/span><span style=\"font-size: 14pt;\">izgatavot elektronisk\u0101s komponentes &#8211; pusvad\u012bt\u0101jus.<\/span><\/p>\t\t\t\t\t\t\t\t<\/div>\n\t\t\t\t<\/div>\n\t\t\t\t<\/div>\n\t\t<div class=\"elementor-element elementor-element-831f5b1 e-con-full e-flex e-con e-parent\" data-id=\"831f5b1\" data-element_type=\"container\" data-e-type=\"container\">\n\t\t\t\t<div class=\"elementor-element elementor-element-0a8efde elementor-widget elementor-widget-image\" data-id=\"0a8efde\" data-element_type=\"widget\" data-e-type=\"widget\" data-widget_type=\"image.default\">\n\t\t\t\t<div class=\"elementor-widget-container\">\n\t\t\t\t\t\t\t\t\t\t\t\t\t\t\t<img decoding=\"async\" width=\"640\" height=\"314\" src=\"https:\/\/kosmosacentrs.lv\/wp-content\/uploads\/Silicija-dioksids-1024x502.png\" class=\"attachment-large size-large wp-image-5844\" alt=\"\" srcset=\"https:\/\/kosmosacentrs.lv\/wp-content\/uploads\/Silicija-dioksids-1024x502.png 1024w, https:\/\/kosmosacentrs.lv\/wp-content\/uploads\/Silicija-dioksids-300x147.png 300w, https:\/\/kosmosacentrs.lv\/wp-content\/uploads\/Silicija-dioksids-768x377.png 768w, https:\/\/kosmosacentrs.lv\/wp-content\/uploads\/Silicija-dioksids.png 1036w\" sizes=\"(max-width: 640px) 100vw, 640px\" \/>\t\t\t\t\t\t\t\t\t\t\t\t\t\t\t<\/div>\n\t\t\t\t<\/div>\n\t\t\t\t<\/div>\n\t\t\t\t\t<\/div>\n\t\t\t\t<\/div>\n\t\t<div class=\"elementor-element elementor-element-b84f2b6 e-flex e-con-boxed e-con e-parent\" data-id=\"b84f2b6\" data-element_type=\"container\" data-e-type=\"container\" data-settings=\"{&quot;background_background&quot;:&quot;classic&quot;}\">\n\t\t\t\t\t<div class=\"e-con-inner\">\n\t\t<div class=\"elementor-element elementor-element-4c08682 e-con-full e-flex e-con e-parent\" data-id=\"4c08682\" data-element_type=\"container\" data-e-type=\"container\">\n\t\t\t\t<div class=\"elementor-element elementor-element-614c28a elementor-widget elementor-widget-text-editor\" data-id=\"614c28a\" data-element_type=\"widget\" data-e-type=\"widget\" data-widget_type=\"text-editor.default\">\n\t\t\t\t<div class=\"elementor-widget-container\">\n\t\t\t\t\t\t\t\t\t<p><span style=\"font-size: 14pt;\">Marsa virsk\u0101rt\u0101 atrodamos met\u0101liskos elementus, piem\u0113ram, <span style=\"color: #f6a310;\">varu<\/span>, var izmantot vadu izgatavo\u0161an\u0101.<\/span><\/p>\t\t\t\t\t\t\t\t<\/div>\n\t\t\t\t<\/div>\n\t\t\t\t<\/div>\n\t\t<div class=\"elementor-element elementor-element-b3ec6e8 e-con-full e-flex e-con e-parent\" data-id=\"b3ec6e8\" data-element_type=\"container\" data-e-type=\"container\">\n\t\t\t\t<div class=\"elementor-element elementor-element-0570d50 elementor-widget elementor-widget-image\" data-id=\"0570d50\" data-element_type=\"widget\" data-e-type=\"widget\" data-widget_type=\"image.default\">\n\t\t\t\t<div class=\"elementor-widget-container\">\n\t\t\t\t\t\t\t\t\t\t\t\t\t\t\t<img loading=\"lazy\" decoding=\"async\" width=\"201\" height=\"143\" src=\"https:\/\/kosmosacentrs.lv\/wp-content\/uploads\/Akmeni.png\" class=\"attachment-large size-large wp-image-5849\" alt=\"\" \/>\t\t\t\t\t\t\t\t\t\t\t\t\t\t\t<\/div>\n\t\t\t\t<\/div>\n\t\t\t\t<\/div>\n\t\t\t\t\t<\/div>\n\t\t\t\t<\/div>\n\t\t<div class=\"elementor-element elementor-element-ee4402a e-flex e-con-boxed e-con e-parent\" data-id=\"ee4402a\" data-element_type=\"container\" data-e-type=\"container\" data-settings=\"{&quot;background_background&quot;:&quot;classic&quot;}\">\n\t\t\t\t\t<div class=\"e-con-inner\">\n\t\t<div class=\"elementor-element elementor-element-a23fc24 e-con-full e-flex e-con e-parent\" data-id=\"a23fc24\" data-element_type=\"container\" data-e-type=\"container\">\n\t\t\t\t<div class=\"elementor-element elementor-element-ccbf9d0 elementor-widget elementor-widget-text-editor\" data-id=\"ccbf9d0\" data-element_type=\"widget\" data-e-type=\"widget\" data-widget_type=\"text-editor.default\">\n\t\t\t\t<div class=\"elementor-widget-container\">\n\t\t\t\t\t\t\t\t\t<p>Savienojot <span style=\"color: #f6a310;\">elektronikas komponentes<\/span>, var ieg\u016bt vienk\u0101r\u0161as, bet funkcion\u0113jo\u0161as ier\u012bces.<\/p>\t\t\t\t\t\t\t\t<\/div>\n\t\t\t\t<\/div>\n\t\t\t\t<\/div>\n\t\t<div class=\"elementor-element elementor-element-68946c0 e-con-full e-flex e-con e-parent\" data-id=\"68946c0\" data-element_type=\"container\" data-e-type=\"container\">\n\t\t\t\t<div class=\"elementor-element elementor-element-4aae91d elementor-widget elementor-widget-image\" data-id=\"4aae91d\" data-element_type=\"widget\" data-e-type=\"widget\" data-widget_type=\"image.default\">\n\t\t\t\t<div class=\"elementor-widget-container\">\n\t\t\t\t\t\t\t\t\t\t\t\t\t\t\t<img loading=\"lazy\" decoding=\"async\" width=\"192\" height=\"142\" src=\"https:\/\/kosmosacentrs.lv\/wp-content\/uploads\/Elektronikas-komponentes.png\" class=\"attachment-large size-large wp-image-5854\" alt=\"\" \/>\t\t\t\t\t\t\t\t\t\t\t\t\t\t\t<\/div>\n\t\t\t\t<\/div>\n\t\t\t\t<\/div>\n\t\t\t\t\t<\/div>\n\t\t\t\t<\/div>\n\t\t<div class=\"elementor-element elementor-element-a6f73a5 e-flex e-con-boxed e-con e-parent\" data-id=\"a6f73a5\" data-element_type=\"container\" data-e-type=\"container\" data-settings=\"{&quot;background_background&quot;:&quot;classic&quot;}\">\n\t\t\t\t\t<div class=\"e-con-inner\">\n\t\t<div class=\"elementor-element elementor-element-a7f9424 e-con-full e-flex e-con e-parent\" data-id=\"a7f9424\" data-element_type=\"container\" data-e-type=\"container\">\n\t\t\t\t<div class=\"elementor-element elementor-element-e57623c elementor-widget elementor-widget-text-editor\" data-id=\"e57623c\" data-element_type=\"widget\" data-e-type=\"widget\" data-widget_type=\"text-editor.default\">\n\t\t\t\t<div class=\"elementor-widget-container\">\n\t\t\t\t\t\t\t\t\t<p>Att\u012bstot <span style=\"color: #f6a310;\">bioplastmasas<\/span> izstr\u0101di, uz Marsa var\u0113s izgatavot iek\u0101rtu korpusus, izol\u0101cijas materi\u0101lus un iepakojumus.<\/p>\t\t\t\t\t\t\t\t<\/div>\n\t\t\t\t<\/div>\n\t\t\t\t<\/div>\n\t\t<div class=\"elementor-element elementor-element-f2c68d6 e-con-full e-flex e-con e-parent\" data-id=\"f2c68d6\" data-element_type=\"container\" data-e-type=\"container\">\n\t\t\t\t<div class=\"elementor-element elementor-element-8150b12 elementor-widget elementor-widget-image\" data-id=\"8150b12\" data-element_type=\"widget\" data-e-type=\"widget\" data-widget_type=\"image.default\">\n\t\t\t\t<div class=\"elementor-widget-container\">\n\t\t\t\t\t\t\t\t\t\t\t\t\t\t\t<img loading=\"lazy\" decoding=\"async\" width=\"415\" height=\"306\" src=\"https:\/\/kosmosacentrs.lv\/wp-content\/uploads\/Papirs.png\" class=\"attachment-large size-large wp-image-5859\" alt=\"\" srcset=\"https:\/\/kosmosacentrs.lv\/wp-content\/uploads\/Papirs.png 415w, https:\/\/kosmosacentrs.lv\/wp-content\/uploads\/Papirs-300x221.png 300w\" sizes=\"(max-width: 415px) 100vw, 415px\" \/>\t\t\t\t\t\t\t\t\t\t\t\t\t\t\t<\/div>\n\t\t\t\t<\/div>\n\t\t\t\t<\/div>\n\t\t\t\t\t<\/div>\n\t\t\t\t<\/div>\n\t\t<div class=\"elementor-element elementor-element-624d9e4 e-flex e-con-boxed e-con e-parent\" data-id=\"624d9e4\" data-element_type=\"container\" data-e-type=\"container\" data-settings=\"{&quot;background_background&quot;:&quot;classic&quot;}\">\n\t\t\t\t\t<div class=\"e-con-inner\">\n\t\t<div class=\"elementor-element elementor-element-7958570 e-con-full e-flex e-con e-parent\" data-id=\"7958570\" data-element_type=\"container\" data-e-type=\"container\">\n\t\t\t\t<div class=\"elementor-element elementor-element-23776d2 elementor-widget elementor-widget-text-editor\" data-id=\"23776d2\" data-element_type=\"widget\" data-e-type=\"widget\" data-widget_type=\"text-editor.default\">\n\t\t\t\t<div class=\"elementor-widget-container\">\n\t\t\t\t\t\t\t\t\t<p>S\u0113klas, no kur\u0101m izaudz\u0113t p\u0101rtikas produktus, m\u0113s varam pa\u0146emt l\u012bdzi, bet kur ieg\u016bt <span style=\"color: #f6a310;\">augsni<\/span> augu audz\u0113\u0161anai?<\/p>\t\t\t\t\t\t\t\t<\/div>\n\t\t\t\t<\/div>\n\t\t\t\t<\/div>\n\t\t<div class=\"elementor-element elementor-element-70f7e38 e-con-full e-flex e-con e-parent\" data-id=\"70f7e38\" data-element_type=\"container\" data-e-type=\"container\">\n\t\t\t\t<div class=\"elementor-element elementor-element-4dbf5e3 elementor-widget elementor-widget-image\" data-id=\"4dbf5e3\" data-element_type=\"widget\" data-e-type=\"widget\" data-widget_type=\"image.default\">\n\t\t\t\t<div class=\"elementor-widget-container\">\n\t\t\t\t\t\t\t\t\t\t\t\t\t\t\t<img loading=\"lazy\" decoding=\"async\" width=\"424\" height=\"312\" src=\"https:\/\/kosmosacentrs.lv\/wp-content\/uploads\/Tomats.png\" class=\"attachment-large size-large wp-image-5864\" alt=\"\" srcset=\"https:\/\/kosmosacentrs.lv\/wp-content\/uploads\/Tomats.png 424w, https:\/\/kosmosacentrs.lv\/wp-content\/uploads\/Tomats-300x221.png 300w\" sizes=\"(max-width: 424px) 100vw, 424px\" \/>\t\t\t\t\t\t\t\t\t\t\t\t\t\t\t<\/div>\n\t\t\t\t<\/div>\n\t\t\t\t<\/div>\n\t\t\t\t\t<\/div>\n\t\t\t\t<\/div>\n\t\t\t\t<\/div>\n\t\t","protected":false},"excerpt":{"rendered":"<p>Va ar resursiem, kas pieejami uz Marsa, Tu var\u0113si ieg\u016bt visu nepiecie\u0161amo? Pati plan\u0113ta Marss var kalpot k\u0101 resursu ieguves avots \u2013 atliek tikai mekl\u0113t un rakt! No Marsa virsk\u0101rtas smilt\u012bs atrodam\u0101 sil\u012bcija dioks\u012bda var izgatavot elektronisk\u0101s komponentes &#8211; pusvad\u012bt\u0101jus. Marsa virsk\u0101rt\u0101 atrodamos met\u0101liskos elementus, piem\u0113ram, varu, var izmantot vadu izgatavo\u0161an\u0101. Savienojot elektronikas komponentes, var [&hellip;]<\/p>\n","protected":false},"author":7,"featured_media":0,"parent":0,"menu_order":0,"comment_status":"closed","ping_status":"closed","template":"","meta":{"inline_featured_image":false,"footnotes":""},"class_list":["post-5841","page","type-page","status-publish","hentry"],"yoast_head":"<!-- This site is optimized with the Yoast SEO plugin v20.4 - https:\/\/yoast.com\/wordpress\/plugins\/seo\/ -->\n<title>Ekspoz\u012bcija - 2. st\u0101vs Resursi - Marss - Kosmosa izzi\u0146as centrs<\/title>\n<meta name=\"robots\" content=\"index, follow, max-snippet:-1, max-image-preview:large, max-video-preview:-1\" \/>\n<link rel=\"canonical\" href=\"https:\/\/kosmosacentrs.lv\/ekspozicija-2-st-resursi-marss\/\" \/>\n<meta property=\"og:locale\" content=\"et_EE\" \/>\n<meta property=\"og:type\" content=\"article\" \/>\n<meta property=\"og:title\" content=\"Ekspoz\u012bcija - 2. st\u0101vs Resursi - Marss - Kosmosa izzi\u0146as centrs\" \/>\n<meta property=\"og:description\" content=\"Va ar resursiem, kas pieejami uz Marsa, Tu var\u0113si ieg\u016bt visu nepiecie\u0161amo? Pati plan\u0113ta Marss var kalpot k\u0101 resursu ieguves avots \u2013 atliek tikai mekl\u0113t un rakt! No Marsa virsk\u0101rtas smilt\u012bs atrodam\u0101 sil\u012bcija dioks\u012bda var izgatavot elektronisk\u0101s komponentes &#8211; pusvad\u012bt\u0101jus. Marsa virsk\u0101rt\u0101 atrodamos met\u0101liskos elementus, piem\u0113ram, varu, var izmantot vadu izgatavo\u0161an\u0101. Savienojot elektronikas komponentes, var [&hellip;]\" \/>\n<meta property=\"og:url\" content=\"https:\/\/kosmosacentrs.lv\/ekspozicija-2-st-resursi-marss\/\" \/>\n<meta property=\"og:site_name\" content=\"Kosmosa izzi\u0146as centrs\" \/>\n<meta property=\"article:publisher\" content=\"https:\/\/www.facebook.com\/Kosmosaizzinascentrs\/\" \/>\n<meta property=\"article:modified_time\" content=\"2024-05-06T08:00:40+00:00\" \/>\n<meta property=\"og:image\" content=\"https:\/\/kosmosacentrs.lv\/wp-content\/uploads\/Resursi-ikona.png\" \/>\n<meta name=\"twitter:card\" content=\"summary_large_image\" \/>\n<meta name=\"twitter:label1\" content=\"Est. reading time\" \/>\n\t<meta name=\"twitter:data1\" content=\"2 minutit\" \/>\n<script type=\"application\/ld+json\" class=\"yoast-schema-graph\">{\"@context\":\"https:\/\/schema.org\",\"@graph\":[{\"@type\":\"WebPage\",\"@id\":\"https:\/\/kosmosacentrs.lv\/ekspozicija-2-st-resursi-marss\/\",\"url\":\"https:\/\/kosmosacentrs.lv\/ekspozicija-2-st-resursi-marss\/\",\"name\":\"Ekspoz\u012bcija - 2. st\u0101vs Resursi - Marss - Kosmosa izzi\u0146as centrs\",\"isPartOf\":{\"@id\":\"https:\/\/kosmosacentrs.lv\/#website\"},\"datePublished\":\"2024-05-05T18:32:03+00:00\",\"dateModified\":\"2024-05-06T08:00:40+00:00\",\"breadcrumb\":{\"@id\":\"https:\/\/kosmosacentrs.lv\/ekspozicija-2-st-resursi-marss\/#breadcrumb\"},\"inLanguage\":\"et\",\"potentialAction\":[{\"@type\":\"ReadAction\",\"target\":[\"https:\/\/kosmosacentrs.lv\/ekspozicija-2-st-resursi-marss\/\"]}]},{\"@type\":\"BreadcrumbList\",\"@id\":\"https:\/\/kosmosacentrs.lv\/ekspozicija-2-st-resursi-marss\/#breadcrumb\",\"itemListElement\":[{\"@type\":\"ListItem\",\"position\":1,\"name\":\"Home\",\"item\":\"https:\/\/kosmosacentrs.lv\/\"},{\"@type\":\"ListItem\",\"position\":2,\"name\":\"Ekspoz\u012bcija &#8211; 2. st\u0101vs Resursi &#8211; Marss\"}]},{\"@type\":\"WebSite\",\"@id\":\"https:\/\/kosmosacentrs.lv\/#website\",\"url\":\"https:\/\/kosmosacentrs.lv\/\",\"name\":\"Kosmosa izzi\u0146as centrs\",\"description\":\"KIC.LV\",\"publisher\":{\"@id\":\"https:\/\/kosmosacentrs.lv\/#organization\"},\"potentialAction\":[{\"@type\":\"SearchAction\",\"target\":{\"@type\":\"EntryPoint\",\"urlTemplate\":\"https:\/\/kosmosacentrs.lv\/?s={search_term_string}\"},\"query-input\":\"required name=search_term_string\"}],\"inLanguage\":\"et\"},{\"@type\":\"Organization\",\"@id\":\"https:\/\/kosmosacentrs.lv\/#organization\",\"name\":\"Kosmosa izzi\u0146as centrs\",\"url\":\"https:\/\/kosmosacentrs.lv\/\",\"logo\":{\"@type\":\"ImageObject\",\"inLanguage\":\"et\",\"@id\":\"https:\/\/kosmosacentrs.lv\/#\/schema\/logo\/image\/\",\"url\":\"https:\/\/kosmosacentrs.lv\/wp-content\/uploads\/logo.svg\",\"contentUrl\":\"https:\/\/kosmosacentrs.lv\/wp-content\/uploads\/logo.svg\",\"width\":997,\"height\":712,\"caption\":\"Kosmosa izzi\u0146as centrs\"},\"image\":{\"@id\":\"https:\/\/kosmosacentrs.lv\/#\/schema\/logo\/image\/\"},\"sameAs\":[\"https:\/\/www.facebook.com\/Kosmosaizzinascentrs\/\"]}]}<\/script>\n<!-- \/ Yoast SEO plugin. -->","yoast_head_json":{"title":"Ekspoz\u012bcija - 2. st\u0101vs Resursi - Marss - Kosmosa izzi\u0146as centrs","robots":{"index":"index","follow":"follow","max-snippet":"max-snippet:-1","max-image-preview":"max-image-preview:large","max-video-preview":"max-video-preview:-1"},"canonical":"https:\/\/kosmosacentrs.lv\/ekspozicija-2-st-resursi-marss\/","og_locale":"et_EE","og_type":"article","og_title":"Ekspoz\u012bcija - 2. st\u0101vs Resursi - Marss - Kosmosa izzi\u0146as centrs","og_description":"Va ar resursiem, kas pieejami uz Marsa, Tu var\u0113si ieg\u016bt visu nepiecie\u0161amo? Pati plan\u0113ta Marss var kalpot k\u0101 resursu ieguves avots \u2013 atliek tikai mekl\u0113t un rakt! No Marsa virsk\u0101rtas smilt\u012bs atrodam\u0101 sil\u012bcija dioks\u012bda var izgatavot elektronisk\u0101s komponentes &#8211; pusvad\u012bt\u0101jus. Marsa virsk\u0101rt\u0101 atrodamos met\u0101liskos elementus, piem\u0113ram, varu, var izmantot vadu izgatavo\u0161an\u0101. Savienojot elektronikas komponentes, var [&hellip;]","og_url":"https:\/\/kosmosacentrs.lv\/ekspozicija-2-st-resursi-marss\/","og_site_name":"Kosmosa izzi\u0146as centrs","article_publisher":"https:\/\/www.facebook.com\/Kosmosaizzinascentrs\/","article_modified_time":"2024-05-06T08:00:40+00:00","og_image":[{"url":"https:\/\/kosmosacentrs.lv\/wp-content\/uploads\/Resursi-ikona.png"}],"twitter_card":"summary_large_image","twitter_misc":{"Est. reading time":"2 minutit"},"schema":{"@context":"https:\/\/schema.org","@graph":[{"@type":"WebPage","@id":"https:\/\/kosmosacentrs.lv\/ekspozicija-2-st-resursi-marss\/","url":"https:\/\/kosmosacentrs.lv\/ekspozicija-2-st-resursi-marss\/","name":"Ekspoz\u012bcija - 2. st\u0101vs Resursi - Marss - Kosmosa izzi\u0146as centrs","isPartOf":{"@id":"https:\/\/kosmosacentrs.lv\/#website"},"datePublished":"2024-05-05T18:32:03+00:00","dateModified":"2024-05-06T08:00:40+00:00","breadcrumb":{"@id":"https:\/\/kosmosacentrs.lv\/ekspozicija-2-st-resursi-marss\/#breadcrumb"},"inLanguage":"et","potentialAction":[{"@type":"ReadAction","target":["https:\/\/kosmosacentrs.lv\/ekspozicija-2-st-resursi-marss\/"]}]},{"@type":"BreadcrumbList","@id":"https:\/\/kosmosacentrs.lv\/ekspozicija-2-st-resursi-marss\/#breadcrumb","itemListElement":[{"@type":"ListItem","position":1,"name":"Home","item":"https:\/\/kosmosacentrs.lv\/"},{"@type":"ListItem","position":2,"name":"Ekspoz\u012bcija &#8211; 2. st\u0101vs Resursi &#8211; Marss"}]},{"@type":"WebSite","@id":"https:\/\/kosmosacentrs.lv\/#website","url":"https:\/\/kosmosacentrs.lv\/","name":"Kosmosa izzi\u0146as centrs","description":"KIC.LV","publisher":{"@id":"https:\/\/kosmosacentrs.lv\/#organization"},"potentialAction":[{"@type":"SearchAction","target":{"@type":"EntryPoint","urlTemplate":"https:\/\/kosmosacentrs.lv\/?s={search_term_string}"},"query-input":"required name=search_term_string"}],"inLanguage":"et"},{"@type":"Organization","@id":"https:\/\/kosmosacentrs.lv\/#organization","name":"Kosmosa izzi\u0146as centrs","url":"https:\/\/kosmosacentrs.lv\/","logo":{"@type":"ImageObject","inLanguage":"et","@id":"https:\/\/kosmosacentrs.lv\/#\/schema\/logo\/image\/","url":"https:\/\/kosmosacentrs.lv\/wp-content\/uploads\/logo.svg","contentUrl":"https:\/\/kosmosacentrs.lv\/wp-content\/uploads\/logo.svg","width":997,"height":712,"caption":"Kosmosa izzi\u0146as centrs"},"image":{"@id":"https:\/\/kosmosacentrs.lv\/#\/schema\/logo\/image\/"},"sameAs":["https:\/\/www.facebook.com\/Kosmosaizzinascentrs\/"]}]}},"_links":{"self":[{"href":"https:\/\/kosmosacentrs.lv\/et\/wp-json\/wp\/v2\/pages\/5841","targetHints":{"allow":["GET"]}}],"collection":[{"href":"https:\/\/kosmosacentrs.lv\/et\/wp-json\/wp\/v2\/pages"}],"about":[{"href":"https:\/\/kosmosacentrs.lv\/et\/wp-json\/wp\/v2\/types\/page"}],"author":[{"embeddable":true,"href":"https:\/\/kosmosacentrs.lv\/et\/wp-json\/wp\/v2\/users\/7"}],"replies":[{"embeddable":true,"href":"https:\/\/kosmosacentrs.lv\/et\/wp-json\/wp\/v2\/comments?post=5841"}],"version-history":[{"count":5,"href":"https:\/\/kosmosacentrs.lv\/et\/wp-json\/wp\/v2\/pages\/5841\/revisions"}],"predecessor-version":[{"id":6036,"href":"https:\/\/kosmosacentrs.lv\/et\/wp-json\/wp\/v2\/pages\/5841\/revisions\/6036"}],"wp:attachment":[{"href":"https:\/\/kosmosacentrs.lv\/et\/wp-json\/wp\/v2\/media?parent=5841"}],"curies":[{"name":"wp","href":"https:\/\/api.w.org\/{rel}","templated":true}]}}