{"id":5872,"date":"2024-05-05T21:45:56","date_gmt":"2024-05-05T18:45:56","guid":{"rendered":"https:\/\/kosmosacentrs.lv\/?page_id=5872"},"modified":"2024-05-06T11:00:20","modified_gmt":"2024-05-06T08:00:20","slug":"ekspozicija-2-st-energija","status":"publish","type":"page","link":"https:\/\/kosmosacentrs.lv\/et\/ekspozicija-2-st-energija\/","title":{"rendered":"Ekspoz\u012bcija &#8211; 2. st\u0101vs Ener\u0123ija"},"content":{"rendered":"\t\t<div data-elementor-type=\"wp-page\" data-elementor-id=\"5872\" class=\"elementor elementor-5872\">\n\t\t\t\t<div class=\"elementor-element elementor-element-8199b9f e-flex e-con-boxed e-con e-parent\" data-id=\"8199b9f\" data-element_type=\"container\" data-e-type=\"container\">\n\t\t\t\t\t<div class=\"e-con-inner\">\n\t\t<div class=\"elementor-element elementor-element-41b5ed6 e-con-full e-flex e-con e-parent\" data-id=\"41b5ed6\" data-element_type=\"container\" data-e-type=\"container\">\n\t\t\t\t<div class=\"elementor-element elementor-element-c6ff380 elementor-widget elementor-widget-image\" data-id=\"c6ff380\" data-element_type=\"widget\" data-e-type=\"widget\" data-widget_type=\"image.default\">\n\t\t\t\t<div class=\"elementor-widget-container\">\n\t\t\t\t\t\t\t\t\t\t\t\t\t\t\t<img fetchpriority=\"high\" decoding=\"async\" width=\"690\" height=\"758\" src=\"https:\/\/kosmosacentrs.lv\/wp-content\/uploads\/Energija-ikona-1.png\" class=\"attachment-full size-full wp-image-5879\" alt=\"\" srcset=\"https:\/\/kosmosacentrs.lv\/wp-content\/uploads\/Energija-ikona-1.png 690w, https:\/\/kosmosacentrs.lv\/wp-content\/uploads\/Energija-ikona-1-273x300.png 273w\" sizes=\"(max-width: 690px) 100vw, 690px\" \/>\t\t\t\t\t\t\t\t\t\t\t\t\t\t\t<\/div>\n\t\t\t\t<\/div>\n\t\t\t\t<\/div>\n\t\t<div class=\"elementor-element elementor-element-d071e6a e-con-full e-flex e-con e-parent\" data-id=\"d071e6a\" data-element_type=\"container\" data-e-type=\"container\">\n\t\t\t\t<div class=\"elementor-element elementor-element-e40721e elementor-widget elementor-widget-heading\" data-id=\"e40721e\" data-element_type=\"widget\" data-e-type=\"widget\" data-widget_type=\"heading.default\">\n\t\t\t\t<div class=\"elementor-widget-container\">\n\t\t\t\t\t<h2 class=\"elementor-heading-title elementor-size-default\">Ener\u0123ijas ra\u017eo\u0161ana vai energijas p\u0101rveido\u0161ana?<\/h2>\t\t\t\t<\/div>\n\t\t\t\t<\/div>\n\t\t\t\t<\/div>\n\t\t\t\t\t<\/div>\n\t\t\t\t<\/div>\n\t\t<div class=\"elementor-element elementor-element-09cb8d4 e-flex e-con-boxed e-con e-parent\" data-id=\"09cb8d4\" data-element_type=\"container\" data-e-type=\"container\" data-settings=\"{&quot;background_background&quot;:&quot;classic&quot;}\">\n\t\t\t\t\t<div class=\"e-con-inner\">\n\t\t<div class=\"elementor-element elementor-element-fa8bf73 e-con-full e-flex e-con e-parent\" data-id=\"fa8bf73\" data-element_type=\"container\" data-e-type=\"container\">\n\t\t\t\t<div class=\"elementor-element elementor-element-f4bb400 elementor-widget elementor-widget-text-editor\" data-id=\"f4bb400\" data-element_type=\"widget\" data-e-type=\"widget\" data-widget_type=\"text-editor.default\">\n\t\t\t\t<div class=\"elementor-widget-container\">\n\t\t\t\t\t\t\t\t\t<p><strong><span style=\"color: #f6a310;\">Ener\u0123ija ir resurss<\/span>, kuru ieg\u016bst no ener\u0123ijas avotiem. P\u0101rv\u0113rt\u012bbu procesos tiek main\u012bta ener\u0123ijas forma.<\/strong><\/p><p>\u00a0<\/p><p>To, k\u0101dus p\u0101rveido\u0161anas procesus nepiecie\u0161ams veikt, nosaka cilv\u0113ku <span style=\"color: #f6a310;\">vajadz\u012bbas<\/span>, piem\u0113ram, pielietojuma, transport\u0113\u0161anas vai uzglab\u0101\u0161anas iesp\u0113jas.<\/p><p>\u00a0<\/p><p>\u00a0<\/p>\t\t\t\t\t\t\t\t<\/div>\n\t\t\t\t<\/div>\n\t\t\t\t<\/div>\n\t\t<div class=\"elementor-element elementor-element-ec4e89c e-con-full e-flex e-con e-parent\" data-id=\"ec4e89c\" data-element_type=\"container\" data-e-type=\"container\">\n\t\t\t\t<div class=\"elementor-element elementor-element-6ac67fb elementor-widget elementor-widget-text-editor\" data-id=\"6ac67fb\" data-element_type=\"widget\" data-e-type=\"widget\" data-widget_type=\"text-editor.default\">\n\t\t\t\t<div class=\"elementor-widget-container\">\n\t\t\t\t\t\t\t\t\t<p>P\u0101rveidojot ener\u0123iju no vienas formas cit\u0101, notiek ener\u0123ijas zudumi \u2013 visbie\u017e\u0101k tas ir siltums, kas nok\u013c\u016bst<br \/>apk\u0101rt\u0113j\u0101 vid\u0113.<\/p>\t\t\t\t\t\t\t\t<\/div>\n\t\t\t\t<\/div>\n\t\t\t\t<\/div>\n\t\t\t\t\t<\/div>\n\t\t\t\t<\/div>\n\t\t<div class=\"elementor-element elementor-element-32a353d e-flex e-con-boxed e-con e-parent\" data-id=\"32a353d\" data-element_type=\"container\" data-e-type=\"container\" data-settings=\"{&quot;background_background&quot;:&quot;classic&quot;}\">\n\t\t\t\t\t<div class=\"e-con-inner\">\n\t\t<div class=\"elementor-element elementor-element-75c5bff e-con-full e-flex e-con e-parent\" data-id=\"75c5bff\" data-element_type=\"container\" data-e-type=\"container\">\n\t\t\t\t<div class=\"elementor-element elementor-element-7b36887 elementor-widget elementor-widget-text-editor\" data-id=\"7b36887\" data-element_type=\"widget\" data-e-type=\"widget\" data-widget_type=\"text-editor.default\">\n\t\t\t\t<div class=\"elementor-widget-container\">\n\t\t\t\t\t\t\t\t\t<p><strong><span style=\"font-size: 18.6667px;\">Kodolener\u0123ija<\/span><\/strong><\/p>\t\t\t\t\t\t\t\t<\/div>\n\t\t\t\t<\/div>\n\t\t\t\t<\/div>\n\t\t<div class=\"elementor-element elementor-element-831f5b1 e-con-full e-flex e-con e-parent\" data-id=\"831f5b1\" data-element_type=\"container\" data-e-type=\"container\">\n\t\t\t\t<div class=\"elementor-element elementor-element-0a8efde elementor-widget elementor-widget-image\" data-id=\"0a8efde\" data-element_type=\"widget\" data-e-type=\"widget\" data-widget_type=\"image.default\">\n\t\t\t\t<div class=\"elementor-widget-container\">\n\t\t\t\t\t\t\t\t\t\t\t\t\t\t\t<img decoding=\"async\" width=\"300\" height=\"176\" src=\"https:\/\/kosmosacentrs.lv\/wp-content\/uploads\/Kodolenergija-300x176.png\" class=\"attachment-medium size-medium wp-image-5884\" alt=\"\" srcset=\"https:\/\/kosmosacentrs.lv\/wp-content\/uploads\/Kodolenergija-300x176.png 300w, https:\/\/kosmosacentrs.lv\/wp-content\/uploads\/Kodolenergija-768x451.png 768w, https:\/\/kosmosacentrs.lv\/wp-content\/uploads\/Kodolenergija.png 872w\" sizes=\"(max-width: 300px) 100vw, 300px\" \/>\t\t\t\t\t\t\t\t\t\t\t\t\t\t\t<\/div>\n\t\t\t\t<\/div>\n\t\t\t\t<\/div>\n\t\t\t\t\t<\/div>\n\t\t\t\t<\/div>\n\t\t<div class=\"elementor-element elementor-element-b84f2b6 e-flex e-con-boxed e-con e-parent\" data-id=\"b84f2b6\" data-element_type=\"container\" data-e-type=\"container\" data-settings=\"{&quot;background_background&quot;:&quot;classic&quot;}\">\n\t\t\t\t\t<div class=\"e-con-inner\">\n\t\t<div class=\"elementor-element elementor-element-4c08682 e-con-full e-flex e-con e-parent\" data-id=\"4c08682\" data-element_type=\"container\" data-e-type=\"container\">\n\t\t\t\t<div class=\"elementor-element elementor-element-614c28a elementor-widget elementor-widget-text-editor\" data-id=\"614c28a\" data-element_type=\"widget\" data-e-type=\"widget\" data-widget_type=\"text-editor.default\">\n\t\t\t\t<div class=\"elementor-widget-container\">\n\t\t\t\t\t\t\t\t\t<p><strong><span style=\"font-size: 18.6667px;\">Gaismas ener\u0123ija<\/span><\/strong><\/p>\t\t\t\t\t\t\t\t<\/div>\n\t\t\t\t<\/div>\n\t\t\t\t<\/div>\n\t\t<div class=\"elementor-element elementor-element-b3ec6e8 e-con-full e-flex e-con e-parent\" data-id=\"b3ec6e8\" data-element_type=\"container\" data-e-type=\"container\">\n\t\t\t\t<div class=\"elementor-element elementor-element-0570d50 elementor-widget elementor-widget-image\" data-id=\"0570d50\" data-element_type=\"widget\" data-e-type=\"widget\" data-widget_type=\"image.default\">\n\t\t\t\t<div class=\"elementor-widget-container\">\n\t\t\t\t\t\t\t\t\t\t\t\t\t\t\t<img decoding=\"async\" width=\"166\" height=\"300\" src=\"https:\/\/kosmosacentrs.lv\/wp-content\/uploads\/Gaisma-166x300.png\" class=\"attachment-medium size-medium wp-image-5889\" alt=\"\" srcset=\"https:\/\/kosmosacentrs.lv\/wp-content\/uploads\/Gaisma-166x300.png 166w, https:\/\/kosmosacentrs.lv\/wp-content\/uploads\/Gaisma.png 388w\" sizes=\"(max-width: 166px) 100vw, 166px\" \/>\t\t\t\t\t\t\t\t\t\t\t\t\t\t\t<\/div>\n\t\t\t\t<\/div>\n\t\t\t\t<\/div>\n\t\t\t\t\t<\/div>\n\t\t\t\t<\/div>\n\t\t<div class=\"elementor-element elementor-element-ee4402a e-flex e-con-boxed e-con e-parent\" data-id=\"ee4402a\" data-element_type=\"container\" data-e-type=\"container\" data-settings=\"{&quot;background_background&quot;:&quot;classic&quot;}\">\n\t\t\t\t\t<div class=\"e-con-inner\">\n\t\t<div class=\"elementor-element elementor-element-a23fc24 e-con-full e-flex e-con e-parent\" data-id=\"a23fc24\" data-element_type=\"container\" data-e-type=\"container\">\n\t\t\t\t<div class=\"elementor-element elementor-element-ccbf9d0 elementor-widget elementor-widget-text-editor\" data-id=\"ccbf9d0\" data-element_type=\"widget\" data-e-type=\"widget\" data-widget_type=\"text-editor.default\">\n\t\t\t\t<div class=\"elementor-widget-container\">\n\t\t\t\t\t\t\t\t\t<p><span style=\"font-size: 14pt;\"><strong>Elektrisk\u0101 ener\u0123ija<\/strong><\/span><\/p>\t\t\t\t\t\t\t\t<\/div>\n\t\t\t\t<\/div>\n\t\t\t\t<\/div>\n\t\t<div class=\"elementor-element elementor-element-68946c0 e-con-full e-flex e-con e-parent\" data-id=\"68946c0\" data-element_type=\"container\" data-e-type=\"container\">\n\t\t\t\t<div class=\"elementor-element elementor-element-4aae91d elementor-widget elementor-widget-image\" data-id=\"4aae91d\" data-element_type=\"widget\" data-e-type=\"widget\" data-widget_type=\"image.default\">\n\t\t\t\t<div class=\"elementor-widget-container\">\n\t\t\t\t\t\t\t\t\t\t\t\t\t\t\t<img decoding=\"async\" src=\"https:\/\/kosmosacentrs.lv\/wp-content\/uploads\/elementor\/thumbs\/Elektriska-1-qnq63zn8dqxcwy9s49a8vlqunefv2tocb2h0yscy10.png\" title=\"Elektriska\" alt=\"Elektriska\" loading=\"lazy\" \/>\t\t\t\t\t\t\t\t\t\t\t\t\t\t\t<\/div>\n\t\t\t\t<\/div>\n\t\t\t\t<\/div>\n\t\t\t\t\t<\/div>\n\t\t\t\t<\/div>\n\t\t<div class=\"elementor-element elementor-element-a6f73a5 e-flex e-con-boxed e-con e-parent\" data-id=\"a6f73a5\" data-element_type=\"container\" data-e-type=\"container\" data-settings=\"{&quot;background_background&quot;:&quot;classic&quot;}\">\n\t\t\t\t\t<div class=\"e-con-inner\">\n\t\t<div class=\"elementor-element elementor-element-a7f9424 e-con-full e-flex e-con e-parent\" data-id=\"a7f9424\" data-element_type=\"container\" data-e-type=\"container\">\n\t\t\t\t<div class=\"elementor-element elementor-element-e57623c elementor-widget elementor-widget-text-editor\" data-id=\"e57623c\" data-element_type=\"widget\" data-e-type=\"widget\" data-widget_type=\"text-editor.default\">\n\t\t\t\t<div class=\"elementor-widget-container\">\n\t\t\t\t\t\t\t\t\t<p><span style=\"font-size: 14pt;\"><strong>Meh\u0101niska ener\u0123ija<\/strong><\/span><\/p>\t\t\t\t\t\t\t\t<\/div>\n\t\t\t\t<\/div>\n\t\t\t\t<\/div>\n\t\t<div class=\"elementor-element elementor-element-f2c68d6 e-con-full e-flex e-con e-parent\" data-id=\"f2c68d6\" data-element_type=\"container\" data-e-type=\"container\">\n\t\t\t\t<div class=\"elementor-element elementor-element-8150b12 elementor-widget elementor-widget-image\" data-id=\"8150b12\" data-element_type=\"widget\" data-e-type=\"widget\" data-widget_type=\"image.default\">\n\t\t\t\t<div class=\"elementor-widget-container\">\n\t\t\t\t\t\t\t\t\t\t\t\t\t\t\t<img loading=\"lazy\" decoding=\"async\" width=\"300\" height=\"268\" src=\"https:\/\/kosmosacentrs.lv\/wp-content\/uploads\/Mehaniska-300x268.png\" class=\"attachment-medium size-medium wp-image-5909\" alt=\"\" srcset=\"https:\/\/kosmosacentrs.lv\/wp-content\/uploads\/Mehaniska-300x268.png 300w, https:\/\/kosmosacentrs.lv\/wp-content\/uploads\/Mehaniska-1024x915.png 1024w, https:\/\/kosmosacentrs.lv\/wp-content\/uploads\/Mehaniska-768x686.png 768w, https:\/\/kosmosacentrs.lv\/wp-content\/uploads\/Mehaniska.png 1226w\" sizes=\"(max-width: 300px) 100vw, 300px\" \/>\t\t\t\t\t\t\t\t\t\t\t\t\t\t\t<\/div>\n\t\t\t\t<\/div>\n\t\t\t\t<\/div>\n\t\t\t\t\t<\/div>\n\t\t\t\t<\/div>\n\t\t<div class=\"elementor-element elementor-element-624d9e4 e-flex e-con-boxed e-con e-parent\" data-id=\"624d9e4\" data-element_type=\"container\" data-e-type=\"container\" data-settings=\"{&quot;background_background&quot;:&quot;classic&quot;}\">\n\t\t\t\t\t<div class=\"e-con-inner\">\n\t\t<div class=\"elementor-element elementor-element-7958570 e-con-full e-flex e-con e-parent\" data-id=\"7958570\" data-element_type=\"container\" data-e-type=\"container\">\n\t\t\t\t<div class=\"elementor-element elementor-element-23776d2 elementor-widget elementor-widget-text-editor\" data-id=\"23776d2\" data-element_type=\"widget\" data-e-type=\"widget\" data-widget_type=\"text-editor.default\">\n\t\t\t\t<div class=\"elementor-widget-container\">\n\t\t\t\t\t\t\t\t\t<p><strong><span style=\"font-size: 14pt;\">Siltuma ener\u0123ija<\/span><\/strong><\/p>\t\t\t\t\t\t\t\t<\/div>\n\t\t\t\t<\/div>\n\t\t\t\t<\/div>\n\t\t<div class=\"elementor-element elementor-element-70f7e38 e-con-full e-flex e-con e-parent\" data-id=\"70f7e38\" data-element_type=\"container\" data-e-type=\"container\">\n\t\t\t\t<div class=\"elementor-element elementor-element-4dbf5e3 elementor-widget elementor-widget-image\" data-id=\"4dbf5e3\" data-element_type=\"widget\" data-e-type=\"widget\" data-widget_type=\"image.default\">\n\t\t\t\t<div class=\"elementor-widget-container\">\n\t\t\t\t\t\t\t\t\t\t\t\t\t\t\t<img loading=\"lazy\" decoding=\"async\" width=\"300\" height=\"269\" src=\"https:\/\/kosmosacentrs.lv\/wp-content\/uploads\/Siltums-300x269.png\" class=\"attachment-medium size-medium wp-image-5914\" alt=\"\" srcset=\"https:\/\/kosmosacentrs.lv\/wp-content\/uploads\/Siltums-300x269.png 300w, https:\/\/kosmosacentrs.lv\/wp-content\/uploads\/Siltums.png 701w\" sizes=\"(max-width: 300px) 100vw, 300px\" \/>\t\t\t\t\t\t\t\t\t\t\t\t\t\t\t<\/div>\n\t\t\t\t<\/div>\n\t\t\t\t<\/div>\n\t\t\t\t\t<\/div>\n\t\t\t\t<\/div>\n\t\t<div class=\"elementor-element elementor-element-eacfaee e-flex e-con-boxed e-con e-parent\" data-id=\"eacfaee\" data-element_type=\"container\" data-e-type=\"container\" data-settings=\"{&quot;background_background&quot;:&quot;classic&quot;}\">\n\t\t\t\t\t<div class=\"e-con-inner\">\n\t\t<div class=\"elementor-element elementor-element-1660196 e-con-full e-flex e-con e-parent\" data-id=\"1660196\" data-element_type=\"container\" data-e-type=\"container\">\n\t\t\t\t<div class=\"elementor-element elementor-element-2e4c7ba elementor-widget elementor-widget-text-editor\" data-id=\"2e4c7ba\" data-element_type=\"widget\" data-e-type=\"widget\" data-widget_type=\"text-editor.default\">\n\t\t\t\t<div class=\"elementor-widget-container\">\n\t\t\t\t\t\t\t\t\t<p><strong><span style=\"font-size: 14pt;\">\u0136\u012bmisk\u0101 ener\u0123ija<\/span><\/strong><\/p>\t\t\t\t\t\t\t\t<\/div>\n\t\t\t\t<\/div>\n\t\t\t\t<\/div>\n\t\t<div class=\"elementor-element elementor-element-a072b93 e-con-full e-flex e-con e-parent\" data-id=\"a072b93\" data-element_type=\"container\" data-e-type=\"container\">\n\t\t\t\t<div class=\"elementor-element elementor-element-465f4f9 elementor-widget elementor-widget-image\" data-id=\"465f4f9\" data-element_type=\"widget\" data-e-type=\"widget\" data-widget_type=\"image.default\">\n\t\t\t\t<div class=\"elementor-widget-container\">\n\t\t\t\t\t\t\t\t\t\t\t\t\t\t\t<img decoding=\"async\" src=\"https:\/\/kosmosacentrs.lv\/wp-content\/uploads\/elementor\/thumbs\/Kimiska-qnq6aq5lyxj9p1w8tl7cje1y8k49xo1cvkbyuechxg.png\" title=\"\u0136\u012bmisk\u0101\" alt=\"\u0136\u012bmisk\u0101\" loading=\"lazy\" \/>\t\t\t\t\t\t\t\t\t\t\t\t\t\t\t<\/div>\n\t\t\t\t<\/div>\n\t\t\t\t<\/div>\n\t\t\t\t\t<\/div>\n\t\t\t\t<\/div>\n\t\t\t\t<\/div>\n\t\t","protected":false},"excerpt":{"rendered":"<p>Ener\u0123ijas ra\u017eo\u0161ana vai energijas p\u0101rveido\u0161ana? Ener\u0123ija ir resurss, kuru ieg\u016bst no ener\u0123ijas avotiem. P\u0101rv\u0113rt\u012bbu procesos tiek main\u012bta ener\u0123ijas forma. To, k\u0101dus p\u0101rveido\u0161anas procesus nepiecie\u0161ams veikt, nosaka cilv\u0113ku vajadz\u012bbas, piem\u0113ram, pielietojuma, transport\u0113\u0161anas vai uzglab\u0101\u0161anas iesp\u0113jas. P\u0101rveidojot ener\u0123iju no vienas formas cit\u0101, notiek ener\u0123ijas zudumi \u2013 visbie\u017e\u0101k tas ir siltums, kas nok\u013c\u016bst apk\u0101rt\u0113j\u0101 vid\u0113. Kodolener\u0123ija Gaismas ener\u0123ija [&hellip;]<\/p>\n","protected":false},"author":7,"featured_media":0,"parent":0,"menu_order":0,"comment_status":"closed","ping_status":"closed","template":"","meta":{"inline_featured_image":false,"footnotes":""},"class_list":["post-5872","page","type-page","status-publish","hentry"],"yoast_head":"<!-- This site is optimized with the Yoast SEO plugin v20.4 - https:\/\/yoast.com\/wordpress\/plugins\/seo\/ -->\n<title>Ekspoz\u012bcija - 2. st\u0101vs Ener\u0123ija - Kosmosa izzi\u0146as centrs<\/title>\n<meta name=\"robots\" content=\"index, follow, max-snippet:-1, max-image-preview:large, max-video-preview:-1\" \/>\n<link rel=\"canonical\" href=\"https:\/\/kosmosacentrs.lv\/ekspozicija-2-st-energija\/\" \/>\n<meta property=\"og:locale\" content=\"et_EE\" \/>\n<meta property=\"og:type\" content=\"article\" \/>\n<meta property=\"og:title\" content=\"Ekspoz\u012bcija - 2. st\u0101vs Ener\u0123ija - Kosmosa izzi\u0146as centrs\" \/>\n<meta property=\"og:description\" content=\"Ener\u0123ijas ra\u017eo\u0161ana vai energijas p\u0101rveido\u0161ana? Ener\u0123ija ir resurss, kuru ieg\u016bst no ener\u0123ijas avotiem. P\u0101rv\u0113rt\u012bbu procesos tiek main\u012bta ener\u0123ijas forma. To, k\u0101dus p\u0101rveido\u0161anas procesus nepiecie\u0161ams veikt, nosaka cilv\u0113ku vajadz\u012bbas, piem\u0113ram, pielietojuma, transport\u0113\u0161anas vai uzglab\u0101\u0161anas iesp\u0113jas. P\u0101rveidojot ener\u0123iju no vienas formas cit\u0101, notiek ener\u0123ijas zudumi \u2013 visbie\u017e\u0101k tas ir siltums, kas nok\u013c\u016bst apk\u0101rt\u0113j\u0101 vid\u0113. Kodolener\u0123ija Gaismas ener\u0123ija [&hellip;]\" \/>\n<meta property=\"og:url\" content=\"https:\/\/kosmosacentrs.lv\/ekspozicija-2-st-energija\/\" \/>\n<meta property=\"og:site_name\" content=\"Kosmosa izzi\u0146as centrs\" \/>\n<meta property=\"article:publisher\" content=\"https:\/\/www.facebook.com\/Kosmosaizzinascentrs\/\" \/>\n<meta property=\"article:modified_time\" content=\"2024-05-06T08:00:20+00:00\" \/>\n<meta property=\"og:image\" content=\"https:\/\/kosmosacentrs.lv\/wp-content\/uploads\/Energija-ikona-1.png\" \/>\n<meta name=\"twitter:card\" content=\"summary_large_image\" \/>\n<meta name=\"twitter:label1\" content=\"Est. reading time\" \/>\n\t<meta name=\"twitter:data1\" content=\"2 minutit\" \/>\n<script type=\"application\/ld+json\" class=\"yoast-schema-graph\">{\"@context\":\"https:\/\/schema.org\",\"@graph\":[{\"@type\":\"WebPage\",\"@id\":\"https:\/\/kosmosacentrs.lv\/ekspozicija-2-st-energija\/\",\"url\":\"https:\/\/kosmosacentrs.lv\/ekspozicija-2-st-energija\/\",\"name\":\"Ekspoz\u012bcija - 2. st\u0101vs Ener\u0123ija - Kosmosa izzi\u0146as centrs\",\"isPartOf\":{\"@id\":\"https:\/\/kosmosacentrs.lv\/#website\"},\"datePublished\":\"2024-05-05T18:45:56+00:00\",\"dateModified\":\"2024-05-06T08:00:20+00:00\",\"breadcrumb\":{\"@id\":\"https:\/\/kosmosacentrs.lv\/ekspozicija-2-st-energija\/#breadcrumb\"},\"inLanguage\":\"et\",\"potentialAction\":[{\"@type\":\"ReadAction\",\"target\":[\"https:\/\/kosmosacentrs.lv\/ekspozicija-2-st-energija\/\"]}]},{\"@type\":\"BreadcrumbList\",\"@id\":\"https:\/\/kosmosacentrs.lv\/ekspozicija-2-st-energija\/#breadcrumb\",\"itemListElement\":[{\"@type\":\"ListItem\",\"position\":1,\"name\":\"Home\",\"item\":\"https:\/\/kosmosacentrs.lv\/\"},{\"@type\":\"ListItem\",\"position\":2,\"name\":\"Ekspoz\u012bcija &#8211; 2. st\u0101vs Ener\u0123ija\"}]},{\"@type\":\"WebSite\",\"@id\":\"https:\/\/kosmosacentrs.lv\/#website\",\"url\":\"https:\/\/kosmosacentrs.lv\/\",\"name\":\"Kosmosa izzi\u0146as centrs\",\"description\":\"KIC.LV\",\"publisher\":{\"@id\":\"https:\/\/kosmosacentrs.lv\/#organization\"},\"potentialAction\":[{\"@type\":\"SearchAction\",\"target\":{\"@type\":\"EntryPoint\",\"urlTemplate\":\"https:\/\/kosmosacentrs.lv\/?s={search_term_string}\"},\"query-input\":\"required name=search_term_string\"}],\"inLanguage\":\"et\"},{\"@type\":\"Organization\",\"@id\":\"https:\/\/kosmosacentrs.lv\/#organization\",\"name\":\"Kosmosa izzi\u0146as centrs\",\"url\":\"https:\/\/kosmosacentrs.lv\/\",\"logo\":{\"@type\":\"ImageObject\",\"inLanguage\":\"et\",\"@id\":\"https:\/\/kosmosacentrs.lv\/#\/schema\/logo\/image\/\",\"url\":\"https:\/\/kosmosacentrs.lv\/wp-content\/uploads\/logo.svg\",\"contentUrl\":\"https:\/\/kosmosacentrs.lv\/wp-content\/uploads\/logo.svg\",\"width\":997,\"height\":712,\"caption\":\"Kosmosa izzi\u0146as centrs\"},\"image\":{\"@id\":\"https:\/\/kosmosacentrs.lv\/#\/schema\/logo\/image\/\"},\"sameAs\":[\"https:\/\/www.facebook.com\/Kosmosaizzinascentrs\/\"]}]}<\/script>\n<!-- \/ Yoast SEO plugin. -->","yoast_head_json":{"title":"Ekspoz\u012bcija - 2. st\u0101vs Ener\u0123ija - Kosmosa izzi\u0146as centrs","robots":{"index":"index","follow":"follow","max-snippet":"max-snippet:-1","max-image-preview":"max-image-preview:large","max-video-preview":"max-video-preview:-1"},"canonical":"https:\/\/kosmosacentrs.lv\/ekspozicija-2-st-energija\/","og_locale":"et_EE","og_type":"article","og_title":"Ekspoz\u012bcija - 2. st\u0101vs Ener\u0123ija - Kosmosa izzi\u0146as centrs","og_description":"Ener\u0123ijas ra\u017eo\u0161ana vai energijas p\u0101rveido\u0161ana? Ener\u0123ija ir resurss, kuru ieg\u016bst no ener\u0123ijas avotiem. P\u0101rv\u0113rt\u012bbu procesos tiek main\u012bta ener\u0123ijas forma. To, k\u0101dus p\u0101rveido\u0161anas procesus nepiecie\u0161ams veikt, nosaka cilv\u0113ku vajadz\u012bbas, piem\u0113ram, pielietojuma, transport\u0113\u0161anas vai uzglab\u0101\u0161anas iesp\u0113jas. P\u0101rveidojot ener\u0123iju no vienas formas cit\u0101, notiek ener\u0123ijas zudumi \u2013 visbie\u017e\u0101k tas ir siltums, kas nok\u013c\u016bst apk\u0101rt\u0113j\u0101 vid\u0113. Kodolener\u0123ija Gaismas ener\u0123ija [&hellip;]","og_url":"https:\/\/kosmosacentrs.lv\/ekspozicija-2-st-energija\/","og_site_name":"Kosmosa izzi\u0146as centrs","article_publisher":"https:\/\/www.facebook.com\/Kosmosaizzinascentrs\/","article_modified_time":"2024-05-06T08:00:20+00:00","og_image":[{"url":"https:\/\/kosmosacentrs.lv\/wp-content\/uploads\/Energija-ikona-1.png"}],"twitter_card":"summary_large_image","twitter_misc":{"Est. reading time":"2 minutit"},"schema":{"@context":"https:\/\/schema.org","@graph":[{"@type":"WebPage","@id":"https:\/\/kosmosacentrs.lv\/ekspozicija-2-st-energija\/","url":"https:\/\/kosmosacentrs.lv\/ekspozicija-2-st-energija\/","name":"Ekspoz\u012bcija - 2. st\u0101vs Ener\u0123ija - Kosmosa izzi\u0146as centrs","isPartOf":{"@id":"https:\/\/kosmosacentrs.lv\/#website"},"datePublished":"2024-05-05T18:45:56+00:00","dateModified":"2024-05-06T08:00:20+00:00","breadcrumb":{"@id":"https:\/\/kosmosacentrs.lv\/ekspozicija-2-st-energija\/#breadcrumb"},"inLanguage":"et","potentialAction":[{"@type":"ReadAction","target":["https:\/\/kosmosacentrs.lv\/ekspozicija-2-st-energija\/"]}]},{"@type":"BreadcrumbList","@id":"https:\/\/kosmosacentrs.lv\/ekspozicija-2-st-energija\/#breadcrumb","itemListElement":[{"@type":"ListItem","position":1,"name":"Home","item":"https:\/\/kosmosacentrs.lv\/"},{"@type":"ListItem","position":2,"name":"Ekspoz\u012bcija &#8211; 2. st\u0101vs Ener\u0123ija"}]},{"@type":"WebSite","@id":"https:\/\/kosmosacentrs.lv\/#website","url":"https:\/\/kosmosacentrs.lv\/","name":"Kosmosa izzi\u0146as centrs","description":"KIC.LV","publisher":{"@id":"https:\/\/kosmosacentrs.lv\/#organization"},"potentialAction":[{"@type":"SearchAction","target":{"@type":"EntryPoint","urlTemplate":"https:\/\/kosmosacentrs.lv\/?s={search_term_string}"},"query-input":"required name=search_term_string"}],"inLanguage":"et"},{"@type":"Organization","@id":"https:\/\/kosmosacentrs.lv\/#organization","name":"Kosmosa izzi\u0146as centrs","url":"https:\/\/kosmosacentrs.lv\/","logo":{"@type":"ImageObject","inLanguage":"et","@id":"https:\/\/kosmosacentrs.lv\/#\/schema\/logo\/image\/","url":"https:\/\/kosmosacentrs.lv\/wp-content\/uploads\/logo.svg","contentUrl":"https:\/\/kosmosacentrs.lv\/wp-content\/uploads\/logo.svg","width":997,"height":712,"caption":"Kosmosa izzi\u0146as centrs"},"image":{"@id":"https:\/\/kosmosacentrs.lv\/#\/schema\/logo\/image\/"},"sameAs":["https:\/\/www.facebook.com\/Kosmosaizzinascentrs\/"]}]}},"_links":{"self":[{"href":"https:\/\/kosmosacentrs.lv\/et\/wp-json\/wp\/v2\/pages\/5872","targetHints":{"allow":["GET"]}}],"collection":[{"href":"https:\/\/kosmosacentrs.lv\/et\/wp-json\/wp\/v2\/pages"}],"about":[{"href":"https:\/\/kosmosacentrs.lv\/et\/wp-json\/wp\/v2\/types\/page"}],"author":[{"embeddable":true,"href":"https:\/\/kosmosacentrs.lv\/et\/wp-json\/wp\/v2\/users\/7"}],"replies":[{"embeddable":true,"href":"https:\/\/kosmosacentrs.lv\/et\/wp-json\/wp\/v2\/comments?post=5872"}],"version-history":[{"count":5,"href":"https:\/\/kosmosacentrs.lv\/et\/wp-json\/wp\/v2\/pages\/5872\/revisions"}],"predecessor-version":[{"id":6035,"href":"https:\/\/kosmosacentrs.lv\/et\/wp-json\/wp\/v2\/pages\/5872\/revisions\/6035"}],"wp:attachment":[{"href":"https:\/\/kosmosacentrs.lv\/et\/wp-json\/wp\/v2\/media?parent=5872"}],"curies":[{"name":"wp","href":"https:\/\/api.w.org\/{rel}","templated":true}]}}