{"id":5963,"date":"2024-05-06T10:25:15","date_gmt":"2024-05-06T07:25:15","guid":{"rendered":"https:\/\/kosmosacentrs.lv\/?page_id=5963"},"modified":"2024-05-06T10:59:40","modified_gmt":"2024-05-06T07:59:40","slug":"ekspozicija-2-st-spiediens-marss","status":"publish","type":"page","link":"https:\/\/kosmosacentrs.lv\/et\/ekspozicija-2-st-spiediens-marss\/","title":{"rendered":"Ekspoz\u012bcija &#8211; 2. st\u0101vs Spiediens Marss"},"content":{"rendered":"\t\t<div data-elementor-type=\"wp-page\" data-elementor-id=\"5963\" class=\"elementor elementor-5963\">\n\t\t\t\t<div class=\"elementor-element elementor-element-8199b9f e-flex e-con-boxed e-con e-parent\" data-id=\"8199b9f\" data-element_type=\"container\" data-e-type=\"container\">\n\t\t\t\t\t<div class=\"e-con-inner\">\n\t\t<div class=\"elementor-element elementor-element-41b5ed6 e-con-full e-flex e-con e-parent\" data-id=\"41b5ed6\" data-element_type=\"container\" data-e-type=\"container\">\n\t\t\t\t<div class=\"elementor-element elementor-element-c6ff380 elementor-widget elementor-widget-image\" data-id=\"c6ff380\" data-element_type=\"widget\" data-e-type=\"widget\" data-widget_type=\"image.default\">\n\t\t\t\t<div class=\"elementor-widget-container\">\n\t\t\t\t\t\t\t\t\t\t\t\t\t\t\t<img fetchpriority=\"high\" decoding=\"async\" width=\"423\" height=\"431\" src=\"https:\/\/kosmosacentrs.lv\/wp-content\/uploads\/Spiediens-Marss.png\" class=\"attachment-full size-full wp-image-5965\" alt=\"\" srcset=\"https:\/\/kosmosacentrs.lv\/wp-content\/uploads\/Spiediens-Marss.png 423w, https:\/\/kosmosacentrs.lv\/wp-content\/uploads\/Spiediens-Marss-294x300.png 294w\" sizes=\"(max-width: 423px) 100vw, 423px\" \/>\t\t\t\t\t\t\t\t\t\t\t\t\t\t\t<\/div>\n\t\t\t\t<\/div>\n\t\t\t\t<\/div>\n\t\t<div class=\"elementor-element elementor-element-d071e6a e-con-full e-flex e-con e-parent\" data-id=\"d071e6a\" data-element_type=\"container\" data-e-type=\"container\">\n\t\t\t\t<div class=\"elementor-element elementor-element-f0a5f6f elementor-widget elementor-widget-heading\" data-id=\"f0a5f6f\" data-element_type=\"widget\" data-e-type=\"widget\" data-widget_type=\"heading.default\">\n\t\t\t\t<div class=\"elementor-widget-container\">\n\t\t\t\t\t<h2 class=\"elementor-heading-title elementor-size-default\">Atmosf\u0113ra un t\u0101s spiediens uz Marsa!<\/h2>\t\t\t\t<\/div>\n\t\t\t\t<\/div>\n\t\t\t\t<\/div>\n\t\t\t\t\t<\/div>\n\t\t\t\t<\/div>\n\t\t<div class=\"elementor-element elementor-element-32a353d e-flex e-con-boxed e-con e-parent\" data-id=\"32a353d\" data-element_type=\"container\" data-e-type=\"container\" data-settings=\"{&quot;background_background&quot;:&quot;classic&quot;}\">\n\t\t\t\t\t<div class=\"e-con-inner\">\n\t\t<div class=\"elementor-element elementor-element-75c5bff e-con-full e-flex e-con e-parent\" data-id=\"75c5bff\" data-element_type=\"container\" data-e-type=\"container\">\n\t\t\t\t<div class=\"elementor-element elementor-element-7b36887 elementor-widget elementor-widget-text-editor\" data-id=\"7b36887\" data-element_type=\"widget\" data-e-type=\"widget\" data-widget_type=\"text-editor.default\">\n\t\t\t\t<div class=\"elementor-widget-container\">\n\t\t\t\t\t\t\t\t\t<p><span style=\"color: #f4784c;\">Uz Marsa<\/span> pievilk\u0161anas sp\u0113ks ir b\u016btiski maz\u0101ks (tikai 1\/3 no Zemes pievilk\u0161anas sp\u0113ka). L\u0113kt uz Marsa mums b\u016btu daudz viegl\u0101k.<\/p><p>\u00a0<\/p><p><span style=\"color: #f4784c;\">Tom\u0113r&#8230;<\/span><br \/>Pateicoties Marsa zemajam pievilk\u0161anas sp\u0113kam, g\u0101zes<br \/>no atmosf\u0113ras aizpl\u016bst izplat\u012bjum\u0101. T\u0101d\u0113j\u0101di ar\u012b atmosf\u0113ras spiediens ir maz\u0101ks.<\/p><p>\u00a0<\/p><p>Uz Marsa mums b\u016bs j\u0101staig\u0101 skafandros!<\/p>\t\t\t\t\t\t\t\t<\/div>\n\t\t\t\t<\/div>\n\t\t\t\t<\/div>\n\t\t<div class=\"elementor-element elementor-element-831f5b1 e-con-full e-flex e-con e-parent\" data-id=\"831f5b1\" data-element_type=\"container\" data-e-type=\"container\">\n\t\t\t\t<div class=\"elementor-element elementor-element-0a8efde elementor-widget elementor-widget-image\" data-id=\"0a8efde\" data-element_type=\"widget\" data-e-type=\"widget\" data-widget_type=\"image.default\">\n\t\t\t\t<div class=\"elementor-widget-container\">\n\t\t\t\t\t\t\t\t\t\t\t\t\t\t\t<img decoding=\"async\" width=\"245\" height=\"300\" src=\"https:\/\/kosmosacentrs.lv\/wp-content\/uploads\/Skafandrs-245x300.png\" class=\"attachment-medium size-medium wp-image-5970\" alt=\"\" srcset=\"https:\/\/kosmosacentrs.lv\/wp-content\/uploads\/Skafandrs-245x300.png 245w, https:\/\/kosmosacentrs.lv\/wp-content\/uploads\/Skafandrs.png 460w\" sizes=\"(max-width: 245px) 100vw, 245px\" \/>\t\t\t\t\t\t\t\t\t\t\t\t\t\t\t<\/div>\n\t\t\t\t<\/div>\n\t\t\t\t<\/div>\n\t\t\t\t\t<\/div>\n\t\t\t\t<\/div>\n\t\t<div class=\"elementor-element elementor-element-b84f2b6 e-flex e-con-boxed e-con e-parent\" data-id=\"b84f2b6\" data-element_type=\"container\" data-e-type=\"container\" data-settings=\"{&quot;background_background&quot;:&quot;classic&quot;}\">\n\t\t\t\t\t<div class=\"e-con-inner\">\n\t\t<div class=\"elementor-element elementor-element-4c08682 e-con-full e-flex e-con e-parent\" data-id=\"4c08682\" data-element_type=\"container\" data-e-type=\"container\">\n\t\t\t\t<div class=\"elementor-element elementor-element-614c28a elementor-widget elementor-widget-text-editor\" data-id=\"614c28a\" data-element_type=\"widget\" data-e-type=\"widget\" data-widget_type=\"text-editor.default\">\n\t\t\t\t<div class=\"elementor-widget-container\">\n\t\t\t\t\t\t\t\t\t<p><span style=\"font-size: 18pt;\">Ja atmosf\u0113ras spiediens uz Marsa ir maz\u0101ks, kas<\/span><br \/><span style=\"font-size: 18pt;\">notiktu ar rovera riep\u0101m, ja taj\u0101s b\u016btu gaiss?<\/span><\/p>\t\t\t\t\t\t\t\t<\/div>\n\t\t\t\t<\/div>\n\t\t\t\t<\/div>\n\t\t<div class=\"elementor-element elementor-element-b3ec6e8 e-con-full e-flex e-con e-parent\" data-id=\"b3ec6e8\" data-element_type=\"container\" data-e-type=\"container\">\n\t\t\t\t<div class=\"elementor-element elementor-element-0570d50 elementor-widget elementor-widget-image\" data-id=\"0570d50\" data-element_type=\"widget\" data-e-type=\"widget\" data-widget_type=\"image.default\">\n\t\t\t\t<div class=\"elementor-widget-container\">\n\t\t\t\t\t\t\t\t\t\t\t\t\t\t\t<img decoding=\"async\" width=\"640\" height=\"337\" src=\"https:\/\/kosmosacentrs.lv\/wp-content\/uploads\/Roveris-1-768x404.png\" class=\"attachment-medium_large size-medium_large wp-image-5975\" alt=\"\" srcset=\"https:\/\/kosmosacentrs.lv\/wp-content\/uploads\/Roveris-1-768x404.png 768w, https:\/\/kosmosacentrs.lv\/wp-content\/uploads\/Roveris-1-300x158.png 300w, https:\/\/kosmosacentrs.lv\/wp-content\/uploads\/Roveris-1-1024x539.png 1024w, https:\/\/kosmosacentrs.lv\/wp-content\/uploads\/Roveris-1.png 1305w\" sizes=\"(max-width: 640px) 100vw, 640px\" \/>\t\t\t\t\t\t\t\t\t\t\t\t\t\t\t<\/div>\n\t\t\t\t<\/div>\n\t\t\t\t<\/div>\n\t\t\t\t\t<\/div>\n\t\t\t\t<\/div>\n\t\t\t\t<\/div>\n\t\t","protected":false},"excerpt":{"rendered":"<p>Atmosf\u0113ra un t\u0101s spiediens uz Marsa! Uz Marsa pievilk\u0161anas sp\u0113ks ir b\u016btiski maz\u0101ks (tikai 1\/3 no Zemes pievilk\u0161anas sp\u0113ka). L\u0113kt uz Marsa mums b\u016btu daudz viegl\u0101k. Tom\u0113r&#8230; Pateicoties Marsa zemajam pievilk\u0161anas sp\u0113kam, g\u0101zes no atmosf\u0113ras aizpl\u016bst izplat\u012bjum\u0101. T\u0101d\u0113j\u0101di ar\u012b atmosf\u0113ras spiediens ir maz\u0101ks. Uz Marsa mums b\u016bs j\u0101staig\u0101 skafandros! Ja atmosf\u0113ras spiediens uz Marsa ir [&hellip;]<\/p>\n","protected":false},"author":7,"featured_media":0,"parent":0,"menu_order":0,"comment_status":"closed","ping_status":"closed","template":"","meta":{"inline_featured_image":false,"footnotes":""},"class_list":["post-5963","page","type-page","status-publish","hentry"],"yoast_head":"<!-- This site is optimized with the Yoast SEO plugin v20.4 - https:\/\/yoast.com\/wordpress\/plugins\/seo\/ -->\n<title>Ekspoz\u012bcija - 2. st\u0101vs Spiediens Marss - Kosmosa izzi\u0146as centrs<\/title>\n<meta name=\"robots\" content=\"index, follow, max-snippet:-1, max-image-preview:large, max-video-preview:-1\" \/>\n<link rel=\"canonical\" href=\"https:\/\/kosmosacentrs.lv\/ekspozicija-2-st-spiediens-marss\/\" \/>\n<meta property=\"og:locale\" content=\"et_EE\" \/>\n<meta property=\"og:type\" content=\"article\" \/>\n<meta property=\"og:title\" content=\"Ekspoz\u012bcija - 2. st\u0101vs Spiediens Marss - Kosmosa izzi\u0146as centrs\" \/>\n<meta property=\"og:description\" content=\"Atmosf\u0113ra un t\u0101s spiediens uz Marsa! Uz Marsa pievilk\u0161anas sp\u0113ks ir b\u016btiski maz\u0101ks (tikai 1\/3 no Zemes pievilk\u0161anas sp\u0113ka). L\u0113kt uz Marsa mums b\u016btu daudz viegl\u0101k. Tom\u0113r&#8230; Pateicoties Marsa zemajam pievilk\u0161anas sp\u0113kam, g\u0101zes no atmosf\u0113ras aizpl\u016bst izplat\u012bjum\u0101. T\u0101d\u0113j\u0101di ar\u012b atmosf\u0113ras spiediens ir maz\u0101ks. Uz Marsa mums b\u016bs j\u0101staig\u0101 skafandros! Ja atmosf\u0113ras spiediens uz Marsa ir [&hellip;]\" \/>\n<meta property=\"og:url\" content=\"https:\/\/kosmosacentrs.lv\/ekspozicija-2-st-spiediens-marss\/\" \/>\n<meta property=\"og:site_name\" content=\"Kosmosa izzi\u0146as centrs\" \/>\n<meta property=\"article:publisher\" content=\"https:\/\/www.facebook.com\/Kosmosaizzinascentrs\/\" \/>\n<meta property=\"article:modified_time\" content=\"2024-05-06T07:59:40+00:00\" \/>\n<meta property=\"og:image\" content=\"https:\/\/kosmosacentrs.lv\/wp-content\/uploads\/Spiediens-Marss.png\" \/>\n<meta name=\"twitter:card\" content=\"summary_large_image\" \/>\n<meta name=\"twitter:label1\" content=\"Est. reading time\" \/>\n\t<meta name=\"twitter:data1\" content=\"1 minut\" \/>\n<script type=\"application\/ld+json\" class=\"yoast-schema-graph\">{\"@context\":\"https:\/\/schema.org\",\"@graph\":[{\"@type\":\"WebPage\",\"@id\":\"https:\/\/kosmosacentrs.lv\/ekspozicija-2-st-spiediens-marss\/\",\"url\":\"https:\/\/kosmosacentrs.lv\/ekspozicija-2-st-spiediens-marss\/\",\"name\":\"Ekspoz\u012bcija - 2. st\u0101vs Spiediens Marss - Kosmosa izzi\u0146as centrs\",\"isPartOf\":{\"@id\":\"https:\/\/kosmosacentrs.lv\/#website\"},\"datePublished\":\"2024-05-06T07:25:15+00:00\",\"dateModified\":\"2024-05-06T07:59:40+00:00\",\"breadcrumb\":{\"@id\":\"https:\/\/kosmosacentrs.lv\/ekspozicija-2-st-spiediens-marss\/#breadcrumb\"},\"inLanguage\":\"et\",\"potentialAction\":[{\"@type\":\"ReadAction\",\"target\":[\"https:\/\/kosmosacentrs.lv\/ekspozicija-2-st-spiediens-marss\/\"]}]},{\"@type\":\"BreadcrumbList\",\"@id\":\"https:\/\/kosmosacentrs.lv\/ekspozicija-2-st-spiediens-marss\/#breadcrumb\",\"itemListElement\":[{\"@type\":\"ListItem\",\"position\":1,\"name\":\"Home\",\"item\":\"https:\/\/kosmosacentrs.lv\/\"},{\"@type\":\"ListItem\",\"position\":2,\"name\":\"Ekspoz\u012bcija &#8211; 2. st\u0101vs Spiediens Marss\"}]},{\"@type\":\"WebSite\",\"@id\":\"https:\/\/kosmosacentrs.lv\/#website\",\"url\":\"https:\/\/kosmosacentrs.lv\/\",\"name\":\"Kosmosa izzi\u0146as centrs\",\"description\":\"KIC.LV\",\"publisher\":{\"@id\":\"https:\/\/kosmosacentrs.lv\/#organization\"},\"potentialAction\":[{\"@type\":\"SearchAction\",\"target\":{\"@type\":\"EntryPoint\",\"urlTemplate\":\"https:\/\/kosmosacentrs.lv\/?s={search_term_string}\"},\"query-input\":\"required name=search_term_string\"}],\"inLanguage\":\"et\"},{\"@type\":\"Organization\",\"@id\":\"https:\/\/kosmosacentrs.lv\/#organization\",\"name\":\"Kosmosa izzi\u0146as centrs\",\"url\":\"https:\/\/kosmosacentrs.lv\/\",\"logo\":{\"@type\":\"ImageObject\",\"inLanguage\":\"et\",\"@id\":\"https:\/\/kosmosacentrs.lv\/#\/schema\/logo\/image\/\",\"url\":\"https:\/\/kosmosacentrs.lv\/wp-content\/uploads\/logo.svg\",\"contentUrl\":\"https:\/\/kosmosacentrs.lv\/wp-content\/uploads\/logo.svg\",\"width\":997,\"height\":712,\"caption\":\"Kosmosa izzi\u0146as centrs\"},\"image\":{\"@id\":\"https:\/\/kosmosacentrs.lv\/#\/schema\/logo\/image\/\"},\"sameAs\":[\"https:\/\/www.facebook.com\/Kosmosaizzinascentrs\/\"]}]}<\/script>\n<!-- \/ Yoast SEO plugin. -->","yoast_head_json":{"title":"Ekspoz\u012bcija - 2. st\u0101vs Spiediens Marss - Kosmosa izzi\u0146as centrs","robots":{"index":"index","follow":"follow","max-snippet":"max-snippet:-1","max-image-preview":"max-image-preview:large","max-video-preview":"max-video-preview:-1"},"canonical":"https:\/\/kosmosacentrs.lv\/ekspozicija-2-st-spiediens-marss\/","og_locale":"et_EE","og_type":"article","og_title":"Ekspoz\u012bcija - 2. st\u0101vs Spiediens Marss - Kosmosa izzi\u0146as centrs","og_description":"Atmosf\u0113ra un t\u0101s spiediens uz Marsa! Uz Marsa pievilk\u0161anas sp\u0113ks ir b\u016btiski maz\u0101ks (tikai 1\/3 no Zemes pievilk\u0161anas sp\u0113ka). L\u0113kt uz Marsa mums b\u016btu daudz viegl\u0101k. Tom\u0113r&#8230; Pateicoties Marsa zemajam pievilk\u0161anas sp\u0113kam, g\u0101zes no atmosf\u0113ras aizpl\u016bst izplat\u012bjum\u0101. T\u0101d\u0113j\u0101di ar\u012b atmosf\u0113ras spiediens ir maz\u0101ks. Uz Marsa mums b\u016bs j\u0101staig\u0101 skafandros! Ja atmosf\u0113ras spiediens uz Marsa ir [&hellip;]","og_url":"https:\/\/kosmosacentrs.lv\/ekspozicija-2-st-spiediens-marss\/","og_site_name":"Kosmosa izzi\u0146as centrs","article_publisher":"https:\/\/www.facebook.com\/Kosmosaizzinascentrs\/","article_modified_time":"2024-05-06T07:59:40+00:00","og_image":[{"url":"https:\/\/kosmosacentrs.lv\/wp-content\/uploads\/Spiediens-Marss.png"}],"twitter_card":"summary_large_image","twitter_misc":{"Est. reading time":"1 minut"},"schema":{"@context":"https:\/\/schema.org","@graph":[{"@type":"WebPage","@id":"https:\/\/kosmosacentrs.lv\/ekspozicija-2-st-spiediens-marss\/","url":"https:\/\/kosmosacentrs.lv\/ekspozicija-2-st-spiediens-marss\/","name":"Ekspoz\u012bcija - 2. st\u0101vs Spiediens Marss - Kosmosa izzi\u0146as centrs","isPartOf":{"@id":"https:\/\/kosmosacentrs.lv\/#website"},"datePublished":"2024-05-06T07:25:15+00:00","dateModified":"2024-05-06T07:59:40+00:00","breadcrumb":{"@id":"https:\/\/kosmosacentrs.lv\/ekspozicija-2-st-spiediens-marss\/#breadcrumb"},"inLanguage":"et","potentialAction":[{"@type":"ReadAction","target":["https:\/\/kosmosacentrs.lv\/ekspozicija-2-st-spiediens-marss\/"]}]},{"@type":"BreadcrumbList","@id":"https:\/\/kosmosacentrs.lv\/ekspozicija-2-st-spiediens-marss\/#breadcrumb","itemListElement":[{"@type":"ListItem","position":1,"name":"Home","item":"https:\/\/kosmosacentrs.lv\/"},{"@type":"ListItem","position":2,"name":"Ekspoz\u012bcija &#8211; 2. st\u0101vs Spiediens Marss"}]},{"@type":"WebSite","@id":"https:\/\/kosmosacentrs.lv\/#website","url":"https:\/\/kosmosacentrs.lv\/","name":"Kosmosa izzi\u0146as centrs","description":"KIC.LV","publisher":{"@id":"https:\/\/kosmosacentrs.lv\/#organization"},"potentialAction":[{"@type":"SearchAction","target":{"@type":"EntryPoint","urlTemplate":"https:\/\/kosmosacentrs.lv\/?s={search_term_string}"},"query-input":"required name=search_term_string"}],"inLanguage":"et"},{"@type":"Organization","@id":"https:\/\/kosmosacentrs.lv\/#organization","name":"Kosmosa izzi\u0146as centrs","url":"https:\/\/kosmosacentrs.lv\/","logo":{"@type":"ImageObject","inLanguage":"et","@id":"https:\/\/kosmosacentrs.lv\/#\/schema\/logo\/image\/","url":"https:\/\/kosmosacentrs.lv\/wp-content\/uploads\/logo.svg","contentUrl":"https:\/\/kosmosacentrs.lv\/wp-content\/uploads\/logo.svg","width":997,"height":712,"caption":"Kosmosa izzi\u0146as centrs"},"image":{"@id":"https:\/\/kosmosacentrs.lv\/#\/schema\/logo\/image\/"},"sameAs":["https:\/\/www.facebook.com\/Kosmosaizzinascentrs\/"]}]}},"_links":{"self":[{"href":"https:\/\/kosmosacentrs.lv\/et\/wp-json\/wp\/v2\/pages\/5963","targetHints":{"allow":["GET"]}}],"collection":[{"href":"https:\/\/kosmosacentrs.lv\/et\/wp-json\/wp\/v2\/pages"}],"about":[{"href":"https:\/\/kosmosacentrs.lv\/et\/wp-json\/wp\/v2\/types\/page"}],"author":[{"embeddable":true,"href":"https:\/\/kosmosacentrs.lv\/et\/wp-json\/wp\/v2\/users\/7"}],"replies":[{"embeddable":true,"href":"https:\/\/kosmosacentrs.lv\/et\/wp-json\/wp\/v2\/comments?post=5963"}],"version-history":[{"count":5,"href":"https:\/\/kosmosacentrs.lv\/et\/wp-json\/wp\/v2\/pages\/5963\/revisions"}],"predecessor-version":[{"id":6033,"href":"https:\/\/kosmosacentrs.lv\/et\/wp-json\/wp\/v2\/pages\/5963\/revisions\/6033"}],"wp:attachment":[{"href":"https:\/\/kosmosacentrs.lv\/et\/wp-json\/wp\/v2\/media?parent=5963"}],"curies":[{"name":"wp","href":"https:\/\/api.w.org\/{rel}","templated":true}]}}