{"id":6620,"date":"2024-05-06T17:36:39","date_gmt":"2024-05-06T14:36:39","guid":{"rendered":"https:\/\/kosmosacentrs.lv\/?page_id=6620"},"modified":"2024-05-06T17:43:36","modified_gmt":"2024-05-06T14:43:36","slug":"ekspozicija-2-st-auseklis-gulamkabine","status":"publish","type":"page","link":"https:\/\/kosmosacentrs.lv\/et\/ekspozicija-2-st-auseklis-gulamkabine\/","title":{"rendered":"Ekspoz\u012bcija &#8211; 2. st\u0101vs Auseklis &#8211; gu\u013camkab\u012bne"},"content":{"rendered":"\t\t<div data-elementor-type=\"wp-page\" data-elementor-id=\"6620\" class=\"elementor elementor-6620\">\n\t\t\t\t<div class=\"elementor-element elementor-element-8199b9f e-flex e-con-boxed e-con e-parent\" data-id=\"8199b9f\" data-element_type=\"container\" data-e-type=\"container\">\n\t\t\t\t\t<div class=\"e-con-inner\">\n\t\t<div class=\"elementor-element elementor-element-41b5ed6 e-con-full e-flex e-con e-parent\" data-id=\"41b5ed6\" data-element_type=\"container\" data-e-type=\"container\">\n\t\t\t\t<div class=\"elementor-element elementor-element-c6ff380 elementor-widget elementor-widget-image\" data-id=\"c6ff380\" data-element_type=\"widget\" data-e-type=\"widget\" data-widget_type=\"image.default\">\n\t\t\t\t<div class=\"elementor-widget-container\">\n\t\t\t\t\t\t\t\t\t\t\t\t\t\t\t<img fetchpriority=\"high\" decoding=\"async\" width=\"2845\" height=\"3084\" src=\"https:\/\/kosmosacentrs.lv\/wp-content\/uploads\/Auseklis-ikona.png\" class=\"attachment-full size-full wp-image-6383\" alt=\"\" srcset=\"https:\/\/kosmosacentrs.lv\/wp-content\/uploads\/Auseklis-ikona.png 2845w, https:\/\/kosmosacentrs.lv\/wp-content\/uploads\/Auseklis-ikona-277x300.png 277w, https:\/\/kosmosacentrs.lv\/wp-content\/uploads\/Auseklis-ikona-945x1024.png 945w, https:\/\/kosmosacentrs.lv\/wp-content\/uploads\/Auseklis-ikona-768x833.png 768w, https:\/\/kosmosacentrs.lv\/wp-content\/uploads\/Auseklis-ikona-1417x1536.png 1417w, https:\/\/kosmosacentrs.lv\/wp-content\/uploads\/Auseklis-ikona-1889x2048.png 1889w\" sizes=\"(max-width: 2845px) 100vw, 2845px\" \/>\t\t\t\t\t\t\t\t\t\t\t\t\t\t\t<\/div>\n\t\t\t\t<\/div>\n\t\t\t\t<\/div>\n\t\t<div class=\"elementor-element elementor-element-d071e6a e-con-full e-flex e-con e-parent\" data-id=\"d071e6a\" data-element_type=\"container\" data-e-type=\"container\">\n\t\t\t\t<div class=\"elementor-element elementor-element-f0a5f6f elementor-widget elementor-widget-heading\" data-id=\"f0a5f6f\" data-element_type=\"widget\" data-e-type=\"widget\" data-widget_type=\"heading.default\">\n\t\t\t\t<div class=\"elementor-widget-container\">\n\t\t\t\t\t<h2 class=\"elementor-heading-title elementor-size-default\">\"Auseklis\" - orbit\u0101l\u0101 stacija. Gu\u013camkab\u012bne<\/h2>\t\t\t\t<\/div>\n\t\t\t\t<\/div>\n\t\t\t\t<\/div>\n\t\t\t\t\t<\/div>\n\t\t\t\t<\/div>\n\t\t<div class=\"elementor-element elementor-element-6b4a75a e-flex e-con-boxed e-con e-parent\" data-id=\"6b4a75a\" data-element_type=\"container\" data-e-type=\"container\" data-settings=\"{&quot;background_background&quot;:&quot;classic&quot;}\">\n\t\t\t\t\t<div class=\"e-con-inner\">\n\t\t<div class=\"elementor-element elementor-element-c32be65 e-con-full e-flex e-con e-parent\" data-id=\"c32be65\" data-element_type=\"container\" data-e-type=\"container\">\n\t\t\t\t<div class=\"elementor-element elementor-element-b90d062 elementor-widget elementor-widget-text-editor\" data-id=\"b90d062\" data-element_type=\"widget\" data-e-type=\"widget\" data-widget_type=\"text-editor.default\">\n\t\t\t\t<div class=\"elementor-widget-container\">\n\t\t\t\t\t\t\t\t\t<p>Astronauta <span style=\"color: #f6a310;\">gu\u013camkab\u012bne<\/span> ir krietni maz\u0101ka par tavu gu\u013camistabu &#8211; aptuveni tik liela k\u0101 <span style=\"color: #f6a310;\">lifta kab\u012bne<\/span>.<\/p><p>\u00a0<\/p><p>Kosmos\u0101 nav aug\u0161as un apak\u0161as, t\u0101d\u0113\u013c gu\u013cammaiss ir piestiprin\u0101ts pie k\u0101das no sien\u0101m.<\/p><p>\u00a0<\/p><p>Mieg\u0101 ap astronauta galvu sakr\u0101jas og\u013csk\u0101b\u0101 g\u0101ze (CO2), t\u0101d\u0113\u013c astronauts vienm\u0113r gu\u013c ar galvu pie ventil\u0101cijas.<\/p>\t\t\t\t\t\t\t\t<\/div>\n\t\t\t\t<\/div>\n\t\t\t\t<\/div>\n\t\t<div class=\"elementor-element elementor-element-5bd3684 e-con-full e-flex e-con e-parent\" data-id=\"5bd3684\" data-element_type=\"container\" data-e-type=\"container\">\n\t\t\t\t<div class=\"elementor-element elementor-element-ac20b75 elementor-widget elementor-widget-image\" data-id=\"ac20b75\" data-element_type=\"widget\" data-e-type=\"widget\" data-widget_type=\"image.default\">\n\t\t\t\t<div class=\"elementor-widget-container\">\n\t\t\t\t\t\t\t\t\t\t\t\t\t\t\t<img decoding=\"async\" width=\"300\" height=\"218\" src=\"https:\/\/kosmosacentrs.lv\/wp-content\/uploads\/Gulesana-300x218.png\" class=\"attachment-medium size-medium wp-image-6622\" alt=\"\" srcset=\"https:\/\/kosmosacentrs.lv\/wp-content\/uploads\/Gulesana-300x218.png 300w, https:\/\/kosmosacentrs.lv\/wp-content\/uploads\/Gulesana-1024x746.png 1024w, https:\/\/kosmosacentrs.lv\/wp-content\/uploads\/Gulesana-768x559.png 768w, https:\/\/kosmosacentrs.lv\/wp-content\/uploads\/Gulesana-1536x1119.png 1536w, https:\/\/kosmosacentrs.lv\/wp-content\/uploads\/Gulesana.png 1619w\" sizes=\"(max-width: 300px) 100vw, 300px\" \/>\t\t\t\t\t\t\t\t\t\t\t\t\t\t\t<\/div>\n\t\t\t\t<\/div>\n\t\t\t\t<\/div>\n\t\t\t\t\t<\/div>\n\t\t\t\t<\/div>\n\t\t<div class=\"elementor-element elementor-element-3ec00a4 e-flex e-con-boxed e-con e-parent\" data-id=\"3ec00a4\" data-element_type=\"container\" data-e-type=\"container\" data-settings=\"{&quot;background_background&quot;:&quot;classic&quot;}\">\n\t\t\t\t\t<div class=\"e-con-inner\">\n\t\t<div class=\"elementor-element elementor-element-94f0428 e-con-full e-flex e-con e-parent\" data-id=\"94f0428\" data-element_type=\"container\" data-e-type=\"container\">\n\t\t\t\t<div class=\"elementor-element elementor-element-d5a17af elementor-widget elementor-widget-text-editor\" data-id=\"d5a17af\" data-element_type=\"widget\" data-e-type=\"widget\" data-widget_type=\"text-editor.default\">\n\t\t\t\t<div class=\"elementor-widget-container\">\n\t\t\t\t\t\t\t\t\t<p><span style=\"font-size: 24pt;\"><strong><span style=\"color: #f6a310;\">Laiks gul\u0113tie\u0161anai!<\/span><\/strong><\/span><\/p><p>\u00a0<\/p><p>Jau paliek tum\u0161s, laiks iet gul\u0113t, bet\u2026 k\u0101 to saprast paliek tum\u0161s?<\/p><p>\u00a0<\/p><p>Orbit\u0101laj\u0101 stacij\u0101 saule aust un riet 16 reizes divdesmit \u010detru stundu laik\u0101.<\/p><p>\u00a0<\/p><p>Lai zin\u0101tu laiku, astronauti izmanto GMT\/UTC (Grini\u010das jeb Univers\u0101lais koordin\u0113tais laiks) laiku. Laika zonas tiek skait\u012btas no 0 meridi\u0101na.<\/p>\t\t\t\t\t\t\t\t<\/div>\n\t\t\t\t<\/div>\n\t\t\t\t<\/div>\n\t\t<div class=\"elementor-element elementor-element-accdfdd e-con-full e-flex e-con e-parent\" data-id=\"accdfdd\" data-element_type=\"container\" data-e-type=\"container\">\n\t\t\t\t<div class=\"elementor-element elementor-element-4ea8e86 elementor-widget elementor-widget-image\" data-id=\"4ea8e86\" data-element_type=\"widget\" data-e-type=\"widget\" data-widget_type=\"image.default\">\n\t\t\t\t<div class=\"elementor-widget-container\">\n\t\t\t\t\t\t\t\t\t\t\t\t\t\t\t<img decoding=\"async\" width=\"640\" height=\"347\" src=\"https:\/\/kosmosacentrs.lv\/wp-content\/uploads\/Laika-zonas-768x416.png\" class=\"attachment-medium_large size-medium_large wp-image-6627\" alt=\"\" srcset=\"https:\/\/kosmosacentrs.lv\/wp-content\/uploads\/Laika-zonas-768x416.png 768w, https:\/\/kosmosacentrs.lv\/wp-content\/uploads\/Laika-zonas-300x162.png 300w, https:\/\/kosmosacentrs.lv\/wp-content\/uploads\/Laika-zonas-1024x554.png 1024w, https:\/\/kosmosacentrs.lv\/wp-content\/uploads\/Laika-zonas-1536x832.png 1536w, https:\/\/kosmosacentrs.lv\/wp-content\/uploads\/Laika-zonas-2048x1109.png 2048w\" sizes=\"(max-width: 640px) 100vw, 640px\" \/>\t\t\t\t\t\t\t\t\t\t\t\t\t\t\t<\/div>\n\t\t\t\t<\/div>\n\t\t\t\t<\/div>\n\t\t\t\t\t<\/div>\n\t\t\t\t<\/div>\n\t\t<div class=\"elementor-element elementor-element-6d2cb83 e-flex e-con-boxed e-con e-parent\" data-id=\"6d2cb83\" data-element_type=\"container\" data-e-type=\"container\" data-settings=\"{&quot;background_background&quot;:&quot;classic&quot;}\">\n\t\t\t\t\t<div class=\"e-con-inner\">\n\t\t<div class=\"elementor-element elementor-element-9b42601 e-con-full e-flex e-con e-parent\" data-id=\"9b42601\" data-element_type=\"container\" data-e-type=\"container\">\n\t\t\t\t<div class=\"elementor-element elementor-element-1319fbb elementor-widget elementor-widget-image\" data-id=\"1319fbb\" data-element_type=\"widget\" data-e-type=\"widget\" data-widget_type=\"image.default\">\n\t\t\t\t<div class=\"elementor-widget-container\">\n\t\t\t\t\t\t\t\t\t\t\t\t\t\t\t<img loading=\"lazy\" decoding=\"async\" width=\"150\" height=\"150\" src=\"https:\/\/kosmosacentrs.lv\/wp-content\/uploads\/Uzdevuma-ikona-150x150.png\" class=\"attachment-thumbnail size-thumbnail wp-image-5081\" alt=\"\" srcset=\"https:\/\/kosmosacentrs.lv\/wp-content\/uploads\/Uzdevuma-ikona-150x150.png 150w, https:\/\/kosmosacentrs.lv\/wp-content\/uploads\/Uzdevuma-ikona.png 296w\" sizes=\"(max-width: 150px) 100vw, 150px\" \/>\t\t\t\t\t\t\t\t\t\t\t\t\t\t\t<\/div>\n\t\t\t\t<\/div>\n\t\t\t\t<\/div>\n\t\t<div class=\"elementor-element elementor-element-38776fe e-con-full e-flex e-con e-parent\" data-id=\"38776fe\" data-element_type=\"container\" data-e-type=\"container\">\n\t\t\t\t<div class=\"elementor-element elementor-element-9f3c63e elementor-widget elementor-widget-text-editor\" data-id=\"9f3c63e\" data-element_type=\"widget\" data-e-type=\"widget\" data-widget_type=\"text-editor.default\">\n\t\t\t\t<div class=\"elementor-widget-container\">\n\t\t\t\t\t\t\t\t\t<p>Ja orbit\u0101laj\u0101 stacij\u0101 Auseklis ir UTC +0 laika zon\u0101, k\u0101d\u0101 laika zon\u0101 ir Latvija?<\/p>\t\t\t\t\t\t\t\t<\/div>\n\t\t\t\t<\/div>\n\t\t\t\t<\/div>\n\t\t\t\t\t<\/div>\n\t\t\t\t<\/div>\n\t\t\t\t<\/div>\n\t\t","protected":false},"excerpt":{"rendered":"<p>&#8220;Auseklis&#8221; &#8211; orbit\u0101l\u0101 stacija. Gu\u013camkab\u012bne Astronauta gu\u013camkab\u012bne ir krietni maz\u0101ka par tavu gu\u013camistabu &#8211; aptuveni tik liela k\u0101 lifta kab\u012bne. \u00a0 Kosmos\u0101 nav aug\u0161as un apak\u0161as, t\u0101d\u0113\u013c gu\u013cammaiss ir piestiprin\u0101ts pie k\u0101das no sien\u0101m. \u00a0 Mieg\u0101 ap astronauta galvu sakr\u0101jas og\u013csk\u0101b\u0101 g\u0101ze (CO2), t\u0101d\u0113\u013c astronauts vienm\u0113r gu\u013c ar galvu pie ventil\u0101cijas. Laiks gul\u0113tie\u0161anai! \u00a0 Jau [&hellip;]<\/p>\n","protected":false},"author":7,"featured_media":0,"parent":0,"menu_order":0,"comment_status":"closed","ping_status":"closed","template":"","meta":{"inline_featured_image":false,"footnotes":""},"class_list":["post-6620","page","type-page","status-publish","hentry"],"yoast_head":"<!-- This site is optimized with the Yoast SEO plugin v20.4 - https:\/\/yoast.com\/wordpress\/plugins\/seo\/ -->\n<title>Ekspoz\u012bcija - 2. st\u0101vs Auseklis - gu\u013camkab\u012bne - Kosmosa izzi\u0146as centrs<\/title>\n<meta name=\"robots\" content=\"index, follow, max-snippet:-1, max-image-preview:large, max-video-preview:-1\" \/>\n<link rel=\"canonical\" href=\"https:\/\/kosmosacentrs.lv\/ekspozicija-2-st-auseklis-gulamkabine\/\" \/>\n<meta property=\"og:locale\" content=\"et_EE\" \/>\n<meta property=\"og:type\" content=\"article\" \/>\n<meta property=\"og:title\" content=\"Ekspoz\u012bcija - 2. st\u0101vs Auseklis - gu\u013camkab\u012bne - Kosmosa izzi\u0146as centrs\" \/>\n<meta property=\"og:description\" content=\"&#8220;Auseklis&#8221; &#8211; orbit\u0101l\u0101 stacija. Gu\u013camkab\u012bne Astronauta gu\u013camkab\u012bne ir krietni maz\u0101ka par tavu gu\u013camistabu &#8211; aptuveni tik liela k\u0101 lifta kab\u012bne. \u00a0 Kosmos\u0101 nav aug\u0161as un apak\u0161as, t\u0101d\u0113\u013c gu\u013cammaiss ir piestiprin\u0101ts pie k\u0101das no sien\u0101m. \u00a0 Mieg\u0101 ap astronauta galvu sakr\u0101jas og\u013csk\u0101b\u0101 g\u0101ze (CO2), t\u0101d\u0113\u013c astronauts vienm\u0113r gu\u013c ar galvu pie ventil\u0101cijas. Laiks gul\u0113tie\u0161anai! \u00a0 Jau [&hellip;]\" \/>\n<meta property=\"og:url\" content=\"https:\/\/kosmosacentrs.lv\/ekspozicija-2-st-auseklis-gulamkabine\/\" \/>\n<meta property=\"og:site_name\" content=\"Kosmosa izzi\u0146as centrs\" \/>\n<meta property=\"article:publisher\" content=\"https:\/\/www.facebook.com\/Kosmosaizzinascentrs\/\" \/>\n<meta property=\"article:modified_time\" content=\"2024-05-06T14:43:36+00:00\" \/>\n<meta property=\"og:image\" content=\"https:\/\/kosmosacentrs.lv\/wp-content\/uploads\/Auseklis-ikona.png\" \/>\n<meta name=\"twitter:card\" content=\"summary_large_image\" \/>\n<meta name=\"twitter:label1\" content=\"Est. reading time\" \/>\n\t<meta name=\"twitter:data1\" content=\"2 minutit\" \/>\n<script type=\"application\/ld+json\" class=\"yoast-schema-graph\">{\"@context\":\"https:\/\/schema.org\",\"@graph\":[{\"@type\":\"WebPage\",\"@id\":\"https:\/\/kosmosacentrs.lv\/ekspozicija-2-st-auseklis-gulamkabine\/\",\"url\":\"https:\/\/kosmosacentrs.lv\/ekspozicija-2-st-auseklis-gulamkabine\/\",\"name\":\"Ekspoz\u012bcija - 2. st\u0101vs Auseklis - gu\u013camkab\u012bne - Kosmosa izzi\u0146as centrs\",\"isPartOf\":{\"@id\":\"https:\/\/kosmosacentrs.lv\/#website\"},\"datePublished\":\"2024-05-06T14:36:39+00:00\",\"dateModified\":\"2024-05-06T14:43:36+00:00\",\"breadcrumb\":{\"@id\":\"https:\/\/kosmosacentrs.lv\/ekspozicija-2-st-auseklis-gulamkabine\/#breadcrumb\"},\"inLanguage\":\"et\",\"potentialAction\":[{\"@type\":\"ReadAction\",\"target\":[\"https:\/\/kosmosacentrs.lv\/ekspozicija-2-st-auseklis-gulamkabine\/\"]}]},{\"@type\":\"BreadcrumbList\",\"@id\":\"https:\/\/kosmosacentrs.lv\/ekspozicija-2-st-auseklis-gulamkabine\/#breadcrumb\",\"itemListElement\":[{\"@type\":\"ListItem\",\"position\":1,\"name\":\"Home\",\"item\":\"https:\/\/kosmosacentrs.lv\/\"},{\"@type\":\"ListItem\",\"position\":2,\"name\":\"Ekspoz\u012bcija &#8211; 2. st\u0101vs Auseklis &#8211; gu\u013camkab\u012bne\"}]},{\"@type\":\"WebSite\",\"@id\":\"https:\/\/kosmosacentrs.lv\/#website\",\"url\":\"https:\/\/kosmosacentrs.lv\/\",\"name\":\"Kosmosa izzi\u0146as centrs\",\"description\":\"KIC.LV\",\"publisher\":{\"@id\":\"https:\/\/kosmosacentrs.lv\/#organization\"},\"potentialAction\":[{\"@type\":\"SearchAction\",\"target\":{\"@type\":\"EntryPoint\",\"urlTemplate\":\"https:\/\/kosmosacentrs.lv\/?s={search_term_string}\"},\"query-input\":\"required name=search_term_string\"}],\"inLanguage\":\"et\"},{\"@type\":\"Organization\",\"@id\":\"https:\/\/kosmosacentrs.lv\/#organization\",\"name\":\"Kosmosa izzi\u0146as centrs\",\"url\":\"https:\/\/kosmosacentrs.lv\/\",\"logo\":{\"@type\":\"ImageObject\",\"inLanguage\":\"et\",\"@id\":\"https:\/\/kosmosacentrs.lv\/#\/schema\/logo\/image\/\",\"url\":\"https:\/\/kosmosacentrs.lv\/wp-content\/uploads\/logo.svg\",\"contentUrl\":\"https:\/\/kosmosacentrs.lv\/wp-content\/uploads\/logo.svg\",\"width\":997,\"height\":712,\"caption\":\"Kosmosa izzi\u0146as centrs\"},\"image\":{\"@id\":\"https:\/\/kosmosacentrs.lv\/#\/schema\/logo\/image\/\"},\"sameAs\":[\"https:\/\/www.facebook.com\/Kosmosaizzinascentrs\/\"]}]}<\/script>\n<!-- \/ Yoast SEO plugin. -->","yoast_head_json":{"title":"Ekspoz\u012bcija - 2. st\u0101vs Auseklis - gu\u013camkab\u012bne - Kosmosa izzi\u0146as centrs","robots":{"index":"index","follow":"follow","max-snippet":"max-snippet:-1","max-image-preview":"max-image-preview:large","max-video-preview":"max-video-preview:-1"},"canonical":"https:\/\/kosmosacentrs.lv\/ekspozicija-2-st-auseklis-gulamkabine\/","og_locale":"et_EE","og_type":"article","og_title":"Ekspoz\u012bcija - 2. st\u0101vs Auseklis - gu\u013camkab\u012bne - Kosmosa izzi\u0146as centrs","og_description":"&#8220;Auseklis&#8221; &#8211; orbit\u0101l\u0101 stacija. Gu\u013camkab\u012bne Astronauta gu\u013camkab\u012bne ir krietni maz\u0101ka par tavu gu\u013camistabu &#8211; aptuveni tik liela k\u0101 lifta kab\u012bne. \u00a0 Kosmos\u0101 nav aug\u0161as un apak\u0161as, t\u0101d\u0113\u013c gu\u013cammaiss ir piestiprin\u0101ts pie k\u0101das no sien\u0101m. \u00a0 Mieg\u0101 ap astronauta galvu sakr\u0101jas og\u013csk\u0101b\u0101 g\u0101ze (CO2), t\u0101d\u0113\u013c astronauts vienm\u0113r gu\u013c ar galvu pie ventil\u0101cijas. Laiks gul\u0113tie\u0161anai! \u00a0 Jau [&hellip;]","og_url":"https:\/\/kosmosacentrs.lv\/ekspozicija-2-st-auseklis-gulamkabine\/","og_site_name":"Kosmosa izzi\u0146as centrs","article_publisher":"https:\/\/www.facebook.com\/Kosmosaizzinascentrs\/","article_modified_time":"2024-05-06T14:43:36+00:00","og_image":[{"url":"https:\/\/kosmosacentrs.lv\/wp-content\/uploads\/Auseklis-ikona.png"}],"twitter_card":"summary_large_image","twitter_misc":{"Est. reading time":"2 minutit"},"schema":{"@context":"https:\/\/schema.org","@graph":[{"@type":"WebPage","@id":"https:\/\/kosmosacentrs.lv\/ekspozicija-2-st-auseklis-gulamkabine\/","url":"https:\/\/kosmosacentrs.lv\/ekspozicija-2-st-auseklis-gulamkabine\/","name":"Ekspoz\u012bcija - 2. st\u0101vs Auseklis - gu\u013camkab\u012bne - Kosmosa izzi\u0146as centrs","isPartOf":{"@id":"https:\/\/kosmosacentrs.lv\/#website"},"datePublished":"2024-05-06T14:36:39+00:00","dateModified":"2024-05-06T14:43:36+00:00","breadcrumb":{"@id":"https:\/\/kosmosacentrs.lv\/ekspozicija-2-st-auseklis-gulamkabine\/#breadcrumb"},"inLanguage":"et","potentialAction":[{"@type":"ReadAction","target":["https:\/\/kosmosacentrs.lv\/ekspozicija-2-st-auseklis-gulamkabine\/"]}]},{"@type":"BreadcrumbList","@id":"https:\/\/kosmosacentrs.lv\/ekspozicija-2-st-auseklis-gulamkabine\/#breadcrumb","itemListElement":[{"@type":"ListItem","position":1,"name":"Home","item":"https:\/\/kosmosacentrs.lv\/"},{"@type":"ListItem","position":2,"name":"Ekspoz\u012bcija &#8211; 2. st\u0101vs Auseklis &#8211; gu\u013camkab\u012bne"}]},{"@type":"WebSite","@id":"https:\/\/kosmosacentrs.lv\/#website","url":"https:\/\/kosmosacentrs.lv\/","name":"Kosmosa izzi\u0146as centrs","description":"KIC.LV","publisher":{"@id":"https:\/\/kosmosacentrs.lv\/#organization"},"potentialAction":[{"@type":"SearchAction","target":{"@type":"EntryPoint","urlTemplate":"https:\/\/kosmosacentrs.lv\/?s={search_term_string}"},"query-input":"required name=search_term_string"}],"inLanguage":"et"},{"@type":"Organization","@id":"https:\/\/kosmosacentrs.lv\/#organization","name":"Kosmosa izzi\u0146as centrs","url":"https:\/\/kosmosacentrs.lv\/","logo":{"@type":"ImageObject","inLanguage":"et","@id":"https:\/\/kosmosacentrs.lv\/#\/schema\/logo\/image\/","url":"https:\/\/kosmosacentrs.lv\/wp-content\/uploads\/logo.svg","contentUrl":"https:\/\/kosmosacentrs.lv\/wp-content\/uploads\/logo.svg","width":997,"height":712,"caption":"Kosmosa izzi\u0146as centrs"},"image":{"@id":"https:\/\/kosmosacentrs.lv\/#\/schema\/logo\/image\/"},"sameAs":["https:\/\/www.facebook.com\/Kosmosaizzinascentrs\/"]}]}},"_links":{"self":[{"href":"https:\/\/kosmosacentrs.lv\/et\/wp-json\/wp\/v2\/pages\/6620","targetHints":{"allow":["GET"]}}],"collection":[{"href":"https:\/\/kosmosacentrs.lv\/et\/wp-json\/wp\/v2\/pages"}],"about":[{"href":"https:\/\/kosmosacentrs.lv\/et\/wp-json\/wp\/v2\/types\/page"}],"author":[{"embeddable":true,"href":"https:\/\/kosmosacentrs.lv\/et\/wp-json\/wp\/v2\/users\/7"}],"replies":[{"embeddable":true,"href":"https:\/\/kosmosacentrs.lv\/et\/wp-json\/wp\/v2\/comments?post=6620"}],"version-history":[{"count":7,"href":"https:\/\/kosmosacentrs.lv\/et\/wp-json\/wp\/v2\/pages\/6620\/revisions"}],"predecessor-version":[{"id":6637,"href":"https:\/\/kosmosacentrs.lv\/et\/wp-json\/wp\/v2\/pages\/6620\/revisions\/6637"}],"wp:attachment":[{"href":"https:\/\/kosmosacentrs.lv\/et\/wp-json\/wp\/v2\/media?parent=6620"}],"curies":[{"name":"wp","href":"https:\/\/api.w.org\/{rel}","templated":true}]}}