{"id":6687,"date":"2024-05-06T18:04:18","date_gmt":"2024-05-06T15:04:18","guid":{"rendered":"https:\/\/kosmosacentrs.lv\/?page_id=6687"},"modified":"2024-05-06T18:13:31","modified_gmt":"2024-05-06T15:13:31","slug":"ekspozicija-2-st-auseklis-higiena","status":"publish","type":"page","link":"https:\/\/kosmosacentrs.lv\/et\/ekspozicija-2-st-auseklis-higiena\/","title":{"rendered":"Ekspoz\u012bcija &#8211; 2. st\u0101vs Auseklis &#8211; higi\u0113na"},"content":{"rendered":"\t\t<div data-elementor-type=\"wp-page\" data-elementor-id=\"6687\" class=\"elementor elementor-6687\">\n\t\t\t\t<div class=\"elementor-element elementor-element-8199b9f e-flex e-con-boxed e-con e-parent\" data-id=\"8199b9f\" data-element_type=\"container\" data-e-type=\"container\">\n\t\t\t\t\t<div class=\"e-con-inner\">\n\t\t<div class=\"elementor-element elementor-element-41b5ed6 e-con-full e-flex e-con e-parent\" data-id=\"41b5ed6\" data-element_type=\"container\" data-e-type=\"container\">\n\t\t\t\t<div class=\"elementor-element elementor-element-c6ff380 elementor-widget elementor-widget-image\" data-id=\"c6ff380\" data-element_type=\"widget\" data-e-type=\"widget\" data-widget_type=\"image.default\">\n\t\t\t\t<div class=\"elementor-widget-container\">\n\t\t\t\t\t\t\t\t\t\t\t\t\t\t\t<img fetchpriority=\"high\" decoding=\"async\" width=\"2845\" height=\"3084\" src=\"https:\/\/kosmosacentrs.lv\/wp-content\/uploads\/Auseklis-ikona.png\" class=\"attachment-full size-full wp-image-6383\" alt=\"\" srcset=\"https:\/\/kosmosacentrs.lv\/wp-content\/uploads\/Auseklis-ikona.png 2845w, https:\/\/kosmosacentrs.lv\/wp-content\/uploads\/Auseklis-ikona-277x300.png 277w, https:\/\/kosmosacentrs.lv\/wp-content\/uploads\/Auseklis-ikona-945x1024.png 945w, https:\/\/kosmosacentrs.lv\/wp-content\/uploads\/Auseklis-ikona-768x833.png 768w, https:\/\/kosmosacentrs.lv\/wp-content\/uploads\/Auseklis-ikona-1417x1536.png 1417w, https:\/\/kosmosacentrs.lv\/wp-content\/uploads\/Auseklis-ikona-1889x2048.png 1889w\" sizes=\"(max-width: 2845px) 100vw, 2845px\" \/>\t\t\t\t\t\t\t\t\t\t\t\t\t\t\t<\/div>\n\t\t\t\t<\/div>\n\t\t\t\t<\/div>\n\t\t<div class=\"elementor-element elementor-element-d071e6a e-con-full e-flex e-con e-parent\" data-id=\"d071e6a\" data-element_type=\"container\" data-e-type=\"container\">\n\t\t\t\t<div class=\"elementor-element elementor-element-f0a5f6f elementor-widget elementor-widget-heading\" data-id=\"f0a5f6f\" data-element_type=\"widget\" data-e-type=\"widget\" data-widget_type=\"heading.default\">\n\t\t\t\t<div class=\"elementor-widget-container\">\n\t\t\t\t\t<h2 class=\"elementor-heading-title elementor-size-default\">\"Auseklis\" - orbit\u0101l\u0101 stacija. Higi\u0113na<\/h2>\t\t\t\t<\/div>\n\t\t\t\t<\/div>\n\t\t\t\t<\/div>\n\t\t\t\t\t<\/div>\n\t\t\t\t<\/div>\n\t\t<div class=\"elementor-element elementor-element-6b4a75a e-flex e-con-boxed e-con e-parent\" data-id=\"6b4a75a\" data-element_type=\"container\" data-e-type=\"container\" data-settings=\"{&quot;background_background&quot;:&quot;classic&quot;}\">\n\t\t\t\t\t<div class=\"e-con-inner\">\n\t\t<div class=\"elementor-element elementor-element-c32be65 e-con-full e-flex e-con e-parent\" data-id=\"c32be65\" data-element_type=\"container\" data-e-type=\"container\">\n\t\t\t\t<div class=\"elementor-element elementor-element-b90d062 elementor-widget elementor-widget-text-editor\" data-id=\"b90d062\" data-element_type=\"widget\" data-e-type=\"widget\" data-widget_type=\"text-editor.default\">\n\t\t\t\t<div class=\"elementor-widget-container\">\n\t\t\t\t\t\t\t\t\t<p>P\u0113c garas darba vai m\u0101c\u012bbu dienas nepiecie\u0161ams atsvaidzin\u0101ties un sagatavoties gul\u0113\u0161anai.<\/p><p>Kas ir nepiecie\u0161ams lai nomazg\u0101tos uz<strong><span style=\"color: #f6a310;\"> Zemes<\/span><\/strong>?<\/p>\t\t\t\t\t\t\t\t<\/div>\n\t\t\t\t<\/div>\n\t\t\t\t<\/div>\n\t\t<div class=\"elementor-element elementor-element-5bd3684 e-con-full e-flex e-con e-parent\" data-id=\"5bd3684\" data-element_type=\"container\" data-e-type=\"container\">\n\t\t\t\t<div class=\"elementor-element elementor-element-ac20b75 elementor-widget elementor-widget-image\" data-id=\"ac20b75\" data-element_type=\"widget\" data-e-type=\"widget\" data-widget_type=\"image.default\">\n\t\t\t\t<div class=\"elementor-widget-container\">\n\t\t\t\t\t\t\t\t\t\t\t\t\t\t\t<img decoding=\"async\" width=\"150\" height=\"150\" src=\"https:\/\/kosmosacentrs.lv\/wp-content\/uploads\/Zeme-2-150x150.png\" class=\"attachment-thumbnail size-thumbnail wp-image-6670\" alt=\"\" srcset=\"https:\/\/kosmosacentrs.lv\/wp-content\/uploads\/Zeme-2-150x150.png 150w, https:\/\/kosmosacentrs.lv\/wp-content\/uploads\/Zeme-2-300x300.png 300w, https:\/\/kosmosacentrs.lv\/wp-content\/uploads\/Zeme-2-768x768.png 768w, https:\/\/kosmosacentrs.lv\/wp-content\/uploads\/Zeme-2.png 932w\" sizes=\"(max-width: 150px) 100vw, 150px\" \/>\t\t\t\t\t\t\t\t\t\t\t\t\t\t\t<\/div>\n\t\t\t\t<\/div>\n\t\t\t\t<\/div>\n\t\t\t\t\t<\/div>\n\t\t\t\t<\/div>\n\t\t<div class=\"elementor-element elementor-element-3ec00a4 e-flex e-con-boxed e-con e-parent\" data-id=\"3ec00a4\" data-element_type=\"container\" data-e-type=\"container\" data-settings=\"{&quot;background_background&quot;:&quot;classic&quot;}\">\n\t\t\t\t\t<div class=\"e-con-inner\">\n\t\t<div class=\"elementor-element elementor-element-94f0428 e-con-full e-flex e-con e-parent\" data-id=\"94f0428\" data-element_type=\"container\" data-e-type=\"container\">\n\t\t\t\t<div class=\"elementor-element elementor-element-d5a17af elementor-widget elementor-widget-text-editor\" data-id=\"d5a17af\" data-element_type=\"widget\" data-e-type=\"widget\" data-widget_type=\"text-editor.default\">\n\t\t\t\t<div class=\"elementor-widget-container\">\n\t\t\t\t\t\t\t\t\t<p><span style=\"font-size: 18pt;\"><strong>Du\u0161a:<\/strong><\/span><\/p><p>\u00a0<\/p><p>40 &#8211; 80l \u016bdens (~5 min.)<\/p>\t\t\t\t\t\t\t\t<\/div>\n\t\t\t\t<\/div>\n\t\t\t\t<\/div>\n\t\t<div class=\"elementor-element elementor-element-accdfdd e-con-full e-flex e-con e-parent\" data-id=\"accdfdd\" data-element_type=\"container\" data-e-type=\"container\">\n\t\t\t\t<div class=\"elementor-element elementor-element-4ea8e86 elementor-widget elementor-widget-image\" data-id=\"4ea8e86\" data-element_type=\"widget\" data-e-type=\"widget\" data-widget_type=\"image.default\">\n\t\t\t\t<div class=\"elementor-widget-container\">\n\t\t\t\t\t\t\t\t\t\t\t\t\t\t\t<img decoding=\"async\" width=\"300\" height=\"297\" src=\"https:\/\/kosmosacentrs.lv\/wp-content\/uploads\/Dusa-300x297.png\" class=\"attachment-medium size-medium wp-image-6689\" alt=\"\" srcset=\"https:\/\/kosmosacentrs.lv\/wp-content\/uploads\/Dusa-300x297.png 300w, https:\/\/kosmosacentrs.lv\/wp-content\/uploads\/Dusa-1024x1012.png 1024w, https:\/\/kosmosacentrs.lv\/wp-content\/uploads\/Dusa-150x150.png 150w, https:\/\/kosmosacentrs.lv\/wp-content\/uploads\/Dusa-768x759.png 768w, https:\/\/kosmosacentrs.lv\/wp-content\/uploads\/Dusa.png 1413w\" sizes=\"(max-width: 300px) 100vw, 300px\" \/>\t\t\t\t\t\t\t\t\t\t\t\t\t\t\t<\/div>\n\t\t\t\t<\/div>\n\t\t\t\t<\/div>\n\t\t\t\t\t<\/div>\n\t\t\t\t<\/div>\n\t\t<div class=\"elementor-element elementor-element-a5d0e1b e-flex e-con-boxed e-con e-parent\" data-id=\"a5d0e1b\" data-element_type=\"container\" data-e-type=\"container\" data-settings=\"{&quot;background_background&quot;:&quot;classic&quot;}\">\n\t\t\t\t\t<div class=\"e-con-inner\">\n\t\t<div class=\"elementor-element elementor-element-e5c5308 e-con-full e-flex e-con e-parent\" data-id=\"e5c5308\" data-element_type=\"container\" data-e-type=\"container\">\n\t\t\t\t<div class=\"elementor-element elementor-element-5801d43 elementor-widget elementor-widget-text-editor\" data-id=\"5801d43\" data-element_type=\"widget\" data-e-type=\"widget\" data-widget_type=\"text-editor.default\">\n\t\t\t\t<div class=\"elementor-widget-container\">\n\t\t\t\t\t\t\t\t\t<p><strong><span style=\"font-size: 18pt;\">Vanna:<\/span><\/strong><\/p><p>\u00a0<\/p><p>200 &#8211; 300l \u016bdens<\/p>\t\t\t\t\t\t\t\t<\/div>\n\t\t\t\t<\/div>\n\t\t\t\t<\/div>\n\t\t<div class=\"elementor-element elementor-element-9116965 e-con-full e-flex e-con e-parent\" data-id=\"9116965\" data-element_type=\"container\" data-e-type=\"container\">\n\t\t\t\t<div class=\"elementor-element elementor-element-952c8cb elementor-widget elementor-widget-image\" data-id=\"952c8cb\" data-element_type=\"widget\" data-e-type=\"widget\" data-widget_type=\"image.default\">\n\t\t\t\t<div class=\"elementor-widget-container\">\n\t\t\t\t\t\t\t\t\t\t\t\t\t\t\t<img loading=\"lazy\" decoding=\"async\" width=\"300\" height=\"256\" src=\"https:\/\/kosmosacentrs.lv\/wp-content\/uploads\/Vanna-300x256.png\" class=\"attachment-medium size-medium wp-image-6694\" alt=\"\" srcset=\"https:\/\/kosmosacentrs.lv\/wp-content\/uploads\/Vanna-300x256.png 300w, https:\/\/kosmosacentrs.lv\/wp-content\/uploads\/Vanna-1024x873.png 1024w, https:\/\/kosmosacentrs.lv\/wp-content\/uploads\/Vanna-768x654.png 768w, https:\/\/kosmosacentrs.lv\/wp-content\/uploads\/Vanna-1536x1309.png 1536w, https:\/\/kosmosacentrs.lv\/wp-content\/uploads\/Vanna.png 1920w\" sizes=\"(max-width: 300px) 100vw, 300px\" \/>\t\t\t\t\t\t\t\t\t\t\t\t\t\t\t<\/div>\n\t\t\t\t<\/div>\n\t\t\t\t<\/div>\n\t\t\t\t\t<\/div>\n\t\t\t\t<\/div>\n\t\t<div class=\"elementor-element elementor-element-dae8f33 e-flex e-con-boxed e-con e-parent\" data-id=\"dae8f33\" data-element_type=\"container\" data-e-type=\"container\" data-settings=\"{&quot;background_background&quot;:&quot;classic&quot;}\">\n\t\t\t\t\t<div class=\"e-con-inner\">\n\t\t<div class=\"elementor-element elementor-element-57081a3 e-con-full e-flex e-con e-parent\" data-id=\"57081a3\" data-element_type=\"container\" data-e-type=\"container\">\n\t\t\t\t<div class=\"elementor-element elementor-element-ffd528e elementor-widget elementor-widget-text-editor\" data-id=\"ffd528e\" data-element_type=\"widget\" data-e-type=\"widget\" data-widget_type=\"text-editor.default\">\n\t\t\t\t<div class=\"elementor-widget-container\">\n\t\t\t\t\t\t\t\t\t<p>Kas ir nepiecie\u0161ams lai nomazg\u0101tos uz<strong><span style=\"color: #f6a310;\"> Orbit\u0101laj\u0101 stacij\u0101<\/span><\/strong>?<\/p>\t\t\t\t\t\t\t\t<\/div>\n\t\t\t\t<\/div>\n\t\t\t\t<\/div>\n\t\t<div class=\"elementor-element elementor-element-8409e65 e-con-full e-flex e-con e-parent\" data-id=\"8409e65\" data-element_type=\"container\" data-e-type=\"container\">\n\t\t\t\t<div class=\"elementor-element elementor-element-1885d4c elementor-widget elementor-widget-image\" data-id=\"1885d4c\" data-element_type=\"widget\" data-e-type=\"widget\" data-widget_type=\"image.default\">\n\t\t\t\t<div class=\"elementor-widget-container\">\n\t\t\t\t\t\t\t\t\t\t\t\t\t\t\t<img loading=\"lazy\" decoding=\"async\" width=\"248\" height=\"300\" src=\"https:\/\/kosmosacentrs.lv\/wp-content\/uploads\/Satelits-1-248x300.png\" class=\"attachment-medium size-medium wp-image-6675\" alt=\"\" srcset=\"https:\/\/kosmosacentrs.lv\/wp-content\/uploads\/Satelits-1-248x300.png 248w, https:\/\/kosmosacentrs.lv\/wp-content\/uploads\/Satelits-1.png 728w\" sizes=\"(max-width: 248px) 100vw, 248px\" \/>\t\t\t\t\t\t\t\t\t\t\t\t\t\t\t<\/div>\n\t\t\t\t<\/div>\n\t\t\t\t<\/div>\n\t\t\t\t\t<\/div>\n\t\t\t\t<\/div>\n\t\t<div class=\"elementor-element elementor-element-0b8526c e-flex e-con-boxed e-con e-parent\" data-id=\"0b8526c\" data-element_type=\"container\" data-e-type=\"container\" data-settings=\"{&quot;background_background&quot;:&quot;classic&quot;}\">\n\t\t\t\t\t<div class=\"e-con-inner\">\n\t\t<div class=\"elementor-element elementor-element-85e6ba7 e-con-full e-flex e-con e-parent\" data-id=\"85e6ba7\" data-element_type=\"container\" data-e-type=\"container\">\n\t\t\t\t<div class=\"elementor-element elementor-element-24604f5 elementor-widget elementor-widget-text-editor\" data-id=\"24604f5\" data-element_type=\"widget\" data-e-type=\"widget\" data-widget_type=\"text-editor.default\">\n\t\t\t\t<div class=\"elementor-widget-container\">\n\t\t\t\t\t\t\t\t\t<p><span style=\"font-size: 18pt;\"><strong>Orbit\u0101l\u0101 stacija:<\/strong><\/span><\/p><p>\u00a0<\/p><p>3l \u016bdens<\/p>\t\t\t\t\t\t\t\t<\/div>\n\t\t\t\t<\/div>\n\t\t\t\t<\/div>\n\t\t<div class=\"elementor-element elementor-element-d1e764e e-con-full e-flex e-con e-parent\" data-id=\"d1e764e\" data-element_type=\"container\" data-e-type=\"container\">\n\t\t\t\t<div class=\"elementor-element elementor-element-8083b8e elementor-widget elementor-widget-image\" data-id=\"8083b8e\" data-element_type=\"widget\" data-e-type=\"widget\" data-widget_type=\"image.default\">\n\t\t\t\t<div class=\"elementor-widget-container\">\n\t\t\t\t\t\t\t\t\t\t\t\t\t\t\t<img loading=\"lazy\" decoding=\"async\" width=\"190\" height=\"300\" src=\"https:\/\/kosmosacentrs.lv\/wp-content\/uploads\/Orbitala-stacija-mazgasanas-190x300.png\" class=\"attachment-medium size-medium wp-image-6699\" alt=\"\" srcset=\"https:\/\/kosmosacentrs.lv\/wp-content\/uploads\/Orbitala-stacija-mazgasanas-190x300.png 190w, https:\/\/kosmosacentrs.lv\/wp-content\/uploads\/Orbitala-stacija-mazgasanas-650x1024.png 650w, https:\/\/kosmosacentrs.lv\/wp-content\/uploads\/Orbitala-stacija-mazgasanas-768x1210.png 768w, https:\/\/kosmosacentrs.lv\/wp-content\/uploads\/Orbitala-stacija-mazgasanas.png 792w\" sizes=\"(max-width: 190px) 100vw, 190px\" \/>\t\t\t\t\t\t\t\t\t\t\t\t\t\t\t<\/div>\n\t\t\t\t<\/div>\n\t\t\t\t<\/div>\n\t\t\t\t\t<\/div>\n\t\t\t\t<\/div>\n\t\t<div class=\"elementor-element elementor-element-5d2063e e-flex e-con-boxed e-con e-parent\" data-id=\"5d2063e\" data-element_type=\"container\" data-e-type=\"container\" data-settings=\"{&quot;background_background&quot;:&quot;classic&quot;}\">\n\t\t\t\t\t<div class=\"e-con-inner\">\n\t\t<div class=\"elementor-element elementor-element-5848371 e-con-full e-flex e-con e-parent\" data-id=\"5848371\" data-element_type=\"container\" data-e-type=\"container\">\n\t\t\t\t<div class=\"elementor-element elementor-element-fab8c5f elementor-widget elementor-widget-text-editor\" data-id=\"fab8c5f\" data-element_type=\"widget\" data-e-type=\"widget\" data-widget_type=\"text-editor.default\">\n\t\t\t\t<div class=\"elementor-widget-container\">\n\t\t\t\t\t\t\t\t\t<p><span style=\"font-size: 18pt;\"><strong>Zobu t\u012br\u012b\u0161ana<\/strong><\/span><\/p><p>Galven\u0101 at\u0161\u0137ir\u012bba kosmos\u0101 <span style=\"color: #f6a310;\">zobupastu n\u0101ksies nor\u012bt<\/span>.<\/p><p>\u00a0<\/p><p>Ja v\u0113lies ce\u013cot kosmos\u0101, tad no Tevis sagaida, ka tuv\u0101kos 12 m\u0113ne\u0161us zobi probl\u0113mas nerad\u012bs, jo kosmos\u0101 zob\u0101rstu nav<span style=\"color: #f6a310;\">*<\/span>.<\/p><p>\u00a0<\/p><p><span style=\"color: #f6a310;\">*<\/span>Bet nebaidies! Visi astronauti ir apm\u0101c\u012bti veikt sirds mas\u0101\u017eu, sa\u0161\u016bt br\u016bces un izraut zobus, ja tie tom\u0113r s\u0101p!<\/p>\t\t\t\t\t\t\t\t<\/div>\n\t\t\t\t<\/div>\n\t\t\t\t<\/div>\n\t\t<div class=\"elementor-element elementor-element-b71fe62 e-con-full e-flex e-con e-parent\" data-id=\"b71fe62\" data-element_type=\"container\" data-e-type=\"container\">\n\t\t\t\t<div class=\"elementor-element elementor-element-edfae54 elementor-widget elementor-widget-image\" data-id=\"edfae54\" data-element_type=\"widget\" data-e-type=\"widget\" data-widget_type=\"image.default\">\n\t\t\t\t<div class=\"elementor-widget-container\">\n\t\t\t\t\t\t\t\t\t\t\t\t\t\t\t<img loading=\"lazy\" decoding=\"async\" width=\"272\" height=\"300\" src=\"https:\/\/kosmosacentrs.lv\/wp-content\/uploads\/Astronauts-zobu-pastu-272x300.png\" class=\"attachment-medium size-medium wp-image-6704\" alt=\"\" srcset=\"https:\/\/kosmosacentrs.lv\/wp-content\/uploads\/Astronauts-zobu-pastu-272x300.png 272w, https:\/\/kosmosacentrs.lv\/wp-content\/uploads\/Astronauts-zobu-pastu-929x1024.png 929w, https:\/\/kosmosacentrs.lv\/wp-content\/uploads\/Astronauts-zobu-pastu-768x846.png 768w, https:\/\/kosmosacentrs.lv\/wp-content\/uploads\/Astronauts-zobu-pastu.png 991w\" sizes=\"(max-width: 272px) 100vw, 272px\" \/>\t\t\t\t\t\t\t\t\t\t\t\t\t\t\t<\/div>\n\t\t\t\t<\/div>\n\t\t\t\t<\/div>\n\t\t\t\t\t<\/div>\n\t\t\t\t<\/div>\n\t\t\t\t<\/div>\n\t\t","protected":false},"excerpt":{"rendered":"<p>&#8220;Auseklis&#8221; &#8211; orbit\u0101l\u0101 stacija. Higi\u0113na P\u0113c garas darba vai m\u0101c\u012bbu dienas nepiecie\u0161ams atsvaidzin\u0101ties un sagatavoties gul\u0113\u0161anai. Kas ir nepiecie\u0161ams lai nomazg\u0101tos uz Zemes? Du\u0161a: \u00a0 40 &#8211; 80l \u016bdens (~5 min.) Vanna: \u00a0 200 &#8211; 300l \u016bdens Kas ir nepiecie\u0161ams lai nomazg\u0101tos uz Orbit\u0101laj\u0101 stacij\u0101? Orbit\u0101l\u0101 stacija: \u00a0 3l \u016bdens Zobu t\u012br\u012b\u0161ana Galven\u0101 at\u0161\u0137ir\u012bba kosmos\u0101 [&hellip;]<\/p>\n","protected":false},"author":7,"featured_media":0,"parent":0,"menu_order":0,"comment_status":"closed","ping_status":"closed","template":"","meta":{"inline_featured_image":false,"footnotes":""},"class_list":["post-6687","page","type-page","status-publish","hentry"],"yoast_head":"<!-- This site is optimized with the Yoast SEO plugin v20.4 - https:\/\/yoast.com\/wordpress\/plugins\/seo\/ -->\n<title>Ekspoz\u012bcija - 2. st\u0101vs Auseklis - higi\u0113na - Kosmosa izzi\u0146as centrs<\/title>\n<meta name=\"robots\" content=\"index, follow, max-snippet:-1, max-image-preview:large, max-video-preview:-1\" \/>\n<link rel=\"canonical\" href=\"https:\/\/kosmosacentrs.lv\/ekspozicija-2-st-auseklis-higiena\/\" \/>\n<meta property=\"og:locale\" content=\"et_EE\" \/>\n<meta property=\"og:type\" content=\"article\" \/>\n<meta property=\"og:title\" content=\"Ekspoz\u012bcija - 2. st\u0101vs Auseklis - higi\u0113na - Kosmosa izzi\u0146as centrs\" \/>\n<meta property=\"og:description\" content=\"&#8220;Auseklis&#8221; &#8211; orbit\u0101l\u0101 stacija. Higi\u0113na P\u0113c garas darba vai m\u0101c\u012bbu dienas nepiecie\u0161ams atsvaidzin\u0101ties un sagatavoties gul\u0113\u0161anai. Kas ir nepiecie\u0161ams lai nomazg\u0101tos uz Zemes? Du\u0161a: \u00a0 40 &#8211; 80l \u016bdens (~5 min.) Vanna: \u00a0 200 &#8211; 300l \u016bdens Kas ir nepiecie\u0161ams lai nomazg\u0101tos uz Orbit\u0101laj\u0101 stacij\u0101? Orbit\u0101l\u0101 stacija: \u00a0 3l \u016bdens Zobu t\u012br\u012b\u0161ana Galven\u0101 at\u0161\u0137ir\u012bba kosmos\u0101 [&hellip;]\" \/>\n<meta property=\"og:url\" content=\"https:\/\/kosmosacentrs.lv\/ekspozicija-2-st-auseklis-higiena\/\" \/>\n<meta property=\"og:site_name\" content=\"Kosmosa izzi\u0146as centrs\" \/>\n<meta property=\"article:publisher\" content=\"https:\/\/www.facebook.com\/Kosmosaizzinascentrs\/\" \/>\n<meta property=\"article:modified_time\" content=\"2024-05-06T15:13:31+00:00\" \/>\n<meta property=\"og:image\" content=\"https:\/\/kosmosacentrs.lv\/wp-content\/uploads\/Auseklis-ikona.png\" \/>\n<meta name=\"twitter:card\" content=\"summary_large_image\" \/>\n<meta name=\"twitter:label1\" content=\"Est. reading time\" \/>\n\t<meta name=\"twitter:data1\" content=\"2 minutit\" \/>\n<script type=\"application\/ld+json\" class=\"yoast-schema-graph\">{\"@context\":\"https:\/\/schema.org\",\"@graph\":[{\"@type\":\"WebPage\",\"@id\":\"https:\/\/kosmosacentrs.lv\/ekspozicija-2-st-auseklis-higiena\/\",\"url\":\"https:\/\/kosmosacentrs.lv\/ekspozicija-2-st-auseklis-higiena\/\",\"name\":\"Ekspoz\u012bcija - 2. st\u0101vs Auseklis - higi\u0113na - Kosmosa izzi\u0146as centrs\",\"isPartOf\":{\"@id\":\"https:\/\/kosmosacentrs.lv\/#website\"},\"datePublished\":\"2024-05-06T15:04:18+00:00\",\"dateModified\":\"2024-05-06T15:13:31+00:00\",\"breadcrumb\":{\"@id\":\"https:\/\/kosmosacentrs.lv\/ekspozicija-2-st-auseklis-higiena\/#breadcrumb\"},\"inLanguage\":\"et\",\"potentialAction\":[{\"@type\":\"ReadAction\",\"target\":[\"https:\/\/kosmosacentrs.lv\/ekspozicija-2-st-auseklis-higiena\/\"]}]},{\"@type\":\"BreadcrumbList\",\"@id\":\"https:\/\/kosmosacentrs.lv\/ekspozicija-2-st-auseklis-higiena\/#breadcrumb\",\"itemListElement\":[{\"@type\":\"ListItem\",\"position\":1,\"name\":\"Home\",\"item\":\"https:\/\/kosmosacentrs.lv\/\"},{\"@type\":\"ListItem\",\"position\":2,\"name\":\"Ekspoz\u012bcija &#8211; 2. st\u0101vs Auseklis &#8211; higi\u0113na\"}]},{\"@type\":\"WebSite\",\"@id\":\"https:\/\/kosmosacentrs.lv\/#website\",\"url\":\"https:\/\/kosmosacentrs.lv\/\",\"name\":\"Kosmosa izzi\u0146as centrs\",\"description\":\"KIC.LV\",\"publisher\":{\"@id\":\"https:\/\/kosmosacentrs.lv\/#organization\"},\"potentialAction\":[{\"@type\":\"SearchAction\",\"target\":{\"@type\":\"EntryPoint\",\"urlTemplate\":\"https:\/\/kosmosacentrs.lv\/?s={search_term_string}\"},\"query-input\":\"required name=search_term_string\"}],\"inLanguage\":\"et\"},{\"@type\":\"Organization\",\"@id\":\"https:\/\/kosmosacentrs.lv\/#organization\",\"name\":\"Kosmosa izzi\u0146as centrs\",\"url\":\"https:\/\/kosmosacentrs.lv\/\",\"logo\":{\"@type\":\"ImageObject\",\"inLanguage\":\"et\",\"@id\":\"https:\/\/kosmosacentrs.lv\/#\/schema\/logo\/image\/\",\"url\":\"https:\/\/kosmosacentrs.lv\/wp-content\/uploads\/logo.svg\",\"contentUrl\":\"https:\/\/kosmosacentrs.lv\/wp-content\/uploads\/logo.svg\",\"width\":997,\"height\":712,\"caption\":\"Kosmosa izzi\u0146as centrs\"},\"image\":{\"@id\":\"https:\/\/kosmosacentrs.lv\/#\/schema\/logo\/image\/\"},\"sameAs\":[\"https:\/\/www.facebook.com\/Kosmosaizzinascentrs\/\"]}]}<\/script>\n<!-- \/ Yoast SEO plugin. -->","yoast_head_json":{"title":"Ekspoz\u012bcija - 2. st\u0101vs Auseklis - higi\u0113na - Kosmosa izzi\u0146as centrs","robots":{"index":"index","follow":"follow","max-snippet":"max-snippet:-1","max-image-preview":"max-image-preview:large","max-video-preview":"max-video-preview:-1"},"canonical":"https:\/\/kosmosacentrs.lv\/ekspozicija-2-st-auseklis-higiena\/","og_locale":"et_EE","og_type":"article","og_title":"Ekspoz\u012bcija - 2. st\u0101vs Auseklis - higi\u0113na - Kosmosa izzi\u0146as centrs","og_description":"&#8220;Auseklis&#8221; &#8211; orbit\u0101l\u0101 stacija. Higi\u0113na P\u0113c garas darba vai m\u0101c\u012bbu dienas nepiecie\u0161ams atsvaidzin\u0101ties un sagatavoties gul\u0113\u0161anai. Kas ir nepiecie\u0161ams lai nomazg\u0101tos uz Zemes? Du\u0161a: \u00a0 40 &#8211; 80l \u016bdens (~5 min.) Vanna: \u00a0 200 &#8211; 300l \u016bdens Kas ir nepiecie\u0161ams lai nomazg\u0101tos uz Orbit\u0101laj\u0101 stacij\u0101? Orbit\u0101l\u0101 stacija: \u00a0 3l \u016bdens Zobu t\u012br\u012b\u0161ana Galven\u0101 at\u0161\u0137ir\u012bba kosmos\u0101 [&hellip;]","og_url":"https:\/\/kosmosacentrs.lv\/ekspozicija-2-st-auseklis-higiena\/","og_site_name":"Kosmosa izzi\u0146as centrs","article_publisher":"https:\/\/www.facebook.com\/Kosmosaizzinascentrs\/","article_modified_time":"2024-05-06T15:13:31+00:00","og_image":[{"url":"https:\/\/kosmosacentrs.lv\/wp-content\/uploads\/Auseklis-ikona.png"}],"twitter_card":"summary_large_image","twitter_misc":{"Est. reading time":"2 minutit"},"schema":{"@context":"https:\/\/schema.org","@graph":[{"@type":"WebPage","@id":"https:\/\/kosmosacentrs.lv\/ekspozicija-2-st-auseklis-higiena\/","url":"https:\/\/kosmosacentrs.lv\/ekspozicija-2-st-auseklis-higiena\/","name":"Ekspoz\u012bcija - 2. st\u0101vs Auseklis - higi\u0113na - Kosmosa izzi\u0146as centrs","isPartOf":{"@id":"https:\/\/kosmosacentrs.lv\/#website"},"datePublished":"2024-05-06T15:04:18+00:00","dateModified":"2024-05-06T15:13:31+00:00","breadcrumb":{"@id":"https:\/\/kosmosacentrs.lv\/ekspozicija-2-st-auseklis-higiena\/#breadcrumb"},"inLanguage":"et","potentialAction":[{"@type":"ReadAction","target":["https:\/\/kosmosacentrs.lv\/ekspozicija-2-st-auseklis-higiena\/"]}]},{"@type":"BreadcrumbList","@id":"https:\/\/kosmosacentrs.lv\/ekspozicija-2-st-auseklis-higiena\/#breadcrumb","itemListElement":[{"@type":"ListItem","position":1,"name":"Home","item":"https:\/\/kosmosacentrs.lv\/"},{"@type":"ListItem","position":2,"name":"Ekspoz\u012bcija &#8211; 2. st\u0101vs Auseklis &#8211; higi\u0113na"}]},{"@type":"WebSite","@id":"https:\/\/kosmosacentrs.lv\/#website","url":"https:\/\/kosmosacentrs.lv\/","name":"Kosmosa izzi\u0146as centrs","description":"KIC.LV","publisher":{"@id":"https:\/\/kosmosacentrs.lv\/#organization"},"potentialAction":[{"@type":"SearchAction","target":{"@type":"EntryPoint","urlTemplate":"https:\/\/kosmosacentrs.lv\/?s={search_term_string}"},"query-input":"required name=search_term_string"}],"inLanguage":"et"},{"@type":"Organization","@id":"https:\/\/kosmosacentrs.lv\/#organization","name":"Kosmosa izzi\u0146as centrs","url":"https:\/\/kosmosacentrs.lv\/","logo":{"@type":"ImageObject","inLanguage":"et","@id":"https:\/\/kosmosacentrs.lv\/#\/schema\/logo\/image\/","url":"https:\/\/kosmosacentrs.lv\/wp-content\/uploads\/logo.svg","contentUrl":"https:\/\/kosmosacentrs.lv\/wp-content\/uploads\/logo.svg","width":997,"height":712,"caption":"Kosmosa izzi\u0146as centrs"},"image":{"@id":"https:\/\/kosmosacentrs.lv\/#\/schema\/logo\/image\/"},"sameAs":["https:\/\/www.facebook.com\/Kosmosaizzinascentrs\/"]}]}},"_links":{"self":[{"href":"https:\/\/kosmosacentrs.lv\/et\/wp-json\/wp\/v2\/pages\/6687","targetHints":{"allow":["GET"]}}],"collection":[{"href":"https:\/\/kosmosacentrs.lv\/et\/wp-json\/wp\/v2\/pages"}],"about":[{"href":"https:\/\/kosmosacentrs.lv\/et\/wp-json\/wp\/v2\/types\/page"}],"author":[{"embeddable":true,"href":"https:\/\/kosmosacentrs.lv\/et\/wp-json\/wp\/v2\/users\/7"}],"replies":[{"embeddable":true,"href":"https:\/\/kosmosacentrs.lv\/et\/wp-json\/wp\/v2\/comments?post=6687"}],"version-history":[{"count":4,"href":"https:\/\/kosmosacentrs.lv\/et\/wp-json\/wp\/v2\/pages\/6687\/revisions"}],"predecessor-version":[{"id":6711,"href":"https:\/\/kosmosacentrs.lv\/et\/wp-json\/wp\/v2\/pages\/6687\/revisions\/6711"}],"wp:attachment":[{"href":"https:\/\/kosmosacentrs.lv\/et\/wp-json\/wp\/v2\/media?parent=6687"}],"curies":[{"name":"wp","href":"https:\/\/api.w.org\/{rel}","templated":true}]}}