{"id":127,"date":"2022-08-12T10:28:49","date_gmt":"2022-08-12T08:28:49","guid":{"rendered":"http:\/\/kosmosacentrs.lv\/?page_id=127"},"modified":"2025-07-02T20:46:07","modified_gmt":"2025-07-02T17:46:07","slug":"par-mums","status":"publish","type":"page","link":"https:\/\/kosmosacentrs.lv\/lt\/par-mums\/","title":{"rendered":"Par mums"},"content":{"rendered":"\t\t<div data-elementor-type=\"wp-page\" data-elementor-id=\"127\" class=\"elementor elementor-127\">\n\t\t\t\t<div class=\"elementor-element elementor-element-80bcfc5 e-flex e-con-boxed e-con e-parent\" data-id=\"80bcfc5\" data-element_type=\"container\" data-e-type=\"container\" data-settings=\"{&quot;background_background&quot;:&quot;classic&quot;}\">\n\t\t\t\t\t<div class=\"e-con-inner\">\n\t\t<div class=\"elementor-element elementor-element-f0c13e1 e-con-full e-flex e-con e-child\" data-id=\"f0c13e1\" data-element_type=\"container\" data-e-type=\"container\">\n\t\t\t\t<div class=\"elementor-element elementor-element-9fd9959 elementor-widget__width-initial elementor-invisible elementor-widget elementor-widget-image\" data-id=\"9fd9959\" data-element_type=\"widget\" data-e-type=\"widget\" data-settings=\"{&quot;_animation&quot;:&quot;rollIn&quot;}\" data-widget_type=\"image.default\">\n\t\t\t\t<div class=\"elementor-widget-container\">\n\t\t\t\t\t\t\t\t\t\t\t\t\t\t\t<img fetchpriority=\"high\" decoding=\"async\" width=\"640\" height=\"659\" src=\"https:\/\/kosmosacentrs.lv\/wp-content\/uploads\/about-icon-1.svg\" class=\"attachment-large size-large wp-image-95\" alt=\"\" \/>\t\t\t\t\t\t\t\t\t\t\t\t\t\t\t<\/div>\n\t\t\t\t<\/div>\n\t\t\t\t<\/div>\n\t\t<div class=\"elementor-element elementor-element-a72e2ba e-con-full e-flex e-con e-child\" data-id=\"a72e2ba\" data-element_type=\"container\" data-e-type=\"container\">\n\t\t\t\t<div class=\"elementor-element elementor-element-6295d87 elementor-widget__width-initial elementor-invisible elementor-widget elementor-widget-text-editor\" data-id=\"6295d87\" data-element_type=\"widget\" data-e-type=\"widget\" data-settings=\"{&quot;_animation&quot;:&quot;fadeInRight&quot;}\" data-widget_type=\"text-editor.default\">\n\t\t\t\t<div class=\"elementor-widget-container\">\n\t\t\t\t\t\t\t\t\t<h2>Par mums<\/h2><p>Kosmosa izzi\u0146as centra galvenais uzdevums ir veicin\u0101t b\u0113rniem interesi par dabaszin\u0101t\u0146u, in\u017eenierzin\u0101t\u0146u, tehnolo\u0123iju un matem\u0101tikas jomu, skaidrot \u0161o jomu aktualit\u0101ti un pied\u0101v\u0101t to apskat\u012bt caur kosmosa prizmu.<\/p><p>Kosmosa izzi\u0146as centra ekspon\u0101ti un izgl\u012btojo\u0161ais saturs tika veidots \u012bstenojot Eiropas Ekonomikas zonas finan\u0161u instrumenta un Norv\u0113\u0123ijas finan\u0161u instrumenta 2014. &#8211; 2021. gada perioda programmas \u201cP\u0113tniec\u012bba un izgl\u012bt\u012bba\u201d aktivit\u0101tes \u201cInov\u0101cijas centri\u201d projektu \u201cInov\u0101cijas centra izveido\u0161ana C\u0113s\u012bs\u201d.<\/p>\t\t\t\t\t\t\t\t<\/div>\n\t\t\t\t<\/div>\n\t\t\t\t<\/div>\n\t\t\t\t\t<\/div>\n\t\t\t\t<\/div>\n\t\t\t\t<\/div>\n\t\t","protected":false},"excerpt":{"rendered":"<p>Par mums Kosmosa izzi\u0146as centra galvenais uzdevums ir veicin\u0101t b\u0113rniem interesi par dabaszin\u0101t\u0146u, in\u017eenierzin\u0101t\u0146u, tehnolo\u0123iju un matem\u0101tikas jomu, skaidrot \u0161o jomu aktualit\u0101ti un pied\u0101v\u0101t to apskat\u012bt caur kosmosa prizmu. Kosmosa izzi\u0146as centra ekspon\u0101ti un izgl\u012btojo\u0161ais saturs tika veidots \u012bstenojot Eiropas Ekonomikas zonas finan\u0161u instrumenta un Norv\u0113\u0123ijas finan\u0161u instrumenta 2014. &#8211; 2021. gada perioda programmas \u201cP\u0113tniec\u012bba [&hellip;]<\/p>\n","protected":false},"author":1,"featured_media":0,"parent":0,"menu_order":0,"comment_status":"closed","ping_status":"closed","template":"","meta":{"inline_featured_image":false,"footnotes":""},"class_list":["post-127","page","type-page","status-publish","hentry"],"yoast_head":"<!-- This site is optimized with the Yoast SEO plugin v20.4 - https:\/\/yoast.com\/wordpress\/plugins\/seo\/ -->\n<title>Par mums - Kosmosa izzi\u0146as centrs<\/title>\n<meta name=\"robots\" content=\"index, follow, max-snippet:-1, max-image-preview:large, max-video-preview:-1\" \/>\n<link rel=\"canonical\" href=\"https:\/\/kosmosacentrs.lv\/par-mums\/\" \/>\n<meta property=\"og:locale\" content=\"lt_LT\" \/>\n<meta property=\"og:type\" content=\"article\" \/>\n<meta property=\"og:title\" content=\"Par mums - Kosmosa izzi\u0146as centrs\" \/>\n<meta property=\"og:description\" content=\"Par mums Kosmosa izzi\u0146as centra galvenais uzdevums ir veicin\u0101t b\u0113rniem interesi par dabaszin\u0101t\u0146u, in\u017eenierzin\u0101t\u0146u, tehnolo\u0123iju un matem\u0101tikas jomu, skaidrot \u0161o jomu aktualit\u0101ti un pied\u0101v\u0101t to apskat\u012bt caur kosmosa prizmu. Kosmosa izzi\u0146as centra ekspon\u0101ti un izgl\u012btojo\u0161ais saturs tika veidots \u012bstenojot Eiropas Ekonomikas zonas finan\u0161u instrumenta un Norv\u0113\u0123ijas finan\u0161u instrumenta 2014. &#8211; 2021. gada perioda programmas \u201cP\u0113tniec\u012bba [&hellip;]\" \/>\n<meta property=\"og:url\" content=\"https:\/\/kosmosacentrs.lv\/par-mums\/\" \/>\n<meta property=\"og:site_name\" content=\"Kosmosa izzi\u0146as centrs\" \/>\n<meta property=\"article:publisher\" content=\"https:\/\/www.facebook.com\/Kosmosaizzinascentrs\/\" \/>\n<meta property=\"article:modified_time\" content=\"2025-07-02T17:46:07+00:00\" \/>\n<meta property=\"og:image\" content=\"https:\/\/kosmosacentrs.lv\/wp-content\/uploads\/about-icon-1.svg\" \/>\n<meta name=\"twitter:card\" content=\"summary_large_image\" \/>\n<meta name=\"twitter:label1\" content=\"Est. reading time\" \/>\n\t<meta name=\"twitter:data1\" content=\"1 minut\u0117\" \/>\n<script type=\"application\/ld+json\" class=\"yoast-schema-graph\">{\"@context\":\"https:\/\/schema.org\",\"@graph\":[{\"@type\":\"WebPage\",\"@id\":\"https:\/\/kosmosacentrs.lv\/par-mums\/\",\"url\":\"https:\/\/kosmosacentrs.lv\/par-mums\/\",\"name\":\"Par mums - Kosmosa izzi\u0146as centrs\",\"isPartOf\":{\"@id\":\"https:\/\/kosmosacentrs.lv\/#website\"},\"datePublished\":\"2022-08-12T08:28:49+00:00\",\"dateModified\":\"2025-07-02T17:46:07+00:00\",\"breadcrumb\":{\"@id\":\"https:\/\/kosmosacentrs.lv\/par-mums\/#breadcrumb\"},\"inLanguage\":\"lt-LT\",\"potentialAction\":[{\"@type\":\"ReadAction\",\"target\":[\"https:\/\/kosmosacentrs.lv\/par-mums\/\"]}]},{\"@type\":\"BreadcrumbList\",\"@id\":\"https:\/\/kosmosacentrs.lv\/par-mums\/#breadcrumb\",\"itemListElement\":[{\"@type\":\"ListItem\",\"position\":1,\"name\":\"Home\",\"item\":\"https:\/\/kosmosacentrs.lv\/\"},{\"@type\":\"ListItem\",\"position\":2,\"name\":\"Par mums\"}]},{\"@type\":\"WebSite\",\"@id\":\"https:\/\/kosmosacentrs.lv\/#website\",\"url\":\"https:\/\/kosmosacentrs.lv\/\",\"name\":\"Kosmosa izzi\u0146as centrs\",\"description\":\"KIC.LV\",\"publisher\":{\"@id\":\"https:\/\/kosmosacentrs.lv\/#organization\"},\"potentialAction\":[{\"@type\":\"SearchAction\",\"target\":{\"@type\":\"EntryPoint\",\"urlTemplate\":\"https:\/\/kosmosacentrs.lv\/?s={search_term_string}\"},\"query-input\":\"required name=search_term_string\"}],\"inLanguage\":\"lt-LT\"},{\"@type\":\"Organization\",\"@id\":\"https:\/\/kosmosacentrs.lv\/#organization\",\"name\":\"Kosmosa izzi\u0146as centrs\",\"url\":\"https:\/\/kosmosacentrs.lv\/\",\"logo\":{\"@type\":\"ImageObject\",\"inLanguage\":\"lt-LT\",\"@id\":\"https:\/\/kosmosacentrs.lv\/#\/schema\/logo\/image\/\",\"url\":\"https:\/\/kosmosacentrs.lv\/wp-content\/uploads\/logo.svg\",\"contentUrl\":\"https:\/\/kosmosacentrs.lv\/wp-content\/uploads\/logo.svg\",\"width\":997,\"height\":712,\"caption\":\"Kosmosa izzi\u0146as centrs\"},\"image\":{\"@id\":\"https:\/\/kosmosacentrs.lv\/#\/schema\/logo\/image\/\"},\"sameAs\":[\"https:\/\/www.facebook.com\/Kosmosaizzinascentrs\/\"]}]}<\/script>\n<!-- \/ Yoast SEO plugin. -->","yoast_head_json":{"title":"Par mums - Kosmosa izzi\u0146as centrs","robots":{"index":"index","follow":"follow","max-snippet":"max-snippet:-1","max-image-preview":"max-image-preview:large","max-video-preview":"max-video-preview:-1"},"canonical":"https:\/\/kosmosacentrs.lv\/par-mums\/","og_locale":"lt_LT","og_type":"article","og_title":"Par mums - Kosmosa izzi\u0146as centrs","og_description":"Par mums Kosmosa izzi\u0146as centra galvenais uzdevums ir veicin\u0101t b\u0113rniem interesi par dabaszin\u0101t\u0146u, in\u017eenierzin\u0101t\u0146u, tehnolo\u0123iju un matem\u0101tikas jomu, skaidrot \u0161o jomu aktualit\u0101ti un pied\u0101v\u0101t to apskat\u012bt caur kosmosa prizmu. Kosmosa izzi\u0146as centra ekspon\u0101ti un izgl\u012btojo\u0161ais saturs tika veidots \u012bstenojot Eiropas Ekonomikas zonas finan\u0161u instrumenta un Norv\u0113\u0123ijas finan\u0161u instrumenta 2014. &#8211; 2021. gada perioda programmas \u201cP\u0113tniec\u012bba [&hellip;]","og_url":"https:\/\/kosmosacentrs.lv\/par-mums\/","og_site_name":"Kosmosa izzi\u0146as centrs","article_publisher":"https:\/\/www.facebook.com\/Kosmosaizzinascentrs\/","article_modified_time":"2025-07-02T17:46:07+00:00","og_image":[{"url":"https:\/\/kosmosacentrs.lv\/wp-content\/uploads\/about-icon-1.svg"}],"twitter_card":"summary_large_image","twitter_misc":{"Est. reading time":"1 minut\u0117"},"schema":{"@context":"https:\/\/schema.org","@graph":[{"@type":"WebPage","@id":"https:\/\/kosmosacentrs.lv\/par-mums\/","url":"https:\/\/kosmosacentrs.lv\/par-mums\/","name":"Par mums - Kosmosa izzi\u0146as centrs","isPartOf":{"@id":"https:\/\/kosmosacentrs.lv\/#website"},"datePublished":"2022-08-12T08:28:49+00:00","dateModified":"2025-07-02T17:46:07+00:00","breadcrumb":{"@id":"https:\/\/kosmosacentrs.lv\/par-mums\/#breadcrumb"},"inLanguage":"lt-LT","potentialAction":[{"@type":"ReadAction","target":["https:\/\/kosmosacentrs.lv\/par-mums\/"]}]},{"@type":"BreadcrumbList","@id":"https:\/\/kosmosacentrs.lv\/par-mums\/#breadcrumb","itemListElement":[{"@type":"ListItem","position":1,"name":"Home","item":"https:\/\/kosmosacentrs.lv\/"},{"@type":"ListItem","position":2,"name":"Par mums"}]},{"@type":"WebSite","@id":"https:\/\/kosmosacentrs.lv\/#website","url":"https:\/\/kosmosacentrs.lv\/","name":"Kosmosa izzi\u0146as centrs","description":"KIC.LV","publisher":{"@id":"https:\/\/kosmosacentrs.lv\/#organization"},"potentialAction":[{"@type":"SearchAction","target":{"@type":"EntryPoint","urlTemplate":"https:\/\/kosmosacentrs.lv\/?s={search_term_string}"},"query-input":"required name=search_term_string"}],"inLanguage":"lt-LT"},{"@type":"Organization","@id":"https:\/\/kosmosacentrs.lv\/#organization","name":"Kosmosa izzi\u0146as centrs","url":"https:\/\/kosmosacentrs.lv\/","logo":{"@type":"ImageObject","inLanguage":"lt-LT","@id":"https:\/\/kosmosacentrs.lv\/#\/schema\/logo\/image\/","url":"https:\/\/kosmosacentrs.lv\/wp-content\/uploads\/logo.svg","contentUrl":"https:\/\/kosmosacentrs.lv\/wp-content\/uploads\/logo.svg","width":997,"height":712,"caption":"Kosmosa izzi\u0146as centrs"},"image":{"@id":"https:\/\/kosmosacentrs.lv\/#\/schema\/logo\/image\/"},"sameAs":["https:\/\/www.facebook.com\/Kosmosaizzinascentrs\/"]}]}},"_links":{"self":[{"href":"https:\/\/kosmosacentrs.lv\/lt\/wp-json\/wp\/v2\/pages\/127","targetHints":{"allow":["GET"]}}],"collection":[{"href":"https:\/\/kosmosacentrs.lv\/lt\/wp-json\/wp\/v2\/pages"}],"about":[{"href":"https:\/\/kosmosacentrs.lv\/lt\/wp-json\/wp\/v2\/types\/page"}],"author":[{"embeddable":true,"href":"https:\/\/kosmosacentrs.lv\/lt\/wp-json\/wp\/v2\/users\/1"}],"replies":[{"embeddable":true,"href":"https:\/\/kosmosacentrs.lv\/lt\/wp-json\/wp\/v2\/comments?post=127"}],"version-history":[{"count":84,"href":"https:\/\/kosmosacentrs.lv\/lt\/wp-json\/wp\/v2\/pages\/127\/revisions"}],"predecessor-version":[{"id":13174,"href":"https:\/\/kosmosacentrs.lv\/lt\/wp-json\/wp\/v2\/pages\/127\/revisions\/13174"}],"wp:attachment":[{"href":"https:\/\/kosmosacentrs.lv\/lt\/wp-json\/wp\/v2\/media?parent=127"}],"curies":[{"name":"wp","href":"https:\/\/api.w.org\/{rel}","templated":true}]}}