{"id":2440,"date":"2023-08-17T12:34:17","date_gmt":"2023-08-17T09:34:17","guid":{"rendered":"https:\/\/kosmosacentrs.lv\/?page_id=2440"},"modified":"2026-03-12T12:01:44","modified_gmt":"2026-03-12T09:01:44","slug":"darbnicas","status":"publish","type":"page","link":"https:\/\/kosmosacentrs.lv\/lt\/darbnicas\/","title":{"rendered":"Vasaras darbn\u012bcas"},"content":{"rendered":"\t\t<div data-elementor-type=\"wp-page\" data-elementor-id=\"2440\" class=\"elementor elementor-2440\">\n\t\t\t\t<div class=\"elementor-element elementor-element-a1cfff8 e-flex e-con-boxed e-con e-parent\" data-id=\"a1cfff8\" data-element_type=\"container\" data-e-type=\"container\">\n\t\t\t\t\t<div class=\"e-con-inner\">\n\t\t\t\t<div class=\"elementor-element elementor-element-02c354f elementor-widget elementor-widget-kic_category_header\" data-id=\"02c354f\" data-element_type=\"widget\" data-e-type=\"widget\" data-widget_type=\"kic_category_header.default\">\n\t\t\t\t<div class=\"elementor-widget-container\">\n\t\t\t\t\t\n            <section class=\"header2 kic_category_header\" style=\"background: url(https:\/\/kosmosacentrs.lv\/wp-content\/uploads\/KIC-03-202308-HI-RES-DSC05326-scaled.jpg);\">\n                <div class=\"container\">\n\t\t\t\t\t<div class=\"kic__breadcrumbs\"><a href=\"https:\/\/kosmosacentrs.lv\" class=\"kic__breadcrumb-link\">S\u0101kums<\/a><span class=\"kic__breadcrumb-divider\">-<\/span><\/div>\n                    <div class=\"header2__wrap\">\n                        <div class=\"header2__imgWrap\" data-aos=\"zoom-in\" data-aos-delay=\"100\" data-aos-duration=\"1000\">\n                            <img decoding=\"async\" src=\"https:\/\/kosmosacentrs.lv\/wp-content\/uploads\/excursions2-grafika-3.svg\" class=\"mainHeader__img kic_category_icon\" alt=\"\">\n                        <\/div>\n                        <div class=\"header2__textWrap\" data-aos=\"fade-left\" data-aos-delay=\"300\" data-aos-duration=\"1000\">\n                            <h1 class=\"header2__h1\">Dienas nodarb\u012bbas 10. un 13.mart\u0101<\/h1>\n                            <p class=\"header2__p\">Kosmosa izzi\u0146as centrs C\u0113s\u012bs pied\u0101v\u0101 aizraujo\u0161as nodarb\u012bbas b\u0113rniem! Tiekamies skol\u0113nu br\u012bvlaik\u0101!<\/p>\n                        <\/div>\n                    <\/div>\n                <\/div>\n            <\/section>\n        \t\t\t\t<\/div>\n\t\t\t\t<\/div>\n\t\t\t\t\t<\/div>\n\t\t\t\t<\/div>\n\t\t<div class=\"elementor-element elementor-element-70aa055 e-flex e-con-boxed e-con e-parent\" data-id=\"70aa055\" data-element_type=\"container\" data-e-type=\"container\">\n\t\t\t\t\t<div class=\"e-con-inner\">\n\t\t\t\t<div class=\"elementor-element elementor-element-5ada758 elementor-widget elementor-widget-heading\" data-id=\"5ada758\" data-element_type=\"widget\" data-e-type=\"widget\" data-widget_type=\"heading.default\">\n\t\t\t\t<div class=\"elementor-widget-container\">\n\t\t\t\t\t<h2 class=\"elementor-heading-title elementor-size-default\">Misija: Ska\u0146as izaicin\u0101jums<\/h2>\t\t\t\t<\/div>\n\t\t\t\t<\/div>\n\t\t\t\t<div class=\"elementor-element elementor-element-bb338bc elementor-widget elementor-widget-text-editor\" data-id=\"bb338bc\" data-element_type=\"widget\" data-e-type=\"widget\" data-widget_type=\"text-editor.default\">\n\t\t\t\t<div class=\"elementor-widget-container\">\n\t\t\t\t\t\t\t\t\t<p><span style=\"font-weight: 400;\">Dienas nodarb\u012bba b\u0113rniem Kosmosa izzi\u0146as centr\u0101 C\u0113s\u012bs. <\/span><\/p><p><span style=\"font-weight: 400;\">10. un 13. mart\u0101 Kosmosa izzi\u0146as centr\u0101 C\u0113s\u012bs norisin\u0101s \u012bpa\u0161a dienas nodarb\u012bba b\u0113rniem, kur\u0101 \u0161oreiz p\u0113t\u012bsim nevis plan\u0113tas, bet <\/span><b>ska\u0146u<\/b><span style=\"font-weight: 400;\"> &#8211; k\u0101 t\u0101 rodas, izplat\u0101s un k\u0101 to iesp\u0113jams izmantot k\u0101 sign\u0101lu, r\u012bku un pat gl\u0101b\u0161anas meh\u0101nismu kosmos\u0101.<\/span><\/p><p><span style=\"font-weight: 400;\">Caur praktiskiem uzdevumiem un eksperimentiem dal\u012bbnieki visas dienas garum\u0101 darbin\u0101s savu izt\u0113li, lo\u0123iku un in\u017eeniera dom\u0101\u0161anu.<\/span><\/p><p><b>Nodarb\u012bbu valoda:<\/b><span style=\"font-weight: 400;\"> latvie\u0161u<\/span><span style=\"font-weight: 400;\"><br \/><\/span> <b>Dal\u012bbnieka vecums:<\/b><span style=\"font-weight: 400;\"> 7\u201312 gadi<\/span><\/p><p><b>\ud83d\uddd3\ufe0fNodarb\u012bbu laiks:<\/b><b><br \/><\/b><span style=\"font-weight: 400;\"> 10. marts 10:00-16:00\u00a0 \u00a0<\/span><span style=\"font-weight: 400;\"><b>\u27a1\ufe0fPieteik\u0161an\u0101s:\u00a0<span style=\"color: #00ccff;\"><a style=\"color: #00ccff;\" href=\"https:\/\/forms.gle\/TPMraSEVT6GhX3tc6\">https:\/\/forms.gle\/TPMraSEVT6GhX3tc6<\/a>\u00a0<\/span><\/b><br \/><\/span><span style=\"font-weight: 400;\"> 13. marts 10:00-16:00\u00a0 \u00a0<b>\u27a1\ufe0fPieteik\u0161an\u0101s: <span style=\"color: #00ccff;\"><a style=\"color: #00ccff;\" href=\"https:\/\/forms.gle\/cykmveqiLFxxLurN8\">https:\/\/forms.gle\/cykmveqiLFxxLurN8\u00a0\u00a0<\/a><\/span><\/b><\/span><\/p><p><span style=\"font-weight: 400;\">Nodarb\u012bbas ilgums ir 6 stundas, un \u0161aj\u0101 laik\u0101 b\u0113rni zino\u0161u speci\u0101listu vad\u012bb\u0101 piedz\u012bvos j\u0113gpilnu, interakt\u012bvu un aizraujo\u0161u pieredzi.<\/span><\/p><p><span style=\"font-weight: 400;\">\ud83d\udc5bDienas nodarb\u012bbas <\/span><b>v\u0113rt\u012bba vienam dal\u012bbniekam: <span style=\"font-size: 18pt;\">45 EUR<\/span><\/b><\/p><p><span style=\"font-weight: 400;\">\u261d\ufe0f<em>Iesp\u0113ja nor\u0113\u0137in\u0101ties ar maks\u0101juma karti kas\u0113 vai sa\u0146emt priek\u0161apmaksas r\u0113\u0137inu.<\/em><\/span><\/p><p><b>Apjoma atlaides:<\/b><b><br \/><\/b><span style=\"font-weight: 400;\">Piesakot <\/span><b>2 b\u0113rnus &#8211; 10% atlaide<\/b><span style=\"font-weight: 400;\"> no kop\u0113j\u0101s dal\u012bbas maksas.<\/span><span style=\"font-weight: 400;\"><br \/><\/span><span style=\"font-weight: 400;\">Piesakot <\/span><b>3 un vair\u0101k b\u0113rnus &#8211; 20%<\/b><span style=\"font-weight: 400;\"> atlaide no kop\u0113j\u0101s dal\u012bbas maksas.<\/span><span style=\"font-weight: 400;\"><br \/><\/span><span style=\"font-weight: 400;\">(anketa aizpild\u0101ma par katru b\u0113rnu atsevi\u0161\u0137i)<\/span><\/p><p>\ud83d\udcbb<b>Kam\u0113r b\u0113rni piedal\u0101s misij\u0101, vec\u0101kiem pieejams SPACE OFFICE &#8211; atv\u0113rt\u0101 tipa darba zona Kosmosa izzi\u0146as centra telp\u0101s.<\/b><\/p><p><em><span style=\"font-weight: 400;\">\u0160\u012b ir reta iesp\u0113ja tie\u0161i C\u0113su kontekst\u0101 &#8211; atvest b\u0113rnu uz j\u0113gpilnu nodarb\u012bbu un pa\u0161iem pastr\u0101d\u0101t iedvesmojo\u0161\u0101 vid\u0113, nebraucot atpaka\u013c uz pils\u0113tu, nemekl\u0113jot kafejn\u012bcu ar br\u012bvu galdi\u0146u un stabilu internetu. J\u016bs atvedat b\u0113rnu uz nodarb\u012bbu, iek\u0101rtojaties darbam, un p\u0113c 6 stund\u0101m satiekat b\u0113rnu ar st\u0101stiem par piedz\u012bvoto misiju.<\/span><\/em><\/p><p><em><img fetchpriority=\"high\" decoding=\"async\" class=\"alignnone size-medium wp-image-13232\" src=\"https:\/\/kosmosacentrs.lv\/wp-content\/uploads\/519707977_1199836632157852_6776887783579323191_n-169x300.jpg\" alt=\"\" width=\"169\" height=\"300\" srcset=\"https:\/\/kosmosacentrs.lv\/wp-content\/uploads\/519707977_1199836632157852_6776887783579323191_n-169x300.jpg 169w, https:\/\/kosmosacentrs.lv\/wp-content\/uploads\/519707977_1199836632157852_6776887783579323191_n-576x1024.jpg 576w, https:\/\/kosmosacentrs.lv\/wp-content\/uploads\/519707977_1199836632157852_6776887783579323191_n-768x1365.jpg 768w, https:\/\/kosmosacentrs.lv\/wp-content\/uploads\/519707977_1199836632157852_6776887783579323191_n-864x1536.jpg 864w, https:\/\/kosmosacentrs.lv\/wp-content\/uploads\/519707977_1199836632157852_6776887783579323191_n.jpg 1152w\" sizes=\"(max-width: 169px) 100vw, 169px\" \/><img decoding=\"async\" class=\"alignnone size-medium wp-image-13252\" src=\"https:\/\/kosmosacentrs.lv\/wp-content\/uploads\/522151744_1199837348824447_5066450916443634443_n-169x300.jpg\" alt=\"\" width=\"169\" height=\"300\" srcset=\"https:\/\/kosmosacentrs.lv\/wp-content\/uploads\/522151744_1199837348824447_5066450916443634443_n-169x300.jpg 169w, https:\/\/kosmosacentrs.lv\/wp-content\/uploads\/522151744_1199837348824447_5066450916443634443_n-576x1024.jpg 576w, https:\/\/kosmosacentrs.lv\/wp-content\/uploads\/522151744_1199837348824447_5066450916443634443_n-768x1365.jpg 768w, https:\/\/kosmosacentrs.lv\/wp-content\/uploads\/522151744_1199837348824447_5066450916443634443_n-864x1536.jpg 864w, https:\/\/kosmosacentrs.lv\/wp-content\/uploads\/522151744_1199837348824447_5066450916443634443_n.jpg 1152w\" sizes=\"(max-width: 169px) 100vw, 169px\" \/><img decoding=\"async\" class=\"alignnone wp-image-13237\" src=\"https:\/\/kosmosacentrs.lv\/wp-content\/uploads\/519780243_1199837312157784_1467583977190156905_n-300x225.jpg\" alt=\"\" width=\"400\" height=\"300\" srcset=\"https:\/\/kosmosacentrs.lv\/wp-content\/uploads\/519780243_1199837312157784_1467583977190156905_n-300x225.jpg 300w, https:\/\/kosmosacentrs.lv\/wp-content\/uploads\/519780243_1199837312157784_1467583977190156905_n-1024x768.jpg 1024w, https:\/\/kosmosacentrs.lv\/wp-content\/uploads\/519780243_1199837312157784_1467583977190156905_n-768x576.jpg 768w, https:\/\/kosmosacentrs.lv\/wp-content\/uploads\/519780243_1199837312157784_1467583977190156905_n-1536x1152.jpg 1536w, https:\/\/kosmosacentrs.lv\/wp-content\/uploads\/519780243_1199837312157784_1467583977190156905_n.jpg 1600w\" sizes=\"(max-width: 400px) 100vw, 400px\" \/><img loading=\"lazy\" decoding=\"async\" class=\"alignnone size-medium wp-image-13242\" src=\"https:\/\/kosmosacentrs.lv\/wp-content\/uploads\/520482348_1199837218824460_8230287409126121443_n-169x300.jpg\" alt=\"\" width=\"169\" height=\"300\" srcset=\"https:\/\/kosmosacentrs.lv\/wp-content\/uploads\/520482348_1199837218824460_8230287409126121443_n-169x300.jpg 169w, https:\/\/kosmosacentrs.lv\/wp-content\/uploads\/520482348_1199837218824460_8230287409126121443_n-576x1024.jpg 576w, https:\/\/kosmosacentrs.lv\/wp-content\/uploads\/520482348_1199837218824460_8230287409126121443_n-768x1365.jpg 768w, https:\/\/kosmosacentrs.lv\/wp-content\/uploads\/520482348_1199837218824460_8230287409126121443_n-864x1536.jpg 864w, https:\/\/kosmosacentrs.lv\/wp-content\/uploads\/520482348_1199837218824460_8230287409126121443_n.jpg 1152w\" sizes=\"(max-width: 169px) 100vw, 169px\" \/><br \/><\/em><\/p>\t\t\t\t\t\t\t\t<\/div>\n\t\t\t\t<\/div>\n\t\t\t\t\t<\/div>\n\t\t\t\t<\/div>\n\t\t<div class=\"elementor-element elementor-element-9d60acc e-flex e-con-boxed e-con e-parent\" data-id=\"9d60acc\" data-element_type=\"container\" data-e-type=\"container\">\n\t\t\t\t\t<div class=\"e-con-inner\">\n\t\t\t\t\t<\/div>\n\t\t\t\t<\/div>\n\t\t<div class=\"elementor-element elementor-element-977710f e-flex e-con-boxed e-con e-parent\" data-id=\"977710f\" data-element_type=\"container\" data-e-type=\"container\">\n\t\t\t\t\t<div class=\"e-con-inner\">\n\t\t\t\t<div class=\"elementor-element elementor-element-b261557 elementor-widget elementor-widget-spacer\" data-id=\"b261557\" data-element_type=\"widget\" data-e-type=\"widget\" data-widget_type=\"spacer.default\">\n\t\t\t\t<div class=\"elementor-widget-container\">\n\t\t\t\t\t\t\t<div class=\"elementor-spacer\">\n\t\t\t<div class=\"elementor-spacer-inner\"><\/div>\n\t\t<\/div>\n\t\t\t\t\t\t<\/div>\n\t\t\t\t<\/div>\n\t\t\t\t\t<\/div>\n\t\t\t\t<\/div>\n\t\t\t\t<\/div>\n\t\t","protected":false},"excerpt":{"rendered":"<p>S\u0101kums&#8211; Dienas nodarb\u012bbas 10. un 13.mart\u0101 Kosmosa izzi\u0146as centrs C\u0113s\u012bs pied\u0101v\u0101 aizraujo\u0161as nodarb\u012bbas b\u0113rniem! Tiekamies skol\u0113nu br\u012bvlaik\u0101! Misija: Ska\u0146as izaicin\u0101jums Dienas nodarb\u012bba b\u0113rniem Kosmosa izzi\u0146as centr\u0101 C\u0113s\u012bs. 10. un 13. mart\u0101 Kosmosa izzi\u0146as centr\u0101 C\u0113s\u012bs norisin\u0101s \u012bpa\u0161a dienas nodarb\u012bba b\u0113rniem, kur\u0101 \u0161oreiz p\u0113t\u012bsim nevis plan\u0113tas, bet ska\u0146u &#8211; k\u0101 t\u0101 rodas, izplat\u0101s un k\u0101 to [&hellip;]<\/p>\n","protected":false},"author":1,"featured_media":11967,"parent":0,"menu_order":0,"comment_status":"closed","ping_status":"closed","template":"","meta":{"inline_featured_image":false,"footnotes":""},"class_list":["post-2440","page","type-page","status-publish","has-post-thumbnail","hentry"],"yoast_head":"<!-- This site is optimized with the Yoast SEO plugin v20.4 - https:\/\/yoast.com\/wordpress\/plugins\/seo\/ -->\n<title>Dienas nodarb\u012bbas - Kosmosa izzi\u0146as centrs<\/title>\n<meta name=\"description\" content=\"Aizraujo\u0161as dienas nodarb\u012bbas b\u0113rniem un jaunie\u0161iem kosmosa tematik\u0101. M\u0101c\u012bties k\u013c\u016bst aizraujo\u0161i!\" \/>\n<meta name=\"robots\" content=\"index, follow, max-snippet:-1, max-image-preview:large, max-video-preview:-1\" \/>\n<link rel=\"canonical\" href=\"https:\/\/kosmosacentrs.lv\/darbnicas\/\" \/>\n<meta property=\"og:locale\" content=\"lt_LT\" \/>\n<meta property=\"og:type\" content=\"article\" \/>\n<meta property=\"og:title\" content=\"Dienas nodarb\u012bbas - Kosmosa izzi\u0146as centrs\" \/>\n<meta property=\"og:description\" content=\"Aizraujo\u0161as dienas nodarb\u012bbas b\u0113rniem un jaunie\u0161iem kosmosa tematik\u0101. M\u0101c\u012bties k\u013c\u016bst aizraujo\u0161i!\" \/>\n<meta property=\"og:url\" content=\"https:\/\/kosmosacentrs.lv\/darbnicas\/\" \/>\n<meta property=\"og:site_name\" content=\"Kosmosa izzi\u0146as centrs\" \/>\n<meta property=\"article:publisher\" content=\"https:\/\/www.facebook.com\/Kosmosaizzinascentrs\/\" \/>\n<meta property=\"article:modified_time\" content=\"2026-03-12T09:01:44+00:00\" \/>\n<meta name=\"twitter:card\" content=\"summary_large_image\" \/>\n<meta name=\"twitter:image\" content=\"https:\/\/kosmosacentrs.lv\/wp-content\/uploads\/112.svg\" \/>\n<meta name=\"twitter:label1\" content=\"Est. reading time\" \/>\n\t<meta name=\"twitter:data1\" content=\"4 minut\u0117s\" \/>\n<script type=\"application\/ld+json\" class=\"yoast-schema-graph\">{\"@context\":\"https:\/\/schema.org\",\"@graph\":[{\"@type\":\"WebPage\",\"@id\":\"https:\/\/kosmosacentrs.lv\/darbnicas\/\",\"url\":\"https:\/\/kosmosacentrs.lv\/darbnicas\/\",\"name\":\"Dienas nodarb\u012bbas - Kosmosa izzi\u0146as centrs\",\"isPartOf\":{\"@id\":\"https:\/\/kosmosacentrs.lv\/#website\"},\"datePublished\":\"2023-08-17T09:34:17+00:00\",\"dateModified\":\"2026-03-12T09:01:44+00:00\",\"description\":\"Aizraujo\u0161as dienas nodarb\u012bbas b\u0113rniem un jaunie\u0161iem kosmosa tematik\u0101. M\u0101c\u012bties k\u013c\u016bst aizraujo\u0161i!\",\"breadcrumb\":{\"@id\":\"https:\/\/kosmosacentrs.lv\/darbnicas\/#breadcrumb\"},\"inLanguage\":\"lt-LT\",\"potentialAction\":[{\"@type\":\"ReadAction\",\"target\":[\"https:\/\/kosmosacentrs.lv\/darbnicas\/\"]}]},{\"@type\":\"BreadcrumbList\",\"@id\":\"https:\/\/kosmosacentrs.lv\/darbnicas\/#breadcrumb\",\"itemListElement\":[{\"@type\":\"ListItem\",\"position\":1,\"name\":\"Home\",\"item\":\"https:\/\/kosmosacentrs.lv\/\"},{\"@type\":\"ListItem\",\"position\":2,\"name\":\"Vasaras darbn\u012bcas\"}]},{\"@type\":\"WebSite\",\"@id\":\"https:\/\/kosmosacentrs.lv\/#website\",\"url\":\"https:\/\/kosmosacentrs.lv\/\",\"name\":\"Kosmosa izzi\u0146as centrs\",\"description\":\"KIC.LV\",\"publisher\":{\"@id\":\"https:\/\/kosmosacentrs.lv\/#organization\"},\"potentialAction\":[{\"@type\":\"SearchAction\",\"target\":{\"@type\":\"EntryPoint\",\"urlTemplate\":\"https:\/\/kosmosacentrs.lv\/?s={search_term_string}\"},\"query-input\":\"required name=search_term_string\"}],\"inLanguage\":\"lt-LT\"},{\"@type\":\"Organization\",\"@id\":\"https:\/\/kosmosacentrs.lv\/#organization\",\"name\":\"Kosmosa izzi\u0146as centrs\",\"url\":\"https:\/\/kosmosacentrs.lv\/\",\"logo\":{\"@type\":\"ImageObject\",\"inLanguage\":\"lt-LT\",\"@id\":\"https:\/\/kosmosacentrs.lv\/#\/schema\/logo\/image\/\",\"url\":\"https:\/\/kosmosacentrs.lv\/wp-content\/uploads\/logo.svg\",\"contentUrl\":\"https:\/\/kosmosacentrs.lv\/wp-content\/uploads\/logo.svg\",\"width\":997,\"height\":712,\"caption\":\"Kosmosa izzi\u0146as centrs\"},\"image\":{\"@id\":\"https:\/\/kosmosacentrs.lv\/#\/schema\/logo\/image\/\"},\"sameAs\":[\"https:\/\/www.facebook.com\/Kosmosaizzinascentrs\/\"]}]}<\/script>\n<!-- \/ Yoast SEO plugin. -->","yoast_head_json":{"title":"Dienas nodarb\u012bbas - Kosmosa izzi\u0146as centrs","description":"Aizraujo\u0161as dienas nodarb\u012bbas b\u0113rniem un jaunie\u0161iem kosmosa tematik\u0101. M\u0101c\u012bties k\u013c\u016bst aizraujo\u0161i!","robots":{"index":"index","follow":"follow","max-snippet":"max-snippet:-1","max-image-preview":"max-image-preview:large","max-video-preview":"max-video-preview:-1"},"canonical":"https:\/\/kosmosacentrs.lv\/darbnicas\/","og_locale":"lt_LT","og_type":"article","og_title":"Dienas nodarb\u012bbas - Kosmosa izzi\u0146as centrs","og_description":"Aizraujo\u0161as dienas nodarb\u012bbas b\u0113rniem un jaunie\u0161iem kosmosa tematik\u0101. M\u0101c\u012bties k\u013c\u016bst aizraujo\u0161i!","og_url":"https:\/\/kosmosacentrs.lv\/darbnicas\/","og_site_name":"Kosmosa izzi\u0146as centrs","article_publisher":"https:\/\/www.facebook.com\/Kosmosaizzinascentrs\/","article_modified_time":"2026-03-12T09:01:44+00:00","twitter_card":"summary_large_image","twitter_image":"https:\/\/kosmosacentrs.lv\/wp-content\/uploads\/112.svg","twitter_misc":{"Est. reading time":"4 minut\u0117s"},"schema":{"@context":"https:\/\/schema.org","@graph":[{"@type":"WebPage","@id":"https:\/\/kosmosacentrs.lv\/darbnicas\/","url":"https:\/\/kosmosacentrs.lv\/darbnicas\/","name":"Dienas nodarb\u012bbas - Kosmosa izzi\u0146as centrs","isPartOf":{"@id":"https:\/\/kosmosacentrs.lv\/#website"},"datePublished":"2023-08-17T09:34:17+00:00","dateModified":"2026-03-12T09:01:44+00:00","description":"Aizraujo\u0161as dienas nodarb\u012bbas b\u0113rniem un jaunie\u0161iem kosmosa tematik\u0101. M\u0101c\u012bties k\u013c\u016bst aizraujo\u0161i!","breadcrumb":{"@id":"https:\/\/kosmosacentrs.lv\/darbnicas\/#breadcrumb"},"inLanguage":"lt-LT","potentialAction":[{"@type":"ReadAction","target":["https:\/\/kosmosacentrs.lv\/darbnicas\/"]}]},{"@type":"BreadcrumbList","@id":"https:\/\/kosmosacentrs.lv\/darbnicas\/#breadcrumb","itemListElement":[{"@type":"ListItem","position":1,"name":"Home","item":"https:\/\/kosmosacentrs.lv\/"},{"@type":"ListItem","position":2,"name":"Vasaras darbn\u012bcas"}]},{"@type":"WebSite","@id":"https:\/\/kosmosacentrs.lv\/#website","url":"https:\/\/kosmosacentrs.lv\/","name":"Kosmosa izzi\u0146as centrs","description":"KIC.LV","publisher":{"@id":"https:\/\/kosmosacentrs.lv\/#organization"},"potentialAction":[{"@type":"SearchAction","target":{"@type":"EntryPoint","urlTemplate":"https:\/\/kosmosacentrs.lv\/?s={search_term_string}"},"query-input":"required name=search_term_string"}],"inLanguage":"lt-LT"},{"@type":"Organization","@id":"https:\/\/kosmosacentrs.lv\/#organization","name":"Kosmosa izzi\u0146as centrs","url":"https:\/\/kosmosacentrs.lv\/","logo":{"@type":"ImageObject","inLanguage":"lt-LT","@id":"https:\/\/kosmosacentrs.lv\/#\/schema\/logo\/image\/","url":"https:\/\/kosmosacentrs.lv\/wp-content\/uploads\/logo.svg","contentUrl":"https:\/\/kosmosacentrs.lv\/wp-content\/uploads\/logo.svg","width":997,"height":712,"caption":"Kosmosa izzi\u0146as centrs"},"image":{"@id":"https:\/\/kosmosacentrs.lv\/#\/schema\/logo\/image\/"},"sameAs":["https:\/\/www.facebook.com\/Kosmosaizzinascentrs\/"]}]}},"_links":{"self":[{"href":"https:\/\/kosmosacentrs.lv\/lt\/wp-json\/wp\/v2\/pages\/2440","targetHints":{"allow":["GET"]}}],"collection":[{"href":"https:\/\/kosmosacentrs.lv\/lt\/wp-json\/wp\/v2\/pages"}],"about":[{"href":"https:\/\/kosmosacentrs.lv\/lt\/wp-json\/wp\/v2\/types\/page"}],"author":[{"embeddable":true,"href":"https:\/\/kosmosacentrs.lv\/lt\/wp-json\/wp\/v2\/users\/1"}],"replies":[{"embeddable":true,"href":"https:\/\/kosmosacentrs.lv\/lt\/wp-json\/wp\/v2\/comments?post=2440"}],"version-history":[{"count":106,"href":"https:\/\/kosmosacentrs.lv\/lt\/wp-json\/wp\/v2\/pages\/2440\/revisions"}],"predecessor-version":[{"id":14428,"href":"https:\/\/kosmosacentrs.lv\/lt\/wp-json\/wp\/v2\/pages\/2440\/revisions\/14428"}],"wp:featuredmedia":[{"embeddable":true,"href":"https:\/\/kosmosacentrs.lv\/lt\/wp-json\/wp\/v2\/media\/11967"}],"wp:attachment":[{"href":"https:\/\/kosmosacentrs.lv\/lt\/wp-json\/wp\/v2\/media?parent=2440"}],"curies":[{"name":"wp","href":"https:\/\/api.w.org\/{rel}","templated":true}]}}