{"id":2590,"date":"2023-08-24T12:39:38","date_gmt":"2023-08-24T09:39:38","guid":{"rendered":"https:\/\/kosmosacentrs.lv\/?page_id=2590"},"modified":"2026-03-20T11:55:01","modified_gmt":"2026-03-20T08:55:01","slug":"bilesu-iegade","status":"publish","type":"page","link":"https:\/\/kosmosacentrs.lv\/lt\/bilesu-iegade\/","title":{"rendered":"Bi\u013ce\u0161u ieg\u0101de"},"content":{"rendered":"\t\t<div data-elementor-type=\"wp-page\" data-elementor-id=\"2590\" class=\"elementor elementor-2590\">\n\t\t\t\t<div class=\"elementor-element elementor-element-b987bc7 e-flex e-con-boxed e-con e-parent\" data-id=\"b987bc7\" data-element_type=\"container\" data-e-type=\"container\">\n\t\t\t\t\t<div class=\"e-con-inner\">\n\t\t<div class=\"elementor-element elementor-element-2074ed0 e-con-full e-flex e-con e-parent\" data-id=\"2074ed0\" data-element_type=\"container\" data-e-type=\"container\">\n\t\t\t\t<\/div>\n\t\t\t\t\t<\/div>\n\t\t\t\t<\/div>\n\t\t<div class=\"elementor-element elementor-element-9d562e5 e-flex e-con-boxed e-con e-parent\" data-id=\"9d562e5\" data-element_type=\"container\" data-e-type=\"container\">\n\t\t\t\t\t<div class=\"e-con-inner\">\n\t\t<div class=\"elementor-element elementor-element-7f2bfdd e-con-full e-flex e-con e-parent\" data-id=\"7f2bfdd\" data-element_type=\"container\" data-e-type=\"container\">\n\t\t\t\t<div class=\"elementor-element elementor-element-8f9be07 elementor-widget__width-initial elementor-widget elementor-widget-text-editor\" data-id=\"8f9be07\" data-element_type=\"widget\" data-e-type=\"widget\" data-widget_type=\"text-editor.default\">\n\t\t\t\t<div class=\"elementor-widget-container\">\n\t\t\t\t\t\t\t\t\t<h3><span style=\"font-family: 'Trebuchet MS', Geneva, sans-serif;\">Bi\u013ce\u0161u ieg\u0101de uz vietas tikai ar maks\u0101jumu karti l\u012bdz plkst. 17.00<\/span><\/h3><table style=\"width: 98%; border-collapse: collapse;\"><tbody><tr><td style=\"width: 57.9341%; padding: 10px 8px;\" colspan=\"2\"><span style=\"font-size: 14pt;\"><strong><span style=\"color: #ff9900;\">Bi\u013ce\u0161u pied\u0101v\u0101jums:<\/span><\/strong><\/span><\/td><\/tr><tr><td style=\"padding: 10px 8px;\">Pieaugu\u0161ie<\/td><td style=\"padding: 10px 8px;\">15 EUR<\/td><\/tr><tr><td style=\"padding: 10px 8px;\">B\u0113rni l\u012bdz 18 gadiem<\/td><td style=\"padding: 10px 8px;\">7 EUR<\/td><\/tr><tr><td style=\"padding: 10px 8px;\">Studenti<\/td><td style=\"padding: 10px 8px;\">7 EUR<\/td><\/tr><tr><td style=\"padding: 10px 8px;\">Pension\u0101ri<\/td><td style=\"padding: 10px 8px;\">7 EUR<\/td><\/tr><tr><td style=\"padding: 10px 8px;\">B\u0113rni no 3 l\u012bdz 6 gadiem<\/td><td style=\"padding: 10px 8px;\">2 EUR<\/td><\/tr><tr><td style=\"padding: 10px 8px;\">Personas ar 2. grupas invalidit\u0101ti<\/td><td style=\"padding: 10px 8px;\">3 EUR<\/td><\/tr><tr><td style=\"padding: 10px 8px;\">Personas ar 1. grupas invalidit\u0101ti<br \/><span style=\"font-size: 10pt;\">Pavadonim apmekl\u0113jums ir bez maksas.<\/span><\/td><td style=\"padding: 10px 8px;\">Bezmaksas<\/td><\/tr><tr><td style=\"padding: 10px 8px;\">\u0122imenes bi\u013cete (2 pieaugu\u0161ie un no 1 l\u012bdz 3 b\u0113rniem)<br \/><span style=\"font-size: 10pt;\">Katrs n\u0101kamais b\u0113rns \u2013 3 EUR.<\/span><\/td><td style=\"padding: 10px 8px;\">33 EUR<\/td><\/tr><tr><td style=\"padding: 10px 8px;\">\u0122imenes bi\u013cete (1 pieaugu\u0161ais un no 1 l\u012bdz 3 b\u0113rniem)<br \/><span style=\"font-size: 10pt;\">Katrs n\u0101kamais b\u0113rns \u2013 3 EUR.<\/span><\/td><td style=\"padding: 10px 8px;\">18 EUR<\/td><\/tr><tr><td style=\"padding: 10px 8px;\">Ar C\u0113su Drauga karti<br \/><span style=\"font-size: 10pt;\">10% atlaide jebkurai bi\u013cetei.<\/span><\/td><td style=\"padding: 10px 8px;\">\u00a0<\/td><\/tr><tr><td style=\"padding: 10px 8px;\">Uzr\u0101dot Latvijas Goda \u0123imenes apliec\u012bbu \u201c3+ \u0122imenes karte\u201d<br \/><span style=\"font-size: 10pt;\">10% atlaide jebkurai bi\u013cetei.<\/span><\/td><td style=\"padding: 10px 8px;\">\u00a0<\/td><\/tr><\/tbody><\/table>\t\t\t\t\t\t\t\t<\/div>\n\t\t\t\t<\/div>\n\t\t\t\t<\/div>\n\t\t<div class=\"elementor-element elementor-element-1a2def3 e-con-full e-flex e-con e-parent\" data-id=\"1a2def3\" data-element_type=\"container\" data-e-type=\"container\">\n\t\t\t\t<div class=\"elementor-element elementor-element-6db7a93 elementor-widget__width-initial elementor-widget elementor-widget-text-editor\" data-id=\"6db7a93\" data-element_type=\"widget\" data-e-type=\"widget\" data-widget_type=\"text-editor.default\">\n\t\t\t\t<div class=\"elementor-widget-container\">\n\t\t\t\t\t\t\t\t\t<h3 class=\"sm:text-xl font-medium mb-7\">\u00a0<\/h3><div class=\"flex flex-row w-full\" style=\"font-size: 17px; background-color: #1a1f2e;\" tabindex=\"-1\" role=\"\" aria-invalid=\"false\"><p style=\"font-size: 17px;\"><img decoding=\"async\" class=\"object-cover object-center w-12 h-12 rounded-lg cursor-pointer\" style=\"font-size: 17px;\" src=\"https:\/\/res.cloudinary.com\/spendo-live\/image\/upload\/w_400,h_300,c_fill,q_auto:good\/v1701288438\/decdcd42-3a36-4de4-9287-ab6216368af4.jpg\" \/><\/p><div class=\"flex flex-col flex-1 overflow-hidden justify-between ml-4 sm:ml-5\" style=\"font-size: 17px;\">\u00a0<\/div><\/div><div class=\"markdown itemDetailsCard_description__wJB4r itemDetailsCard_expanded__-er6X\"><p style=\"font-size: 17px;\">Kosmosa izzi\u0146as centra ekspoz\u012bcijas ir sadal\u012btas vair\u0101k\u0101s tematiskaj\u0101s sada\u013c\u0101s:<\/p><ul style=\"font-size: 17px; line-height: 1.6; padding-left: 20px;\"><li>v\u0113sturisk\u0101 kosmosa izp\u0113tes<br \/>att\u012bst\u012bba un kosmosa izp\u0113tes tehnolo\u0123ijas;<\/li><li>dz\u012bvo\u0161ana kosmos\u0101;<\/li><li>dz\u012bvo\u0161ana \u0101rpus Zemes;<\/li><li>kosmolo\u0123ija;<\/li><li>astronauta vesel\u012bba u.c.<\/li><\/ul><p>\u00a0<\/p><p style=\"font-size: 17px;\">Katra t\u0113ma sniedz iesp\u0113ju gan lieliem, gan maziem aizraujo\u0161\u0101 veid\u0101 iepaz\u012bt dabaszin\u0101t\u0146u, tehnolo\u0123iju, in\u017eenierzin\u0101t\u0146u un matem\u0101tikas jomas caur kosmosa nozari.<\/p><\/div>\t\t\t\t\t\t\t\t<\/div>\n\t\t\t\t<\/div>\n\t\t\t\t<\/div>\n\t\t\t\t\t<\/div>\n\t\t\t\t<\/div>\n\t\t<div class=\"elementor-element elementor-element-fe49423 e-flex e-con-boxed e-con e-parent\" data-id=\"fe49423\" data-element_type=\"container\" data-e-type=\"container\">\n\t\t\t\t\t<div class=\"e-con-inner\">\n\t\t<div class=\"elementor-element elementor-element-dfda06b e-con-full e-flex e-con e-parent\" data-id=\"dfda06b\" data-element_type=\"container\" data-e-type=\"container\">\n\t\t\t\t<div class=\"elementor-element elementor-element-95140d8 elementor-widget elementor-widget-text-editor\" data-id=\"95140d8\" data-element_type=\"widget\" data-e-type=\"widget\" data-widget_type=\"text-editor.default\">\n\t\t\t\t<div class=\"elementor-widget-container\">\n\t\t\t\t\t\t\t\t\t<h2>Darba laiks<\/h2>\t\t\t\t\t\t\t\t<\/div>\n\t\t\t\t<\/div>\n\t\t\t\t<\/div>\n\t\t\t\t\t<\/div>\n\t\t\t\t<\/div>\n\t\t<div class=\"elementor-element elementor-element-1a1b4b1 e-flex e-con-boxed e-con e-parent\" data-id=\"1a1b4b1\" data-element_type=\"container\" data-e-type=\"container\">\n\t\t\t\t\t<div class=\"e-con-inner\">\n\t\t<div class=\"elementor-element elementor-element-b8e00fe e-con-full e-flex e-con e-parent\" data-id=\"b8e00fe\" data-element_type=\"container\" data-e-type=\"container\">\n\t\t\t\t<div class=\"elementor-element elementor-element-29dcc05 elementor-widget__width-initial elementor-widget elementor-widget-text-editor\" data-id=\"29dcc05\" data-element_type=\"widget\" data-e-type=\"widget\" data-widget_type=\"text-editor.default\">\n\t\t\t\t<div class=\"elementor-widget-container\">\n\t\t\t\t\t\t\t\t\t<p>P.<\/p><p>SL\u0112GTS<\/p>\t\t\t\t\t\t\t\t<\/div>\n\t\t\t\t<\/div>\n\t\t\t\t<\/div>\n\t\t<div class=\"elementor-element elementor-element-603f8b8 e-con-full e-flex e-con e-parent\" data-id=\"603f8b8\" data-element_type=\"container\" data-e-type=\"container\">\n\t\t\t\t<div class=\"elementor-element elementor-element-4a687f2 elementor-widget__width-initial elementor-widget elementor-widget-text-editor\" data-id=\"4a687f2\" data-element_type=\"widget\" data-e-type=\"widget\" data-widget_type=\"text-editor.default\">\n\t\t\t\t<div class=\"elementor-widget-container\">\n\t\t\t\t\t\t\t\t\t<p>O. &#8211; Sv.<\/p>\n<p>10:00-18:00<\/p>\t\t\t\t\t\t\t\t<\/div>\n\t\t\t\t<\/div>\n\t\t\t\t<\/div>\n\t\t<div class=\"elementor-element elementor-element-8e1860a e-con-full e-flex e-con e-parent\" data-id=\"8e1860a\" data-element_type=\"container\" data-e-type=\"container\">\n\t\t\t\t<\/div>\n\t\t<div class=\"elementor-element elementor-element-aef7c08 e-con-full e-flex e-con e-parent\" data-id=\"aef7c08\" data-element_type=\"container\" data-e-type=\"container\">\n\t\t\t\t<\/div>\n\t\t\t\t\t<\/div>\n\t\t\t\t<\/div>\n\t\t<div class=\"elementor-element elementor-element-2a73424 e-flex e-con-boxed e-con e-parent\" data-id=\"2a73424\" data-element_type=\"container\" data-e-type=\"container\">\n\t\t\t\t\t<div class=\"e-con-inner\">\n\t\t<div class=\"elementor-element elementor-element-f7fae09 e-flex e-con-boxed e-con e-parent\" data-id=\"f7fae09\" data-element_type=\"container\" data-e-type=\"container\">\n\t\t\t\t\t<div class=\"e-con-inner\">\n\t\t\t\t<div class=\"elementor-element elementor-element-7554022 elementor-widget elementor-widget-image\" data-id=\"7554022\" data-element_type=\"widget\" data-e-type=\"widget\" data-widget_type=\"image.default\">\n\t\t\t\t<div class=\"elementor-widget-container\">\n\t\t\t\t\t\t\t\t\t\t\t\t\t\t\t<img decoding=\"async\" src=\"https:\/\/kosmosacentrs.lv\/wp-content\/uploads\/elementor\/thumbs\/path14-7-qez0mu4urptu3p9gcg2501ln2g69qwxf9ziu37wkx4.png\" title=\"path14-7\" alt=\"path14-7\" loading=\"lazy\" \/>\t\t\t\t\t\t\t\t\t\t\t\t\t\t\t<\/div>\n\t\t\t\t<\/div>\n\t\t\t\t<div class=\"elementor-element elementor-element-8c8d701 elementor-widget elementor-widget-spacer\" data-id=\"8c8d701\" data-element_type=\"widget\" data-e-type=\"widget\" data-widget_type=\"spacer.default\">\n\t\t\t\t<div class=\"elementor-widget-container\">\n\t\t\t\t\t\t\t<div class=\"elementor-spacer\">\n\t\t\t<div class=\"elementor-spacer-inner\"><\/div>\n\t\t<\/div>\n\t\t\t\t\t\t<\/div>\n\t\t\t\t<\/div>\n\t\t\t\t<div class=\"elementor-element elementor-element-2c79ada elementor-widget elementor-widget-image\" data-id=\"2c79ada\" data-element_type=\"widget\" data-e-type=\"widget\" data-widget_type=\"image.default\">\n\t\t\t\t<div class=\"elementor-widget-container\">\n\t\t\t\t\t\t\t\t\t\t\t\t\t\t\t<img decoding=\"async\" src=\"https:\/\/kosmosacentrs.lv\/wp-content\/uploads\/elementor\/thumbs\/path16-qez0mgz441btl5skhadd14x6r1z4r5h6k6e1dcg3c8.png\" title=\"path16\" alt=\"path16\" loading=\"lazy\" \/>\t\t\t\t\t\t\t\t\t\t\t\t\t\t\t<\/div>\n\t\t\t\t<\/div>\n\t\t\t\t<div class=\"elementor-element elementor-element-09fcf95 elementor-widget elementor-widget-spacer\" data-id=\"09fcf95\" data-element_type=\"widget\" data-e-type=\"widget\" data-widget_type=\"spacer.default\">\n\t\t\t\t<div class=\"elementor-widget-container\">\n\t\t\t\t\t\t\t<div class=\"elementor-spacer\">\n\t\t\t<div class=\"elementor-spacer-inner\"><\/div>\n\t\t<\/div>\n\t\t\t\t\t\t<\/div>\n\t\t\t\t<\/div>\n\t\t\t\t<div class=\"elementor-element elementor-element-78ac80b elementor-widget elementor-widget-image\" data-id=\"78ac80b\" data-element_type=\"widget\" data-e-type=\"widget\" data-widget_type=\"image.default\">\n\t\t\t\t<div class=\"elementor-widget-container\">\n\t\t\t\t\t\t\t\t\t\t\t\t\t\t\t<img decoding=\"async\" src=\"https:\/\/kosmosacentrs.lv\/wp-content\/uploads\/elementor\/thumbs\/path18-qez100tcn1vmys3ycn8qh7tf216mq29vf8z1fycrmw.png\" title=\"path18\" alt=\"path18\" loading=\"lazy\" \/>\t\t\t\t\t\t\t\t\t\t\t\t\t\t\t<\/div>\n\t\t\t\t<\/div>\n\t\t\t\t<div class=\"elementor-element elementor-element-170434c elementor-widget elementor-widget-spacer\" data-id=\"170434c\" data-element_type=\"widget\" data-e-type=\"widget\" data-widget_type=\"spacer.default\">\n\t\t\t\t<div class=\"elementor-widget-container\">\n\t\t\t\t\t\t\t<div class=\"elementor-spacer\">\n\t\t\t<div class=\"elementor-spacer-inner\"><\/div>\n\t\t<\/div>\n\t\t\t\t\t\t<\/div>\n\t\t\t\t<\/div>\n\t\t\t\t<div class=\"elementor-element elementor-element-9737dff elementor-widget elementor-widget-image\" data-id=\"9737dff\" data-element_type=\"widget\" data-e-type=\"widget\" data-widget_type=\"image.default\">\n\t\t\t\t<div class=\"elementor-widget-container\">\n\t\t\t\t\t\t\t\t\t\t\t\t\t\t\t<img decoding=\"async\" src=\"https:\/\/kosmosacentrs.lv\/wp-content\/uploads\/elementor\/thumbs\/path19-qez05nn1uqb5wa7uo0pmfdoc6wur22q1ky9cb5dmnc.png\" title=\"path19\" alt=\"path19\" loading=\"lazy\" \/>\t\t\t\t\t\t\t\t\t\t\t\t\t\t\t<\/div>\n\t\t\t\t<\/div>\n\t\t\t\t\t<\/div>\n\t\t\t\t<\/div>\n\t\t\t\t\t<\/div>\n\t\t\t\t<\/div>\n\t\t\t\t<\/div>\n\t\t","protected":false},"excerpt":{"rendered":"<p>Bi\u013ce\u0161u ieg\u0101de uz vietas tikai ar maks\u0101jumu karti l\u012bdz plkst. 17.00 Bi\u013ce\u0161u pied\u0101v\u0101jums: Pieaugu\u0161ie 15 EUR B\u0113rni l\u012bdz 18 gadiem 7 EUR Studenti 7 EUR Pension\u0101ri 7 EUR B\u0113rni no 3 l\u012bdz 6 gadiem 2 EUR Personas ar 2. grupas invalidit\u0101ti 3 EUR Personas ar 1. grupas invalidit\u0101tiPavadonim apmekl\u0113jums ir bez maksas. Bezmaksas \u0122imenes bi\u013cete [&hellip;]<\/p>\n","protected":false},"author":1,"featured_media":0,"parent":0,"menu_order":0,"comment_status":"closed","ping_status":"closed","template":"kic-bookla.php","meta":{"inline_featured_image":false,"footnotes":""},"class_list":["post-2590","page","type-page","status-publish","hentry"],"yoast_head":"<!-- This site is optimized with the Yoast SEO plugin v20.4 - https:\/\/yoast.com\/wordpress\/plugins\/seo\/ -->\n<title>Bi\u013ce\u0161u ieg\u0101de - Kosmosa izzi\u0146as centrs<\/title>\n<meta name=\"robots\" content=\"index, follow, max-snippet:-1, max-image-preview:large, max-video-preview:-1\" \/>\n<link rel=\"canonical\" href=\"https:\/\/kosmosacentrs.lv\/bilesu-iegade\/\" \/>\n<meta property=\"og:locale\" content=\"lt_LT\" \/>\n<meta property=\"og:type\" content=\"article\" \/>\n<meta property=\"og:title\" content=\"Bi\u013ce\u0161u ieg\u0101de - Kosmosa izzi\u0146as centrs\" \/>\n<meta property=\"og:description\" content=\"Bi\u013ce\u0161u ieg\u0101de uz vietas tikai ar maks\u0101jumu karti l\u012bdz plkst. 17.00 Bi\u013ce\u0161u pied\u0101v\u0101jums: Pieaugu\u0161ie 15 EUR B\u0113rni l\u012bdz 18 gadiem 7 EUR Studenti 7 EUR Pension\u0101ri 7 EUR B\u0113rni no 3 l\u012bdz 6 gadiem 2 EUR Personas ar 2. grupas invalidit\u0101ti 3 EUR Personas ar 1. grupas invalidit\u0101tiPavadonim apmekl\u0113jums ir bez maksas. Bezmaksas \u0122imenes bi\u013cete [&hellip;]\" \/>\n<meta property=\"og:url\" content=\"https:\/\/kosmosacentrs.lv\/bilesu-iegade\/\" \/>\n<meta property=\"og:site_name\" content=\"Kosmosa izzi\u0146as centrs\" \/>\n<meta property=\"article:publisher\" content=\"https:\/\/www.facebook.com\/Kosmosaizzinascentrs\/\" \/>\n<meta property=\"article:modified_time\" content=\"2026-03-20T08:55:01+00:00\" \/>\n<meta property=\"og:image\" content=\"https:\/\/res.cloudinary.com\/spendo-live\/image\/upload\/w_400,h_300,c_fill,q_auto:good\/v1701288438\/decdcd42-3a36-4de4-9287-ab6216368af4.jpg\" \/>\n<meta name=\"twitter:card\" content=\"summary_large_image\" \/>\n<meta name=\"twitter:label1\" content=\"Est. reading time\" \/>\n\t<meta name=\"twitter:data1\" content=\"2 minut\u0117s\" \/>\n<script type=\"application\/ld+json\" class=\"yoast-schema-graph\">{\"@context\":\"https:\/\/schema.org\",\"@graph\":[{\"@type\":\"WebPage\",\"@id\":\"https:\/\/kosmosacentrs.lv\/bilesu-iegade\/\",\"url\":\"https:\/\/kosmosacentrs.lv\/bilesu-iegade\/\",\"name\":\"Bi\u013ce\u0161u ieg\u0101de - Kosmosa izzi\u0146as centrs\",\"isPartOf\":{\"@id\":\"https:\/\/kosmosacentrs.lv\/#website\"},\"datePublished\":\"2023-08-24T09:39:38+00:00\",\"dateModified\":\"2026-03-20T08:55:01+00:00\",\"breadcrumb\":{\"@id\":\"https:\/\/kosmosacentrs.lv\/bilesu-iegade\/#breadcrumb\"},\"inLanguage\":\"lt-LT\",\"potentialAction\":[{\"@type\":\"ReadAction\",\"target\":[\"https:\/\/kosmosacentrs.lv\/bilesu-iegade\/\"]}]},{\"@type\":\"BreadcrumbList\",\"@id\":\"https:\/\/kosmosacentrs.lv\/bilesu-iegade\/#breadcrumb\",\"itemListElement\":[{\"@type\":\"ListItem\",\"position\":1,\"name\":\"Home\",\"item\":\"https:\/\/kosmosacentrs.lv\/\"},{\"@type\":\"ListItem\",\"position\":2,\"name\":\"Bi\u013ce\u0161u ieg\u0101de\"}]},{\"@type\":\"WebSite\",\"@id\":\"https:\/\/kosmosacentrs.lv\/#website\",\"url\":\"https:\/\/kosmosacentrs.lv\/\",\"name\":\"Kosmosa izzi\u0146as centrs\",\"description\":\"KIC.LV\",\"publisher\":{\"@id\":\"https:\/\/kosmosacentrs.lv\/#organization\"},\"potentialAction\":[{\"@type\":\"SearchAction\",\"target\":{\"@type\":\"EntryPoint\",\"urlTemplate\":\"https:\/\/kosmosacentrs.lv\/?s={search_term_string}\"},\"query-input\":\"required name=search_term_string\"}],\"inLanguage\":\"lt-LT\"},{\"@type\":\"Organization\",\"@id\":\"https:\/\/kosmosacentrs.lv\/#organization\",\"name\":\"Kosmosa izzi\u0146as centrs\",\"url\":\"https:\/\/kosmosacentrs.lv\/\",\"logo\":{\"@type\":\"ImageObject\",\"inLanguage\":\"lt-LT\",\"@id\":\"https:\/\/kosmosacentrs.lv\/#\/schema\/logo\/image\/\",\"url\":\"https:\/\/kosmosacentrs.lv\/wp-content\/uploads\/logo.svg\",\"contentUrl\":\"https:\/\/kosmosacentrs.lv\/wp-content\/uploads\/logo.svg\",\"width\":997,\"height\":712,\"caption\":\"Kosmosa izzi\u0146as centrs\"},\"image\":{\"@id\":\"https:\/\/kosmosacentrs.lv\/#\/schema\/logo\/image\/\"},\"sameAs\":[\"https:\/\/www.facebook.com\/Kosmosaizzinascentrs\/\"]}]}<\/script>\n<!-- \/ Yoast SEO plugin. -->","yoast_head_json":{"title":"Bi\u013ce\u0161u ieg\u0101de - Kosmosa izzi\u0146as centrs","robots":{"index":"index","follow":"follow","max-snippet":"max-snippet:-1","max-image-preview":"max-image-preview:large","max-video-preview":"max-video-preview:-1"},"canonical":"https:\/\/kosmosacentrs.lv\/bilesu-iegade\/","og_locale":"lt_LT","og_type":"article","og_title":"Bi\u013ce\u0161u ieg\u0101de - Kosmosa izzi\u0146as centrs","og_description":"Bi\u013ce\u0161u ieg\u0101de uz vietas tikai ar maks\u0101jumu karti l\u012bdz plkst. 17.00 Bi\u013ce\u0161u pied\u0101v\u0101jums: Pieaugu\u0161ie 15 EUR B\u0113rni l\u012bdz 18 gadiem 7 EUR Studenti 7 EUR Pension\u0101ri 7 EUR B\u0113rni no 3 l\u012bdz 6 gadiem 2 EUR Personas ar 2. grupas invalidit\u0101ti 3 EUR Personas ar 1. grupas invalidit\u0101tiPavadonim apmekl\u0113jums ir bez maksas. Bezmaksas \u0122imenes bi\u013cete [&hellip;]","og_url":"https:\/\/kosmosacentrs.lv\/bilesu-iegade\/","og_site_name":"Kosmosa izzi\u0146as centrs","article_publisher":"https:\/\/www.facebook.com\/Kosmosaizzinascentrs\/","article_modified_time":"2026-03-20T08:55:01+00:00","og_image":[{"url":"https:\/\/res.cloudinary.com\/spendo-live\/image\/upload\/w_400,h_300,c_fill,q_auto:good\/v1701288438\/decdcd42-3a36-4de4-9287-ab6216368af4.jpg"}],"twitter_card":"summary_large_image","twitter_misc":{"Est. reading time":"2 minut\u0117s"},"schema":{"@context":"https:\/\/schema.org","@graph":[{"@type":"WebPage","@id":"https:\/\/kosmosacentrs.lv\/bilesu-iegade\/","url":"https:\/\/kosmosacentrs.lv\/bilesu-iegade\/","name":"Bi\u013ce\u0161u ieg\u0101de - Kosmosa izzi\u0146as centrs","isPartOf":{"@id":"https:\/\/kosmosacentrs.lv\/#website"},"datePublished":"2023-08-24T09:39:38+00:00","dateModified":"2026-03-20T08:55:01+00:00","breadcrumb":{"@id":"https:\/\/kosmosacentrs.lv\/bilesu-iegade\/#breadcrumb"},"inLanguage":"lt-LT","potentialAction":[{"@type":"ReadAction","target":["https:\/\/kosmosacentrs.lv\/bilesu-iegade\/"]}]},{"@type":"BreadcrumbList","@id":"https:\/\/kosmosacentrs.lv\/bilesu-iegade\/#breadcrumb","itemListElement":[{"@type":"ListItem","position":1,"name":"Home","item":"https:\/\/kosmosacentrs.lv\/"},{"@type":"ListItem","position":2,"name":"Bi\u013ce\u0161u ieg\u0101de"}]},{"@type":"WebSite","@id":"https:\/\/kosmosacentrs.lv\/#website","url":"https:\/\/kosmosacentrs.lv\/","name":"Kosmosa izzi\u0146as centrs","description":"KIC.LV","publisher":{"@id":"https:\/\/kosmosacentrs.lv\/#organization"},"potentialAction":[{"@type":"SearchAction","target":{"@type":"EntryPoint","urlTemplate":"https:\/\/kosmosacentrs.lv\/?s={search_term_string}"},"query-input":"required name=search_term_string"}],"inLanguage":"lt-LT"},{"@type":"Organization","@id":"https:\/\/kosmosacentrs.lv\/#organization","name":"Kosmosa izzi\u0146as centrs","url":"https:\/\/kosmosacentrs.lv\/","logo":{"@type":"ImageObject","inLanguage":"lt-LT","@id":"https:\/\/kosmosacentrs.lv\/#\/schema\/logo\/image\/","url":"https:\/\/kosmosacentrs.lv\/wp-content\/uploads\/logo.svg","contentUrl":"https:\/\/kosmosacentrs.lv\/wp-content\/uploads\/logo.svg","width":997,"height":712,"caption":"Kosmosa izzi\u0146as centrs"},"image":{"@id":"https:\/\/kosmosacentrs.lv\/#\/schema\/logo\/image\/"},"sameAs":["https:\/\/www.facebook.com\/Kosmosaizzinascentrs\/"]}]}},"_links":{"self":[{"href":"https:\/\/kosmosacentrs.lv\/lt\/wp-json\/wp\/v2\/pages\/2590","targetHints":{"allow":["GET"]}}],"collection":[{"href":"https:\/\/kosmosacentrs.lv\/lt\/wp-json\/wp\/v2\/pages"}],"about":[{"href":"https:\/\/kosmosacentrs.lv\/lt\/wp-json\/wp\/v2\/types\/page"}],"author":[{"embeddable":true,"href":"https:\/\/kosmosacentrs.lv\/lt\/wp-json\/wp\/v2\/users\/1"}],"replies":[{"embeddable":true,"href":"https:\/\/kosmosacentrs.lv\/lt\/wp-json\/wp\/v2\/comments?post=2590"}],"version-history":[{"count":205,"href":"https:\/\/kosmosacentrs.lv\/lt\/wp-json\/wp\/v2\/pages\/2590\/revisions"}],"predecessor-version":[{"id":14460,"href":"https:\/\/kosmosacentrs.lv\/lt\/wp-json\/wp\/v2\/pages\/2590\/revisions\/14460"}],"wp:attachment":[{"href":"https:\/\/kosmosacentrs.lv\/lt\/wp-json\/wp\/v2\/media?parent=2590"}],"curies":[{"name":"wp","href":"https:\/\/api.w.org\/{rel}","templated":true}]}}