{"id":3,"date":"2022-08-11T13:57:00","date_gmt":"2022-08-11T13:57:00","guid":{"rendered":"http:\/\/kosmosacentrs.lv\/?page_id=3"},"modified":"2023-04-01T21:02:14","modified_gmt":"2023-04-01T18:02:14","slug":"privatuma-politika","status":"publish","type":"page","link":"https:\/\/kosmosacentrs.lv\/lt\/privatuma-politika\/","title":{"rendered":"Priv\u0101tuma politika"},"content":{"rendered":"\t\t<div data-elementor-type=\"wp-page\" data-elementor-id=\"3\" class=\"elementor elementor-3\">\n\t\t\t\t\t\t<section class=\"elementor-section elementor-top-section elementor-element elementor-element-1a61635 elementor-section-full_width elementor-section-height-default elementor-section-height-default\" data-id=\"1a61635\" data-element_type=\"section\" data-e-type=\"section\">\n\t\t\t\t\t\t<div class=\"elementor-container elementor-column-gap-no\">\n\t\t\t\t\t<div class=\"elementor-column elementor-col-100 elementor-top-column elementor-element elementor-element-0a725d4\" data-id=\"0a725d4\" data-element_type=\"column\" data-e-type=\"column\">\n\t\t\t<div class=\"elementor-widget-wrap elementor-element-populated\">\n\t\t\t\t\t\t<div class=\"elementor-element elementor-element-aa59ef9 elementor-widget elementor-widget-kic_category_header\" data-id=\"aa59ef9\" data-element_type=\"widget\" data-e-type=\"widget\" data-widget_type=\"kic_category_header.default\">\n\t\t\t\t<div class=\"elementor-widget-container\">\n\t\t\t\t\t\n            <section class=\"header2 kic_category_header\" style=\"background: url(https:\/\/kosmosacentrs.lv\/wp-content\/uploads\/ekskursijas-detail-header-bg.png);\">\n                <div class=\"container\">\n\t\t\t\t\t<div class=\"kic__breadcrumbs\"><a href=\"https:\/\/kosmosacentrs.lv\" class=\"kic__breadcrumb-link\">S\u0101kums<\/a><span class=\"kic__breadcrumb-divider\">-<\/span><\/div>\n                    <div class=\"header2__wrap\">\n                        <div class=\"header2__imgWrap\" data-aos=\"zoom-in\" data-aos-delay=\"100\" data-aos-duration=\"1000\">\n                            <img decoding=\"async\" src=\"https:\/\/kosmosacentrs.lv\/wp-content\/uploads\/about-icon-1.svg\" class=\"mainHeader__img kic_category_icon\" alt=\"\">\n                        <\/div>\n                        <div class=\"header2__textWrap\" data-aos=\"fade-left\" data-aos-delay=\"300\" data-aos-duration=\"1000\">\n                            <h1 class=\"header2__h1\">Priv\u0101tuma politika<\/h1>\n                            <p class=\"header2__p\"><\/p>\n                        <\/div>\n                    <\/div>\n                <\/div>\n            <\/section>\n        \t\t\t\t<\/div>\n\t\t\t\t<\/div>\n\t\t\t\t\t<\/div>\n\t\t<\/div>\n\t\t\t\t\t<\/div>\n\t\t<\/section>\n\t\t\t\t<section class=\"elementor-section elementor-top-section elementor-element elementor-element-50f6908 elementor-section-kic_width elementor-section-height-default elementor-section-height-default\" data-id=\"50f6908\" data-element_type=\"section\" data-e-type=\"section\">\n\t\t\t\t\t\t<div class=\"elementor-container elementor-column-gap-no\">\n\t\t\t\t\t<div class=\"elementor-column elementor-col-100 elementor-top-column elementor-element elementor-element-67e81b6\" data-id=\"67e81b6\" data-element_type=\"column\" data-e-type=\"column\">\n\t\t\t<div class=\"elementor-widget-wrap elementor-element-populated\">\n\t\t\t\t\t\t<div class=\"elementor-element elementor-element-93c81a9 elementor-widget elementor-widget-text-editor\" data-id=\"93c81a9\" data-element_type=\"widget\" data-e-type=\"widget\" data-widget_type=\"text-editor.default\">\n\t\t\t\t<div class=\"elementor-widget-container\">\n\t\t\t\t\t\t\t\t\t<h2>S\u012bkdat\u0146u lieto\u0161ana<\/h2><p>S\u012bkdat\u0146u lieto\u0161ana t\u012bmek\u013ca vietn\u0113 <a href=\"http:\/\/www.kosmosacentrs.lv\">www.kosmosacentrs.lv<\/a><\/p><p>T\u012bmek\u013ca vietn\u0113 www.kosmosacentrs.lv tiek izmantotas s\u012bkdatnes (ang\u013cu valod\u0101 \u201ccookies\u201c).<br \/>Izmantojot \u0161o m\u0101jas lapu, J\u016bs piekr\u012btat, ka \u0161aj\u0101 m\u0101jas lap\u0101 ievietot\u0101s veiktsp\u0113jas\/anal\u012btisk\u0101s s\u012bkdatnes tiek izmantotas ar m\u0113r\u0137i uzlabot sniegto pakalpojumu kvalit\u0101ti un m\u0101jas lapas darb\u012bbu J\u016bsu apkalpo\u0161anas m\u0113r\u0137iem.<\/p><h2><br \/>Kas ir s\u012bkdatne?<\/h2><p>S\u012bkdatne ir neliela teksta datne, kas tiek nos\u016bt\u012bta uz J\u016bsu datoru vai viedier\u012bci, laik\u0101, kad apmekl\u0113jiet t\u012bmek\u013ca vietni. \u0160\u012b t\u012bmek\u013ca vietne saglab\u0101 to j\u016bsu dator\u0101 vai mobilaj\u0101 ier\u012bc\u0113, kad j\u016bs atverat vietni. Katr\u0101 n\u0101kamaj\u0101 apmekl\u0113juma reiz\u0113 s\u012bkdatnes tiek nos\u016bt\u012btas atpaka\u013c uz izcelsmes m\u0101jas lapu vai uz citu m\u0101jas lapu, kas atpaz\u012bst \u0161o s\u012bkdatni. S\u012bkdatnes darbojas k\u0101 konkr\u0113tas m\u0101jas lapas atmi\u0146a, \u013caujot \u0161ai lapai atcer\u0113ties J\u016bsu datoru n\u0101kamaj\u0101s apmekl\u0113juma reiz\u0113s. Tai skait\u0101 s\u012bkdatnes var atcer\u0113ties J\u016bsu iestat\u012bjumus vai uzlabot lietot\u0101ja \u0113rt\u012bbas. Papildu inform\u0101ciju par s\u012bkdatn\u0113m, k\u0101 ar\u012b k\u0101 t\u0101s iesp\u0113jams redi\u0123\u0113t, p\u0101rvald\u012bt vai izdz\u0113st, variet ieg\u016bt m\u0101jaslap\u0101 <a href=\"http:\/\/www.aboutcookies.org\">www.aboutcookies.org<\/a><\/p><h2><br \/>Google Analytics<\/h2><p><a href=\"http:\/\/www.kosmosacentrs.lv\">www.kosmosacentrs.lv<\/a> t\u012bmek\u013ca vietn\u0113 ir uzst\u0101d\u012bts \u201cGoogle Inc\u201d izveidot\u0101s programmas \u201cGoogle Analytics\u201d veidot\u0101s s\u012bkdatnes. \u201cGoogle Analytics\u201d s\u012bkdat\u0146u izmanto\u0161anas m\u0113r\u0137is ir t\u012bmek\u013ca vietnes satura kvalit\u0101tes uzlabo\u0161ana un satura piel\u0101go\u0161ana lietot\u0101ju vajadz\u012bb\u0101m. Pla\u0161\u0101k par \u201cGoogle Analytics\u201d pakalpojuma snieg\u0161anas noteikumiem var iepaz\u012bties m\u0101jaslap\u0101 <a href=\"https:\/\/www.google.com\/analytics\/terms\/us.html\">https:\/\/www.google.com\/analytics\/terms\/us.html<\/a><\/p><p>Ja J\u016bs v\u0113laties, lai <a href=\"http:\/\/www.kosmosacentrs.lv\">www.kosmosacentrs.lv<\/a> neieg\u016bst inform\u0101ciju par J\u016bsu aktivit\u0101t\u0113m t\u012bmek\u013ca vietn\u0113, Jums j\u0101aktiviz\u0113 Google Analytics Opt-out Browser Add-on (<a href=\"https:\/\/support.google.com\/analytics\/answer\/181881\">https:\/\/support.google.com\/analytics\/answer\/181881<\/a>) papildr\u012bks. \u0160is papildr\u012bks sazin\u0101s ar Google Analytics JavaScript (ga.js), lai nor\u0101d\u012btu, ka dati par attiec\u012bgo interneta vietnes apmekl\u0113jumu nav j\u0101s\u016bta uz \u201cGoogle Analytics\u201d.<\/p><p>\u00a0<\/p>\t\t\t\t\t\t\t\t<\/div>\n\t\t\t\t<\/div>\n\t\t\t\t\t<\/div>\n\t\t<\/div>\n\t\t\t\t\t<\/div>\n\t\t<\/section>\n\t\t\t\t<section class=\"elementor-section elementor-top-section elementor-element elementor-element-8705137 elementor-section-boxed elementor-section-height-default elementor-section-height-default\" data-id=\"8705137\" data-element_type=\"section\" data-e-type=\"section\">\n\t\t\t\t\t\t<div class=\"elementor-container elementor-column-gap-default\">\n\t\t\t\t\t<div class=\"elementor-column elementor-col-100 elementor-top-column elementor-element elementor-element-01eaca4\" data-id=\"01eaca4\" data-element_type=\"column\" data-e-type=\"column\">\n\t\t\t<div class=\"elementor-widget-wrap elementor-element-populated\">\n\t\t\t\t\t\t<div class=\"elementor-element elementor-element-2f9d3f2 elementor-widget elementor-widget-spacer\" data-id=\"2f9d3f2\" data-element_type=\"widget\" data-e-type=\"widget\" data-widget_type=\"spacer.default\">\n\t\t\t\t<div class=\"elementor-widget-container\">\n\t\t\t\t\t\t\t<div class=\"elementor-spacer\">\n\t\t\t<div class=\"elementor-spacer-inner\"><\/div>\n\t\t<\/div>\n\t\t\t\t\t\t<\/div>\n\t\t\t\t<\/div>\n\t\t\t\t\t<\/div>\n\t\t<\/div>\n\t\t\t\t\t<\/div>\n\t\t<\/section>\n\t\t\t\t<\/div>\n\t\t","protected":false},"excerpt":{"rendered":"<p>S\u0101kums&#8211; Priv\u0101tuma politika S\u012bkdat\u0146u lieto\u0161ana S\u012bkdat\u0146u lieto\u0161ana t\u012bmek\u013ca vietn\u0113 www.kosmosacentrs.lv T\u012bmek\u013ca vietn\u0113 www.kosmosacentrs.lv tiek izmantotas s\u012bkdatnes (ang\u013cu valod\u0101 \u201ccookies\u201c).Izmantojot \u0161o m\u0101jas lapu, J\u016bs piekr\u012btat, ka \u0161aj\u0101 m\u0101jas lap\u0101 ievietot\u0101s veiktsp\u0113jas\/anal\u012btisk\u0101s s\u012bkdatnes tiek izmantotas ar m\u0113r\u0137i uzlabot sniegto pakalpojumu kvalit\u0101ti un m\u0101jas lapas darb\u012bbu J\u016bsu apkalpo\u0161anas m\u0113r\u0137iem. Kas ir s\u012bkdatne? S\u012bkdatne ir neliela teksta datne, kas [&hellip;]<\/p>\n","protected":false},"author":1,"featured_media":0,"parent":0,"menu_order":0,"comment_status":"closed","ping_status":"open","template":"","meta":{"inline_featured_image":false,"footnotes":""},"class_list":["post-3","page","type-page","status-publish","hentry"],"yoast_head":"<!-- This site is optimized with the Yoast SEO plugin v20.4 - https:\/\/yoast.com\/wordpress\/plugins\/seo\/ -->\n<title>Priv\u0101tuma politika - Kosmosa izzi\u0146as centrs<\/title>\n<meta name=\"robots\" content=\"index, follow, max-snippet:-1, max-image-preview:large, max-video-preview:-1\" \/>\n<link rel=\"canonical\" href=\"https:\/\/kosmosacentrs.lv\/privatuma-politika\/\" \/>\n<meta property=\"og:locale\" content=\"lt_LT\" \/>\n<meta property=\"og:type\" content=\"article\" \/>\n<meta property=\"og:title\" content=\"Priv\u0101tuma politika - Kosmosa izzi\u0146as centrs\" \/>\n<meta property=\"og:description\" content=\"S\u0101kums&#8211; Priv\u0101tuma politika S\u012bkdat\u0146u lieto\u0161ana S\u012bkdat\u0146u lieto\u0161ana t\u012bmek\u013ca vietn\u0113 www.kosmosacentrs.lv T\u012bmek\u013ca vietn\u0113 www.kosmosacentrs.lv tiek izmantotas s\u012bkdatnes (ang\u013cu valod\u0101 \u201ccookies\u201c).Izmantojot \u0161o m\u0101jas lapu, J\u016bs piekr\u012btat, ka \u0161aj\u0101 m\u0101jas lap\u0101 ievietot\u0101s veiktsp\u0113jas\/anal\u012btisk\u0101s s\u012bkdatnes tiek izmantotas ar m\u0113r\u0137i uzlabot sniegto pakalpojumu kvalit\u0101ti un m\u0101jas lapas darb\u012bbu J\u016bsu apkalpo\u0161anas m\u0113r\u0137iem. Kas ir s\u012bkdatne? S\u012bkdatne ir neliela teksta datne, kas [&hellip;]\" \/>\n<meta property=\"og:url\" content=\"https:\/\/kosmosacentrs.lv\/privatuma-politika\/\" \/>\n<meta property=\"og:site_name\" content=\"Kosmosa izzi\u0146as centrs\" \/>\n<meta property=\"article:publisher\" content=\"https:\/\/www.facebook.com\/Kosmosaizzinascentrs\/\" \/>\n<meta property=\"article:modified_time\" content=\"2023-04-01T18:02:14+00:00\" \/>\n<meta property=\"og:image\" content=\"https:\/\/kosmosacentrs.lv\/wp-content\/uploads\/about-icon-1.svg\" \/>\n<meta name=\"twitter:card\" content=\"summary_large_image\" \/>\n<meta name=\"twitter:label1\" content=\"Est. reading time\" \/>\n\t<meta name=\"twitter:data1\" content=\"2 minut\u0117s\" \/>\n<script type=\"application\/ld+json\" class=\"yoast-schema-graph\">{\"@context\":\"https:\/\/schema.org\",\"@graph\":[{\"@type\":\"WebPage\",\"@id\":\"https:\/\/kosmosacentrs.lv\/privatuma-politika\/\",\"url\":\"https:\/\/kosmosacentrs.lv\/privatuma-politika\/\",\"name\":\"Priv\u0101tuma politika - Kosmosa izzi\u0146as centrs\",\"isPartOf\":{\"@id\":\"https:\/\/kosmosacentrs.lv\/#website\"},\"datePublished\":\"2022-08-11T13:57:00+00:00\",\"dateModified\":\"2023-04-01T18:02:14+00:00\",\"breadcrumb\":{\"@id\":\"https:\/\/kosmosacentrs.lv\/privatuma-politika\/#breadcrumb\"},\"inLanguage\":\"lt-LT\",\"potentialAction\":[{\"@type\":\"ReadAction\",\"target\":[\"https:\/\/kosmosacentrs.lv\/privatuma-politika\/\"]}]},{\"@type\":\"BreadcrumbList\",\"@id\":\"https:\/\/kosmosacentrs.lv\/privatuma-politika\/#breadcrumb\",\"itemListElement\":[{\"@type\":\"ListItem\",\"position\":1,\"name\":\"Home\",\"item\":\"https:\/\/kosmosacentrs.lv\/\"},{\"@type\":\"ListItem\",\"position\":2,\"name\":\"Priv\u0101tuma politika\"}]},{\"@type\":\"WebSite\",\"@id\":\"https:\/\/kosmosacentrs.lv\/#website\",\"url\":\"https:\/\/kosmosacentrs.lv\/\",\"name\":\"Kosmosa izzi\u0146as centrs\",\"description\":\"KIC.LV\",\"publisher\":{\"@id\":\"https:\/\/kosmosacentrs.lv\/#organization\"},\"potentialAction\":[{\"@type\":\"SearchAction\",\"target\":{\"@type\":\"EntryPoint\",\"urlTemplate\":\"https:\/\/kosmosacentrs.lv\/?s={search_term_string}\"},\"query-input\":\"required name=search_term_string\"}],\"inLanguage\":\"lt-LT\"},{\"@type\":\"Organization\",\"@id\":\"https:\/\/kosmosacentrs.lv\/#organization\",\"name\":\"Kosmosa izzi\u0146as centrs\",\"url\":\"https:\/\/kosmosacentrs.lv\/\",\"logo\":{\"@type\":\"ImageObject\",\"inLanguage\":\"lt-LT\",\"@id\":\"https:\/\/kosmosacentrs.lv\/#\/schema\/logo\/image\/\",\"url\":\"https:\/\/kosmosacentrs.lv\/wp-content\/uploads\/logo.svg\",\"contentUrl\":\"https:\/\/kosmosacentrs.lv\/wp-content\/uploads\/logo.svg\",\"width\":997,\"height\":712,\"caption\":\"Kosmosa izzi\u0146as centrs\"},\"image\":{\"@id\":\"https:\/\/kosmosacentrs.lv\/#\/schema\/logo\/image\/\"},\"sameAs\":[\"https:\/\/www.facebook.com\/Kosmosaizzinascentrs\/\"]}]}<\/script>\n<!-- \/ Yoast SEO plugin. -->","yoast_head_json":{"title":"Priv\u0101tuma politika - Kosmosa izzi\u0146as centrs","robots":{"index":"index","follow":"follow","max-snippet":"max-snippet:-1","max-image-preview":"max-image-preview:large","max-video-preview":"max-video-preview:-1"},"canonical":"https:\/\/kosmosacentrs.lv\/privatuma-politika\/","og_locale":"lt_LT","og_type":"article","og_title":"Priv\u0101tuma politika - Kosmosa izzi\u0146as centrs","og_description":"S\u0101kums&#8211; Priv\u0101tuma politika S\u012bkdat\u0146u lieto\u0161ana S\u012bkdat\u0146u lieto\u0161ana t\u012bmek\u013ca vietn\u0113 www.kosmosacentrs.lv T\u012bmek\u013ca vietn\u0113 www.kosmosacentrs.lv tiek izmantotas s\u012bkdatnes (ang\u013cu valod\u0101 \u201ccookies\u201c).Izmantojot \u0161o m\u0101jas lapu, J\u016bs piekr\u012btat, ka \u0161aj\u0101 m\u0101jas lap\u0101 ievietot\u0101s veiktsp\u0113jas\/anal\u012btisk\u0101s s\u012bkdatnes tiek izmantotas ar m\u0113r\u0137i uzlabot sniegto pakalpojumu kvalit\u0101ti un m\u0101jas lapas darb\u012bbu J\u016bsu apkalpo\u0161anas m\u0113r\u0137iem. Kas ir s\u012bkdatne? S\u012bkdatne ir neliela teksta datne, kas [&hellip;]","og_url":"https:\/\/kosmosacentrs.lv\/privatuma-politika\/","og_site_name":"Kosmosa izzi\u0146as centrs","article_publisher":"https:\/\/www.facebook.com\/Kosmosaizzinascentrs\/","article_modified_time":"2023-04-01T18:02:14+00:00","og_image":[{"url":"https:\/\/kosmosacentrs.lv\/wp-content\/uploads\/about-icon-1.svg"}],"twitter_card":"summary_large_image","twitter_misc":{"Est. reading time":"2 minut\u0117s"},"schema":{"@context":"https:\/\/schema.org","@graph":[{"@type":"WebPage","@id":"https:\/\/kosmosacentrs.lv\/privatuma-politika\/","url":"https:\/\/kosmosacentrs.lv\/privatuma-politika\/","name":"Priv\u0101tuma politika - Kosmosa izzi\u0146as centrs","isPartOf":{"@id":"https:\/\/kosmosacentrs.lv\/#website"},"datePublished":"2022-08-11T13:57:00+00:00","dateModified":"2023-04-01T18:02:14+00:00","breadcrumb":{"@id":"https:\/\/kosmosacentrs.lv\/privatuma-politika\/#breadcrumb"},"inLanguage":"lt-LT","potentialAction":[{"@type":"ReadAction","target":["https:\/\/kosmosacentrs.lv\/privatuma-politika\/"]}]},{"@type":"BreadcrumbList","@id":"https:\/\/kosmosacentrs.lv\/privatuma-politika\/#breadcrumb","itemListElement":[{"@type":"ListItem","position":1,"name":"Home","item":"https:\/\/kosmosacentrs.lv\/"},{"@type":"ListItem","position":2,"name":"Priv\u0101tuma politika"}]},{"@type":"WebSite","@id":"https:\/\/kosmosacentrs.lv\/#website","url":"https:\/\/kosmosacentrs.lv\/","name":"Kosmosa izzi\u0146as centrs","description":"KIC.LV","publisher":{"@id":"https:\/\/kosmosacentrs.lv\/#organization"},"potentialAction":[{"@type":"SearchAction","target":{"@type":"EntryPoint","urlTemplate":"https:\/\/kosmosacentrs.lv\/?s={search_term_string}"},"query-input":"required name=search_term_string"}],"inLanguage":"lt-LT"},{"@type":"Organization","@id":"https:\/\/kosmosacentrs.lv\/#organization","name":"Kosmosa izzi\u0146as centrs","url":"https:\/\/kosmosacentrs.lv\/","logo":{"@type":"ImageObject","inLanguage":"lt-LT","@id":"https:\/\/kosmosacentrs.lv\/#\/schema\/logo\/image\/","url":"https:\/\/kosmosacentrs.lv\/wp-content\/uploads\/logo.svg","contentUrl":"https:\/\/kosmosacentrs.lv\/wp-content\/uploads\/logo.svg","width":997,"height":712,"caption":"Kosmosa izzi\u0146as centrs"},"image":{"@id":"https:\/\/kosmosacentrs.lv\/#\/schema\/logo\/image\/"},"sameAs":["https:\/\/www.facebook.com\/Kosmosaizzinascentrs\/"]}]}},"_links":{"self":[{"href":"https:\/\/kosmosacentrs.lv\/lt\/wp-json\/wp\/v2\/pages\/3","targetHints":{"allow":["GET"]}}],"collection":[{"href":"https:\/\/kosmosacentrs.lv\/lt\/wp-json\/wp\/v2\/pages"}],"about":[{"href":"https:\/\/kosmosacentrs.lv\/lt\/wp-json\/wp\/v2\/types\/page"}],"author":[{"embeddable":true,"href":"https:\/\/kosmosacentrs.lv\/lt\/wp-json\/wp\/v2\/users\/1"}],"replies":[{"embeddable":true,"href":"https:\/\/kosmosacentrs.lv\/lt\/wp-json\/wp\/v2\/comments?post=3"}],"version-history":[{"count":19,"href":"https:\/\/kosmosacentrs.lv\/lt\/wp-json\/wp\/v2\/pages\/3\/revisions"}],"predecessor-version":[{"id":1853,"href":"https:\/\/kosmosacentrs.lv\/lt\/wp-json\/wp\/v2\/pages\/3\/revisions\/1853"}],"wp:attachment":[{"href":"https:\/\/kosmosacentrs.lv\/lt\/wp-json\/wp\/v2\/media?parent=3"}],"curies":[{"name":"wp","href":"https:\/\/api.w.org\/{rel}","templated":true}]}}