{"id":429,"date":"2022-09-13T10:43:44","date_gmt":"2022-09-13T08:43:44","guid":{"rendered":"http:\/\/kosmosacentrs.lv\/?page_id=429"},"modified":"2023-10-10T14:12:29","modified_gmt":"2023-10-10T11:12:29","slug":"projekti","status":"publish","type":"page","link":"https:\/\/kosmosacentrs.lv\/lt\/par-mums\/projekti\/","title":{"rendered":"Projekti"},"content":{"rendered":"\t\t<div data-elementor-type=\"wp-page\" data-elementor-id=\"429\" class=\"elementor elementor-429\">\n\t\t\t\t<div class=\"elementor-element elementor-element-8abb0b9 e-flex e-con-boxed e-con e-parent\" data-id=\"8abb0b9\" data-element_type=\"container\" data-e-type=\"container\" data-settings=\"{&quot;background_background&quot;:&quot;classic&quot;}\">\n\t\t\t\t\t<div class=\"e-con-inner\">\n\t\t<div class=\"elementor-element elementor-element-3cf840b e-con-full e-flex e-con e-child\" data-id=\"3cf840b\" data-element_type=\"container\" data-e-type=\"container\">\n\t\t\t\t<div class=\"elementor-element elementor-element-39dc697 elementor-widget__width-initial elementor-invisible elementor-widget elementor-widget-image\" data-id=\"39dc697\" data-element_type=\"widget\" data-e-type=\"widget\" data-settings=\"{&quot;_animation&quot;:&quot;fadeInLeft&quot;}\" data-widget_type=\"image.default\">\n\t\t\t\t<div class=\"elementor-widget-container\">\n\t\t\t\t\t\t\t\t\t\t\t\t\t\t\t<img decoding=\"async\" width=\"150\" height=\"150\" src=\"https:\/\/kosmosacentrs.lv\/wp-content\/uploads\/NORWAY-Grants.svg\" class=\"attachment-thumbnail size-thumbnail wp-image-330\" alt=\"\" \/>\t\t\t\t\t\t\t\t\t\t\t\t\t\t\t<\/div>\n\t\t\t\t<\/div>\n\t\t\t\t<\/div>\n\t\t<div class=\"elementor-element elementor-element-446e53e e-con-full e-flex e-con e-child\" data-id=\"446e53e\" data-element_type=\"container\" data-e-type=\"container\">\n\t\t\t\t<div class=\"elementor-element elementor-element-f15c6a0 elementor-invisible elementor-widget elementor-widget-text-editor\" data-id=\"f15c6a0\" data-element_type=\"widget\" data-e-type=\"widget\" data-settings=\"{&quot;_animation&quot;:&quot;fadeInRight&quot;}\" data-widget_type=\"text-editor.default\">\n\t\t\t\t<div class=\"elementor-widget-container\">\n\t\t\t\t\t\t\t\t\t<p>Kosmosa izzi\u0146as centra saturs tiek veidots \u012bstenojot Eiropas Ekonomikas zonas finan\u0161u instrumenta un Norv\u0113\u0123ijas finan\u0161u instrumenta 2014. &#8211; 2021. gada perioda programmas \u201cP\u0113tniec\u012bba un izgl\u012bt\u012bba\u201d aktivit\u0101tes \u201cInov\u0101cijas centri\u201d projektu \u201cInov\u0101cijas centra izveido\u0161ana C\u0113s\u012bs\u201d Nr. NFI\/IC\/VIAA\/2020\/3.<\/p><p>\u00a0<\/p><p>Projekta m\u0113r\u0137is ir veicin\u0101t zin\u0101\u0161anu att\u012bst\u012bbu un izgl\u012btojamo karjeras izv\u0113li STEM jom\u0101, pied\u0101v\u0101jot inovat\u012bvus risin\u0101jumus izgl\u012bt\u012bbas un zin\u0101tnes populariz\u0113\u0161anai.<\/p><p>\u00a0<\/p><p>C\u0113su novada pa\u0161vald\u012bba \u0161\u012b projekta ietvaros ir parakst\u012bjusi sadarb\u012bbas l\u012bgumus ar Norv\u0113\u0123ijas kosmosa izgl\u012bt\u012bbas centru Andoya Space un R\u012bgas Tehnisko Universit\u0101ti (RTU) par ideju \u012bsteno\u0161anu. Andoya Space pal\u012bdz interakt\u012bvu izgl\u012btojo\u0161u aktivit\u0101\u0161u, nodarb\u012bbu un darbn\u012bcu par kosmosa tematiku izstr\u0101d\u0113 un ievie\u0161an\u0101.<\/p>\t\t\t\t\t\t\t\t<\/div>\n\t\t\t\t<\/div>\n\t\t\t\t<\/div>\n\t\t\t\t\t<\/div>\n\t\t\t\t<\/div>\n\t\t<div class=\"elementor-element elementor-element-0258a59 e-flex e-con-boxed e-con e-parent\" data-id=\"0258a59\" data-element_type=\"container\" data-e-type=\"container\">\n\t\t\t\t\t<div class=\"e-con-inner\">\n\t\t<div class=\"elementor-element elementor-element-39e48ac e-con-full e-flex e-con e-child\" data-id=\"39e48ac\" data-element_type=\"container\" data-e-type=\"container\">\n\t\t\t\t<div class=\"elementor-element elementor-element-4249e11 elementor-invisible elementor-widget elementor-widget-image\" data-id=\"4249e11\" data-element_type=\"widget\" data-e-type=\"widget\" data-settings=\"{&quot;_animation&quot;:&quot;fadeInLeft&quot;}\" data-widget_type=\"image.default\">\n\t\t\t\t<div class=\"elementor-widget-container\">\n\t\t\t\t\t\t\t\t\t\t\t\t\t\t\t<img fetchpriority=\"high\" decoding=\"async\" width=\"501\" height=\"423\" src=\"https:\/\/kosmosacentrs.lv\/wp-content\/uploads\/LOGO_EKII-pa-labi_RGB.png\" class=\"attachment-large size-large wp-image-3586\" alt=\"\" srcset=\"https:\/\/kosmosacentrs.lv\/wp-content\/uploads\/LOGO_EKII-pa-labi_RGB.png 501w, https:\/\/kosmosacentrs.lv\/wp-content\/uploads\/LOGO_EKII-pa-labi_RGB-300x253.png 300w\" sizes=\"(max-width: 501px) 100vw, 501px\" \/>\t\t\t\t\t\t\t\t\t\t\t\t\t\t\t<\/div>\n\t\t\t\t<\/div>\n\t\t\t\t<\/div>\n\t\t<div class=\"elementor-element elementor-element-1389408 e-con-full e-flex e-con e-child\" data-id=\"1389408\" data-element_type=\"container\" data-e-type=\"container\">\n\t\t\t\t<div class=\"elementor-element elementor-element-329fb73 elementor-invisible elementor-widget elementor-widget-text-editor\" data-id=\"329fb73\" data-element_type=\"widget\" data-e-type=\"widget\" data-settings=\"{&quot;_animation&quot;:&quot;fadeInRight&quot;}\" data-widget_type=\"text-editor.default\">\n\t\t\t\t<div class=\"elementor-widget-container\">\n\t\t\t\t\t\t\t\t\t<p><span lang=\"LV-LV\">Ener\u0123\u0113tiski pa\u0161pietiekamas \u0113kas b\u016bvniec\u012bba C\u0113s\u012bs n\u0101kotnes tehnolo\u0123iju zin\u0101tnes centra vajadz\u012bb\u0101m<\/span> (Nr. EKII-4\/1).<\/p><p>\u00a0<\/p><div><div><p><span lang=\"LV-LV\">Projekta m\u0113r\u0137is ir potenci\u0101l\u0101 siltumn\u012bcefekta g\u0101zu emisiju ierobe\u017eo\u0161ana, izb\u016bv\u0113jot jaunu un ilgtsp\u0113j\u012bgu ener\u0123\u0113tiski pa\u0161pietiekamu tr\u012bs st\u0101vu \u0113ku 3514,2 kv.m. plat\u012bb\u0101.<\/span><\/p><\/div><div><p><span lang=\"LV-LV\">\u202f<\/span>\u00a0<br \/><span lang=\"LV-LV\">Projekta\u00a0laik\u0101\u00a0\u012bstenotas\u00a0\u0161\u0101das aktivit\u0101tes:<\/span>\u00a0<\/p><\/div><ul><li><p><span lang=\"LV-LV\">jaunas, zemas ener\u0123ijas\u202f<\/span><span lang=\"LV-LV\">n\u0101kotnes tehnolo\u0123iju zin\u0101tnes centra\u202f<\/span><span lang=\"LV-LV\">\u0113kas b\u016bvniec\u012bba;<\/span>\u00a0<\/p><\/li><li><p><span lang=\"LV-LV\">zemes\u00a0siltums\u016bk\u0146a\u00a0un granulu apkures katla izb\u016bve;<\/span>\u00a0<\/p><\/li><\/ul><\/div><div><ul><li><p><span lang=\"LV-LV\">ventil\u0101cijas un gaisa kondicion\u0113\u0161anas sist\u0113mas izb\u016bve;<\/span>\u00a0<\/p><\/li><li><p><span lang=\"LV-LV\">saules elektrostacijas uzst\u0101d\u012b\u0161ana;<\/span>\u00a0<\/p><\/li><li><p><span lang=\"LV-LV\">LED apgaismojuma uzst\u0101d\u012b\u0161ana;<\/span>\u00a0<\/p><\/li><li><p><span lang=\"LV-LV\">virs\u016bdens\u00a0sav\u0101k\u0161ana un atk\u0101rtota izmanto\u0161ana;<\/span>\u00a0<\/p><\/li><li><p><span lang=\"LV-LV\">automatiz\u0113t\u0101s vad\u012bbas kontroles sist\u0113mas (BMS) izb\u016bve;<\/span>\u00a0<\/p><\/li><\/ul><\/div><div><ul><li><p><span lang=\"LV-LV\">5 elektromobi\u013cu uzl\u0101des punktu izb\u016bve.<\/span> (8 automa\u0161\u012bn\u0101m un 1 autobusa uzl\u0101des stacija)<\/p><\/li><\/ul><p>\u00a0<\/p><p><span lang=\"LV-LV\">Projekta pl\u0101notais energoefektivit\u0101tes r\u0101d\u012bt\u0101js apkurei 12,46\u00a0kWh\/m<\/span><span lang=\"LV-LV\">2<\/span><span lang=\"LV-LV\">\u202fgad\u0101.<\/span>\u00a0<\/p><p>\u00a0<\/p><div><div><p><strong><span lang=\"LV-LV\">Projekta finans\u0113jums<\/span>\u00a0<\/strong><\/p><p>\u00a0<\/p><\/div><p><span lang=\"LV-LV\">Projekta kop\u0113j\u0101s izmaksas <\/span><span lang=\"LV-LV\">ir EUR\u202f9\u202f217 923,81 \u202f(devi\u0146i miljoni divi simti septi\u0146padsmit t\u016bksto\u0161i\u202fdevi\u0146i simti divdesmit tr\u012bs\u202f<\/span><span lang=\"LV-LV\">euro<\/span><span lang=\"LV-LV\">, 81 cents), no t\u0101m:\u00a0<\/span>\u00a0<\/p><p>\u00a0<\/p><p><span lang=\"LV-LV\">Projekta attiecin\u0101m\u0101s izmaksas (turpm\u0101k \u2013 Attiecin\u0101m\u0101s izmaksas) ir EUR 7\u202f525 522,97 (septi\u0146i miljoni pieci simti divdesmit pieci t\u016bksto\u0161i pieci simti divdesmit divi\u202f<\/span><span lang=\"LV-LV\">euro<\/span><span lang=\"LV-LV\">, 97centi),\u202fno t\u0101m:<\/span><\/p><p>\u00a0<\/p><p><span lang=\"LV-LV\">EKII (bud\u017eeta apak\u0161programmas 33.02.00 \u201cEmisijas kvotu izsol\u012b\u0161anas instrumenta projekti\u201d) l\u012bdzek\u013ci (turpm\u0101k \u2013 Atbalsta summa) \u202fir ne vair\u0101k k\u0101\u202f66,44 %\u202fno Attiecin\u0101maj\u0101m izmaks\u0101m, nep\u0101rsniedzot\u202fEUR\u202f5\u202f000\u202f000,<wbr \/>00\u202f (pieci miljoni\u202f<\/span><span lang=\"LV-LV\">euro<\/span><span lang=\"LV-LV\">, 0 centi);<\/span><\/p><p>\u00a0<\/p><p><span lang=\"LV-LV\">Finans\u0113juma sa\u0146\u0113m\u0113ja l\u012bdzfinans\u0113jums ir ne maz\u0101k k\u0101\u202f 33,56\u202f% no Attiecin\u0101maj\u0101m\u202fizmaks\u0101m, jeb ne maz\u0101k par EUR 2\u202f525 522,97 (divi miljoni pieci simti divdesmit pieci t\u016bksto\u0161i pieci simti divdesmit divi\u202f<\/span><span lang=\"LV-LV\">euro<\/span><span lang=\"LV-LV\">, 97 centi).<\/span><\/p><p>\u00a0<\/p><div><p><span lang=\"LV-LV\">Projekts uzs\u0101kts:\u00a001.07.2020<\/span>\u00a0<\/p><\/div><div><p><span lang=\"LV-LV\">Projekts pabeigts:\u00a004.07.2023<\/span>\u00a0<\/p><\/div><\/div><\/div>\t\t\t\t\t\t\t\t<\/div>\n\t\t\t\t<\/div>\n\t\t\t\t<\/div>\n\t\t\t\t\t<\/div>\n\t\t\t\t<\/div>\n\t\t\t\t<section class=\"elementor-section elementor-top-section elementor-element elementor-element-0b02e96 elementor-section-boxed elementor-section-height-default elementor-section-height-default\" data-id=\"0b02e96\" data-element_type=\"section\" data-e-type=\"section\">\n\t\t\t\t\t\t<div class=\"elementor-container elementor-column-gap-default\">\n\t\t\t\t\t<div class=\"elementor-column elementor-col-100 elementor-top-column elementor-element elementor-element-ce185e8\" data-id=\"ce185e8\" data-element_type=\"column\" data-e-type=\"column\">\n\t\t\t<div class=\"elementor-widget-wrap\">\n\t\t\t\t\t\t\t<\/div>\n\t\t<\/div>\n\t\t\t\t\t<\/div>\n\t\t<\/section>\n\t\t\t\t<\/div>\n\t\t","protected":false},"excerpt":{"rendered":"<p>Kosmosa izzi\u0146as centra saturs tiek veidots \u012bstenojot Eiropas Ekonomikas zonas finan\u0161u instrumenta un Norv\u0113\u0123ijas finan\u0161u instrumenta 2014. &#8211; 2021. gada perioda programmas \u201cP\u0113tniec\u012bba un izgl\u012bt\u012bba\u201d aktivit\u0101tes \u201cInov\u0101cijas centri\u201d projektu \u201cInov\u0101cijas centra izveido\u0161ana C\u0113s\u012bs\u201d Nr. NFI\/IC\/VIAA\/2020\/3. \u00a0 Projekta m\u0113r\u0137is ir veicin\u0101t zin\u0101\u0161anu att\u012bst\u012bbu un izgl\u012btojamo karjeras izv\u0113li STEM jom\u0101, pied\u0101v\u0101jot inovat\u012bvus risin\u0101jumus izgl\u012bt\u012bbas un zin\u0101tnes populariz\u0113\u0161anai. [&hellip;]<\/p>\n","protected":false},"author":1,"featured_media":0,"parent":127,"menu_order":0,"comment_status":"closed","ping_status":"closed","template":"","meta":{"inline_featured_image":false,"footnotes":""},"class_list":["post-429","page","type-page","status-publish","hentry"],"yoast_head":"<!-- This site is optimized with the Yoast SEO plugin v20.4 - https:\/\/yoast.com\/wordpress\/plugins\/seo\/ -->\n<title>Projekti - Kosmosa izzi\u0146as centrs<\/title>\n<meta name=\"robots\" content=\"index, follow, max-snippet:-1, max-image-preview:large, max-video-preview:-1\" \/>\n<link rel=\"canonical\" href=\"https:\/\/kosmosacentrs.lv\/par-mums\/projekti\/\" \/>\n<meta property=\"og:locale\" content=\"lt_LT\" \/>\n<meta property=\"og:type\" content=\"article\" \/>\n<meta property=\"og:title\" content=\"Projekti - Kosmosa izzi\u0146as centrs\" \/>\n<meta property=\"og:description\" content=\"Kosmosa izzi\u0146as centra saturs tiek veidots \u012bstenojot Eiropas Ekonomikas zonas finan\u0161u instrumenta un Norv\u0113\u0123ijas finan\u0161u instrumenta 2014. &#8211; 2021. gada perioda programmas \u201cP\u0113tniec\u012bba un izgl\u012bt\u012bba\u201d aktivit\u0101tes \u201cInov\u0101cijas centri\u201d projektu \u201cInov\u0101cijas centra izveido\u0161ana C\u0113s\u012bs\u201d Nr. NFI\/IC\/VIAA\/2020\/3. \u00a0 Projekta m\u0113r\u0137is ir veicin\u0101t zin\u0101\u0161anu att\u012bst\u012bbu un izgl\u012btojamo karjeras izv\u0113li STEM jom\u0101, pied\u0101v\u0101jot inovat\u012bvus risin\u0101jumus izgl\u012bt\u012bbas un zin\u0101tnes populariz\u0113\u0161anai. [&hellip;]\" \/>\n<meta property=\"og:url\" content=\"https:\/\/kosmosacentrs.lv\/par-mums\/projekti\/\" \/>\n<meta property=\"og:site_name\" content=\"Kosmosa izzi\u0146as centrs\" \/>\n<meta property=\"article:publisher\" content=\"https:\/\/www.facebook.com\/Kosmosaizzinascentrs\/\" \/>\n<meta property=\"article:modified_time\" content=\"2023-10-10T11:12:29+00:00\" \/>\n<meta property=\"og:image\" content=\"https:\/\/kosmosacentrs.lv\/wp-content\/uploads\/NORWAY-Grants.svg\" \/>\n<meta name=\"twitter:card\" content=\"summary_large_image\" \/>\n<meta name=\"twitter:label1\" content=\"Est. reading time\" \/>\n\t<meta name=\"twitter:data1\" content=\"3 minut\u0117s\" \/>\n<script type=\"application\/ld+json\" class=\"yoast-schema-graph\">{\"@context\":\"https:\/\/schema.org\",\"@graph\":[{\"@type\":\"WebPage\",\"@id\":\"https:\/\/kosmosacentrs.lv\/par-mums\/projekti\/\",\"url\":\"https:\/\/kosmosacentrs.lv\/par-mums\/projekti\/\",\"name\":\"Projekti - Kosmosa izzi\u0146as centrs\",\"isPartOf\":{\"@id\":\"https:\/\/kosmosacentrs.lv\/#website\"},\"datePublished\":\"2022-09-13T08:43:44+00:00\",\"dateModified\":\"2023-10-10T11:12:29+00:00\",\"breadcrumb\":{\"@id\":\"https:\/\/kosmosacentrs.lv\/par-mums\/projekti\/#breadcrumb\"},\"inLanguage\":\"lt-LT\",\"potentialAction\":[{\"@type\":\"ReadAction\",\"target\":[\"https:\/\/kosmosacentrs.lv\/par-mums\/projekti\/\"]}]},{\"@type\":\"BreadcrumbList\",\"@id\":\"https:\/\/kosmosacentrs.lv\/par-mums\/projekti\/#breadcrumb\",\"itemListElement\":[{\"@type\":\"ListItem\",\"position\":1,\"name\":\"Home\",\"item\":\"https:\/\/kosmosacentrs.lv\/\"},{\"@type\":\"ListItem\",\"position\":2,\"name\":\"Par mums\",\"item\":\"https:\/\/kosmosacentrs.lv\/par-mums\/\"},{\"@type\":\"ListItem\",\"position\":3,\"name\":\"Projekti\"}]},{\"@type\":\"WebSite\",\"@id\":\"https:\/\/kosmosacentrs.lv\/#website\",\"url\":\"https:\/\/kosmosacentrs.lv\/\",\"name\":\"Kosmosa izzi\u0146as centrs\",\"description\":\"KIC.LV\",\"publisher\":{\"@id\":\"https:\/\/kosmosacentrs.lv\/#organization\"},\"potentialAction\":[{\"@type\":\"SearchAction\",\"target\":{\"@type\":\"EntryPoint\",\"urlTemplate\":\"https:\/\/kosmosacentrs.lv\/?s={search_term_string}\"},\"query-input\":\"required name=search_term_string\"}],\"inLanguage\":\"lt-LT\"},{\"@type\":\"Organization\",\"@id\":\"https:\/\/kosmosacentrs.lv\/#organization\",\"name\":\"Kosmosa izzi\u0146as centrs\",\"url\":\"https:\/\/kosmosacentrs.lv\/\",\"logo\":{\"@type\":\"ImageObject\",\"inLanguage\":\"lt-LT\",\"@id\":\"https:\/\/kosmosacentrs.lv\/#\/schema\/logo\/image\/\",\"url\":\"https:\/\/kosmosacentrs.lv\/wp-content\/uploads\/logo.svg\",\"contentUrl\":\"https:\/\/kosmosacentrs.lv\/wp-content\/uploads\/logo.svg\",\"width\":997,\"height\":712,\"caption\":\"Kosmosa izzi\u0146as centrs\"},\"image\":{\"@id\":\"https:\/\/kosmosacentrs.lv\/#\/schema\/logo\/image\/\"},\"sameAs\":[\"https:\/\/www.facebook.com\/Kosmosaizzinascentrs\/\"]}]}<\/script>\n<!-- \/ Yoast SEO plugin. -->","yoast_head_json":{"title":"Projekti - Kosmosa izzi\u0146as centrs","robots":{"index":"index","follow":"follow","max-snippet":"max-snippet:-1","max-image-preview":"max-image-preview:large","max-video-preview":"max-video-preview:-1"},"canonical":"https:\/\/kosmosacentrs.lv\/par-mums\/projekti\/","og_locale":"lt_LT","og_type":"article","og_title":"Projekti - Kosmosa izzi\u0146as centrs","og_description":"Kosmosa izzi\u0146as centra saturs tiek veidots \u012bstenojot Eiropas Ekonomikas zonas finan\u0161u instrumenta un Norv\u0113\u0123ijas finan\u0161u instrumenta 2014. &#8211; 2021. gada perioda programmas \u201cP\u0113tniec\u012bba un izgl\u012bt\u012bba\u201d aktivit\u0101tes \u201cInov\u0101cijas centri\u201d projektu \u201cInov\u0101cijas centra izveido\u0161ana C\u0113s\u012bs\u201d Nr. NFI\/IC\/VIAA\/2020\/3. \u00a0 Projekta m\u0113r\u0137is ir veicin\u0101t zin\u0101\u0161anu att\u012bst\u012bbu un izgl\u012btojamo karjeras izv\u0113li STEM jom\u0101, pied\u0101v\u0101jot inovat\u012bvus risin\u0101jumus izgl\u012bt\u012bbas un zin\u0101tnes populariz\u0113\u0161anai. [&hellip;]","og_url":"https:\/\/kosmosacentrs.lv\/par-mums\/projekti\/","og_site_name":"Kosmosa izzi\u0146as centrs","article_publisher":"https:\/\/www.facebook.com\/Kosmosaizzinascentrs\/","article_modified_time":"2023-10-10T11:12:29+00:00","og_image":[{"url":"https:\/\/kosmosacentrs.lv\/wp-content\/uploads\/NORWAY-Grants.svg"}],"twitter_card":"summary_large_image","twitter_misc":{"Est. reading time":"3 minut\u0117s"},"schema":{"@context":"https:\/\/schema.org","@graph":[{"@type":"WebPage","@id":"https:\/\/kosmosacentrs.lv\/par-mums\/projekti\/","url":"https:\/\/kosmosacentrs.lv\/par-mums\/projekti\/","name":"Projekti - Kosmosa izzi\u0146as centrs","isPartOf":{"@id":"https:\/\/kosmosacentrs.lv\/#website"},"datePublished":"2022-09-13T08:43:44+00:00","dateModified":"2023-10-10T11:12:29+00:00","breadcrumb":{"@id":"https:\/\/kosmosacentrs.lv\/par-mums\/projekti\/#breadcrumb"},"inLanguage":"lt-LT","potentialAction":[{"@type":"ReadAction","target":["https:\/\/kosmosacentrs.lv\/par-mums\/projekti\/"]}]},{"@type":"BreadcrumbList","@id":"https:\/\/kosmosacentrs.lv\/par-mums\/projekti\/#breadcrumb","itemListElement":[{"@type":"ListItem","position":1,"name":"Home","item":"https:\/\/kosmosacentrs.lv\/"},{"@type":"ListItem","position":2,"name":"Par mums","item":"https:\/\/kosmosacentrs.lv\/par-mums\/"},{"@type":"ListItem","position":3,"name":"Projekti"}]},{"@type":"WebSite","@id":"https:\/\/kosmosacentrs.lv\/#website","url":"https:\/\/kosmosacentrs.lv\/","name":"Kosmosa izzi\u0146as centrs","description":"KIC.LV","publisher":{"@id":"https:\/\/kosmosacentrs.lv\/#organization"},"potentialAction":[{"@type":"SearchAction","target":{"@type":"EntryPoint","urlTemplate":"https:\/\/kosmosacentrs.lv\/?s={search_term_string}"},"query-input":"required name=search_term_string"}],"inLanguage":"lt-LT"},{"@type":"Organization","@id":"https:\/\/kosmosacentrs.lv\/#organization","name":"Kosmosa izzi\u0146as centrs","url":"https:\/\/kosmosacentrs.lv\/","logo":{"@type":"ImageObject","inLanguage":"lt-LT","@id":"https:\/\/kosmosacentrs.lv\/#\/schema\/logo\/image\/","url":"https:\/\/kosmosacentrs.lv\/wp-content\/uploads\/logo.svg","contentUrl":"https:\/\/kosmosacentrs.lv\/wp-content\/uploads\/logo.svg","width":997,"height":712,"caption":"Kosmosa izzi\u0146as centrs"},"image":{"@id":"https:\/\/kosmosacentrs.lv\/#\/schema\/logo\/image\/"},"sameAs":["https:\/\/www.facebook.com\/Kosmosaizzinascentrs\/"]}]}},"_links":{"self":[{"href":"https:\/\/kosmosacentrs.lv\/lt\/wp-json\/wp\/v2\/pages\/429","targetHints":{"allow":["GET"]}}],"collection":[{"href":"https:\/\/kosmosacentrs.lv\/lt\/wp-json\/wp\/v2\/pages"}],"about":[{"href":"https:\/\/kosmosacentrs.lv\/lt\/wp-json\/wp\/v2\/types\/page"}],"author":[{"embeddable":true,"href":"https:\/\/kosmosacentrs.lv\/lt\/wp-json\/wp\/v2\/users\/1"}],"replies":[{"embeddable":true,"href":"https:\/\/kosmosacentrs.lv\/lt\/wp-json\/wp\/v2\/comments?post=429"}],"version-history":[{"count":70,"href":"https:\/\/kosmosacentrs.lv\/lt\/wp-json\/wp\/v2\/pages\/429\/revisions"}],"predecessor-version":[{"id":3612,"href":"https:\/\/kosmosacentrs.lv\/lt\/wp-json\/wp\/v2\/pages\/429\/revisions\/3612"}],"up":[{"embeddable":true,"href":"https:\/\/kosmosacentrs.lv\/lt\/wp-json\/wp\/v2\/pages\/127"}],"wp:attachment":[{"href":"https:\/\/kosmosacentrs.lv\/lt\/wp-json\/wp\/v2\/media?parent=429"}],"curies":[{"name":"wp","href":"https:\/\/api.w.org\/{rel}","templated":true}]}}