{"id":4452,"date":"2023-12-08T19:31:06","date_gmt":"2023-12-08T16:31:06","guid":{"rendered":"https:\/\/kosmosacentrs.lv\/?page_id=4452"},"modified":"2025-09-10T14:20:04","modified_gmt":"2025-09-10T11:20:04","slug":"darbnica-pirmsskola","status":"publish","type":"page","link":"https:\/\/kosmosacentrs.lv\/lt\/darbnica-pirmsskola\/","title":{"rendered":"Nodarb\u012bbas pirmsskolai"},"content":{"rendered":"\t\t<div data-elementor-type=\"wp-page\" data-elementor-id=\"4452\" class=\"elementor elementor-4452\">\n\t\t\t\t<div class=\"elementor-element elementor-element-ac60a69 e-flex e-con-boxed e-con e-parent\" data-id=\"ac60a69\" data-element_type=\"container\" data-e-type=\"container\" data-settings=\"{&quot;background_background&quot;:&quot;classic&quot;}\">\n\t\t\t\t\t<div class=\"e-con-inner\">\n\t\t\t\t<div class=\"elementor-element elementor-element-561d871 elementor-widget__width-initial elementor-invisible elementor-widget elementor-widget-image\" data-id=\"561d871\" data-element_type=\"widget\" data-e-type=\"widget\" data-settings=\"{&quot;_animation&quot;:&quot;rollIn&quot;}\" data-widget_type=\"image.default\">\n\t\t\t\t<div class=\"elementor-widget-container\">\n\t\t\t\t\t\t\t\t\t\t\t\t\t\t\t<img fetchpriority=\"high\" decoding=\"async\" width=\"640\" height=\"604\" src=\"https:\/\/kosmosacentrs.lv\/wp-content\/uploads\/single_event_school_1.svg\" class=\"attachment-large size-large wp-image-1094\" alt=\"\" \/>\t\t\t\t\t\t\t\t\t\t\t\t\t\t\t<\/div>\n\t\t\t\t<\/div>\n\t\t<div class=\"elementor-element elementor-element-1252ff5 e-con-full e-flex e-con e-parent\" data-id=\"1252ff5\" data-element_type=\"container\" data-e-type=\"container\">\n\t\t\t\t<div class=\"elementor-element elementor-element-aeb14bd elementor-widget__width-initial elementor-invisible elementor-widget elementor-widget-text-editor\" data-id=\"aeb14bd\" data-element_type=\"widget\" data-e-type=\"widget\" data-settings=\"{&quot;_animation&quot;:&quot;fadeInRight&quot;}\" data-widget_type=\"text-editor.default\">\n\t\t\t\t<div class=\"elementor-widget-container\">\n\t\t\t\t\t\t\t\t\t<h2>Nodarb\u012bba pirmsskolai<\/h2><p>M\u0113s ticam ka m\u016bsu pirmsskolnieki 2050. gad\u0101 piedal\u012bsies pirmaj\u0101 misij\u0101 uz Marsu!<\/p><p>Lab\u0101kais br\u012bdis kad s\u0101kt astronauta treni\u0146us ir \u0161odien! Kosmosa izzi\u0146as centrs pied\u0101v\u0101 nodarb\u012bbu pirmsskolas vecuma posma b\u0113rniem ar m\u0113r\u0137i ieinteres\u0113t b\u0113rnus kosmosa nozar\u0113 un tik \u013coti noz\u012bm\u012bgajos STEM priek\u0161metos. Nodarb\u012bbas ietvaros iepaz\u012bsimies ar da\u017e\u0101diem kosmosa transporta l\u012bdzek\u013ciem, uzzin\u0101sim k\u0101 astronauti dz\u012bvos kosmosa stacij\u0101, gatavojoties savai misijai, un ar\u012b pa\u0161i b\u016bv\u0113sim savas ra\u0137etes!<\/p><p>Nodarb\u012bbas saturs ietver Skola2030 pirmsskolas izgl\u012bt\u012bbas programm\u0101s 3. posm\u0101 apskat\u012bt\u0101s:<\/p><ul><li>Dabaszin\u012bbu m\u0101c\u012bbu jomas liel\u0101s idejas par Visumu;<\/li><li>Matem\u0101tikas m\u0101c\u012bbu jomas liel\u0101s idejas par fig\u016bru \u012bpa\u0161\u012bb\u0101m, novietojumu un to raksturojo\u0161ajiem lielumiem.<\/li><\/ul>\t\t\t\t\t\t\t\t<\/div>\n\t\t\t\t<\/div>\n\t\t\t\t<\/div>\n\t\t\t\t\t<\/div>\n\t\t\t\t<\/div>\n\t\t<div class=\"elementor-element elementor-element-b771757 e-flex e-con-boxed e-con e-parent\" data-id=\"b771757\" data-element_type=\"container\" data-e-type=\"container\">\n\t\t\t\t\t<div class=\"e-con-inner\">\n\t\t<div class=\"elementor-element elementor-element-b3fa06b e-con-full e-flex e-con e-parent\" data-id=\"b3fa06b\" data-element_type=\"container\" data-e-type=\"container\">\n\t\t\t\t<div class=\"elementor-element elementor-element-2a0b57c elementor-widget__width-initial elementor-widget elementor-widget-text-editor\" data-id=\"2a0b57c\" data-element_type=\"widget\" data-e-type=\"widget\" data-widget_type=\"text-editor.default\">\n\t\t\t\t<div class=\"elementor-widget-container\">\n\t\t\t\t\t\t\t\t\t<h2>Papildus inform\u0101cija<\/h2><p>Nodarb\u012bbas ilgums &#8211; 60 min\u016btes.<\/p><p>Pirmskolas nodarb\u012bba paredz\u0113ta 5-6 gadus veciem b\u0113rniem.<\/p><p>\u00a0<\/p><p>No otrdienas l\u012bdz piektdienai \u0161\u0101dos laikos:<\/p><p style=\"font-size: 17px; background-color: #1a1f2e;\">10:30 &#8211; 11:30 (1 grupa)<\/p><p>13:00 &#8211; 14:00 (1 grupa)<\/p><p>16:00 &#8211; 17:00 (1 grupa)<\/p><p>\u00a0<\/p><p>Nodarb\u012bbas cena:<\/p><table style=\"height: 75px; width: 89.3077%; border-collapse: collapse; border-color: #fcfcfc;\"><tbody><tr style=\"height: 30px;\"><td style=\"width: 73.6355%; height: 27px;\"><strong>B\u0113rnu grupa 10 l\u012bdz 20 <\/strong><span style=\"font-size: 10pt;\">(ieskaitot)<\/span><\/td><td style=\"text-align: center; width: 58.2098%; height: 27px;\"><strong>60 EUR **<\/strong><\/td><\/tr><tr style=\"height: 30px;\"><td style=\"width: 73.6355%; height: 24px;\"><b>Papildus dal\u012bbnieks l\u012bdz 24\u00a0<\/b><span style=\"font-size: 10pt;\">(ieskaitot)<\/span><\/td><td style=\"text-align: center; width: 58.2098%; height: 24px;\"><strong>3.00 EUR **<\/strong><\/td><\/tr><tr style=\"height: 24px;\"><td style=\"width: 73.6355%; height: 24px;\"><p>**Cenas nor\u0101d\u012btas ar PVN.<\/p><\/td><td style=\"text-align: center; width: 58.2098%; height: 24px;\"><strong>\u00a0<\/strong><\/td><\/tr><\/tbody><\/table><p>\u00a0<\/p><p><span style=\"font-size: 14pt;\"><strong>Par pieteikumu tiek uzskat\u012bts tikai e-past\u0101 iesniegts pieteikums, kur\u0101 iek\u013cauta zem\u0101k nosaukt\u0101 inform\u0101cija:<\/strong><\/span><\/p><p>\u00a0<\/p><p>1. Izv\u0113l\u0113tais pakalpojums: Nodarb\u012bba pirmsskolai<br \/>2. Datums, laiks:<br \/>3. Grupas nosaukums:<br \/>4. Izgl\u012btojamo skaits:<br \/>5. Pirmsskolas izgl\u012bt\u012bbas iest\u0101des nosaukums:<br \/>6. Kontaktpersonas tel. nr.:<\/p><p>\u00a0<\/p><p>Pavado\u0161ajam person\u0101lam &#8211; 1 pieaugu\u0161ais uz 10 pirmskolas vecuma b\u0113rniem, bez maksas. <br \/>Maksim\u0101lais skol\u0113nu skaits grup\u0101 ir 24.<\/p><p>\u00a0<\/p><p>Pirms vai p\u0113c aktivit\u0101t\u0113m centr\u0101 ir iesp\u0113ja pa\u0113st siltas un gar\u0161\u012bgas pusdienas m\u016bsu centra kafejn\u012bc\u0101 <strong>Orb\u012bta<\/strong>.<\/p><p>Lai pieteiktu pusdienas un uzzin\u0101tu pusdienu pied\u0101v\u0101jumu l\u016bgums sazin\u0101ties ar kafejn\u012bcu pa t\u0101lruni 26394306.<\/p><p>\u00a0<\/p><p><span style=\"color: #33ba15;\"><strong>Vair\u0101k inform\u0101cijas, zvanot pa t\u0101lruni +37128679586 vai rakstot uz e-pastu skolas@kosmosacentrs.lv<\/strong><\/span><\/p>\t\t\t\t\t\t\t\t<\/div>\n\t\t\t\t<\/div>\n\t\t\t\t<\/div>\n\t\t\t\t\t<\/div>\n\t\t\t\t<\/div>\n\t\t<div class=\"elementor-element elementor-element-fe62e4c e-flex e-con-boxed e-con e-parent\" data-id=\"fe62e4c\" data-element_type=\"container\" data-e-type=\"container\">\n\t\t\t\t\t<div class=\"e-con-inner\">\n\t\t<div class=\"elementor-element elementor-element-d1b34a5 e-con-full e-flex e-con e-parent\" data-id=\"d1b34a5\" data-element_type=\"container\" data-e-type=\"container\">\n\t\t\t\t<div class=\"elementor-element elementor-element-038458f elementor-widget elementor-widget-text-editor\" data-id=\"038458f\" data-element_type=\"widget\" data-e-type=\"widget\" data-widget_type=\"text-editor.default\">\n\t\t\t\t<div class=\"elementor-widget-container\">\n\t\t\t\t\t\t\t\t\t<h2>Darba laiks<\/h2>\t\t\t\t\t\t\t\t<\/div>\n\t\t\t\t<\/div>\n\t\t\t\t<\/div>\n\t\t\t\t\t<\/div>\n\t\t\t\t<\/div>\n\t\t<div class=\"elementor-element elementor-element-fb43b41 e-flex e-con-boxed e-con e-parent\" data-id=\"fb43b41\" data-element_type=\"container\" data-e-type=\"container\">\n\t\t\t\t\t<div class=\"e-con-inner\">\n\t\t<div class=\"elementor-element elementor-element-afc38e4 e-con-full e-flex e-con e-parent\" data-id=\"afc38e4\" data-element_type=\"container\" data-e-type=\"container\">\n\t\t\t\t<div class=\"elementor-element elementor-element-ae86b5d elementor-widget__width-initial elementor-widget elementor-widget-text-editor\" data-id=\"ae86b5d\" data-element_type=\"widget\" data-e-type=\"widget\" data-widget_type=\"text-editor.default\">\n\t\t\t\t<div class=\"elementor-widget-container\">\n\t\t\t\t\t\t\t\t\t<p>P.<\/p><p>SL\u0112GTS<\/p>\t\t\t\t\t\t\t\t<\/div>\n\t\t\t\t<\/div>\n\t\t\t\t<\/div>\n\t\t<div class=\"elementor-element elementor-element-2ec254f e-con-full e-flex e-con e-parent\" data-id=\"2ec254f\" data-element_type=\"container\" data-e-type=\"container\">\n\t\t\t\t<div class=\"elementor-element elementor-element-fc8cb9d elementor-widget__width-initial elementor-widget elementor-widget-text-editor\" data-id=\"fc8cb9d\" data-element_type=\"widget\" data-e-type=\"widget\" data-widget_type=\"text-editor.default\">\n\t\t\t\t<div class=\"elementor-widget-container\">\n\t\t\t\t\t\t\t\t\t<p>O. &#8211; Sv.<\/p><p>10.00 &#8211; 18.00<\/p>\t\t\t\t\t\t\t\t<\/div>\n\t\t\t\t<\/div>\n\t\t\t\t<\/div>\n\t\t\t\t\t<\/div>\n\t\t\t\t<\/div>\n\t\t<div class=\"elementor-element elementor-element-ec217d6 e-flex e-con-boxed e-con e-parent\" data-id=\"ec217d6\" data-element_type=\"container\" data-e-type=\"container\">\n\t\t\t\t\t<div class=\"e-con-inner\">\n\t\t<div class=\"elementor-element elementor-element-b016fba e-flex e-con-boxed e-con e-parent\" data-id=\"b016fba\" data-element_type=\"container\" data-e-type=\"container\">\n\t\t\t\t\t<div class=\"e-con-inner\">\n\t\t<div class=\"elementor-element elementor-element-66fd063 e-flex e-con-boxed e-con e-parent\" data-id=\"66fd063\" data-element_type=\"container\" data-e-type=\"container\">\n\t\t\t\t\t<div class=\"e-con-inner\">\n\t\t\t\t<div class=\"elementor-element elementor-element-f3a1feb elementor-widget elementor-widget-image\" data-id=\"f3a1feb\" data-element_type=\"widget\" data-e-type=\"widget\" data-widget_type=\"image.default\">\n\t\t\t\t<div class=\"elementor-widget-container\">\n\t\t\t\t\t\t\t\t\t\t\t\t\t\t\t<img decoding=\"async\" src=\"https:\/\/kosmosacentrs.lv\/wp-content\/uploads\/elementor\/thumbs\/path14-7-qez0mu4urptu3p9gcg2501ln2g69qwxf9ziu37wkx4.png\" title=\"path14-7\" alt=\"path14-7\" loading=\"lazy\" \/>\t\t\t\t\t\t\t\t\t\t\t\t\t\t\t<\/div>\n\t\t\t\t<\/div>\n\t\t\t\t<div class=\"elementor-element elementor-element-e81fe6f elementor-widget elementor-widget-spacer\" data-id=\"e81fe6f\" data-element_type=\"widget\" data-e-type=\"widget\" data-widget_type=\"spacer.default\">\n\t\t\t\t<div class=\"elementor-widget-container\">\n\t\t\t\t\t\t\t<div class=\"elementor-spacer\">\n\t\t\t<div class=\"elementor-spacer-inner\"><\/div>\n\t\t<\/div>\n\t\t\t\t\t\t<\/div>\n\t\t\t\t<\/div>\n\t\t\t\t<div class=\"elementor-element elementor-element-86e1f93 elementor-widget elementor-widget-image\" data-id=\"86e1f93\" data-element_type=\"widget\" data-e-type=\"widget\" data-widget_type=\"image.default\">\n\t\t\t\t<div class=\"elementor-widget-container\">\n\t\t\t\t\t\t\t\t\t\t\t\t\t\t\t<img decoding=\"async\" src=\"https:\/\/kosmosacentrs.lv\/wp-content\/uploads\/elementor\/thumbs\/path16-qez0mgz441btl5skhadd14x6r1z4r5h6k6e1dcg3c8.png\" title=\"path16\" alt=\"path16\" loading=\"lazy\" \/>\t\t\t\t\t\t\t\t\t\t\t\t\t\t\t<\/div>\n\t\t\t\t<\/div>\n\t\t\t\t<div class=\"elementor-element elementor-element-58af086 elementor-widget elementor-widget-spacer\" data-id=\"58af086\" data-element_type=\"widget\" data-e-type=\"widget\" data-widget_type=\"spacer.default\">\n\t\t\t\t<div class=\"elementor-widget-container\">\n\t\t\t\t\t\t\t<div class=\"elementor-spacer\">\n\t\t\t<div class=\"elementor-spacer-inner\"><\/div>\n\t\t<\/div>\n\t\t\t\t\t\t<\/div>\n\t\t\t\t<\/div>\n\t\t\t\t<div class=\"elementor-element elementor-element-b2ba6ad elementor-widget elementor-widget-image\" data-id=\"b2ba6ad\" data-element_type=\"widget\" data-e-type=\"widget\" data-widget_type=\"image.default\">\n\t\t\t\t<div class=\"elementor-widget-container\">\n\t\t\t\t\t\t\t\t\t\t\t\t\t\t\t<img decoding=\"async\" src=\"https:\/\/kosmosacentrs.lv\/wp-content\/uploads\/elementor\/thumbs\/path18-qez100tcn1vmys3ycn8qh7tf216mq29vf8z1fycrmw.png\" title=\"path18\" alt=\"path18\" loading=\"lazy\" \/>\t\t\t\t\t\t\t\t\t\t\t\t\t\t\t<\/div>\n\t\t\t\t<\/div>\n\t\t\t\t<div class=\"elementor-element elementor-element-c5b06a5 elementor-widget elementor-widget-spacer\" data-id=\"c5b06a5\" data-element_type=\"widget\" data-e-type=\"widget\" data-widget_type=\"spacer.default\">\n\t\t\t\t<div class=\"elementor-widget-container\">\n\t\t\t\t\t\t\t<div class=\"elementor-spacer\">\n\t\t\t<div class=\"elementor-spacer-inner\"><\/div>\n\t\t<\/div>\n\t\t\t\t\t\t<\/div>\n\t\t\t\t<\/div>\n\t\t\t\t<div class=\"elementor-element elementor-element-a89fb3b elementor-widget elementor-widget-image\" data-id=\"a89fb3b\" data-element_type=\"widget\" data-e-type=\"widget\" data-widget_type=\"image.default\">\n\t\t\t\t<div class=\"elementor-widget-container\">\n\t\t\t\t\t\t\t\t\t\t\t\t\t\t\t<img decoding=\"async\" src=\"https:\/\/kosmosacentrs.lv\/wp-content\/uploads\/elementor\/thumbs\/path19-qez05nn1uqb5wa7uo0pmfdoc6wur22q1ky9cb5dmnc.png\" title=\"path19\" alt=\"path19\" loading=\"lazy\" \/>\t\t\t\t\t\t\t\t\t\t\t\t\t\t\t<\/div>\n\t\t\t\t<\/div>\n\t\t\t\t\t<\/div>\n\t\t\t\t<\/div>\n\t\t\t\t\t<\/div>\n\t\t\t\t<\/div>\n\t\t\t\t\t<\/div>\n\t\t\t\t<\/div>\n\t\t\t\t<\/div>\n\t\t","protected":false},"excerpt":{"rendered":"<p>Nodarb\u012bba pirmsskolai M\u0113s ticam ka m\u016bsu pirmsskolnieki 2050. gad\u0101 piedal\u012bsies pirmaj\u0101 misij\u0101 uz Marsu! Lab\u0101kais br\u012bdis kad s\u0101kt astronauta treni\u0146us ir \u0161odien! Kosmosa izzi\u0146as centrs pied\u0101v\u0101 nodarb\u012bbu pirmsskolas vecuma posma b\u0113rniem ar m\u0113r\u0137i ieinteres\u0113t b\u0113rnus kosmosa nozar\u0113 un tik \u013coti noz\u012bm\u012bgajos STEM priek\u0161metos. Nodarb\u012bbas ietvaros iepaz\u012bsimies ar da\u017e\u0101diem kosmosa transporta l\u012bdzek\u013ciem, uzzin\u0101sim k\u0101 astronauti dz\u012bvos [&hellip;]<\/p>\n","protected":false},"author":7,"featured_media":0,"parent":0,"menu_order":0,"comment_status":"closed","ping_status":"closed","template":"","meta":{"inline_featured_image":false,"footnotes":""},"class_list":["post-4452","page","type-page","status-publish","hentry"],"yoast_head":"<!-- This site is optimized with the Yoast SEO plugin v20.4 - https:\/\/yoast.com\/wordpress\/plugins\/seo\/ -->\n<title>Nodarb\u012bbas pirmsskolai - Kosmosa izzi\u0146as centrs<\/title>\n<meta name=\"robots\" content=\"index, follow, max-snippet:-1, max-image-preview:large, max-video-preview:-1\" \/>\n<link rel=\"canonical\" href=\"https:\/\/kosmosacentrs.lv\/darbnica-pirmsskola\/\" \/>\n<meta property=\"og:locale\" content=\"lt_LT\" \/>\n<meta property=\"og:type\" content=\"article\" \/>\n<meta property=\"og:title\" content=\"Nodarb\u012bbas pirmsskolai - Kosmosa izzi\u0146as centrs\" \/>\n<meta property=\"og:description\" content=\"Nodarb\u012bba pirmsskolai M\u0113s ticam ka m\u016bsu pirmsskolnieki 2050. gad\u0101 piedal\u012bsies pirmaj\u0101 misij\u0101 uz Marsu! Lab\u0101kais br\u012bdis kad s\u0101kt astronauta treni\u0146us ir \u0161odien! Kosmosa izzi\u0146as centrs pied\u0101v\u0101 nodarb\u012bbu pirmsskolas vecuma posma b\u0113rniem ar m\u0113r\u0137i ieinteres\u0113t b\u0113rnus kosmosa nozar\u0113 un tik \u013coti noz\u012bm\u012bgajos STEM priek\u0161metos. Nodarb\u012bbas ietvaros iepaz\u012bsimies ar da\u017e\u0101diem kosmosa transporta l\u012bdzek\u013ciem, uzzin\u0101sim k\u0101 astronauti dz\u012bvos [&hellip;]\" \/>\n<meta property=\"og:url\" content=\"https:\/\/kosmosacentrs.lv\/darbnica-pirmsskola\/\" \/>\n<meta property=\"og:site_name\" content=\"Kosmosa izzi\u0146as centrs\" \/>\n<meta property=\"article:publisher\" content=\"https:\/\/www.facebook.com\/Kosmosaizzinascentrs\/\" \/>\n<meta property=\"article:modified_time\" content=\"2025-09-10T11:20:04+00:00\" \/>\n<meta property=\"og:image\" content=\"https:\/\/kosmosacentrs.lv\/wp-content\/uploads\/single_event_school_1.svg\" \/>\n<meta name=\"twitter:card\" content=\"summary_large_image\" \/>\n<meta name=\"twitter:label1\" content=\"Est. reading time\" \/>\n\t<meta name=\"twitter:data1\" content=\"3 minut\u0117s\" \/>\n<script type=\"application\/ld+json\" class=\"yoast-schema-graph\">{\"@context\":\"https:\/\/schema.org\",\"@graph\":[{\"@type\":\"WebPage\",\"@id\":\"https:\/\/kosmosacentrs.lv\/darbnica-pirmsskola\/\",\"url\":\"https:\/\/kosmosacentrs.lv\/darbnica-pirmsskola\/\",\"name\":\"Nodarb\u012bbas pirmsskolai - Kosmosa izzi\u0146as centrs\",\"isPartOf\":{\"@id\":\"https:\/\/kosmosacentrs.lv\/#website\"},\"datePublished\":\"2023-12-08T16:31:06+00:00\",\"dateModified\":\"2025-09-10T11:20:04+00:00\",\"breadcrumb\":{\"@id\":\"https:\/\/kosmosacentrs.lv\/darbnica-pirmsskola\/#breadcrumb\"},\"inLanguage\":\"lt-LT\",\"potentialAction\":[{\"@type\":\"ReadAction\",\"target\":[\"https:\/\/kosmosacentrs.lv\/darbnica-pirmsskola\/\"]}]},{\"@type\":\"BreadcrumbList\",\"@id\":\"https:\/\/kosmosacentrs.lv\/darbnica-pirmsskola\/#breadcrumb\",\"itemListElement\":[{\"@type\":\"ListItem\",\"position\":1,\"name\":\"Home\",\"item\":\"https:\/\/kosmosacentrs.lv\/\"},{\"@type\":\"ListItem\",\"position\":2,\"name\":\"Nodarb\u012bbas pirmsskolai\"}]},{\"@type\":\"WebSite\",\"@id\":\"https:\/\/kosmosacentrs.lv\/#website\",\"url\":\"https:\/\/kosmosacentrs.lv\/\",\"name\":\"Kosmosa izzi\u0146as centrs\",\"description\":\"KIC.LV\",\"publisher\":{\"@id\":\"https:\/\/kosmosacentrs.lv\/#organization\"},\"potentialAction\":[{\"@type\":\"SearchAction\",\"target\":{\"@type\":\"EntryPoint\",\"urlTemplate\":\"https:\/\/kosmosacentrs.lv\/?s={search_term_string}\"},\"query-input\":\"required name=search_term_string\"}],\"inLanguage\":\"lt-LT\"},{\"@type\":\"Organization\",\"@id\":\"https:\/\/kosmosacentrs.lv\/#organization\",\"name\":\"Kosmosa izzi\u0146as centrs\",\"url\":\"https:\/\/kosmosacentrs.lv\/\",\"logo\":{\"@type\":\"ImageObject\",\"inLanguage\":\"lt-LT\",\"@id\":\"https:\/\/kosmosacentrs.lv\/#\/schema\/logo\/image\/\",\"url\":\"https:\/\/kosmosacentrs.lv\/wp-content\/uploads\/logo.svg\",\"contentUrl\":\"https:\/\/kosmosacentrs.lv\/wp-content\/uploads\/logo.svg\",\"width\":997,\"height\":712,\"caption\":\"Kosmosa izzi\u0146as centrs\"},\"image\":{\"@id\":\"https:\/\/kosmosacentrs.lv\/#\/schema\/logo\/image\/\"},\"sameAs\":[\"https:\/\/www.facebook.com\/Kosmosaizzinascentrs\/\"]}]}<\/script>\n<!-- \/ Yoast SEO plugin. -->","yoast_head_json":{"title":"Nodarb\u012bbas pirmsskolai - Kosmosa izzi\u0146as centrs","robots":{"index":"index","follow":"follow","max-snippet":"max-snippet:-1","max-image-preview":"max-image-preview:large","max-video-preview":"max-video-preview:-1"},"canonical":"https:\/\/kosmosacentrs.lv\/darbnica-pirmsskola\/","og_locale":"lt_LT","og_type":"article","og_title":"Nodarb\u012bbas pirmsskolai - Kosmosa izzi\u0146as centrs","og_description":"Nodarb\u012bba pirmsskolai M\u0113s ticam ka m\u016bsu pirmsskolnieki 2050. gad\u0101 piedal\u012bsies pirmaj\u0101 misij\u0101 uz Marsu! Lab\u0101kais br\u012bdis kad s\u0101kt astronauta treni\u0146us ir \u0161odien! Kosmosa izzi\u0146as centrs pied\u0101v\u0101 nodarb\u012bbu pirmsskolas vecuma posma b\u0113rniem ar m\u0113r\u0137i ieinteres\u0113t b\u0113rnus kosmosa nozar\u0113 un tik \u013coti noz\u012bm\u012bgajos STEM priek\u0161metos. Nodarb\u012bbas ietvaros iepaz\u012bsimies ar da\u017e\u0101diem kosmosa transporta l\u012bdzek\u013ciem, uzzin\u0101sim k\u0101 astronauti dz\u012bvos [&hellip;]","og_url":"https:\/\/kosmosacentrs.lv\/darbnica-pirmsskola\/","og_site_name":"Kosmosa izzi\u0146as centrs","article_publisher":"https:\/\/www.facebook.com\/Kosmosaizzinascentrs\/","article_modified_time":"2025-09-10T11:20:04+00:00","og_image":[{"url":"https:\/\/kosmosacentrs.lv\/wp-content\/uploads\/single_event_school_1.svg"}],"twitter_card":"summary_large_image","twitter_misc":{"Est. reading time":"3 minut\u0117s"},"schema":{"@context":"https:\/\/schema.org","@graph":[{"@type":"WebPage","@id":"https:\/\/kosmosacentrs.lv\/darbnica-pirmsskola\/","url":"https:\/\/kosmosacentrs.lv\/darbnica-pirmsskola\/","name":"Nodarb\u012bbas pirmsskolai - Kosmosa izzi\u0146as centrs","isPartOf":{"@id":"https:\/\/kosmosacentrs.lv\/#website"},"datePublished":"2023-12-08T16:31:06+00:00","dateModified":"2025-09-10T11:20:04+00:00","breadcrumb":{"@id":"https:\/\/kosmosacentrs.lv\/darbnica-pirmsskola\/#breadcrumb"},"inLanguage":"lt-LT","potentialAction":[{"@type":"ReadAction","target":["https:\/\/kosmosacentrs.lv\/darbnica-pirmsskola\/"]}]},{"@type":"BreadcrumbList","@id":"https:\/\/kosmosacentrs.lv\/darbnica-pirmsskola\/#breadcrumb","itemListElement":[{"@type":"ListItem","position":1,"name":"Home","item":"https:\/\/kosmosacentrs.lv\/"},{"@type":"ListItem","position":2,"name":"Nodarb\u012bbas pirmsskolai"}]},{"@type":"WebSite","@id":"https:\/\/kosmosacentrs.lv\/#website","url":"https:\/\/kosmosacentrs.lv\/","name":"Kosmosa izzi\u0146as centrs","description":"KIC.LV","publisher":{"@id":"https:\/\/kosmosacentrs.lv\/#organization"},"potentialAction":[{"@type":"SearchAction","target":{"@type":"EntryPoint","urlTemplate":"https:\/\/kosmosacentrs.lv\/?s={search_term_string}"},"query-input":"required name=search_term_string"}],"inLanguage":"lt-LT"},{"@type":"Organization","@id":"https:\/\/kosmosacentrs.lv\/#organization","name":"Kosmosa izzi\u0146as centrs","url":"https:\/\/kosmosacentrs.lv\/","logo":{"@type":"ImageObject","inLanguage":"lt-LT","@id":"https:\/\/kosmosacentrs.lv\/#\/schema\/logo\/image\/","url":"https:\/\/kosmosacentrs.lv\/wp-content\/uploads\/logo.svg","contentUrl":"https:\/\/kosmosacentrs.lv\/wp-content\/uploads\/logo.svg","width":997,"height":712,"caption":"Kosmosa izzi\u0146as centrs"},"image":{"@id":"https:\/\/kosmosacentrs.lv\/#\/schema\/logo\/image\/"},"sameAs":["https:\/\/www.facebook.com\/Kosmosaizzinascentrs\/"]}]}},"_links":{"self":[{"href":"https:\/\/kosmosacentrs.lv\/lt\/wp-json\/wp\/v2\/pages\/4452","targetHints":{"allow":["GET"]}}],"collection":[{"href":"https:\/\/kosmosacentrs.lv\/lt\/wp-json\/wp\/v2\/pages"}],"about":[{"href":"https:\/\/kosmosacentrs.lv\/lt\/wp-json\/wp\/v2\/types\/page"}],"author":[{"embeddable":true,"href":"https:\/\/kosmosacentrs.lv\/lt\/wp-json\/wp\/v2\/users\/7"}],"replies":[{"embeddable":true,"href":"https:\/\/kosmosacentrs.lv\/lt\/wp-json\/wp\/v2\/comments?post=4452"}],"version-history":[{"count":111,"href":"https:\/\/kosmosacentrs.lv\/lt\/wp-json\/wp\/v2\/pages\/4452\/revisions"}],"predecessor-version":[{"id":14066,"href":"https:\/\/kosmosacentrs.lv\/lt\/wp-json\/wp\/v2\/pages\/4452\/revisions\/14066"}],"wp:attachment":[{"href":"https:\/\/kosmosacentrs.lv\/lt\/wp-json\/wp\/v2\/media?parent=4452"}],"curies":[{"name":"wp","href":"https:\/\/api.w.org\/{rel}","templated":true}]}}