{"id":5688,"date":"2024-05-05T19:53:06","date_gmt":"2024-05-05T16:53:06","guid":{"rendered":"https:\/\/kosmosacentrs.lv\/?page_id=5688"},"modified":"2024-05-05T20:08:05","modified_gmt":"2024-05-05T17:08:05","slug":"ekspozicija-3-st-veseliba","status":"publish","type":"page","link":"https:\/\/kosmosacentrs.lv\/lt\/ekspozicija-3-st-veseliba\/","title":{"rendered":"Ekspoz\u012bcija &#8211; 3. st\u0101vs Astronautu treni\u0146i &#8211; vesel\u012bba"},"content":{"rendered":"\t\t<div data-elementor-type=\"wp-page\" data-elementor-id=\"5688\" class=\"elementor elementor-5688\">\n\t\t\t\t<div class=\"elementor-element elementor-element-6d2a84d e-flex e-con-boxed e-con e-parent\" data-id=\"6d2a84d\" data-element_type=\"container\" data-e-type=\"container\">\n\t\t\t\t\t<div class=\"e-con-inner\">\n\t\t<div class=\"elementor-element elementor-element-6dd191b e-con-full e-flex e-con e-parent\" data-id=\"6dd191b\" data-element_type=\"container\" data-e-type=\"container\">\n\t\t\t\t<div class=\"elementor-element elementor-element-11b1dd6 elementor-widget elementor-widget-image\" data-id=\"11b1dd6\" data-element_type=\"widget\" data-e-type=\"widget\" data-widget_type=\"image.default\">\n\t\t\t\t<div class=\"elementor-widget-container\">\n\t\t\t\t\t\t\t\t\t\t\t\t\t\t\t<img fetchpriority=\"high\" decoding=\"async\" width=\"1443\" height=\"1265\" src=\"https:\/\/kosmosacentrs.lv\/wp-content\/uploads\/Veseliba-ikona.png\" class=\"attachment-full size-full wp-image-5690\" alt=\"\" srcset=\"https:\/\/kosmosacentrs.lv\/wp-content\/uploads\/Veseliba-ikona.png 1443w, https:\/\/kosmosacentrs.lv\/wp-content\/uploads\/Veseliba-ikona-300x263.png 300w, https:\/\/kosmosacentrs.lv\/wp-content\/uploads\/Veseliba-ikona-1024x898.png 1024w, https:\/\/kosmosacentrs.lv\/wp-content\/uploads\/Veseliba-ikona-768x673.png 768w\" sizes=\"(max-width: 1443px) 100vw, 1443px\" \/>\t\t\t\t\t\t\t\t\t\t\t\t\t\t\t<\/div>\n\t\t\t\t<\/div>\n\t\t\t\t<\/div>\n\t\t<div class=\"elementor-element elementor-element-4d8af09 e-con-full e-flex e-con e-parent\" data-id=\"4d8af09\" data-element_type=\"container\" data-e-type=\"container\">\n\t\t\t\t<div class=\"elementor-element elementor-element-1a25f9b elementor-widget elementor-widget-text-editor\" data-id=\"1a25f9b\" data-element_type=\"widget\" data-e-type=\"widget\" data-widget_type=\"text-editor.default\">\n\t\t\t\t<div class=\"elementor-widget-container\">\n\t\t\t\t\t\t\t\t\t<p><span style=\"font-family: georgia, palatino, serif; color: #f6a310;\"><strong><span style=\"font-size: 36pt;\">K\u0101 darbojas tava sirds?<\/span><\/strong><\/span><\/p>\t\t\t\t\t\t\t\t<\/div>\n\t\t\t\t<\/div>\n\t\t\t\t<\/div>\n\t\t\t\t\t<\/div>\n\t\t\t\t<\/div>\n\t\t<div class=\"elementor-element elementor-element-4b1a2b9 e-flex e-con-boxed e-con e-parent\" data-id=\"4b1a2b9\" data-element_type=\"container\" data-e-type=\"container\" data-settings=\"{&quot;background_background&quot;:&quot;classic&quot;}\">\n\t\t\t\t\t<div class=\"e-con-inner\">\n\t\t<div class=\"elementor-element elementor-element-a958ed2 e-con-full e-flex e-con e-parent\" data-id=\"a958ed2\" data-element_type=\"container\" data-e-type=\"container\">\n\t\t\t\t<div class=\"elementor-element elementor-element-8c142d8 elementor-widget elementor-widget-text-editor\" data-id=\"8c142d8\" data-element_type=\"widget\" data-e-type=\"widget\" data-widget_type=\"text-editor.default\">\n\t\t\t\t<div class=\"elementor-widget-container\">\n\t\t\t\t\t\t\t\t\t<p><strong><span style=\"color: #f6a310;\">Pulss ir viens no noz\u012bm\u012bg\u0101kajem sirds raksturlielumiem!<\/span><\/strong><\/p><p>Pulss ir sirds sarau\u0161an\u0101s reizes vien\u0101 min\u016bt\u0113. Katra sirds sarau\u0161an\u0101s rada asins vilni tavos asinsvados.<\/p><p>\u00a0<\/p><p>Lai to sajustu, tu vari <span style=\"color: #f6a310;\">uzlikt<\/span> <span style=\"color: #f6a310;\">divus pirkstus<\/span> uz plaukstas pamatnes loc\u012btavas. Atrodi pirmo rievi\u0146u un maigi uzliec pirkstus. Tagad tu j\u016bti savu sirdi!<\/p>\t\t\t\t\t\t\t\t<\/div>\n\t\t\t\t<\/div>\n\t\t\t\t<\/div>\n\t\t<div class=\"elementor-element elementor-element-75329d9 e-con-full e-flex e-con e-parent\" data-id=\"75329d9\" data-element_type=\"container\" data-e-type=\"container\">\n\t\t\t\t<div class=\"elementor-element elementor-element-8bda489 elementor-widget elementor-widget-image\" data-id=\"8bda489\" data-element_type=\"widget\" data-e-type=\"widget\" data-widget_type=\"image.default\">\n\t\t\t\t<div class=\"elementor-widget-container\">\n\t\t\t\t\t\t\t\t\t\t\t\t\t\t\t<img decoding=\"async\" width=\"640\" height=\"640\" src=\"https:\/\/kosmosacentrs.lv\/wp-content\/uploads\/Pulss-uz-rokas-1-1024x1024.png\" class=\"attachment-large size-large wp-image-5711\" alt=\"\" srcset=\"https:\/\/kosmosacentrs.lv\/wp-content\/uploads\/Pulss-uz-rokas-1-1024x1024.png 1024w, https:\/\/kosmosacentrs.lv\/wp-content\/uploads\/Pulss-uz-rokas-1-300x300.png 300w, https:\/\/kosmosacentrs.lv\/wp-content\/uploads\/Pulss-uz-rokas-1-150x150.png 150w, https:\/\/kosmosacentrs.lv\/wp-content\/uploads\/Pulss-uz-rokas-1-768x768.png 768w, https:\/\/kosmosacentrs.lv\/wp-content\/uploads\/Pulss-uz-rokas-1-1536x1536.png 1536w, https:\/\/kosmosacentrs.lv\/wp-content\/uploads\/Pulss-uz-rokas-1-2048x2048.png 2048w\" sizes=\"(max-width: 640px) 100vw, 640px\" \/>\t\t\t\t\t\t\t\t\t\t\t\t\t\t\t<\/div>\n\t\t\t\t<\/div>\n\t\t\t\t<\/div>\n\t\t\t\t\t<\/div>\n\t\t\t\t<\/div>\n\t\t<div class=\"elementor-element elementor-element-63b5580 e-flex e-con-boxed e-con e-parent\" data-id=\"63b5580\" data-element_type=\"container\" data-e-type=\"container\" data-settings=\"{&quot;background_background&quot;:&quot;classic&quot;}\">\n\t\t\t\t\t<div class=\"e-con-inner\">\n\t\t<div class=\"elementor-element elementor-element-e1a0037 e-con-full e-flex e-con e-parent\" data-id=\"e1a0037\" data-element_type=\"container\" data-e-type=\"container\">\n\t\t\t\t<div class=\"elementor-element elementor-element-26506d4 elementor-widget elementor-widget-text-editor\" data-id=\"26506d4\" data-element_type=\"widget\" data-e-type=\"widget\" data-widget_type=\"text-editor.default\">\n\t\t\t\t<div class=\"elementor-widget-container\">\n\t\t\t\t\t\t\t\t\t<p><strong><span style=\"font-size: 14pt;\">Lai tu \u0101tr\u0101k uzzin\u0101tu savu pulsu, pal\u012bdz\u0113s <span style=\"color: #f6a310;\">pulsa oksimetrs!<\/span> Tas uztver asins pl\u016bsmas vilni tav\u0101 viet\u0101.<\/span><\/strong><\/p><p>\u00a0<\/p><p><span style=\"font-size: 14pt;\"><strong><span style=\"color: #f6a310;\">1. <\/span><\/strong><span style=\"font-size: 12pt;\">Uzliec pirkstu uz sensora sarkan\u0101s gaismas un v\u0113ro ekr\u0101nu.<\/span><\/span><br \/><span style=\"font-size: 14pt; color: #f6a310;\"><strong>2. <\/strong><\/span><span style=\"font-size: 12pt;\">Nekustinot pirkstu, pagaidi 20 sekundes.<\/span><br \/><span style=\"font-size: 14pt; color: #f6a310;\"><strong>3. <\/strong><\/span><span style=\"font-size: 12pt;\">Ekr\u0101n\u0101 par\u0101d\u012bsies tavs pulss, iegaum\u0113 to.<\/span><br \/><span style=\"font-size: 14pt; color: #f6a310;\"><strong>4.<\/strong><\/span><span style=\"font-size: 14pt;\"><span style=\"font-size: 12pt;\"> Dodies pie ekr\u0101na un apskati, cik \u0101tri darbojas tava sirds.<\/span><\/span><\/p>\t\t\t\t\t\t\t\t<\/div>\n\t\t\t\t<\/div>\n\t\t\t\t<\/div>\n\t\t<div class=\"elementor-element elementor-element-3dced5f e-con-full e-flex e-con e-parent\" data-id=\"3dced5f\" data-element_type=\"container\" data-e-type=\"container\">\n\t\t\t\t<div class=\"elementor-element elementor-element-fcf51fc elementor-widget__width-initial elementor-widget elementor-widget-image\" data-id=\"fcf51fc\" data-element_type=\"widget\" data-e-type=\"widget\" data-widget_type=\"image.default\">\n\t\t\t\t<div class=\"elementor-widget-container\">\n\t\t\t\t\t\t\t\t\t\t\t\t\t\t\t<img decoding=\"async\" width=\"3412\" height=\"3412\" src=\"https:\/\/kosmosacentrs.lv\/wp-content\/uploads\/Pulss-uz-oksimetra-1.png\" class=\"attachment-full size-full wp-image-5701\" alt=\"\" srcset=\"https:\/\/kosmosacentrs.lv\/wp-content\/uploads\/Pulss-uz-oksimetra-1.png 3412w, https:\/\/kosmosacentrs.lv\/wp-content\/uploads\/Pulss-uz-oksimetra-1-300x300.png 300w, https:\/\/kosmosacentrs.lv\/wp-content\/uploads\/Pulss-uz-oksimetra-1-1024x1024.png 1024w, https:\/\/kosmosacentrs.lv\/wp-content\/uploads\/Pulss-uz-oksimetra-1-150x150.png 150w, https:\/\/kosmosacentrs.lv\/wp-content\/uploads\/Pulss-uz-oksimetra-1-768x768.png 768w, https:\/\/kosmosacentrs.lv\/wp-content\/uploads\/Pulss-uz-oksimetra-1-1536x1536.png 1536w, https:\/\/kosmosacentrs.lv\/wp-content\/uploads\/Pulss-uz-oksimetra-1-2048x2048.png 2048w\" sizes=\"(max-width: 3412px) 100vw, 3412px\" \/>\t\t\t\t\t\t\t\t\t\t\t\t\t\t\t<\/div>\n\t\t\t\t<\/div>\n\t\t\t\t<\/div>\n\t\t\t\t\t<\/div>\n\t\t\t\t<\/div>\n\t\t\t\t<\/div>\n\t\t","protected":false},"excerpt":{"rendered":"<p>K\u0101 darbojas tava sirds? Pulss ir viens no noz\u012bm\u012bg\u0101kajem sirds raksturlielumiem! Pulss ir sirds sarau\u0161an\u0101s reizes vien\u0101 min\u016bt\u0113. Katra sirds sarau\u0161an\u0101s rada asins vilni tavos asinsvados. \u00a0 Lai to sajustu, tu vari uzlikt divus pirkstus uz plaukstas pamatnes loc\u012btavas. Atrodi pirmo rievi\u0146u un maigi uzliec pirkstus. Tagad tu j\u016bti savu sirdi! Lai tu \u0101tr\u0101k uzzin\u0101tu [&hellip;]<\/p>\n","protected":false},"author":7,"featured_media":0,"parent":0,"menu_order":0,"comment_status":"closed","ping_status":"closed","template":"","meta":{"inline_featured_image":false,"footnotes":""},"class_list":["post-5688","page","type-page","status-publish","hentry"],"yoast_head":"<!-- This site is optimized with the Yoast SEO plugin v20.4 - https:\/\/yoast.com\/wordpress\/plugins\/seo\/ -->\n<title>Ekspoz\u012bcija - 3. st\u0101vs Astronautu treni\u0146i - vesel\u012bba - Kosmosa izzi\u0146as centrs<\/title>\n<meta name=\"robots\" content=\"index, follow, max-snippet:-1, max-image-preview:large, max-video-preview:-1\" \/>\n<link rel=\"canonical\" href=\"https:\/\/kosmosacentrs.lv\/ekspozicija-3-st-veseliba\/\" \/>\n<meta property=\"og:locale\" content=\"lt_LT\" \/>\n<meta property=\"og:type\" content=\"article\" \/>\n<meta property=\"og:title\" content=\"Ekspoz\u012bcija - 3. st\u0101vs Astronautu treni\u0146i - vesel\u012bba - Kosmosa izzi\u0146as centrs\" \/>\n<meta property=\"og:description\" content=\"K\u0101 darbojas tava sirds? Pulss ir viens no noz\u012bm\u012bg\u0101kajem sirds raksturlielumiem! Pulss ir sirds sarau\u0161an\u0101s reizes vien\u0101 min\u016bt\u0113. Katra sirds sarau\u0161an\u0101s rada asins vilni tavos asinsvados. \u00a0 Lai to sajustu, tu vari uzlikt divus pirkstus uz plaukstas pamatnes loc\u012btavas. Atrodi pirmo rievi\u0146u un maigi uzliec pirkstus. Tagad tu j\u016bti savu sirdi! Lai tu \u0101tr\u0101k uzzin\u0101tu [&hellip;]\" \/>\n<meta property=\"og:url\" content=\"https:\/\/kosmosacentrs.lv\/ekspozicija-3-st-veseliba\/\" \/>\n<meta property=\"og:site_name\" content=\"Kosmosa izzi\u0146as centrs\" \/>\n<meta property=\"article:publisher\" content=\"https:\/\/www.facebook.com\/Kosmosaizzinascentrs\/\" \/>\n<meta property=\"article:modified_time\" content=\"2024-05-05T17:08:05+00:00\" \/>\n<meta property=\"og:image\" content=\"https:\/\/kosmosacentrs.lv\/wp-content\/uploads\/Veseliba-ikona.png\" \/>\n<meta name=\"twitter:card\" content=\"summary_large_image\" \/>\n<meta name=\"twitter:label1\" content=\"Est. reading time\" \/>\n\t<meta name=\"twitter:data1\" content=\"2 minut\u0117s\" \/>\n<script type=\"application\/ld+json\" class=\"yoast-schema-graph\">{\"@context\":\"https:\/\/schema.org\",\"@graph\":[{\"@type\":\"WebPage\",\"@id\":\"https:\/\/kosmosacentrs.lv\/ekspozicija-3-st-veseliba\/\",\"url\":\"https:\/\/kosmosacentrs.lv\/ekspozicija-3-st-veseliba\/\",\"name\":\"Ekspoz\u012bcija - 3. st\u0101vs Astronautu treni\u0146i - vesel\u012bba - Kosmosa izzi\u0146as centrs\",\"isPartOf\":{\"@id\":\"https:\/\/kosmosacentrs.lv\/#website\"},\"datePublished\":\"2024-05-05T16:53:06+00:00\",\"dateModified\":\"2024-05-05T17:08:05+00:00\",\"breadcrumb\":{\"@id\":\"https:\/\/kosmosacentrs.lv\/ekspozicija-3-st-veseliba\/#breadcrumb\"},\"inLanguage\":\"lt-LT\",\"potentialAction\":[{\"@type\":\"ReadAction\",\"target\":[\"https:\/\/kosmosacentrs.lv\/ekspozicija-3-st-veseliba\/\"]}]},{\"@type\":\"BreadcrumbList\",\"@id\":\"https:\/\/kosmosacentrs.lv\/ekspozicija-3-st-veseliba\/#breadcrumb\",\"itemListElement\":[{\"@type\":\"ListItem\",\"position\":1,\"name\":\"Home\",\"item\":\"https:\/\/kosmosacentrs.lv\/\"},{\"@type\":\"ListItem\",\"position\":2,\"name\":\"Ekspoz\u012bcija &#8211; 3. st\u0101vs Astronautu treni\u0146i &#8211; vesel\u012bba\"}]},{\"@type\":\"WebSite\",\"@id\":\"https:\/\/kosmosacentrs.lv\/#website\",\"url\":\"https:\/\/kosmosacentrs.lv\/\",\"name\":\"Kosmosa izzi\u0146as centrs\",\"description\":\"KIC.LV\",\"publisher\":{\"@id\":\"https:\/\/kosmosacentrs.lv\/#organization\"},\"potentialAction\":[{\"@type\":\"SearchAction\",\"target\":{\"@type\":\"EntryPoint\",\"urlTemplate\":\"https:\/\/kosmosacentrs.lv\/?s={search_term_string}\"},\"query-input\":\"required name=search_term_string\"}],\"inLanguage\":\"lt-LT\"},{\"@type\":\"Organization\",\"@id\":\"https:\/\/kosmosacentrs.lv\/#organization\",\"name\":\"Kosmosa izzi\u0146as centrs\",\"url\":\"https:\/\/kosmosacentrs.lv\/\",\"logo\":{\"@type\":\"ImageObject\",\"inLanguage\":\"lt-LT\",\"@id\":\"https:\/\/kosmosacentrs.lv\/#\/schema\/logo\/image\/\",\"url\":\"https:\/\/kosmosacentrs.lv\/wp-content\/uploads\/logo.svg\",\"contentUrl\":\"https:\/\/kosmosacentrs.lv\/wp-content\/uploads\/logo.svg\",\"width\":997,\"height\":712,\"caption\":\"Kosmosa izzi\u0146as centrs\"},\"image\":{\"@id\":\"https:\/\/kosmosacentrs.lv\/#\/schema\/logo\/image\/\"},\"sameAs\":[\"https:\/\/www.facebook.com\/Kosmosaizzinascentrs\/\"]}]}<\/script>\n<!-- \/ Yoast SEO plugin. -->","yoast_head_json":{"title":"Ekspoz\u012bcija - 3. st\u0101vs Astronautu treni\u0146i - vesel\u012bba - Kosmosa izzi\u0146as centrs","robots":{"index":"index","follow":"follow","max-snippet":"max-snippet:-1","max-image-preview":"max-image-preview:large","max-video-preview":"max-video-preview:-1"},"canonical":"https:\/\/kosmosacentrs.lv\/ekspozicija-3-st-veseliba\/","og_locale":"lt_LT","og_type":"article","og_title":"Ekspoz\u012bcija - 3. st\u0101vs Astronautu treni\u0146i - vesel\u012bba - Kosmosa izzi\u0146as centrs","og_description":"K\u0101 darbojas tava sirds? Pulss ir viens no noz\u012bm\u012bg\u0101kajem sirds raksturlielumiem! Pulss ir sirds sarau\u0161an\u0101s reizes vien\u0101 min\u016bt\u0113. Katra sirds sarau\u0161an\u0101s rada asins vilni tavos asinsvados. \u00a0 Lai to sajustu, tu vari uzlikt divus pirkstus uz plaukstas pamatnes loc\u012btavas. Atrodi pirmo rievi\u0146u un maigi uzliec pirkstus. Tagad tu j\u016bti savu sirdi! Lai tu \u0101tr\u0101k uzzin\u0101tu [&hellip;]","og_url":"https:\/\/kosmosacentrs.lv\/ekspozicija-3-st-veseliba\/","og_site_name":"Kosmosa izzi\u0146as centrs","article_publisher":"https:\/\/www.facebook.com\/Kosmosaizzinascentrs\/","article_modified_time":"2024-05-05T17:08:05+00:00","og_image":[{"url":"https:\/\/kosmosacentrs.lv\/wp-content\/uploads\/Veseliba-ikona.png"}],"twitter_card":"summary_large_image","twitter_misc":{"Est. reading time":"2 minut\u0117s"},"schema":{"@context":"https:\/\/schema.org","@graph":[{"@type":"WebPage","@id":"https:\/\/kosmosacentrs.lv\/ekspozicija-3-st-veseliba\/","url":"https:\/\/kosmosacentrs.lv\/ekspozicija-3-st-veseliba\/","name":"Ekspoz\u012bcija - 3. st\u0101vs Astronautu treni\u0146i - vesel\u012bba - Kosmosa izzi\u0146as centrs","isPartOf":{"@id":"https:\/\/kosmosacentrs.lv\/#website"},"datePublished":"2024-05-05T16:53:06+00:00","dateModified":"2024-05-05T17:08:05+00:00","breadcrumb":{"@id":"https:\/\/kosmosacentrs.lv\/ekspozicija-3-st-veseliba\/#breadcrumb"},"inLanguage":"lt-LT","potentialAction":[{"@type":"ReadAction","target":["https:\/\/kosmosacentrs.lv\/ekspozicija-3-st-veseliba\/"]}]},{"@type":"BreadcrumbList","@id":"https:\/\/kosmosacentrs.lv\/ekspozicija-3-st-veseliba\/#breadcrumb","itemListElement":[{"@type":"ListItem","position":1,"name":"Home","item":"https:\/\/kosmosacentrs.lv\/"},{"@type":"ListItem","position":2,"name":"Ekspoz\u012bcija &#8211; 3. st\u0101vs Astronautu treni\u0146i &#8211; vesel\u012bba"}]},{"@type":"WebSite","@id":"https:\/\/kosmosacentrs.lv\/#website","url":"https:\/\/kosmosacentrs.lv\/","name":"Kosmosa izzi\u0146as centrs","description":"KIC.LV","publisher":{"@id":"https:\/\/kosmosacentrs.lv\/#organization"},"potentialAction":[{"@type":"SearchAction","target":{"@type":"EntryPoint","urlTemplate":"https:\/\/kosmosacentrs.lv\/?s={search_term_string}"},"query-input":"required name=search_term_string"}],"inLanguage":"lt-LT"},{"@type":"Organization","@id":"https:\/\/kosmosacentrs.lv\/#organization","name":"Kosmosa izzi\u0146as centrs","url":"https:\/\/kosmosacentrs.lv\/","logo":{"@type":"ImageObject","inLanguage":"lt-LT","@id":"https:\/\/kosmosacentrs.lv\/#\/schema\/logo\/image\/","url":"https:\/\/kosmosacentrs.lv\/wp-content\/uploads\/logo.svg","contentUrl":"https:\/\/kosmosacentrs.lv\/wp-content\/uploads\/logo.svg","width":997,"height":712,"caption":"Kosmosa izzi\u0146as centrs"},"image":{"@id":"https:\/\/kosmosacentrs.lv\/#\/schema\/logo\/image\/"},"sameAs":["https:\/\/www.facebook.com\/Kosmosaizzinascentrs\/"]}]}},"_links":{"self":[{"href":"https:\/\/kosmosacentrs.lv\/lt\/wp-json\/wp\/v2\/pages\/5688","targetHints":{"allow":["GET"]}}],"collection":[{"href":"https:\/\/kosmosacentrs.lv\/lt\/wp-json\/wp\/v2\/pages"}],"about":[{"href":"https:\/\/kosmosacentrs.lv\/lt\/wp-json\/wp\/v2\/types\/page"}],"author":[{"embeddable":true,"href":"https:\/\/kosmosacentrs.lv\/lt\/wp-json\/wp\/v2\/users\/7"}],"replies":[{"embeddable":true,"href":"https:\/\/kosmosacentrs.lv\/lt\/wp-json\/wp\/v2\/comments?post=5688"}],"version-history":[{"count":4,"href":"https:\/\/kosmosacentrs.lv\/lt\/wp-json\/wp\/v2\/pages\/5688\/revisions"}],"predecessor-version":[{"id":5718,"href":"https:\/\/kosmosacentrs.lv\/lt\/wp-json\/wp\/v2\/pages\/5688\/revisions\/5718"}],"wp:attachment":[{"href":"https:\/\/kosmosacentrs.lv\/lt\/wp-json\/wp\/v2\/media?parent=5688"}],"curies":[{"name":"wp","href":"https:\/\/api.w.org\/{rel}","templated":true}]}}