{"id":5719,"date":"2024-05-05T20:09:33","date_gmt":"2024-05-05T17:09:33","guid":{"rendered":"https:\/\/kosmosacentrs.lv\/?page_id=5719"},"modified":"2024-05-05T20:30:19","modified_gmt":"2024-05-05T17:30:19","slug":"ekspozicija-3-st-lidzsvars","status":"publish","type":"page","link":"https:\/\/kosmosacentrs.lv\/lt\/ekspozicija-3-st-lidzsvars\/","title":{"rendered":"Ekspoz\u012bcija &#8211; 3. st\u0101vs Astronautu treni\u0146i &#8211; l\u012bdzsvars"},"content":{"rendered":"\t\t<div data-elementor-type=\"wp-page\" data-elementor-id=\"5719\" class=\"elementor elementor-5719\">\n\t\t\t\t<div class=\"elementor-element elementor-element-6d2a84d e-flex e-con-boxed e-con e-parent\" data-id=\"6d2a84d\" data-element_type=\"container\" data-e-type=\"container\">\n\t\t\t\t\t<div class=\"e-con-inner\">\n\t\t<div class=\"elementor-element elementor-element-6dd191b e-con-full e-flex e-con e-parent\" data-id=\"6dd191b\" data-element_type=\"container\" data-e-type=\"container\">\n\t\t\t\t<div class=\"elementor-element elementor-element-11b1dd6 elementor-widget elementor-widget-image\" data-id=\"11b1dd6\" data-element_type=\"widget\" data-e-type=\"widget\" data-widget_type=\"image.default\">\n\t\t\t\t<div class=\"elementor-widget-container\">\n\t\t\t\t\t\t\t\t\t\t\t\t\t\t\t<img fetchpriority=\"high\" decoding=\"async\" width=\"258\" height=\"325\" src=\"https:\/\/kosmosacentrs.lv\/wp-content\/uploads\/Lidzsvars-bilde.png\" class=\"attachment-full size-full wp-image-5721\" alt=\"\" srcset=\"https:\/\/kosmosacentrs.lv\/wp-content\/uploads\/Lidzsvars-bilde.png 258w, https:\/\/kosmosacentrs.lv\/wp-content\/uploads\/Lidzsvars-bilde-238x300.png 238w\" sizes=\"(max-width: 258px) 100vw, 258px\" \/>\t\t\t\t\t\t\t\t\t\t\t\t\t\t\t<\/div>\n\t\t\t\t<\/div>\n\t\t\t\t<\/div>\n\t\t<div class=\"elementor-element elementor-element-4d8af09 e-con-full e-flex e-con e-parent\" data-id=\"4d8af09\" data-element_type=\"container\" data-e-type=\"container\">\n\t\t\t\t<div class=\"elementor-element elementor-element-1a25f9b elementor-widget elementor-widget-text-editor\" data-id=\"1a25f9b\" data-element_type=\"widget\" data-e-type=\"widget\" data-widget_type=\"text-editor.default\">\n\t\t\t\t<div class=\"elementor-widget-container\">\n\t\t\t\t\t\t\t\t\t<p><span style=\"font-family: georgia, palatino, serif; color: #f6a310;\"><strong><span style=\"font-size: 36pt;\">L\u012bdzsvars<\/span><\/strong><\/span><\/p><table style=\"border-collapse: collapse; width: 100%; height: 180px;\"><tbody><tr style=\"height: 36px;\"><td style=\"width: 8.49056%; height: 36px;\"><span style=\"font-size: 12pt;\"><span style=\"color: #f6a310;\"><img decoding=\"async\" class=\"alignnone wp-image-5457\" src=\"https:\/\/kosmosacentrs.lv\/wp-content\/uploads\/Bilde-merkis.png\" alt=\"\" width=\"39\" height=\"39\" \/><\/span><\/span><\/td><td style=\"width: 91.5094%; height: 36px;\">Re\u0123istr\u0113 karti!<\/td><\/tr><tr style=\"height: 36px;\"><td style=\"width: 8.49056%; height: 36px;\"><span style=\"font-size: 12pt;\"><span style=\"color: #f6a310;\"><img decoding=\"async\" class=\"alignnone wp-image-5457\" src=\"https:\/\/kosmosacentrs.lv\/wp-content\/uploads\/Bilde-merkis.png\" alt=\"\" width=\"39\" height=\"39\" \/><\/span><\/span><\/td><td style=\"width: 91.5094%; height: 36px;\">Uzk\u0101p uz kust\u012bg\u0101s platformas!<\/td><\/tr><tr style=\"height: 36px;\"><td style=\"width: 8.49056%; height: 36px;\"><span style=\"font-size: 12pt;\"><span style=\"color: #f6a310;\"><img decoding=\"async\" class=\"alignnone wp-image-5457\" src=\"https:\/\/kosmosacentrs.lv\/wp-content\/uploads\/Bilde-merkis.png\" alt=\"\" width=\"39\" height=\"39\" \/><\/span><\/span><\/td><td style=\"width: 91.5094%; height: 36px;\">Iegaum\u0113 laiku!<\/td><\/tr><tr style=\"height: 72px;\"><td style=\"width: 8.49056%; height: 72px;\"><span style=\"font-size: 12pt;\"><span style=\"color: #f6a310;\"><img decoding=\"async\" class=\"alignnone wp-image-5457\" src=\"https:\/\/kosmosacentrs.lv\/wp-content\/uploads\/Bilde-merkis.png\" alt=\"\" width=\"39\" height=\"39\" \/><\/span><\/span><\/td><td style=\"width: 91.5094%; height: 72px;\">Turpini tren\u0113ties ar\u012b m\u0101j\u0101s! Nost\u0101jies uz vienas k\u0101jas, turi l\u012bdzsvaru cik ilgi vari! M\u0113\u0123ini notur\u0113t l\u012bdzsvaru, aizv\u0113rot acis!<\/td><\/tr><\/tbody><\/table><p>\u00a0<\/p><p>Astronautiem l\u012bdzsvara treni\u0146i ir noz\u012bm\u012bgi, lai tie sp\u0113tu piel\u0101goties gravit\u0101cijas sp\u0113ka izmai\u0146\u0101m uz zemes un orbit\u0101laj\u0101 stacij\u0101.<\/p>\t\t\t\t\t\t\t\t<\/div>\n\t\t\t\t<\/div>\n\t\t\t\t<\/div>\n\t\t\t\t\t<\/div>\n\t\t\t\t<\/div>\n\t\t<div class=\"elementor-element elementor-element-4b1a2b9 e-flex e-con-boxed e-con e-parent\" data-id=\"4b1a2b9\" data-element_type=\"container\" data-e-type=\"container\" data-settings=\"{&quot;background_background&quot;:&quot;classic&quot;}\">\n\t\t\t\t\t<div class=\"e-con-inner\">\n\t\t<div class=\"elementor-element elementor-element-a958ed2 e-con-full e-flex e-con e-parent\" data-id=\"a958ed2\" data-element_type=\"container\" data-e-type=\"container\">\n\t\t\t\t<div class=\"elementor-element elementor-element-8c142d8 elementor-widget elementor-widget-text-editor\" data-id=\"8c142d8\" data-element_type=\"widget\" data-e-type=\"widget\" data-widget_type=\"text-editor.default\">\n\t\t\t\t<div class=\"elementor-widget-container\">\n\t\t\t\t\t\t\t\t\t<p><span style=\"font-size: 14pt;\"><strong><span style=\"color: #f6a310;\">K\u0101 tu noturi l\u012bdzsvaru?<\/span><\/strong><\/span><\/p><p>Lai saglab\u0101tu l\u012bdzsvaru Tev j\u0101zina vai Tu kusties! To pal\u012bdz noteikt pusloka kan\u0101li iek\u0161\u0113j\u0101 aus\u012b.<\/p><p><span style=\"font-size: 14pt;\"><strong><span style=\"color: #f6a310;\">1. <\/span><\/strong><\/span>Pusloka kan\u0101li<\/p><p><span style=\"font-size: 14pt;\"><strong><span style=\"color: #f6a310;\">2. <\/span><\/strong><\/span> Kupols<\/p><p><span style=\"font-size: 14pt;\"><strong><span style=\"color: #f6a310;\">3. <\/span><\/strong><\/span>Mati\u0146\u0161\u016bnas (iek\u0161\u0113j\u0101s mati\u0146u \u0161\u016bnas \/ \u0101r\u0113j\u0101s mati\u0146u \u0161\u016bnas)<\/p><p><span style=\"font-size: 14pt;\"><strong><span style=\"color: #f6a310;\">4. <\/span><\/strong><\/span> Ampula<\/p><p><span style=\"font-size: 14pt;\"><strong><span style=\"color: #f6a310;\">5. <\/span><\/strong><\/span> Kupols<\/p>\t\t\t\t\t\t\t\t<\/div>\n\t\t\t\t<\/div>\n\t\t\t\t<\/div>\n\t\t<div class=\"elementor-element elementor-element-75329d9 e-con-full e-flex e-con e-parent\" data-id=\"75329d9\" data-element_type=\"container\" data-e-type=\"container\">\n\t\t\t\t<div class=\"elementor-element elementor-element-8bda489 elementor-widget elementor-widget-image\" data-id=\"8bda489\" data-element_type=\"widget\" data-e-type=\"widget\" data-widget_type=\"image.default\">\n\t\t\t\t<div class=\"elementor-widget-container\">\n\t\t\t\t\t\t\t\t\t\t\t\t\t\t\t<img decoding=\"async\" width=\"640\" height=\"316\" src=\"https:\/\/kosmosacentrs.lv\/wp-content\/uploads\/Auss-grafika.png\" class=\"attachment-large size-large wp-image-5727\" alt=\"\" srcset=\"https:\/\/kosmosacentrs.lv\/wp-content\/uploads\/Auss-grafika.png 728w, https:\/\/kosmosacentrs.lv\/wp-content\/uploads\/Auss-grafika-300x148.png 300w\" sizes=\"(max-width: 640px) 100vw, 640px\" \/>\t\t\t\t\t\t\t\t\t\t\t\t\t\t\t<\/div>\n\t\t\t\t<\/div>\n\t\t\t\t<\/div>\n\t\t\t\t\t<\/div>\n\t\t\t\t<\/div>\n\t\t<div class=\"elementor-element elementor-element-c56e4d2 e-flex e-con-boxed e-con e-parent\" data-id=\"c56e4d2\" data-element_type=\"container\" data-e-type=\"container\" data-settings=\"{&quot;background_background&quot;:&quot;classic&quot;}\">\n\t\t\t\t\t<div class=\"e-con-inner\">\n\t\t\t\t<div class=\"elementor-element elementor-element-115636c elementor-widget elementor-widget-text-editor\" data-id=\"115636c\" data-element_type=\"widget\" data-e-type=\"widget\" data-widget_type=\"text-editor.default\">\n\t\t\t\t<div class=\"elementor-widget-container\">\n\t\t\t\t\t\t\t\t\t<p><span style=\"color: #f6a310;\">Pusloka kan\u0101li\u0146os<\/span> (<span style=\"font-size: 14pt; color: #f6a310;\"><strong>1.<\/strong><\/span>) ir \u0161\u0137idrums. Kustoties ar\u012b \u0161\u0137idrums s\u0101k kust\u0113ties. To uztver <span style=\"color: #f6a310;\">mati\u0146\u0161\u016bnas<\/span>\u00a0(<span style=\"font-size: 14pt; color: #f6a310;\"><strong>2.<\/strong><\/span>) kan\u0101la sien\u0101 un par kust\u012bbu pazi\u0146o m\u016bsu smadzen\u0113m. Smadzenes liek musku\u013ciem pretdarboties kust\u012bbai un notur\u0113t l\u012bdzsvaru.<\/p>\t\t\t\t\t\t\t\t<\/div>\n\t\t\t\t<\/div>\n\t\t\t\t\t<\/div>\n\t\t\t\t<\/div>\n\t\t\t\t<\/div>\n\t\t","protected":false},"excerpt":{"rendered":"<p>L\u012bdzsvars Re\u0123istr\u0113 karti! Uzk\u0101p uz kust\u012bg\u0101s platformas! Iegaum\u0113 laiku! Turpini tren\u0113ties ar\u012b m\u0101j\u0101s! Nost\u0101jies uz vienas k\u0101jas, turi l\u012bdzsvaru cik ilgi vari! M\u0113\u0123ini notur\u0113t l\u012bdzsvaru, aizv\u0113rot acis! \u00a0 Astronautiem l\u012bdzsvara treni\u0146i ir noz\u012bm\u012bgi, lai tie sp\u0113tu piel\u0101goties gravit\u0101cijas sp\u0113ka izmai\u0146\u0101m uz zemes un orbit\u0101laj\u0101 stacij\u0101. K\u0101 tu noturi l\u012bdzsvaru? Lai saglab\u0101tu l\u012bdzsvaru Tev j\u0101zina vai [&hellip;]<\/p>\n","protected":false},"author":7,"featured_media":0,"parent":0,"menu_order":0,"comment_status":"closed","ping_status":"closed","template":"","meta":{"inline_featured_image":false,"footnotes":""},"class_list":["post-5719","page","type-page","status-publish","hentry"],"yoast_head":"<!-- This site is optimized with the Yoast SEO plugin v20.4 - https:\/\/yoast.com\/wordpress\/plugins\/seo\/ -->\n<title>Ekspoz\u012bcija - 3. st\u0101vs Astronautu treni\u0146i - l\u012bdzsvars - Kosmosa izzi\u0146as centrs<\/title>\n<meta name=\"robots\" content=\"index, follow, max-snippet:-1, max-image-preview:large, max-video-preview:-1\" \/>\n<link rel=\"canonical\" href=\"https:\/\/kosmosacentrs.lv\/ekspozicija-3-st-lidzsvars\/\" \/>\n<meta property=\"og:locale\" content=\"lt_LT\" \/>\n<meta property=\"og:type\" content=\"article\" \/>\n<meta property=\"og:title\" content=\"Ekspoz\u012bcija - 3. st\u0101vs Astronautu treni\u0146i - l\u012bdzsvars - Kosmosa izzi\u0146as centrs\" \/>\n<meta property=\"og:description\" content=\"L\u012bdzsvars Re\u0123istr\u0113 karti! Uzk\u0101p uz kust\u012bg\u0101s platformas! Iegaum\u0113 laiku! Turpini tren\u0113ties ar\u012b m\u0101j\u0101s! Nost\u0101jies uz vienas k\u0101jas, turi l\u012bdzsvaru cik ilgi vari! M\u0113\u0123ini notur\u0113t l\u012bdzsvaru, aizv\u0113rot acis! \u00a0 Astronautiem l\u012bdzsvara treni\u0146i ir noz\u012bm\u012bgi, lai tie sp\u0113tu piel\u0101goties gravit\u0101cijas sp\u0113ka izmai\u0146\u0101m uz zemes un orbit\u0101laj\u0101 stacij\u0101. K\u0101 tu noturi l\u012bdzsvaru? Lai saglab\u0101tu l\u012bdzsvaru Tev j\u0101zina vai [&hellip;]\" \/>\n<meta property=\"og:url\" content=\"https:\/\/kosmosacentrs.lv\/ekspozicija-3-st-lidzsvars\/\" \/>\n<meta property=\"og:site_name\" content=\"Kosmosa izzi\u0146as centrs\" \/>\n<meta property=\"article:publisher\" content=\"https:\/\/www.facebook.com\/Kosmosaizzinascentrs\/\" \/>\n<meta property=\"article:modified_time\" content=\"2024-05-05T17:30:19+00:00\" \/>\n<meta property=\"og:image\" content=\"https:\/\/kosmosacentrs.lv\/wp-content\/uploads\/Lidzsvars-bilde.png\" \/>\n<meta name=\"twitter:card\" content=\"summary_large_image\" \/>\n<meta name=\"twitter:label1\" content=\"Est. reading time\" \/>\n\t<meta name=\"twitter:data1\" content=\"2 minut\u0117s\" \/>\n<script type=\"application\/ld+json\" class=\"yoast-schema-graph\">{\"@context\":\"https:\/\/schema.org\",\"@graph\":[{\"@type\":\"WebPage\",\"@id\":\"https:\/\/kosmosacentrs.lv\/ekspozicija-3-st-lidzsvars\/\",\"url\":\"https:\/\/kosmosacentrs.lv\/ekspozicija-3-st-lidzsvars\/\",\"name\":\"Ekspoz\u012bcija - 3. st\u0101vs Astronautu treni\u0146i - l\u012bdzsvars - Kosmosa izzi\u0146as centrs\",\"isPartOf\":{\"@id\":\"https:\/\/kosmosacentrs.lv\/#website\"},\"datePublished\":\"2024-05-05T17:09:33+00:00\",\"dateModified\":\"2024-05-05T17:30:19+00:00\",\"breadcrumb\":{\"@id\":\"https:\/\/kosmosacentrs.lv\/ekspozicija-3-st-lidzsvars\/#breadcrumb\"},\"inLanguage\":\"lt-LT\",\"potentialAction\":[{\"@type\":\"ReadAction\",\"target\":[\"https:\/\/kosmosacentrs.lv\/ekspozicija-3-st-lidzsvars\/\"]}]},{\"@type\":\"BreadcrumbList\",\"@id\":\"https:\/\/kosmosacentrs.lv\/ekspozicija-3-st-lidzsvars\/#breadcrumb\",\"itemListElement\":[{\"@type\":\"ListItem\",\"position\":1,\"name\":\"Home\",\"item\":\"https:\/\/kosmosacentrs.lv\/\"},{\"@type\":\"ListItem\",\"position\":2,\"name\":\"Ekspoz\u012bcija &#8211; 3. st\u0101vs Astronautu treni\u0146i &#8211; l\u012bdzsvars\"}]},{\"@type\":\"WebSite\",\"@id\":\"https:\/\/kosmosacentrs.lv\/#website\",\"url\":\"https:\/\/kosmosacentrs.lv\/\",\"name\":\"Kosmosa izzi\u0146as centrs\",\"description\":\"KIC.LV\",\"publisher\":{\"@id\":\"https:\/\/kosmosacentrs.lv\/#organization\"},\"potentialAction\":[{\"@type\":\"SearchAction\",\"target\":{\"@type\":\"EntryPoint\",\"urlTemplate\":\"https:\/\/kosmosacentrs.lv\/?s={search_term_string}\"},\"query-input\":\"required name=search_term_string\"}],\"inLanguage\":\"lt-LT\"},{\"@type\":\"Organization\",\"@id\":\"https:\/\/kosmosacentrs.lv\/#organization\",\"name\":\"Kosmosa izzi\u0146as centrs\",\"url\":\"https:\/\/kosmosacentrs.lv\/\",\"logo\":{\"@type\":\"ImageObject\",\"inLanguage\":\"lt-LT\",\"@id\":\"https:\/\/kosmosacentrs.lv\/#\/schema\/logo\/image\/\",\"url\":\"https:\/\/kosmosacentrs.lv\/wp-content\/uploads\/logo.svg\",\"contentUrl\":\"https:\/\/kosmosacentrs.lv\/wp-content\/uploads\/logo.svg\",\"width\":997,\"height\":712,\"caption\":\"Kosmosa izzi\u0146as centrs\"},\"image\":{\"@id\":\"https:\/\/kosmosacentrs.lv\/#\/schema\/logo\/image\/\"},\"sameAs\":[\"https:\/\/www.facebook.com\/Kosmosaizzinascentrs\/\"]}]}<\/script>\n<!-- \/ Yoast SEO plugin. -->","yoast_head_json":{"title":"Ekspoz\u012bcija - 3. st\u0101vs Astronautu treni\u0146i - l\u012bdzsvars - Kosmosa izzi\u0146as centrs","robots":{"index":"index","follow":"follow","max-snippet":"max-snippet:-1","max-image-preview":"max-image-preview:large","max-video-preview":"max-video-preview:-1"},"canonical":"https:\/\/kosmosacentrs.lv\/ekspozicija-3-st-lidzsvars\/","og_locale":"lt_LT","og_type":"article","og_title":"Ekspoz\u012bcija - 3. st\u0101vs Astronautu treni\u0146i - l\u012bdzsvars - Kosmosa izzi\u0146as centrs","og_description":"L\u012bdzsvars Re\u0123istr\u0113 karti! Uzk\u0101p uz kust\u012bg\u0101s platformas! Iegaum\u0113 laiku! Turpini tren\u0113ties ar\u012b m\u0101j\u0101s! Nost\u0101jies uz vienas k\u0101jas, turi l\u012bdzsvaru cik ilgi vari! M\u0113\u0123ini notur\u0113t l\u012bdzsvaru, aizv\u0113rot acis! \u00a0 Astronautiem l\u012bdzsvara treni\u0146i ir noz\u012bm\u012bgi, lai tie sp\u0113tu piel\u0101goties gravit\u0101cijas sp\u0113ka izmai\u0146\u0101m uz zemes un orbit\u0101laj\u0101 stacij\u0101. K\u0101 tu noturi l\u012bdzsvaru? Lai saglab\u0101tu l\u012bdzsvaru Tev j\u0101zina vai [&hellip;]","og_url":"https:\/\/kosmosacentrs.lv\/ekspozicija-3-st-lidzsvars\/","og_site_name":"Kosmosa izzi\u0146as centrs","article_publisher":"https:\/\/www.facebook.com\/Kosmosaizzinascentrs\/","article_modified_time":"2024-05-05T17:30:19+00:00","og_image":[{"url":"https:\/\/kosmosacentrs.lv\/wp-content\/uploads\/Lidzsvars-bilde.png"}],"twitter_card":"summary_large_image","twitter_misc":{"Est. reading time":"2 minut\u0117s"},"schema":{"@context":"https:\/\/schema.org","@graph":[{"@type":"WebPage","@id":"https:\/\/kosmosacentrs.lv\/ekspozicija-3-st-lidzsvars\/","url":"https:\/\/kosmosacentrs.lv\/ekspozicija-3-st-lidzsvars\/","name":"Ekspoz\u012bcija - 3. st\u0101vs Astronautu treni\u0146i - l\u012bdzsvars - Kosmosa izzi\u0146as centrs","isPartOf":{"@id":"https:\/\/kosmosacentrs.lv\/#website"},"datePublished":"2024-05-05T17:09:33+00:00","dateModified":"2024-05-05T17:30:19+00:00","breadcrumb":{"@id":"https:\/\/kosmosacentrs.lv\/ekspozicija-3-st-lidzsvars\/#breadcrumb"},"inLanguage":"lt-LT","potentialAction":[{"@type":"ReadAction","target":["https:\/\/kosmosacentrs.lv\/ekspozicija-3-st-lidzsvars\/"]}]},{"@type":"BreadcrumbList","@id":"https:\/\/kosmosacentrs.lv\/ekspozicija-3-st-lidzsvars\/#breadcrumb","itemListElement":[{"@type":"ListItem","position":1,"name":"Home","item":"https:\/\/kosmosacentrs.lv\/"},{"@type":"ListItem","position":2,"name":"Ekspoz\u012bcija &#8211; 3. st\u0101vs Astronautu treni\u0146i &#8211; l\u012bdzsvars"}]},{"@type":"WebSite","@id":"https:\/\/kosmosacentrs.lv\/#website","url":"https:\/\/kosmosacentrs.lv\/","name":"Kosmosa izzi\u0146as centrs","description":"KIC.LV","publisher":{"@id":"https:\/\/kosmosacentrs.lv\/#organization"},"potentialAction":[{"@type":"SearchAction","target":{"@type":"EntryPoint","urlTemplate":"https:\/\/kosmosacentrs.lv\/?s={search_term_string}"},"query-input":"required name=search_term_string"}],"inLanguage":"lt-LT"},{"@type":"Organization","@id":"https:\/\/kosmosacentrs.lv\/#organization","name":"Kosmosa izzi\u0146as centrs","url":"https:\/\/kosmosacentrs.lv\/","logo":{"@type":"ImageObject","inLanguage":"lt-LT","@id":"https:\/\/kosmosacentrs.lv\/#\/schema\/logo\/image\/","url":"https:\/\/kosmosacentrs.lv\/wp-content\/uploads\/logo.svg","contentUrl":"https:\/\/kosmosacentrs.lv\/wp-content\/uploads\/logo.svg","width":997,"height":712,"caption":"Kosmosa izzi\u0146as centrs"},"image":{"@id":"https:\/\/kosmosacentrs.lv\/#\/schema\/logo\/image\/"},"sameAs":["https:\/\/www.facebook.com\/Kosmosaizzinascentrs\/"]}]}},"_links":{"self":[{"href":"https:\/\/kosmosacentrs.lv\/lt\/wp-json\/wp\/v2\/pages\/5719","targetHints":{"allow":["GET"]}}],"collection":[{"href":"https:\/\/kosmosacentrs.lv\/lt\/wp-json\/wp\/v2\/pages"}],"about":[{"href":"https:\/\/kosmosacentrs.lv\/lt\/wp-json\/wp\/v2\/types\/page"}],"author":[{"embeddable":true,"href":"https:\/\/kosmosacentrs.lv\/lt\/wp-json\/wp\/v2\/users\/7"}],"replies":[{"embeddable":true,"href":"https:\/\/kosmosacentrs.lv\/lt\/wp-json\/wp\/v2\/comments?post=5719"}],"version-history":[{"count":25,"href":"https:\/\/kosmosacentrs.lv\/lt\/wp-json\/wp\/v2\/pages\/5719\/revisions"}],"predecessor-version":[{"id":5758,"href":"https:\/\/kosmosacentrs.lv\/lt\/wp-json\/wp\/v2\/pages\/5719\/revisions\/5758"}],"wp:attachment":[{"href":"https:\/\/kosmosacentrs.lv\/lt\/wp-json\/wp\/v2\/media?parent=5719"}],"curies":[{"name":"wp","href":"https:\/\/api.w.org\/{rel}","templated":true}]}}