{"id":5801,"date":"2024-05-05T21:06:09","date_gmt":"2024-05-05T18:06:09","guid":{"rendered":"https:\/\/kosmosacentrs.lv\/?page_id=5801"},"modified":"2024-05-05T21:28:58","modified_gmt":"2024-05-05T18:28:58","slug":"ekspozicija-2-st-resursi-zeme","status":"publish","type":"page","link":"https:\/\/kosmosacentrs.lv\/lt\/ekspozicija-2-st-resursi-zeme\/","title":{"rendered":"Ekspoz\u012bcija &#8211; 2. st\u0101vs Resursi &#8211; Zeme"},"content":{"rendered":"\t\t<div data-elementor-type=\"wp-page\" data-elementor-id=\"5801\" class=\"elementor elementor-5801\">\n\t\t\t\t<div class=\"elementor-element elementor-element-8199b9f e-flex e-con-boxed e-con e-parent\" data-id=\"8199b9f\" data-element_type=\"container\" data-e-type=\"container\">\n\t\t\t\t\t<div class=\"e-con-inner\">\n\t\t<div class=\"elementor-element elementor-element-41b5ed6 e-con-full e-flex e-con e-parent\" data-id=\"41b5ed6\" data-element_type=\"container\" data-e-type=\"container\">\n\t\t\t\t<div class=\"elementor-element elementor-element-c6ff380 elementor-widget elementor-widget-image\" data-id=\"c6ff380\" data-element_type=\"widget\" data-e-type=\"widget\" data-widget_type=\"image.default\">\n\t\t\t\t<div class=\"elementor-widget-container\">\n\t\t\t\t\t\t\t\t\t\t\t\t\t\t\t<img fetchpriority=\"high\" decoding=\"async\" width=\"674\" height=\"642\" src=\"https:\/\/kosmosacentrs.lv\/wp-content\/uploads\/Resursi-ikona.png\" class=\"attachment-full size-full wp-image-5804\" alt=\"\" srcset=\"https:\/\/kosmosacentrs.lv\/wp-content\/uploads\/Resursi-ikona.png 674w, https:\/\/kosmosacentrs.lv\/wp-content\/uploads\/Resursi-ikona-300x286.png 300w\" sizes=\"(max-width: 674px) 100vw, 674px\" \/>\t\t\t\t\t\t\t\t\t\t\t\t\t\t\t<\/div>\n\t\t\t\t<\/div>\n\t\t\t\t<\/div>\n\t\t<div class=\"elementor-element elementor-element-d071e6a e-con-full e-flex e-con e-parent\" data-id=\"d071e6a\" data-element_type=\"container\" data-e-type=\"container\">\n\t\t\t\t<div class=\"elementor-element elementor-element-e40721e elementor-widget elementor-widget-heading\" data-id=\"e40721e\" data-element_type=\"widget\" data-e-type=\"widget\" data-widget_type=\"heading.default\">\n\t\t\t\t<div class=\"elementor-widget-container\">\n\t\t\t\t\t<h2 class=\"elementor-heading-title elementor-size-default\">Kur m\u0113s ieg\u016bstam resursus uz Zemes?<\/h2>\t\t\t\t<\/div>\n\t\t\t\t<\/div>\n\t\t\t\t<\/div>\n\t\t\t\t\t<\/div>\n\t\t\t\t<\/div>\n\t\t<div class=\"elementor-element elementor-element-09cb8d4 e-flex e-con-boxed e-con e-parent\" data-id=\"09cb8d4\" data-element_type=\"container\" data-e-type=\"container\" data-settings=\"{&quot;background_background&quot;:&quot;classic&quot;}\">\n\t\t\t\t\t<div class=\"e-con-inner\">\n\t\t<div class=\"elementor-element elementor-element-fa8bf73 e-con-full e-flex e-con e-parent\" data-id=\"fa8bf73\" data-element_type=\"container\" data-e-type=\"container\">\n\t\t\t\t<div class=\"elementor-element elementor-element-f4bb400 elementor-widget elementor-widget-text-editor\" data-id=\"f4bb400\" data-element_type=\"widget\" data-e-type=\"widget\" data-widget_type=\"text-editor.default\">\n\t\t\t\t<div class=\"elementor-widget-container\">\n\t\t\t\t\t\t\t\t\t<p><strong><span style=\"font-size: 14pt;\">Viss mums apk\u0101rt redzamais ir izgatavots no dabas materi\u0101liem &#8211; pat plastmasa!<\/span><\/strong><\/p><p>\u00a0<\/p><p>Svar\u012bgi zin\u0101t &#8211; produkti var b\u016bt ra\u017eoti no atjaunojamiem vai neatjaunojamiem resursiem.<\/p><p>\u00a0<\/p><p>Resursi tiek ieg\u016bti Zemes dz\u012bl\u0113s, kalnos, oke\u0101nos, izaudz\u0113ti laukos, ieg\u016bti me\u017eos!<\/p>\t\t\t\t\t\t\t\t<\/div>\n\t\t\t\t<\/div>\n\t\t\t\t<\/div>\n\t\t<div class=\"elementor-element elementor-element-ec4e89c e-con-full e-flex e-con e-parent\" data-id=\"ec4e89c\" data-element_type=\"container\" data-e-type=\"container\">\n\t\t\t\t<div class=\"elementor-element elementor-element-01a78c3 elementor-widget elementor-widget-image\" data-id=\"01a78c3\" data-element_type=\"widget\" data-e-type=\"widget\" data-widget_type=\"image.default\">\n\t\t\t\t<div class=\"elementor-widget-container\">\n\t\t\t\t\t\t\t\t\t\t\t\t\t\t\t<img decoding=\"async\" width=\"640\" height=\"139\" src=\"https:\/\/kosmosacentrs.lv\/wp-content\/uploads\/Zemes-resursi-1-1024x222.png\" class=\"attachment-large size-large wp-image-5827\" alt=\"\" srcset=\"https:\/\/kosmosacentrs.lv\/wp-content\/uploads\/Zemes-resursi-1-1024x222.png 1024w, https:\/\/kosmosacentrs.lv\/wp-content\/uploads\/Zemes-resursi-1-300x65.png 300w, https:\/\/kosmosacentrs.lv\/wp-content\/uploads\/Zemes-resursi-1-768x167.png 768w, https:\/\/kosmosacentrs.lv\/wp-content\/uploads\/Zemes-resursi-1-1536x333.png 1536w, https:\/\/kosmosacentrs.lv\/wp-content\/uploads\/Zemes-resursi-1-2048x444.png 2048w\" sizes=\"(max-width: 640px) 100vw, 640px\" \/>\t\t\t\t\t\t\t\t\t\t\t\t\t\t\t<\/div>\n\t\t\t\t<\/div>\n\t\t\t\t<\/div>\n\t\t\t\t\t<\/div>\n\t\t\t\t<\/div>\n\t\t<div class=\"elementor-element elementor-element-32a353d e-flex e-con-boxed e-con e-parent\" data-id=\"32a353d\" data-element_type=\"container\" data-e-type=\"container\" data-settings=\"{&quot;background_background&quot;:&quot;classic&quot;}\">\n\t\t\t\t\t<div class=\"e-con-inner\">\n\t\t<div class=\"elementor-element elementor-element-75c5bff e-con-full e-flex e-con e-parent\" data-id=\"75c5bff\" data-element_type=\"container\" data-e-type=\"container\">\n\t\t\t\t<div class=\"elementor-element elementor-element-7b36887 elementor-widget elementor-widget-text-editor\" data-id=\"7b36887\" data-element_type=\"widget\" data-e-type=\"widget\" data-widget_type=\"text-editor.default\">\n\t\t\t\t<div class=\"elementor-widget-container\">\n\t\t\t\t\t\t\t\t\t<p><span style=\"font-size: 18pt;\"><strong>Neatjaunojamie resursi<\/strong><\/span><\/p>\t\t\t\t\t\t\t\t<\/div>\n\t\t\t\t<\/div>\n\t\t\t\t<\/div>\n\t\t<div class=\"elementor-element elementor-element-831f5b1 e-con-full e-flex e-con e-parent\" data-id=\"831f5b1\" data-element_type=\"container\" data-e-type=\"container\">\n\t\t\t\t<div class=\"elementor-element elementor-element-0a8efde elementor-widget elementor-widget-image\" data-id=\"0a8efde\" data-element_type=\"widget\" data-e-type=\"widget\" data-widget_type=\"image.default\">\n\t\t\t\t<div class=\"elementor-widget-container\">\n\t\t\t\t\t\t\t\t\t\t\t\t\t\t\t<img decoding=\"async\" width=\"640\" height=\"306\" src=\"https:\/\/kosmosacentrs.lv\/wp-content\/uploads\/Neatjaunojamie-resursi-1024x490.png\" class=\"attachment-large size-large wp-image-5809\" alt=\"\" srcset=\"https:\/\/kosmosacentrs.lv\/wp-content\/uploads\/Neatjaunojamie-resursi-1024x490.png 1024w, https:\/\/kosmosacentrs.lv\/wp-content\/uploads\/Neatjaunojamie-resursi-300x144.png 300w, https:\/\/kosmosacentrs.lv\/wp-content\/uploads\/Neatjaunojamie-resursi-768x368.png 768w, https:\/\/kosmosacentrs.lv\/wp-content\/uploads\/Neatjaunojamie-resursi-1536x735.png 1536w, https:\/\/kosmosacentrs.lv\/wp-content\/uploads\/Neatjaunojamie-resursi-2048x981.png 2048w\" sizes=\"(max-width: 640px) 100vw, 640px\" \/>\t\t\t\t\t\t\t\t\t\t\t\t\t\t\t<\/div>\n\t\t\t\t<\/div>\n\t\t\t\t<\/div>\n\t\t\t\t\t<\/div>\n\t\t\t\t<\/div>\n\t\t<div class=\"elementor-element elementor-element-b84f2b6 e-flex e-con-boxed e-con e-parent\" data-id=\"b84f2b6\" data-element_type=\"container\" data-e-type=\"container\" data-settings=\"{&quot;background_background&quot;:&quot;classic&quot;}\">\n\t\t\t\t\t<div class=\"e-con-inner\">\n\t\t<div class=\"elementor-element elementor-element-4c08682 e-con-full e-flex e-con e-parent\" data-id=\"4c08682\" data-element_type=\"container\" data-e-type=\"container\">\n\t\t\t\t<div class=\"elementor-element elementor-element-614c28a elementor-widget elementor-widget-text-editor\" data-id=\"614c28a\" data-element_type=\"widget\" data-e-type=\"widget\" data-widget_type=\"text-editor.default\">\n\t\t\t\t<div class=\"elementor-widget-container\">\n\t\t\t\t\t\t\t\t\t<p><span style=\"font-size: 18pt;\"><strong>Atjaunojamie resursi<\/strong><\/span><\/p>\t\t\t\t\t\t\t\t<\/div>\n\t\t\t\t<\/div>\n\t\t\t\t<\/div>\n\t\t<div class=\"elementor-element elementor-element-b3ec6e8 e-con-full e-flex e-con e-parent\" data-id=\"b3ec6e8\" data-element_type=\"container\" data-e-type=\"container\">\n\t\t\t\t<div class=\"elementor-element elementor-element-0570d50 elementor-widget elementor-widget-image\" data-id=\"0570d50\" data-element_type=\"widget\" data-e-type=\"widget\" data-widget_type=\"image.default\">\n\t\t\t\t<div class=\"elementor-widget-container\">\n\t\t\t\t\t\t\t\t\t\t\t\t\t\t\t<img loading=\"lazy\" decoding=\"async\" width=\"640\" height=\"208\" src=\"https:\/\/kosmosacentrs.lv\/wp-content\/uploads\/Atjaunojamie-resursi-1024x333.png\" class=\"attachment-large size-large wp-image-5814\" alt=\"\" srcset=\"https:\/\/kosmosacentrs.lv\/wp-content\/uploads\/Atjaunojamie-resursi-1024x333.png 1024w, https:\/\/kosmosacentrs.lv\/wp-content\/uploads\/Atjaunojamie-resursi-300x98.png 300w, https:\/\/kosmosacentrs.lv\/wp-content\/uploads\/Atjaunojamie-resursi-768x250.png 768w, https:\/\/kosmosacentrs.lv\/wp-content\/uploads\/Atjaunojamie-resursi-1536x499.png 1536w, https:\/\/kosmosacentrs.lv\/wp-content\/uploads\/Atjaunojamie-resursi-2048x666.png 2048w\" sizes=\"(max-width: 640px) 100vw, 640px\" \/>\t\t\t\t\t\t\t\t\t\t\t\t\t\t\t<\/div>\n\t\t\t\t<\/div>\n\t\t\t\t<\/div>\n\t\t\t\t\t<\/div>\n\t\t\t\t<\/div>\n\t\t\t\t<\/div>\n\t\t","protected":false},"excerpt":{"rendered":"<p>Kur m\u0113s ieg\u016bstam resursus uz Zemes? Viss mums apk\u0101rt redzamais ir izgatavots no dabas materi\u0101liem &#8211; pat plastmasa! \u00a0 Svar\u012bgi zin\u0101t &#8211; produkti var b\u016bt ra\u017eoti no atjaunojamiem vai neatjaunojamiem resursiem. \u00a0 Resursi tiek ieg\u016bti Zemes dz\u012bl\u0113s, kalnos, oke\u0101nos, izaudz\u0113ti laukos, ieg\u016bti me\u017eos! Neatjaunojamie resursi Atjaunojamie resursi<\/p>\n","protected":false},"author":7,"featured_media":0,"parent":0,"menu_order":0,"comment_status":"closed","ping_status":"closed","template":"","meta":{"inline_featured_image":false,"footnotes":""},"class_list":["post-5801","page","type-page","status-publish","hentry"],"yoast_head":"<!-- This site is optimized with the Yoast SEO plugin v20.4 - https:\/\/yoast.com\/wordpress\/plugins\/seo\/ -->\n<title>Ekspoz\u012bcija - 2. st\u0101vs Resursi - Zeme - Kosmosa izzi\u0146as centrs<\/title>\n<meta name=\"robots\" content=\"index, follow, max-snippet:-1, max-image-preview:large, max-video-preview:-1\" \/>\n<link rel=\"canonical\" href=\"https:\/\/kosmosacentrs.lv\/ekspozicija-2-st-resursi-zeme\/\" \/>\n<meta property=\"og:locale\" content=\"lt_LT\" \/>\n<meta property=\"og:type\" content=\"article\" \/>\n<meta property=\"og:title\" content=\"Ekspoz\u012bcija - 2. st\u0101vs Resursi - Zeme - Kosmosa izzi\u0146as centrs\" \/>\n<meta property=\"og:description\" content=\"Kur m\u0113s ieg\u016bstam resursus uz Zemes? Viss mums apk\u0101rt redzamais ir izgatavots no dabas materi\u0101liem &#8211; pat plastmasa! \u00a0 Svar\u012bgi zin\u0101t &#8211; produkti var b\u016bt ra\u017eoti no atjaunojamiem vai neatjaunojamiem resursiem. \u00a0 Resursi tiek ieg\u016bti Zemes dz\u012bl\u0113s, kalnos, oke\u0101nos, izaudz\u0113ti laukos, ieg\u016bti me\u017eos! Neatjaunojamie resursi Atjaunojamie resursi\" \/>\n<meta property=\"og:url\" content=\"https:\/\/kosmosacentrs.lv\/ekspozicija-2-st-resursi-zeme\/\" \/>\n<meta property=\"og:site_name\" content=\"Kosmosa izzi\u0146as centrs\" \/>\n<meta property=\"article:publisher\" content=\"https:\/\/www.facebook.com\/Kosmosaizzinascentrs\/\" \/>\n<meta property=\"article:modified_time\" content=\"2024-05-05T18:28:58+00:00\" \/>\n<meta property=\"og:image\" content=\"https:\/\/kosmosacentrs.lv\/wp-content\/uploads\/Resursi-ikona.png\" \/>\n<meta name=\"twitter:card\" content=\"summary_large_image\" \/>\n<meta name=\"twitter:label1\" content=\"Est. reading time\" \/>\n\t<meta name=\"twitter:data1\" content=\"2 minut\u0117s\" \/>\n<script type=\"application\/ld+json\" class=\"yoast-schema-graph\">{\"@context\":\"https:\/\/schema.org\",\"@graph\":[{\"@type\":\"WebPage\",\"@id\":\"https:\/\/kosmosacentrs.lv\/ekspozicija-2-st-resursi-zeme\/\",\"url\":\"https:\/\/kosmosacentrs.lv\/ekspozicija-2-st-resursi-zeme\/\",\"name\":\"Ekspoz\u012bcija - 2. st\u0101vs Resursi - Zeme - Kosmosa izzi\u0146as centrs\",\"isPartOf\":{\"@id\":\"https:\/\/kosmosacentrs.lv\/#website\"},\"datePublished\":\"2024-05-05T18:06:09+00:00\",\"dateModified\":\"2024-05-05T18:28:58+00:00\",\"breadcrumb\":{\"@id\":\"https:\/\/kosmosacentrs.lv\/ekspozicija-2-st-resursi-zeme\/#breadcrumb\"},\"inLanguage\":\"lt-LT\",\"potentialAction\":[{\"@type\":\"ReadAction\",\"target\":[\"https:\/\/kosmosacentrs.lv\/ekspozicija-2-st-resursi-zeme\/\"]}]},{\"@type\":\"BreadcrumbList\",\"@id\":\"https:\/\/kosmosacentrs.lv\/ekspozicija-2-st-resursi-zeme\/#breadcrumb\",\"itemListElement\":[{\"@type\":\"ListItem\",\"position\":1,\"name\":\"Home\",\"item\":\"https:\/\/kosmosacentrs.lv\/\"},{\"@type\":\"ListItem\",\"position\":2,\"name\":\"Ekspoz\u012bcija &#8211; 2. st\u0101vs Resursi &#8211; Zeme\"}]},{\"@type\":\"WebSite\",\"@id\":\"https:\/\/kosmosacentrs.lv\/#website\",\"url\":\"https:\/\/kosmosacentrs.lv\/\",\"name\":\"Kosmosa izzi\u0146as centrs\",\"description\":\"KIC.LV\",\"publisher\":{\"@id\":\"https:\/\/kosmosacentrs.lv\/#organization\"},\"potentialAction\":[{\"@type\":\"SearchAction\",\"target\":{\"@type\":\"EntryPoint\",\"urlTemplate\":\"https:\/\/kosmosacentrs.lv\/?s={search_term_string}\"},\"query-input\":\"required name=search_term_string\"}],\"inLanguage\":\"lt-LT\"},{\"@type\":\"Organization\",\"@id\":\"https:\/\/kosmosacentrs.lv\/#organization\",\"name\":\"Kosmosa izzi\u0146as centrs\",\"url\":\"https:\/\/kosmosacentrs.lv\/\",\"logo\":{\"@type\":\"ImageObject\",\"inLanguage\":\"lt-LT\",\"@id\":\"https:\/\/kosmosacentrs.lv\/#\/schema\/logo\/image\/\",\"url\":\"https:\/\/kosmosacentrs.lv\/wp-content\/uploads\/logo.svg\",\"contentUrl\":\"https:\/\/kosmosacentrs.lv\/wp-content\/uploads\/logo.svg\",\"width\":997,\"height\":712,\"caption\":\"Kosmosa izzi\u0146as centrs\"},\"image\":{\"@id\":\"https:\/\/kosmosacentrs.lv\/#\/schema\/logo\/image\/\"},\"sameAs\":[\"https:\/\/www.facebook.com\/Kosmosaizzinascentrs\/\"]}]}<\/script>\n<!-- \/ Yoast SEO plugin. -->","yoast_head_json":{"title":"Ekspoz\u012bcija - 2. st\u0101vs Resursi - Zeme - Kosmosa izzi\u0146as centrs","robots":{"index":"index","follow":"follow","max-snippet":"max-snippet:-1","max-image-preview":"max-image-preview:large","max-video-preview":"max-video-preview:-1"},"canonical":"https:\/\/kosmosacentrs.lv\/ekspozicija-2-st-resursi-zeme\/","og_locale":"lt_LT","og_type":"article","og_title":"Ekspoz\u012bcija - 2. st\u0101vs Resursi - Zeme - Kosmosa izzi\u0146as centrs","og_description":"Kur m\u0113s ieg\u016bstam resursus uz Zemes? Viss mums apk\u0101rt redzamais ir izgatavots no dabas materi\u0101liem &#8211; pat plastmasa! \u00a0 Svar\u012bgi zin\u0101t &#8211; produkti var b\u016bt ra\u017eoti no atjaunojamiem vai neatjaunojamiem resursiem. \u00a0 Resursi tiek ieg\u016bti Zemes dz\u012bl\u0113s, kalnos, oke\u0101nos, izaudz\u0113ti laukos, ieg\u016bti me\u017eos! Neatjaunojamie resursi Atjaunojamie resursi","og_url":"https:\/\/kosmosacentrs.lv\/ekspozicija-2-st-resursi-zeme\/","og_site_name":"Kosmosa izzi\u0146as centrs","article_publisher":"https:\/\/www.facebook.com\/Kosmosaizzinascentrs\/","article_modified_time":"2024-05-05T18:28:58+00:00","og_image":[{"url":"https:\/\/kosmosacentrs.lv\/wp-content\/uploads\/Resursi-ikona.png"}],"twitter_card":"summary_large_image","twitter_misc":{"Est. reading time":"2 minut\u0117s"},"schema":{"@context":"https:\/\/schema.org","@graph":[{"@type":"WebPage","@id":"https:\/\/kosmosacentrs.lv\/ekspozicija-2-st-resursi-zeme\/","url":"https:\/\/kosmosacentrs.lv\/ekspozicija-2-st-resursi-zeme\/","name":"Ekspoz\u012bcija - 2. st\u0101vs Resursi - Zeme - Kosmosa izzi\u0146as centrs","isPartOf":{"@id":"https:\/\/kosmosacentrs.lv\/#website"},"datePublished":"2024-05-05T18:06:09+00:00","dateModified":"2024-05-05T18:28:58+00:00","breadcrumb":{"@id":"https:\/\/kosmosacentrs.lv\/ekspozicija-2-st-resursi-zeme\/#breadcrumb"},"inLanguage":"lt-LT","potentialAction":[{"@type":"ReadAction","target":["https:\/\/kosmosacentrs.lv\/ekspozicija-2-st-resursi-zeme\/"]}]},{"@type":"BreadcrumbList","@id":"https:\/\/kosmosacentrs.lv\/ekspozicija-2-st-resursi-zeme\/#breadcrumb","itemListElement":[{"@type":"ListItem","position":1,"name":"Home","item":"https:\/\/kosmosacentrs.lv\/"},{"@type":"ListItem","position":2,"name":"Ekspoz\u012bcija &#8211; 2. st\u0101vs Resursi &#8211; Zeme"}]},{"@type":"WebSite","@id":"https:\/\/kosmosacentrs.lv\/#website","url":"https:\/\/kosmosacentrs.lv\/","name":"Kosmosa izzi\u0146as centrs","description":"KIC.LV","publisher":{"@id":"https:\/\/kosmosacentrs.lv\/#organization"},"potentialAction":[{"@type":"SearchAction","target":{"@type":"EntryPoint","urlTemplate":"https:\/\/kosmosacentrs.lv\/?s={search_term_string}"},"query-input":"required name=search_term_string"}],"inLanguage":"lt-LT"},{"@type":"Organization","@id":"https:\/\/kosmosacentrs.lv\/#organization","name":"Kosmosa izzi\u0146as centrs","url":"https:\/\/kosmosacentrs.lv\/","logo":{"@type":"ImageObject","inLanguage":"lt-LT","@id":"https:\/\/kosmosacentrs.lv\/#\/schema\/logo\/image\/","url":"https:\/\/kosmosacentrs.lv\/wp-content\/uploads\/logo.svg","contentUrl":"https:\/\/kosmosacentrs.lv\/wp-content\/uploads\/logo.svg","width":997,"height":712,"caption":"Kosmosa izzi\u0146as centrs"},"image":{"@id":"https:\/\/kosmosacentrs.lv\/#\/schema\/logo\/image\/"},"sameAs":["https:\/\/www.facebook.com\/Kosmosaizzinascentrs\/"]}]}},"_links":{"self":[{"href":"https:\/\/kosmosacentrs.lv\/lt\/wp-json\/wp\/v2\/pages\/5801","targetHints":{"allow":["GET"]}}],"collection":[{"href":"https:\/\/kosmosacentrs.lv\/lt\/wp-json\/wp\/v2\/pages"}],"about":[{"href":"https:\/\/kosmosacentrs.lv\/lt\/wp-json\/wp\/v2\/types\/page"}],"author":[{"embeddable":true,"href":"https:\/\/kosmosacentrs.lv\/lt\/wp-json\/wp\/v2\/users\/7"}],"replies":[{"embeddable":true,"href":"https:\/\/kosmosacentrs.lv\/lt\/wp-json\/wp\/v2\/comments?post=5801"}],"version-history":[{"count":7,"href":"https:\/\/kosmosacentrs.lv\/lt\/wp-json\/wp\/v2\/pages\/5801\/revisions"}],"predecessor-version":[{"id":5834,"href":"https:\/\/kosmosacentrs.lv\/lt\/wp-json\/wp\/v2\/pages\/5801\/revisions\/5834"}],"wp:attachment":[{"href":"https:\/\/kosmosacentrs.lv\/lt\/wp-json\/wp\/v2\/media?parent=5801"}],"curies":[{"name":"wp","href":"https:\/\/api.w.org\/{rel}","templated":true}]}}