{"id":590,"date":"2022-09-21T16:52:03","date_gmt":"2022-09-21T14:52:03","guid":{"rendered":"http:\/\/kosmosacentrs.lv\/?page_id=590"},"modified":"2023-09-12T15:17:02","modified_gmt":"2023-09-12T12:17:02","slug":"nometnes","status":"publish","type":"page","link":"https:\/\/kosmosacentrs.lv\/lt\/nometnes\/","title":{"rendered":"Nometnes"},"content":{"rendered":"\t\t<div data-elementor-type=\"wp-page\" data-elementor-id=\"590\" class=\"elementor elementor-590\">\n\t\t\t\t\t\t<section class=\"elementor-section elementor-top-section elementor-element elementor-element-0d8636c elementor-section-full_width elementor-section-height-default elementor-section-height-default\" data-id=\"0d8636c\" data-element_type=\"section\" data-e-type=\"section\">\n\t\t\t\t\t\t<div class=\"elementor-container elementor-column-gap-no\">\n\t\t\t\t\t<div class=\"elementor-column elementor-col-100 elementor-top-column elementor-element elementor-element-cedcab9\" data-id=\"cedcab9\" data-element_type=\"column\" data-e-type=\"column\">\n\t\t\t<div class=\"elementor-widget-wrap elementor-element-populated\">\n\t\t\t\t\t\t<div class=\"elementor-element elementor-element-dfd3738 elementor-widget elementor-widget-kic_category_header\" data-id=\"dfd3738\" data-element_type=\"widget\" data-e-type=\"widget\" data-widget_type=\"kic_category_header.default\">\n\t\t\t\t<div class=\"elementor-widget-container\">\n\t\t\t\t\t\n            <section class=\"header2 kic_category_header\" style=\"background: url(https:\/\/kosmosacentrs.lv\/wp-content\/uploads\/AN_4.diena_fotoSandraLielmeza-151.jpg);\">\n                <div class=\"container\">\n\t\t\t\t\t<div class=\"kic__breadcrumbs\"><a href=\"https:\/\/kosmosacentrs.lv\" class=\"kic__breadcrumb-link\">S\u0101kums<\/a><span class=\"kic__breadcrumb-divider\">-<\/span><\/div>\n                    <div class=\"header2__wrap\">\n                        <div class=\"header2__imgWrap\" data-aos=\"zoom-in\" data-aos-delay=\"100\" data-aos-duration=\"1000\">\n                            <img decoding=\"async\" src=\"https:\/\/kosmosacentrs.lv\/wp-content\/uploads\/gimene-grafik.svg\" class=\"mainHeader__img kic_category_icon\" alt=\"\">\n                        <\/div>\n                        <div class=\"header2__textWrap\" data-aos=\"fade-left\" data-aos-delay=\"300\" data-aos-duration=\"1000\">\n                            <h1 class=\"header2__h1\">Nometnes<\/h1>\n                            <p class=\"header2__p\"><\/p>\n                        <\/div>\n                    <\/div>\n                <\/div>\n            <\/section>\n        \t\t\t\t<\/div>\n\t\t\t\t<\/div>\n\t\t\t\t\t<\/div>\n\t\t<\/div>\n\t\t\t\t\t<\/div>\n\t\t<\/section>\n\t\t\t\t<section class=\"elementor-section elementor-top-section elementor-element elementor-element-985a6cf elementor-section-boxed elementor-section-height-default elementor-section-height-default\" data-id=\"985a6cf\" data-element_type=\"section\" data-e-type=\"section\">\n\t\t\t\t\t\t<div class=\"elementor-container elementor-column-gap-default\">\n\t\t\t\t\t<div class=\"elementor-column elementor-col-50 elementor-top-column elementor-element elementor-element-129117f\" data-id=\"129117f\" data-element_type=\"column\" data-e-type=\"column\">\n\t\t\t<div class=\"elementor-widget-wrap elementor-element-populated\">\n\t\t\t\t\t\t<div class=\"elementor-element elementor-element-108742a elementor-invisible elementor-widget elementor-widget-text-editor\" data-id=\"108742a\" data-element_type=\"widget\" data-e-type=\"widget\" data-settings=\"{&quot;_animation&quot;:&quot;fadeInLeft&quot;}\" data-widget_type=\"text-editor.default\">\n\t\t\t\t<div class=\"elementor-widget-container\">\n\t\t\t\t\t\t\t\t\t<h2>Diennakts nometne &#8211; Zeme un v\u0113l t\u0101l\u0101k..<\/h2><p>\u00a0<\/p><p><span class=\"TextRun SCXW222365408 BCX9\" lang=\"LV-LV\" xml:lang=\"LV-LV\" data-contrast=\"auto\"><span class=\"NormalTextRun SCXW222365408 BCX9\">Vai uz cit\u0101m plan\u0113t\u0101m ir iesp\u0113jama dz\u012bv\u012bba? K\u0101 mums to noskaidrot?<\/span><\/span><span class=\"LineBreakBlob BlobObject DragDrop SCXW222365408 BCX9\"><span class=\"SCXW222365408 BCX9\">\u00a0<\/span><br class=\"SCXW222365408 BCX9\" \/><\/span><\/p><p>\u00a0<\/p><p><span class=\"TextRun SCXW222365408 BCX9\" lang=\"LV-LV\" xml:lang=\"LV-LV\" data-contrast=\"auto\"><span class=\"NormalTextRun SCXW222365408 BCX9\">Nometnes laik\u0101 dal\u012bbnieki pa\u0161i izveidos savu p\u0113tniecisko zondi un ar Baltij\u0101 jaud\u012bg\u0101ko izp\u0113tes ra\u0137eti tiks veikta t\u0101s palai\u0161ana, datu ieg\u016b\u0161ana un apstr\u0101de.<\/span><\/span><span class=\"LineBreakBlob BlobObject DragDrop SCXW222365408 BCX9\"><span class=\"SCXW222365408 BCX9\"> Darba gait\u0101 tiks apg\u016bti elektronikas pamati, programm\u0113\u0161ana, datu apstr\u0101de k\u0101 ar\u012b ievads planet\u0101raj\u0101 astrofizik\u0101.<\/span><\/span><\/p><p>\u00a0<\/p><p><span class=\"LineBreakBlob BlobObject DragDrop SCXW222365408 BCX9\">Nometne paredz\u0113ta jaunie\u0161iem, kas \u0161aj\u0101 m\u0101c\u012bbu gad\u0101 pabeigu\u0161i <strong>9. &#8211; 11. klasi<\/strong>.<\/span><\/p><p>\u00a0<\/p><p><span class=\"LineBreakBlob BlobObject DragDrop SCXW222365408 BCX9\">Nometnes norises laiks no <strong>26.06. &#8211; 30.06.2023.<\/strong><\/span><\/p>\t\t\t\t\t\t\t\t<\/div>\n\t\t\t\t<\/div>\n\t\t\t\t\t<\/div>\n\t\t<\/div>\n\t\t\t\t<div class=\"elementor-column elementor-col-50 elementor-top-column elementor-element elementor-element-22258ea\" data-id=\"22258ea\" data-element_type=\"column\" data-e-type=\"column\">\n\t\t\t<div class=\"elementor-widget-wrap elementor-element-populated\">\n\t\t\t\t\t\t<div class=\"elementor-element elementor-element-d07ff9f elementor-invisible elementor-widget elementor-widget-image\" data-id=\"d07ff9f\" data-element_type=\"widget\" data-e-type=\"widget\" data-settings=\"{&quot;_animation&quot;:&quot;rotateIn&quot;}\" data-widget_type=\"image.default\">\n\t\t\t\t<div class=\"elementor-widget-container\">\n\t\t\t\t\t\t\t\t\t\t\t\t\t\t\t<img fetchpriority=\"high\" decoding=\"async\" width=\"300\" height=\"300\" src=\"https:\/\/kosmosacentrs.lv\/wp-content\/uploads\/KIC-majas-lapai-ilusttacijai-300x300.png\" class=\"attachment-medium size-medium wp-image-1902\" alt=\"\" srcset=\"https:\/\/kosmosacentrs.lv\/wp-content\/uploads\/KIC-majas-lapai-ilusttacijai-300x300.png 300w, https:\/\/kosmosacentrs.lv\/wp-content\/uploads\/KIC-majas-lapai-ilusttacijai-1024x1024.png 1024w, https:\/\/kosmosacentrs.lv\/wp-content\/uploads\/KIC-majas-lapai-ilusttacijai-150x150.png 150w, https:\/\/kosmosacentrs.lv\/wp-content\/uploads\/KIC-majas-lapai-ilusttacijai-768x768.png 768w, https:\/\/kosmosacentrs.lv\/wp-content\/uploads\/KIC-majas-lapai-ilusttacijai.png 1200w\" sizes=\"(max-width: 300px) 100vw, 300px\" \/>\t\t\t\t\t\t\t\t\t\t\t\t\t\t\t<\/div>\n\t\t\t\t<\/div>\n\t\t\t\t\t<\/div>\n\t\t<\/div>\n\t\t\t\t\t<\/div>\n\t\t<\/section>\n\t\t\t\t<section class=\"elementor-section elementor-top-section elementor-element elementor-element-f251f66 elementor-section-boxed elementor-section-height-default elementor-section-height-default\" data-id=\"f251f66\" data-element_type=\"section\" data-e-type=\"section\">\n\t\t\t\t\t\t<div class=\"elementor-container elementor-column-gap-default\">\n\t\t\t\t\t<div class=\"elementor-column elementor-col-50 elementor-top-column elementor-element elementor-element-006cc32\" data-id=\"006cc32\" data-element_type=\"column\" data-e-type=\"column\">\n\t\t\t<div class=\"elementor-widget-wrap elementor-element-populated\">\n\t\t\t\t\t\t<div class=\"elementor-element elementor-element-3f91d85 elementor-invisible elementor-widget elementor-widget-text-editor\" data-id=\"3f91d85\" data-element_type=\"widget\" data-e-type=\"widget\" data-settings=\"{&quot;_animation&quot;:&quot;fadeInLeft&quot;}\" data-widget_type=\"text-editor.default\">\n\t\t\t\t<div class=\"elementor-widget-container\">\n\t\t\t\t\t\t\t\t\t<p><span class=\"LineBreakBlob BlobObject DragDrop SCXW222365408 BCX9\">Nometnes norises vieta <strong>C\u0113s\u012bs, Kosmosa izzi\u0146as centr\u0101.\u00a0<\/strong><br class=\"SCXW222365408 BCX9\" \/><\/span><span class=\"TextRun SCXW222365408 BCX9\" lang=\"LV-LV\" xml:lang=\"LV-LV\" data-contrast=\"auto\"><span class=\"NormalTextRun SCXW222365408 BCX9\">Nometni vad\u012bs Kosmosa izzi\u0146as centra un <\/span><span class=\"NormalTextRun SpellingErrorV2Themed SCXW222365408 BCX9\">Andoya<\/span> <span class=\"NormalTextRun SpellingErrorV2Themed SCXW222365408 BCX9\">Space<\/span> <span class=\"NormalTextRun SCXW222365408 BCX9\">Education (Norv\u0113\u0123ija)<\/span><span class=\"NormalTextRun SCXW222365408 BCX9\">\u00a0<\/span><span class=\"NormalTextRun SCXW222365408 BCX9\">kosmodroma p\u0101rst\u0101vji un nometnes darba valodas b\u016bs latvie\u0161u un ang\u013cu.<\/span><\/span><\/p><p><span style=\"color: #ffcc00;\"><strong>Dal\u012bba nometn\u0113 ir bezmaksas.<\/strong><\/span><\/p><p>Nometne tiek finans\u0113ta Eiropas Ekonomikas zonas finan\u0161u instrumenta un Norv\u0113\u0123ijas finan\u0161u instrumenta 2014. &#8211; 2021. gada perioda programmas \u201cP\u0113tniec\u012bba un izgl\u012bt\u012bba\u201d aktivit\u0101te\u201cInov\u0101cijas centri\u201d projekts Nr. NFI\/IC\/VIAA\/2020\/3, \u201cInov\u0101cijas centra izveido\u0161ana C\u0113s\u012bs\u201d ietvaros<\/p><p>Pieteik\u0161an\u0101s nometnei l\u012bdz 2023. gada 24. maijam.<\/p>\t\t\t\t\t\t\t\t<\/div>\n\t\t\t\t<\/div>\n\t\t\t\t\t<\/div>\n\t\t<\/div>\n\t\t\t\t<div class=\"elementor-column elementor-col-50 elementor-top-column elementor-element elementor-element-bc7425a\" data-id=\"bc7425a\" data-element_type=\"column\" data-e-type=\"column\">\n\t\t\t<div class=\"elementor-widget-wrap elementor-element-populated\">\n\t\t\t\t\t\t<div class=\"elementor-element elementor-element-e7bf63b elementor-invisible elementor-widget elementor-widget-image\" data-id=\"e7bf63b\" data-element_type=\"widget\" data-e-type=\"widget\" data-settings=\"{&quot;_animation&quot;:&quot;fadeIn&quot;}\" data-widget_type=\"image.default\">\n\t\t\t\t<div class=\"elementor-widget-container\">\n\t\t\t\t\t\t\t\t\t\t\t\t\t\t\t<img decoding=\"async\" width=\"268\" height=\"300\" src=\"https:\/\/kosmosacentrs.lv\/wp-content\/uploads\/Norway_grants_White@4x-268x300.png\" class=\"attachment-medium size-medium wp-image-2003\" alt=\"\" srcset=\"https:\/\/kosmosacentrs.lv\/wp-content\/uploads\/Norway_grants_White@4x-268x300.png 268w, https:\/\/kosmosacentrs.lv\/wp-content\/uploads\/Norway_grants_White@4x-913x1024.png 913w, https:\/\/kosmosacentrs.lv\/wp-content\/uploads\/Norway_grants_White@4x-768x861.png 768w, https:\/\/kosmosacentrs.lv\/wp-content\/uploads\/Norway_grants_White@4x.png 931w\" sizes=\"(max-width: 268px) 100vw, 268px\" \/>\t\t\t\t\t\t\t\t\t\t\t\t\t\t\t<\/div>\n\t\t\t\t<\/div>\n\t\t\t\t\t<\/div>\n\t\t<\/div>\n\t\t\t\t\t<\/div>\n\t\t<\/section>\n\t\t\t\t<\/div>\n\t\t","protected":false},"excerpt":{"rendered":"<p>S\u0101kums&#8211; Nometnes Diennakts nometne &#8211; Zeme un v\u0113l t\u0101l\u0101k.. Vai uz cit\u0101m plan\u0113t\u0101m ir iesp\u0113jama dz\u012bv\u012bba? K\u0101 mums to noskaidrot? Nometnes laik\u0101 dal\u012bbnieki pa\u0161i izveidos savu p\u0113tniecisko zondi un ar Baltij\u0101 jaud\u012bg\u0101ko izp\u0113tes ra\u0137eti tiks veikta t\u0101s palai\u0161ana, datu ieg\u016b\u0161ana un apstr\u0101de. Darba gait\u0101 tiks apg\u016bti elektronikas pamati, programm\u0113\u0161ana, datu apstr\u0101de k\u0101 ar\u012b ievads planet\u0101raj\u0101 [&hellip;]<\/p>\n","protected":false},"author":1,"featured_media":0,"parent":0,"menu_order":0,"comment_status":"closed","ping_status":"closed","template":"","meta":{"inline_featured_image":false,"footnotes":""},"class_list":["post-590","page","type-page","status-publish","hentry"],"yoast_head":"<!-- This site is optimized with the Yoast SEO plugin v20.4 - https:\/\/yoast.com\/wordpress\/plugins\/seo\/ -->\n<title>Nometnes - Kosmosa izzi\u0146as centrs<\/title>\n<meta name=\"robots\" content=\"index, follow, max-snippet:-1, max-image-preview:large, max-video-preview:-1\" \/>\n<link rel=\"canonical\" href=\"https:\/\/kosmosacentrs.lv\/nometnes\/\" \/>\n<meta property=\"og:locale\" content=\"lt_LT\" \/>\n<meta property=\"og:type\" content=\"article\" \/>\n<meta property=\"og:title\" content=\"Nometnes - Kosmosa izzi\u0146as centrs\" \/>\n<meta property=\"og:description\" content=\"S\u0101kums&#8211; Nometnes Diennakts nometne &#8211; Zeme un v\u0113l t\u0101l\u0101k.. Vai uz cit\u0101m plan\u0113t\u0101m ir iesp\u0113jama dz\u012bv\u012bba? K\u0101 mums to noskaidrot? Nometnes laik\u0101 dal\u012bbnieki pa\u0161i izveidos savu p\u0113tniecisko zondi un ar Baltij\u0101 jaud\u012bg\u0101ko izp\u0113tes ra\u0137eti tiks veikta t\u0101s palai\u0161ana, datu ieg\u016b\u0161ana un apstr\u0101de. Darba gait\u0101 tiks apg\u016bti elektronikas pamati, programm\u0113\u0161ana, datu apstr\u0101de k\u0101 ar\u012b ievads planet\u0101raj\u0101 [&hellip;]\" \/>\n<meta property=\"og:url\" content=\"https:\/\/kosmosacentrs.lv\/nometnes\/\" \/>\n<meta property=\"og:site_name\" content=\"Kosmosa izzi\u0146as centrs\" \/>\n<meta property=\"article:publisher\" content=\"https:\/\/www.facebook.com\/Kosmosaizzinascentrs\/\" \/>\n<meta property=\"article:modified_time\" content=\"2023-09-12T12:17:02+00:00\" \/>\n<meta property=\"og:image\" content=\"https:\/\/kosmosacentrs.lv\/wp-content\/uploads\/gimene-grafik.svg\" \/>\n<meta name=\"twitter:card\" content=\"summary_large_image\" \/>\n<meta name=\"twitter:label1\" content=\"Est. reading time\" \/>\n\t<meta name=\"twitter:data1\" content=\"2 minut\u0117s\" \/>\n<script type=\"application\/ld+json\" class=\"yoast-schema-graph\">{\"@context\":\"https:\/\/schema.org\",\"@graph\":[{\"@type\":\"WebPage\",\"@id\":\"https:\/\/kosmosacentrs.lv\/nometnes\/\",\"url\":\"https:\/\/kosmosacentrs.lv\/nometnes\/\",\"name\":\"Nometnes - Kosmosa izzi\u0146as centrs\",\"isPartOf\":{\"@id\":\"https:\/\/kosmosacentrs.lv\/#website\"},\"datePublished\":\"2022-09-21T14:52:03+00:00\",\"dateModified\":\"2023-09-12T12:17:02+00:00\",\"breadcrumb\":{\"@id\":\"https:\/\/kosmosacentrs.lv\/nometnes\/#breadcrumb\"},\"inLanguage\":\"lt-LT\",\"potentialAction\":[{\"@type\":\"ReadAction\",\"target\":[\"https:\/\/kosmosacentrs.lv\/nometnes\/\"]}]},{\"@type\":\"BreadcrumbList\",\"@id\":\"https:\/\/kosmosacentrs.lv\/nometnes\/#breadcrumb\",\"itemListElement\":[{\"@type\":\"ListItem\",\"position\":1,\"name\":\"Home\",\"item\":\"https:\/\/kosmosacentrs.lv\/\"},{\"@type\":\"ListItem\",\"position\":2,\"name\":\"Nometnes\"}]},{\"@type\":\"WebSite\",\"@id\":\"https:\/\/kosmosacentrs.lv\/#website\",\"url\":\"https:\/\/kosmosacentrs.lv\/\",\"name\":\"Kosmosa izzi\u0146as centrs\",\"description\":\"KIC.LV\",\"publisher\":{\"@id\":\"https:\/\/kosmosacentrs.lv\/#organization\"},\"potentialAction\":[{\"@type\":\"SearchAction\",\"target\":{\"@type\":\"EntryPoint\",\"urlTemplate\":\"https:\/\/kosmosacentrs.lv\/?s={search_term_string}\"},\"query-input\":\"required name=search_term_string\"}],\"inLanguage\":\"lt-LT\"},{\"@type\":\"Organization\",\"@id\":\"https:\/\/kosmosacentrs.lv\/#organization\",\"name\":\"Kosmosa izzi\u0146as centrs\",\"url\":\"https:\/\/kosmosacentrs.lv\/\",\"logo\":{\"@type\":\"ImageObject\",\"inLanguage\":\"lt-LT\",\"@id\":\"https:\/\/kosmosacentrs.lv\/#\/schema\/logo\/image\/\",\"url\":\"https:\/\/kosmosacentrs.lv\/wp-content\/uploads\/logo.svg\",\"contentUrl\":\"https:\/\/kosmosacentrs.lv\/wp-content\/uploads\/logo.svg\",\"width\":997,\"height\":712,\"caption\":\"Kosmosa izzi\u0146as centrs\"},\"image\":{\"@id\":\"https:\/\/kosmosacentrs.lv\/#\/schema\/logo\/image\/\"},\"sameAs\":[\"https:\/\/www.facebook.com\/Kosmosaizzinascentrs\/\"]}]}<\/script>\n<!-- \/ Yoast SEO plugin. -->","yoast_head_json":{"title":"Nometnes - Kosmosa izzi\u0146as centrs","robots":{"index":"index","follow":"follow","max-snippet":"max-snippet:-1","max-image-preview":"max-image-preview:large","max-video-preview":"max-video-preview:-1"},"canonical":"https:\/\/kosmosacentrs.lv\/nometnes\/","og_locale":"lt_LT","og_type":"article","og_title":"Nometnes - Kosmosa izzi\u0146as centrs","og_description":"S\u0101kums&#8211; Nometnes Diennakts nometne &#8211; Zeme un v\u0113l t\u0101l\u0101k.. Vai uz cit\u0101m plan\u0113t\u0101m ir iesp\u0113jama dz\u012bv\u012bba? K\u0101 mums to noskaidrot? Nometnes laik\u0101 dal\u012bbnieki pa\u0161i izveidos savu p\u0113tniecisko zondi un ar Baltij\u0101 jaud\u012bg\u0101ko izp\u0113tes ra\u0137eti tiks veikta t\u0101s palai\u0161ana, datu ieg\u016b\u0161ana un apstr\u0101de. Darba gait\u0101 tiks apg\u016bti elektronikas pamati, programm\u0113\u0161ana, datu apstr\u0101de k\u0101 ar\u012b ievads planet\u0101raj\u0101 [&hellip;]","og_url":"https:\/\/kosmosacentrs.lv\/nometnes\/","og_site_name":"Kosmosa izzi\u0146as centrs","article_publisher":"https:\/\/www.facebook.com\/Kosmosaizzinascentrs\/","article_modified_time":"2023-09-12T12:17:02+00:00","og_image":[{"url":"https:\/\/kosmosacentrs.lv\/wp-content\/uploads\/gimene-grafik.svg"}],"twitter_card":"summary_large_image","twitter_misc":{"Est. reading time":"2 minut\u0117s"},"schema":{"@context":"https:\/\/schema.org","@graph":[{"@type":"WebPage","@id":"https:\/\/kosmosacentrs.lv\/nometnes\/","url":"https:\/\/kosmosacentrs.lv\/nometnes\/","name":"Nometnes - Kosmosa izzi\u0146as centrs","isPartOf":{"@id":"https:\/\/kosmosacentrs.lv\/#website"},"datePublished":"2022-09-21T14:52:03+00:00","dateModified":"2023-09-12T12:17:02+00:00","breadcrumb":{"@id":"https:\/\/kosmosacentrs.lv\/nometnes\/#breadcrumb"},"inLanguage":"lt-LT","potentialAction":[{"@type":"ReadAction","target":["https:\/\/kosmosacentrs.lv\/nometnes\/"]}]},{"@type":"BreadcrumbList","@id":"https:\/\/kosmosacentrs.lv\/nometnes\/#breadcrumb","itemListElement":[{"@type":"ListItem","position":1,"name":"Home","item":"https:\/\/kosmosacentrs.lv\/"},{"@type":"ListItem","position":2,"name":"Nometnes"}]},{"@type":"WebSite","@id":"https:\/\/kosmosacentrs.lv\/#website","url":"https:\/\/kosmosacentrs.lv\/","name":"Kosmosa izzi\u0146as centrs","description":"KIC.LV","publisher":{"@id":"https:\/\/kosmosacentrs.lv\/#organization"},"potentialAction":[{"@type":"SearchAction","target":{"@type":"EntryPoint","urlTemplate":"https:\/\/kosmosacentrs.lv\/?s={search_term_string}"},"query-input":"required name=search_term_string"}],"inLanguage":"lt-LT"},{"@type":"Organization","@id":"https:\/\/kosmosacentrs.lv\/#organization","name":"Kosmosa izzi\u0146as centrs","url":"https:\/\/kosmosacentrs.lv\/","logo":{"@type":"ImageObject","inLanguage":"lt-LT","@id":"https:\/\/kosmosacentrs.lv\/#\/schema\/logo\/image\/","url":"https:\/\/kosmosacentrs.lv\/wp-content\/uploads\/logo.svg","contentUrl":"https:\/\/kosmosacentrs.lv\/wp-content\/uploads\/logo.svg","width":997,"height":712,"caption":"Kosmosa izzi\u0146as centrs"},"image":{"@id":"https:\/\/kosmosacentrs.lv\/#\/schema\/logo\/image\/"},"sameAs":["https:\/\/www.facebook.com\/Kosmosaizzinascentrs\/"]}]}},"_links":{"self":[{"href":"https:\/\/kosmosacentrs.lv\/lt\/wp-json\/wp\/v2\/pages\/590","targetHints":{"allow":["GET"]}}],"collection":[{"href":"https:\/\/kosmosacentrs.lv\/lt\/wp-json\/wp\/v2\/pages"}],"about":[{"href":"https:\/\/kosmosacentrs.lv\/lt\/wp-json\/wp\/v2\/types\/page"}],"author":[{"embeddable":true,"href":"https:\/\/kosmosacentrs.lv\/lt\/wp-json\/wp\/v2\/users\/1"}],"replies":[{"embeddable":true,"href":"https:\/\/kosmosacentrs.lv\/lt\/wp-json\/wp\/v2\/comments?post=590"}],"version-history":[{"count":108,"href":"https:\/\/kosmosacentrs.lv\/lt\/wp-json\/wp\/v2\/pages\/590\/revisions"}],"predecessor-version":[{"id":2946,"href":"https:\/\/kosmosacentrs.lv\/lt\/wp-json\/wp\/v2\/pages\/590\/revisions\/2946"}],"wp:attachment":[{"href":"https:\/\/kosmosacentrs.lv\/lt\/wp-json\/wp\/v2\/media?parent=590"}],"curies":[{"name":"wp","href":"https:\/\/api.w.org\/{rel}","templated":true}]}}