{"id":6421,"date":"2024-05-06T15:22:39","date_gmt":"2024-05-06T12:22:39","guid":{"rendered":"https:\/\/kosmosacentrs.lv\/?page_id=6421"},"modified":"2024-05-08T09:14:59","modified_gmt":"2024-05-08T06:14:59","slug":"ekspozicija-2-st-auseklis-planosana","status":"publish","type":"page","link":"https:\/\/kosmosacentrs.lv\/lt\/ekspozicija-2-st-auseklis-planosana\/","title":{"rendered":"Ekspoz\u012bcija &#8211; 2. st\u0101vs Auseklis &#8211; pl\u0101no\u0161ana"},"content":{"rendered":"\t\t<div data-elementor-type=\"wp-page\" data-elementor-id=\"6421\" class=\"elementor elementor-6421\">\n\t\t\t\t<div class=\"elementor-element elementor-element-8199b9f e-flex e-con-boxed e-con e-parent\" data-id=\"8199b9f\" data-element_type=\"container\" data-e-type=\"container\">\n\t\t\t\t\t<div class=\"e-con-inner\">\n\t\t<div class=\"elementor-element elementor-element-41b5ed6 e-con-full e-flex e-con e-parent\" data-id=\"41b5ed6\" data-element_type=\"container\" data-e-type=\"container\">\n\t\t\t\t<div class=\"elementor-element elementor-element-c6ff380 elementor-widget elementor-widget-image\" data-id=\"c6ff380\" data-element_type=\"widget\" data-e-type=\"widget\" data-widget_type=\"image.default\">\n\t\t\t\t<div class=\"elementor-widget-container\">\n\t\t\t\t\t\t\t\t\t\t\t\t\t\t\t<img fetchpriority=\"high\" decoding=\"async\" width=\"2845\" height=\"3084\" src=\"https:\/\/kosmosacentrs.lv\/wp-content\/uploads\/Auseklis-ikona.png\" class=\"attachment-full size-full wp-image-6383\" alt=\"\" srcset=\"https:\/\/kosmosacentrs.lv\/wp-content\/uploads\/Auseklis-ikona.png 2845w, https:\/\/kosmosacentrs.lv\/wp-content\/uploads\/Auseklis-ikona-277x300.png 277w, https:\/\/kosmosacentrs.lv\/wp-content\/uploads\/Auseklis-ikona-945x1024.png 945w, https:\/\/kosmosacentrs.lv\/wp-content\/uploads\/Auseklis-ikona-768x833.png 768w, https:\/\/kosmosacentrs.lv\/wp-content\/uploads\/Auseklis-ikona-1417x1536.png 1417w, https:\/\/kosmosacentrs.lv\/wp-content\/uploads\/Auseklis-ikona-1889x2048.png 1889w\" sizes=\"(max-width: 2845px) 100vw, 2845px\" \/>\t\t\t\t\t\t\t\t\t\t\t\t\t\t\t<\/div>\n\t\t\t\t<\/div>\n\t\t\t\t<\/div>\n\t\t<div class=\"elementor-element elementor-element-d071e6a e-con-full e-flex e-con e-parent\" data-id=\"d071e6a\" data-element_type=\"container\" data-e-type=\"container\">\n\t\t\t\t<div class=\"elementor-element elementor-element-f0a5f6f elementor-widget elementor-widget-heading\" data-id=\"f0a5f6f\" data-element_type=\"widget\" data-e-type=\"widget\" data-widget_type=\"heading.default\">\n\t\t\t\t<div class=\"elementor-widget-container\">\n\t\t\t\t\t<h2 class=\"elementor-heading-title elementor-size-default\">\"Auseklis\" - orbit\u0101l\u0101 stacija. Dienas pl\u0101ns<\/h2>\t\t\t\t<\/div>\n\t\t\t\t<\/div>\n\t\t\t\t<\/div>\n\t\t\t\t\t<\/div>\n\t\t\t\t<\/div>\n\t\t<div class=\"elementor-element elementor-element-555c157 e-flex e-con-boxed e-con e-parent\" data-id=\"555c157\" data-element_type=\"container\" data-e-type=\"container\" data-settings=\"{&quot;background_background&quot;:&quot;classic&quot;}\">\n\t\t\t\t\t<div class=\"e-con-inner\">\n\t\t<div class=\"elementor-element elementor-element-eea979e e-con-full e-flex e-con e-parent\" data-id=\"eea979e\" data-element_type=\"container\" data-e-type=\"container\">\n\t\t\t\t<div class=\"elementor-element elementor-element-d4fbdad elementor-widget elementor-widget-text-editor\" data-id=\"d4fbdad\" data-element_type=\"widget\" data-e-type=\"widget\" data-widget_type=\"text-editor.default\">\n\t\t\t\t<div class=\"elementor-widget-container\">\n\t\t\t\t\t\t\t\t\t<p>Katru dienu, no r\u012bta misijas kontrole sazin\u0101s ar astronautiem lai izrun\u0101tu dienas pl\u0101nu un var\u0113tu savstarp\u0113ji koordin\u0113ties.<\/p><p>\u00a0<\/p><p>Vai tu ar savu komandu (<span style=\"color: #f6a310;\"><strong>\u0123imeni<\/strong><\/span>) ar\u012b izrun\u0101 dienas pl\u0101nu?<\/p><p>\u00a0<\/p><p>Ja t\u0101 tad Tu jau \u0161obr\u012bd tren\u0113jies izmantot laika pl\u0101no\u0161anas r\u012bkus, kas b\u016bs nepiecie\u0161ami misijai!<\/p><p>\u00a0<\/p><p>Piem\u0113ram: <strong>E-klase, moodle, google classroom utml.<\/strong><\/p>\t\t\t\t\t\t\t\t<\/div>\n\t\t\t\t<\/div>\n\t\t\t\t<\/div>\n\t\t<div class=\"elementor-element elementor-element-8c8da16 e-con-full e-flex e-con e-parent\" data-id=\"8c8da16\" data-element_type=\"container\" data-e-type=\"container\">\n\t\t\t\t<div class=\"elementor-element elementor-element-8a6afda elementor-widget elementor-widget-image\" data-id=\"8a6afda\" data-element_type=\"widget\" data-e-type=\"widget\" data-widget_type=\"image.default\">\n\t\t\t\t<div class=\"elementor-widget-container\">\n\t\t\t\t\t\t\t\t\t\t\t\t\t\t\t<img decoding=\"async\" width=\"640\" height=\"552\" src=\"https:\/\/kosmosacentrs.lv\/wp-content\/uploads\/Planotaji-768x662.png\" class=\"attachment-medium_large size-medium_large wp-image-6423\" alt=\"\" srcset=\"https:\/\/kosmosacentrs.lv\/wp-content\/uploads\/Planotaji-768x662.png 768w, https:\/\/kosmosacentrs.lv\/wp-content\/uploads\/Planotaji-300x259.png 300w, https:\/\/kosmosacentrs.lv\/wp-content\/uploads\/Planotaji-1024x882.png 1024w, https:\/\/kosmosacentrs.lv\/wp-content\/uploads\/Planotaji.png 1258w\" sizes=\"(max-width: 640px) 100vw, 640px\" \/>\t\t\t\t\t\t\t\t\t\t\t\t\t\t\t<\/div>\n\t\t\t\t<\/div>\n\t\t\t\t<\/div>\n\t\t\t\t\t<\/div>\n\t\t\t\t<\/div>\n\t\t<div class=\"elementor-element elementor-element-6b4a75a e-flex e-con-boxed e-con e-parent\" data-id=\"6b4a75a\" data-element_type=\"container\" data-e-type=\"container\" data-settings=\"{&quot;background_background&quot;:&quot;classic&quot;}\">\n\t\t\t\t\t<div class=\"e-con-inner\">\n\t\t<div class=\"elementor-element elementor-element-c32be65 e-con-full e-flex e-con e-parent\" data-id=\"c32be65\" data-element_type=\"container\" data-e-type=\"container\">\n\t\t\t\t<div class=\"elementor-element elementor-element-b90d062 elementor-widget elementor-widget-text-editor\" data-id=\"b90d062\" data-element_type=\"widget\" data-e-type=\"widget\" data-widget_type=\"text-editor.default\">\n\t\t\t\t<div class=\"elementor-widget-container\">\n\t\t\t\t\t\t\t\t\t<table style=\"border-collapse: collapse; width: 94.5916%; height: 188px;\"><tbody><tr style=\"height: 42px;\"><td style=\"width: 10.567%; text-align: center; height: 10px;\">Nr.<\/td><td style=\"width: 41.0679%; text-align: center; height: 10px;\">Laiks<\/td><td style=\"width: 45.3195%; text-align: center; height: 10px;\">Darb\u012bba<\/td><\/tr><tr style=\"height: 20px;\"><td style=\"width: 10.567%; text-align: center; height: 45px;\">1.<\/td><td style=\"width: 41.0679%; text-align: center; height: 45px;\">22.00 &#8211; 08.00<\/td><td style=\"width: 45.3195%; text-align: center; height: 45px;\">Miegs<\/td><\/tr><tr style=\"height: 20px;\"><td style=\"width: 10.567%; text-align: center; height: 41px;\">2.<\/td><td style=\"width: 41.0679%; text-align: center; height: 41px;\">08.00 &#8211; 09.00<\/td><td style=\"width: 45.3195%; text-align: center; height: 41px;\">Brokastis<\/td><\/tr><tr style=\"height: 20px;\"><td style=\"width: 10.567%; text-align: center; height: 48px;\">3.<\/td><td style=\"width: 41.0679%; height: 48px; text-align: center;\">10.00 &#8211; 11.00<\/td><td style=\"width: 45.3195%; height: 48px; text-align: center;\">Sazvans ar Misijas kontroli<\/td><\/tr><tr style=\"height: 20px;\"><td style=\"width: 10.567%; text-align: center; height: 44px;\">4.<\/td><td style=\"width: 41.0679%; height: 44px; text-align: center;\">11.00 &#8211; 13.00<\/td><td style=\"width: 45.3195%; height: 44px; text-align: center;\">Darbs orbit\u0101laj\u0101 stacij\u0101<\/td><\/tr><\/tbody><\/table>\t\t\t\t\t\t\t\t<\/div>\n\t\t\t\t<\/div>\n\t\t\t\t<\/div>\n\t\t<div class=\"elementor-element elementor-element-5bd3684 e-con-full e-flex e-con e-parent\" data-id=\"5bd3684\" data-element_type=\"container\" data-e-type=\"container\">\n\t\t\t\t<div class=\"elementor-element elementor-element-99fdc0f elementor-widget elementor-widget-image\" data-id=\"99fdc0f\" data-element_type=\"widget\" data-e-type=\"widget\" data-widget_type=\"image.default\">\n\t\t\t\t<div class=\"elementor-widget-container\">\n\t\t\t\t\t\t\t\t\t\t\t\t\t\t\t<img decoding=\"async\" width=\"640\" height=\"418\" src=\"https:\/\/kosmosacentrs.lv\/wp-content\/uploads\/Sazvans-ar-misijas-kontroli-768x502.png\" class=\"attachment-medium_large size-medium_large wp-image-6430\" alt=\"\" srcset=\"https:\/\/kosmosacentrs.lv\/wp-content\/uploads\/Sazvans-ar-misijas-kontroli-768x502.png 768w, https:\/\/kosmosacentrs.lv\/wp-content\/uploads\/Sazvans-ar-misijas-kontroli-300x196.png 300w, https:\/\/kosmosacentrs.lv\/wp-content\/uploads\/Sazvans-ar-misijas-kontroli-1024x669.png 1024w, https:\/\/kosmosacentrs.lv\/wp-content\/uploads\/Sazvans-ar-misijas-kontroli-1536x1004.png 1536w, https:\/\/kosmosacentrs.lv\/wp-content\/uploads\/Sazvans-ar-misijas-kontroli-2048x1338.png 2048w\" sizes=\"(max-width: 640px) 100vw, 640px\" \/>\t\t\t\t\t\t\t\t\t\t\t\t\t\t\t<\/div>\n\t\t\t\t<\/div>\n\t\t\t\t<\/div>\n\t\t\t\t\t<\/div>\n\t\t\t\t<\/div>\n\t\t<div class=\"elementor-element elementor-element-8abf7ec e-flex e-con-boxed e-con e-parent\" data-id=\"8abf7ec\" data-element_type=\"container\" data-e-type=\"container\" data-settings=\"{&quot;background_background&quot;:&quot;classic&quot;}\">\n\t\t\t\t\t<div class=\"e-con-inner\">\n\t\t<div class=\"elementor-element elementor-element-4325796 e-con-full e-flex e-con e-parent\" data-id=\"4325796\" data-element_type=\"container\" data-e-type=\"container\">\n\t\t\t\t<div class=\"elementor-element elementor-element-e631320 elementor-widget elementor-widget-image\" data-id=\"e631320\" data-element_type=\"widget\" data-e-type=\"widget\" data-widget_type=\"image.default\">\n\t\t\t\t<div class=\"elementor-widget-container\">\n\t\t\t\t\t\t\t\t\t\t\t\t\t\t\t<img loading=\"lazy\" decoding=\"async\" width=\"296\" height=\"296\" src=\"https:\/\/kosmosacentrs.lv\/wp-content\/uploads\/Uzdevuma-ikona.png\" class=\"attachment-large size-large wp-image-5081\" alt=\"\" srcset=\"https:\/\/kosmosacentrs.lv\/wp-content\/uploads\/Uzdevuma-ikona.png 296w, https:\/\/kosmosacentrs.lv\/wp-content\/uploads\/Uzdevuma-ikona-150x150.png 150w\" sizes=\"(max-width: 296px) 100vw, 296px\" \/>\t\t\t\t\t\t\t\t\t\t\t\t\t\t\t<\/div>\n\t\t\t\t<\/div>\n\t\t\t\t<\/div>\n\t\t<div class=\"elementor-element elementor-element-8df21de e-con-full e-flex e-con e-parent\" data-id=\"8df21de\" data-element_type=\"container\" data-e-type=\"container\">\n\t\t\t\t<div class=\"elementor-element elementor-element-1635862 elementor-widget elementor-widget-text-editor\" data-id=\"1635862\" data-element_type=\"widget\" data-e-type=\"widget\" data-widget_type=\"text-editor.default\">\n\t\t\t\t<div class=\"elementor-widget-container\">\n\t\t\t\t\t\t\t\t\t<p><strong><span style=\"font-size: 18pt;\">K\u0101 tu seko l\u012bdzi saviem dienas darbiem?<\/span><\/strong><\/p>\t\t\t\t\t\t\t\t<\/div>\n\t\t\t\t<\/div>\n\t\t\t\t<\/div>\n\t\t\t\t\t<\/div>\n\t\t\t\t<\/div>\n\t\t<div class=\"elementor-element elementor-element-c88a993 e-flex e-con-boxed e-con e-parent\" data-id=\"c88a993\" data-element_type=\"container\" data-e-type=\"container\" data-settings=\"{&quot;background_background&quot;:&quot;classic&quot;}\">\n\t\t\t\t\t<div class=\"e-con-inner\">\n\t\t<div class=\"elementor-element elementor-element-bd40a93 e-con-full e-flex e-con e-parent\" data-id=\"bd40a93\" data-element_type=\"container\" data-e-type=\"container\">\n\t\t\t\t<div class=\"elementor-element elementor-element-799c154 elementor-widget elementor-widget-text-editor\" data-id=\"799c154\" data-element_type=\"widget\" data-e-type=\"widget\" data-widget_type=\"text-editor.default\">\n\t\t\t\t<div class=\"elementor-widget-container\">\n\t\t\t\t\t\t\t\t\t<p><span style=\"font-size: 18pt; color: #f6a310;\"><strong>Astronauta dienas pl\u0101ns<\/strong><\/span><\/p><p>\u00a0<\/p><p><span style=\"font-size: 14pt;\">Atrodi cikos astronauti satiksies uz pusdien\u0101m?<\/span><\/p>\t\t\t\t\t\t\t\t<\/div>\n\t\t\t\t<\/div>\n\t\t\t\t<\/div>\n\t\t<div class=\"elementor-element elementor-element-890453a e-con-full e-flex e-con e-parent\" data-id=\"890453a\" data-element_type=\"container\" data-e-type=\"container\">\n\t\t\t\t<div class=\"elementor-element elementor-element-5388b7d elementor-widget elementor-widget-image\" data-id=\"5388b7d\" data-element_type=\"widget\" data-e-type=\"widget\" data-widget_type=\"image.default\">\n\t\t\t\t<div class=\"elementor-widget-container\">\n\t\t\t\t\t\t\t\t\t\t\t\t\t\t\t<img loading=\"lazy\" decoding=\"async\" width=\"1536\" height=\"474\" src=\"https:\/\/kosmosacentrs.lv\/wp-content\/uploads\/Astronautu-plans-1536x474.png\" class=\"attachment-1536x1536 size-1536x1536 wp-image-6441\" alt=\"\" srcset=\"https:\/\/kosmosacentrs.lv\/wp-content\/uploads\/Astronautu-plans-1536x474.png 1536w, https:\/\/kosmosacentrs.lv\/wp-content\/uploads\/Astronautu-plans-300x93.png 300w, https:\/\/kosmosacentrs.lv\/wp-content\/uploads\/Astronautu-plans-1024x316.png 1024w, https:\/\/kosmosacentrs.lv\/wp-content\/uploads\/Astronautu-plans-768x237.png 768w, https:\/\/kosmosacentrs.lv\/wp-content\/uploads\/Astronautu-plans-2048x632.png 2048w\" sizes=\"(max-width: 1536px) 100vw, 1536px\" \/>\t\t\t\t\t\t\t\t\t\t\t\t\t\t\t<\/div>\n\t\t\t\t<\/div>\n\t\t\t\t<\/div>\n\t\t\t\t\t<\/div>\n\t\t\t\t<\/div>\n\t\t\t\t<\/div>\n\t\t","protected":false},"excerpt":{"rendered":"<p>&#8222;Auseklis&#8221; &#8211; orbit\u0101l\u0101 stacija. Dienas pl\u0101ns Katru dienu, no r\u012bta misijas kontrole sazin\u0101s ar astronautiem lai izrun\u0101tu dienas pl\u0101nu un var\u0113tu savstarp\u0113ji koordin\u0113ties. Vai tu ar savu komandu (\u0123imeni) ar\u012b izrun\u0101 dienas pl\u0101nu? Ja t\u0101 tad Tu jau \u0161obr\u012bd tren\u0113jies izmantot laika pl\u0101no\u0161anas r\u012bkus, kas b\u016bs nepiecie\u0161ami misijai! Piem\u0113ram: E-klase, moodle, google classroom utml. Nr. [&hellip;]<\/p>\n","protected":false},"author":7,"featured_media":0,"parent":0,"menu_order":0,"comment_status":"closed","ping_status":"closed","template":"","meta":{"inline_featured_image":false,"footnotes":""},"class_list":["post-6421","page","type-page","status-publish","hentry"],"yoast_head":"<!-- This site is optimized with the Yoast SEO plugin v20.4 - https:\/\/yoast.com\/wordpress\/plugins\/seo\/ -->\n<title>Ekspoz\u012bcija - 2. st\u0101vs Auseklis - pl\u0101no\u0161ana - Kosmosa izzi\u0146as centrs<\/title>\n<meta name=\"robots\" content=\"index, follow, max-snippet:-1, max-image-preview:large, max-video-preview:-1\" \/>\n<link rel=\"canonical\" href=\"https:\/\/kosmosacentrs.lv\/ekspozicija-2-st-auseklis-planosana\/\" \/>\n<meta property=\"og:locale\" content=\"lt_LT\" \/>\n<meta property=\"og:type\" content=\"article\" \/>\n<meta property=\"og:title\" content=\"Ekspoz\u012bcija - 2. st\u0101vs Auseklis - pl\u0101no\u0161ana - Kosmosa izzi\u0146as centrs\" \/>\n<meta property=\"og:description\" content=\"&#8222;Auseklis&#8221; &#8211; orbit\u0101l\u0101 stacija. Dienas pl\u0101ns Katru dienu, no r\u012bta misijas kontrole sazin\u0101s ar astronautiem lai izrun\u0101tu dienas pl\u0101nu un var\u0113tu savstarp\u0113ji koordin\u0113ties. Vai tu ar savu komandu (\u0123imeni) ar\u012b izrun\u0101 dienas pl\u0101nu? Ja t\u0101 tad Tu jau \u0161obr\u012bd tren\u0113jies izmantot laika pl\u0101no\u0161anas r\u012bkus, kas b\u016bs nepiecie\u0161ami misijai! Piem\u0113ram: E-klase, moodle, google classroom utml. Nr. [&hellip;]\" \/>\n<meta property=\"og:url\" content=\"https:\/\/kosmosacentrs.lv\/ekspozicija-2-st-auseklis-planosana\/\" \/>\n<meta property=\"og:site_name\" content=\"Kosmosa izzi\u0146as centrs\" \/>\n<meta property=\"article:publisher\" content=\"https:\/\/www.facebook.com\/Kosmosaizzinascentrs\/\" \/>\n<meta property=\"article:modified_time\" content=\"2024-05-08T06:14:59+00:00\" \/>\n<meta property=\"og:image\" content=\"https:\/\/kosmosacentrs.lv\/wp-content\/uploads\/Auseklis-ikona.png\" \/>\n<meta name=\"twitter:card\" content=\"summary_large_image\" \/>\n<meta name=\"twitter:label1\" content=\"Est. reading time\" \/>\n\t<meta name=\"twitter:data1\" content=\"2 minut\u0117s\" \/>\n<script type=\"application\/ld+json\" class=\"yoast-schema-graph\">{\"@context\":\"https:\/\/schema.org\",\"@graph\":[{\"@type\":\"WebPage\",\"@id\":\"https:\/\/kosmosacentrs.lv\/ekspozicija-2-st-auseklis-planosana\/\",\"url\":\"https:\/\/kosmosacentrs.lv\/ekspozicija-2-st-auseklis-planosana\/\",\"name\":\"Ekspoz\u012bcija - 2. st\u0101vs Auseklis - pl\u0101no\u0161ana - Kosmosa izzi\u0146as centrs\",\"isPartOf\":{\"@id\":\"https:\/\/kosmosacentrs.lv\/#website\"},\"datePublished\":\"2024-05-06T12:22:39+00:00\",\"dateModified\":\"2024-05-08T06:14:59+00:00\",\"breadcrumb\":{\"@id\":\"https:\/\/kosmosacentrs.lv\/ekspozicija-2-st-auseklis-planosana\/#breadcrumb\"},\"inLanguage\":\"lt-LT\",\"potentialAction\":[{\"@type\":\"ReadAction\",\"target\":[\"https:\/\/kosmosacentrs.lv\/ekspozicija-2-st-auseklis-planosana\/\"]}]},{\"@type\":\"BreadcrumbList\",\"@id\":\"https:\/\/kosmosacentrs.lv\/ekspozicija-2-st-auseklis-planosana\/#breadcrumb\",\"itemListElement\":[{\"@type\":\"ListItem\",\"position\":1,\"name\":\"Home\",\"item\":\"https:\/\/kosmosacentrs.lv\/\"},{\"@type\":\"ListItem\",\"position\":2,\"name\":\"Ekspoz\u012bcija &#8211; 2. st\u0101vs Auseklis &#8211; pl\u0101no\u0161ana\"}]},{\"@type\":\"WebSite\",\"@id\":\"https:\/\/kosmosacentrs.lv\/#website\",\"url\":\"https:\/\/kosmosacentrs.lv\/\",\"name\":\"Kosmosa izzi\u0146as centrs\",\"description\":\"KIC.LV\",\"publisher\":{\"@id\":\"https:\/\/kosmosacentrs.lv\/#organization\"},\"potentialAction\":[{\"@type\":\"SearchAction\",\"target\":{\"@type\":\"EntryPoint\",\"urlTemplate\":\"https:\/\/kosmosacentrs.lv\/?s={search_term_string}\"},\"query-input\":\"required name=search_term_string\"}],\"inLanguage\":\"lt-LT\"},{\"@type\":\"Organization\",\"@id\":\"https:\/\/kosmosacentrs.lv\/#organization\",\"name\":\"Kosmosa izzi\u0146as centrs\",\"url\":\"https:\/\/kosmosacentrs.lv\/\",\"logo\":{\"@type\":\"ImageObject\",\"inLanguage\":\"lt-LT\",\"@id\":\"https:\/\/kosmosacentrs.lv\/#\/schema\/logo\/image\/\",\"url\":\"https:\/\/kosmosacentrs.lv\/wp-content\/uploads\/logo.svg\",\"contentUrl\":\"https:\/\/kosmosacentrs.lv\/wp-content\/uploads\/logo.svg\",\"width\":997,\"height\":712,\"caption\":\"Kosmosa izzi\u0146as centrs\"},\"image\":{\"@id\":\"https:\/\/kosmosacentrs.lv\/#\/schema\/logo\/image\/\"},\"sameAs\":[\"https:\/\/www.facebook.com\/Kosmosaizzinascentrs\/\"]}]}<\/script>\n<!-- \/ Yoast SEO plugin. -->","yoast_head_json":{"title":"Ekspoz\u012bcija - 2. st\u0101vs Auseklis - pl\u0101no\u0161ana - Kosmosa izzi\u0146as centrs","robots":{"index":"index","follow":"follow","max-snippet":"max-snippet:-1","max-image-preview":"max-image-preview:large","max-video-preview":"max-video-preview:-1"},"canonical":"https:\/\/kosmosacentrs.lv\/ekspozicija-2-st-auseklis-planosana\/","og_locale":"lt_LT","og_type":"article","og_title":"Ekspoz\u012bcija - 2. st\u0101vs Auseklis - pl\u0101no\u0161ana - Kosmosa izzi\u0146as centrs","og_description":"&#8222;Auseklis&#8221; &#8211; orbit\u0101l\u0101 stacija. Dienas pl\u0101ns Katru dienu, no r\u012bta misijas kontrole sazin\u0101s ar astronautiem lai izrun\u0101tu dienas pl\u0101nu un var\u0113tu savstarp\u0113ji koordin\u0113ties. Vai tu ar savu komandu (\u0123imeni) ar\u012b izrun\u0101 dienas pl\u0101nu? Ja t\u0101 tad Tu jau \u0161obr\u012bd tren\u0113jies izmantot laika pl\u0101no\u0161anas r\u012bkus, kas b\u016bs nepiecie\u0161ami misijai! Piem\u0113ram: E-klase, moodle, google classroom utml. Nr. [&hellip;]","og_url":"https:\/\/kosmosacentrs.lv\/ekspozicija-2-st-auseklis-planosana\/","og_site_name":"Kosmosa izzi\u0146as centrs","article_publisher":"https:\/\/www.facebook.com\/Kosmosaizzinascentrs\/","article_modified_time":"2024-05-08T06:14:59+00:00","og_image":[{"url":"https:\/\/kosmosacentrs.lv\/wp-content\/uploads\/Auseklis-ikona.png"}],"twitter_card":"summary_large_image","twitter_misc":{"Est. reading time":"2 minut\u0117s"},"schema":{"@context":"https:\/\/schema.org","@graph":[{"@type":"WebPage","@id":"https:\/\/kosmosacentrs.lv\/ekspozicija-2-st-auseklis-planosana\/","url":"https:\/\/kosmosacentrs.lv\/ekspozicija-2-st-auseklis-planosana\/","name":"Ekspoz\u012bcija - 2. st\u0101vs Auseklis - pl\u0101no\u0161ana - Kosmosa izzi\u0146as centrs","isPartOf":{"@id":"https:\/\/kosmosacentrs.lv\/#website"},"datePublished":"2024-05-06T12:22:39+00:00","dateModified":"2024-05-08T06:14:59+00:00","breadcrumb":{"@id":"https:\/\/kosmosacentrs.lv\/ekspozicija-2-st-auseklis-planosana\/#breadcrumb"},"inLanguage":"lt-LT","potentialAction":[{"@type":"ReadAction","target":["https:\/\/kosmosacentrs.lv\/ekspozicija-2-st-auseklis-planosana\/"]}]},{"@type":"BreadcrumbList","@id":"https:\/\/kosmosacentrs.lv\/ekspozicija-2-st-auseklis-planosana\/#breadcrumb","itemListElement":[{"@type":"ListItem","position":1,"name":"Home","item":"https:\/\/kosmosacentrs.lv\/"},{"@type":"ListItem","position":2,"name":"Ekspoz\u012bcija &#8211; 2. st\u0101vs Auseklis &#8211; pl\u0101no\u0161ana"}]},{"@type":"WebSite","@id":"https:\/\/kosmosacentrs.lv\/#website","url":"https:\/\/kosmosacentrs.lv\/","name":"Kosmosa izzi\u0146as centrs","description":"KIC.LV","publisher":{"@id":"https:\/\/kosmosacentrs.lv\/#organization"},"potentialAction":[{"@type":"SearchAction","target":{"@type":"EntryPoint","urlTemplate":"https:\/\/kosmosacentrs.lv\/?s={search_term_string}"},"query-input":"required name=search_term_string"}],"inLanguage":"lt-LT"},{"@type":"Organization","@id":"https:\/\/kosmosacentrs.lv\/#organization","name":"Kosmosa izzi\u0146as centrs","url":"https:\/\/kosmosacentrs.lv\/","logo":{"@type":"ImageObject","inLanguage":"lt-LT","@id":"https:\/\/kosmosacentrs.lv\/#\/schema\/logo\/image\/","url":"https:\/\/kosmosacentrs.lv\/wp-content\/uploads\/logo.svg","contentUrl":"https:\/\/kosmosacentrs.lv\/wp-content\/uploads\/logo.svg","width":997,"height":712,"caption":"Kosmosa izzi\u0146as centrs"},"image":{"@id":"https:\/\/kosmosacentrs.lv\/#\/schema\/logo\/image\/"},"sameAs":["https:\/\/www.facebook.com\/Kosmosaizzinascentrs\/"]}]}},"_links":{"self":[{"href":"https:\/\/kosmosacentrs.lv\/lt\/wp-json\/wp\/v2\/pages\/6421","targetHints":{"allow":["GET"]}}],"collection":[{"href":"https:\/\/kosmosacentrs.lv\/lt\/wp-json\/wp\/v2\/pages"}],"about":[{"href":"https:\/\/kosmosacentrs.lv\/lt\/wp-json\/wp\/v2\/types\/page"}],"author":[{"embeddable":true,"href":"https:\/\/kosmosacentrs.lv\/lt\/wp-json\/wp\/v2\/users\/7"}],"replies":[{"embeddable":true,"href":"https:\/\/kosmosacentrs.lv\/lt\/wp-json\/wp\/v2\/comments?post=6421"}],"version-history":[{"count":11,"href":"https:\/\/kosmosacentrs.lv\/lt\/wp-json\/wp\/v2\/pages\/6421\/revisions"}],"predecessor-version":[{"id":6836,"href":"https:\/\/kosmosacentrs.lv\/lt\/wp-json\/wp\/v2\/pages\/6421\/revisions\/6836"}],"wp:attachment":[{"href":"https:\/\/kosmosacentrs.lv\/lt\/wp-json\/wp\/v2\/media?parent=6421"}],"curies":[{"name":"wp","href":"https:\/\/api.w.org\/{rel}","templated":true}]}}